{"id":3406,"date":"2025-08-23T20:55:31","date_gmt":"2025-08-23T18:55:31","guid":{"rendered":"https:\/\/gigistravelworld.de\/?post_type=product&#038;p=3406"},"modified":"2026-04-01T16:00:35","modified_gmt":"2026-04-01T14:00:35","slug":"desinfektionsspray-3er-pack-vorrat-750ml","status":"publish","type":"product","link":"https:\/\/gigistravelworld.de\/fr\/desinfektionsspray-3er-pack-vorrat-750ml\/","title":{"rendered":"Spray d\u00e9sinfectant | Lot de 3 flacons de 750 ml | Protection hygi\u00e9nique compl\u00e8te"},"content":{"rendered":"<h1 data-path-to-node=\"9\">Spray d\u00e9sinfectant | Lot de 3 flacons de 750 ml : Hygi\u00e8ne maximale pour Gigis Travel World<\/h1>\n<p data-path-to-node=\"10\">Dans le monde d&#039;aujourd&#039;hui, la propret\u00e9 est plus qu&#039;une simple consid\u00e9ration esth\u00e9tique\u00a0: elle est le fondement de notre sant\u00e9. <b data-path-to-node=\"10\" data-index-in-node=\"125\">Gigis Travel World<\/b> Nous savons que la v\u00e9ritable d\u00e9tente n&#039;est possible que dans un environnement propre et s\u00fbr. <b data-path-to-node=\"10\" data-index-in-node=\"248\">Spray d\u00e9sinfectant | Lot de 3 flacons de 750 ml<\/b> Vegas Cosmetics vous offre pr\u00e9cis\u00e9ment cette s\u00e9curit\u00e9 dans un format multipack pratique. <b data-path-to-node=\"10\" data-index-in-node=\"370\">27,90 \u20ac<\/b> Vous recevrez trois unit\u00e9s tr\u00e8s performantes, sp\u00e9cialement con\u00e7ues pour prot\u00e9ger vos surfaces \u00e0 P\u00e9tange et dans le monde entier. <b data-path-to-node=\"10\" data-index-in-node=\"526\">Spray d\u00e9sinfectant | Lot de 3 flacons de 750 ml<\/b> constitue la base de votre concept d&#039;hygi\u00e8ne personnelle.<\/p>\n<h2 data-path-to-node=\"11\">Pourquoi le spray d\u00e9sinfectant | Lot de 3 flacons de 750 ml est le choix id\u00e9al<\/h2>\n<p data-path-to-node=\"12\">Rien n&#039;est plus aga\u00e7ant que de se retrouver \u00e0 court de d\u00e9sinfectant au moment o\u00f9 on en a le plus besoin \u2013 par exemple, lorsqu&#039;on ne se sent pas bien et qu&#039;on veut minimiser la pr\u00e9sence de germes dans sa maison. <b data-path-to-node=\"12\" data-index-in-node=\"223\">Spray d\u00e9sinfectant | Lot de 3 flacons de 750 ml<\/b> Prenez-vous des pr\u00e9cautions ?.<\/p>\n<ol start=\"1\" data-path-to-node=\"13\">\n<li>\n<p data-path-to-node=\"13,0,0\"><b data-path-to-node=\"13,0,0\" data-index-in-node=\"0\">S\u00e9curit\u00e9 d&#039;approvisionnement :<\/b> Vous avez toujours une bouteille \u00e0 port\u00e9e de main : une dans la cuisine, une dans la salle de bain et une en r\u00e9serve dans le garde-manger.<\/p>\n<\/li>\n<li>\n<p data-path-to-node=\"13,1,0\"><b data-path-to-node=\"13,1,0\" data-index-in-node=\"0\">Efficacit\u00e9:<\/b> L&#039;application par pulv\u00e9risation du <b data-path-to-node=\"13,1,0\" data-index-in-node=\"34\">Spray d\u00e9sinfectant | Lot de 3 flacons de 750 ml<\/b> Permet un mouillage rapide et uniforme de grandes surfaces.<\/p>\n<\/li>\n<li>\n<p data-path-to-node=\"13,2,0\"><b data-path-to-node=\"13,2,0\" data-index-in-node=\"0\">\u00c9conomie:<\/b> Dans le <b data-path-to-node=\"13,2,0\" data-index-in-node=\"27\">Gigis Travel World<\/b> Nous privil\u00e9gions les investissements intelligents. <b data-path-to-node=\"13,2,0\" data-index-in-node=\"86\">Spray d\u00e9sinfectant | Lot de 3 flacons de 750 ml<\/b> Elle vous offre une protection hygi\u00e9nique professionnelle en quantit\u00e9 suffisante m\u00eame pour les cycles de nettoyage les plus exigeants.<\/p>\n<\/li>\n<\/ol>\n<h2 data-path-to-node=\"14\">La puissance scientifique derri\u00e8re le spray d\u00e9sinfectant | Lot de 3 flacons de 750 ml<\/h2>\n<p data-path-to-node=\"15\">Le secret de son efficacit\u00e9 r\u00e9side dans son ingr\u00e9dient. <b data-path-to-node=\"15\" data-index-in-node=\"52\">chlorure de benzalkonium<\/b>. Ce principe actif appartient au groupe des compos\u00e9s d&#039;ammonium quaternaire et est connu pour son effet rapide et p\u00e9n\u00e9trant. <b data-path-to-node=\"15\" data-index-in-node=\"210\">Spray d\u00e9sinfectant | Lot de 3 flacons de 750 ml<\/b> Il agit directement sur les membranes cellulaires des micro-organismes et les d\u00e9truit de mani\u00e8re fiable.<\/p>\n<ul data-path-to-node=\"16\">\n<li>\n<p data-path-to-node=\"16,0,0\"><b data-path-to-node=\"16,0,0\" data-index-in-node=\"0\">Protection contre les virus\u00a0:<\/b> Dans un monde plein de menaces invisibles, cela offre <b data-path-to-node=\"16,0,0\" data-index-in-node=\"75\">Spray d\u00e9sinfectant | Lot de 3 flacons de 750 ml<\/b> une barri\u00e8re fiable.<\/p>\n<\/li>\n<li>\n<p data-path-to-node=\"16,1,0\"><b data-path-to-node=\"16,1,0\" data-index-in-node=\"0\">Lutte contre les bact\u00e9ries :<\/b> Qu&#039;il s&#039;agisse de salmonelle dans la cuisine ou de germes dans la salle de bain, cela <b data-path-to-node=\"16,1,0\" data-index-in-node=\"75\">Spray d\u00e9sinfectant | Lot de 3 flacons de 750 ml<\/b> les \u00e9limine efficacement.<\/p>\n<\/li>\n<li>\n<p data-path-to-node=\"16,2,0\"><b data-path-to-node=\"16,2,0\" data-index-in-node=\"0\">Inhibition des champignons et des levures\u00a0:<\/b> Cela emp\u00eache [quelque chose], notamment dans les environnements humides. <b data-path-to-node=\"16,2,0\" data-index-in-node=\"69\">Spray d\u00e9sinfectant | Lot de 3 flacons de 750 ml<\/b> la propagation de cultures ind\u00e9sirables.<\/p>\n<\/li>\n<\/ul>\n<h2 data-path-to-node=\"17\">Domaines d&#039;application du spray d\u00e9sinfectant | Lot de 3 flacons de 750 ml<\/h2>\n<p data-path-to-node=\"18\">Les possibilit\u00e9s d&#039;application pour le <b data-path-to-node=\"18\" data-index-in-node=\"36\">Spray d\u00e9sinfectant | Lot de 3 flacons de 750 ml<\/b> sont pratiquement illimit\u00e9es. Dans le <b data-path-to-node=\"18\" data-index-in-node=\"103\">Gigis Travel World<\/b> Nous recommandons son utilisation dans les domaines suivants\u00a0:<\/p>\n<ul data-path-to-node=\"19\">\n<li>\n<p data-path-to-node=\"19,0,0\"><b data-path-to-node=\"19,0,0\" data-index-in-node=\"0\">Cuisine et alimentation :<\/b> D\u00e9sinfectez les surfaces de travail o\u00f9 vous pr\u00e9parez la viande ou les l\u00e9gumes. <b data-path-to-node=\"19,0,0\" data-index-in-node=\"101\">Spray d\u00e9sinfectant | Lot de 3 flacons de 750 ml<\/b> est recommand\u00e9 pour les zones de transformation alimentaire.<\/p>\n<\/li>\n<li>\n<p data-path-to-node=\"19,1,0\"><b data-path-to-node=\"19,1,0\" data-index-in-node=\"0\">Secteurs de la sant\u00e9 :<\/b> Ce produit \u00e9tant conforme aux normes en vigueur dans les milieux hospitaliers et les centres de sant\u00e9, vous pouvez avoir confiance en sa puret\u00e9 clinique.<\/p>\n<\/li>\n<li>\n<p data-path-to-node=\"19,2,0\"><b data-path-to-node=\"19,2,0\" data-index-in-node=\"0\">Espaces publics :<\/b> Utilisez une bouteille de la <b data-path-to-node=\"19,2,0\" data-index-in-node=\"46\">Spray d\u00e9sinfectant | Lot de 3 flacons de 750 ml<\/b> Pour les poign\u00e9es de porte, les interrupteurs et les t\u00e9l\u00e9commandes \u2013 les pi\u00e8ges \u00e0 microbes classiques pr\u00e9sents dans chaque foyer de P\u00e9tange.<\/p>\n<\/li>\n<li>\n<p data-path-to-node=\"19,3,0\"><b data-path-to-node=\"19,3,0\" data-index-in-node=\"0\">Salle de bain:<\/b> Prot\u00e9gez votre famille des moisissures et des bact\u00e9ries pr\u00e9sentes sur les carrelages, les robinetteries et les toilettes.<\/p>\n<\/li>\n<\/ul>\n<h2 data-path-to-node=\"20\">Conseils d&#039;utilisation du spray d\u00e9sinfectant | Lot de 3 flacons de 750 ml<\/h2>\n<p data-path-to-node=\"21\">Pour lib\u00e9rer tout le potentiel de votre <b data-path-to-node=\"21\" data-index-in-node=\"30\">Spray d\u00e9sinfectant | Lot de 3 flacons de 750 ml<\/b> Pour maximiser votre potentiel, suivez ces conseils\u00a0:<\/p>\n<ol start=\"1\" data-path-to-node=\"22\">\n<li>\n<p data-path-to-node=\"22,0,0\"><b data-path-to-node=\"22,0,0\" data-index-in-node=\"0\">La propret\u00e9 avant tout :<\/b> La d\u00e9sinfection est plus efficace sur une surface visiblement propre. Utilisez d&#039;abord notre nettoyant tout usage, puis le <b data-path-to-node=\"22,0,0\" data-index-in-node=\"145\">Spray d\u00e9sinfectant | Lot de 3 flacons de 750 ml<\/b>.<\/p>\n<\/li>\n<li>\n<p data-path-to-node=\"22,1,0\"><b data-path-to-node=\"22,1,0\" data-index-in-node=\"0\">Vaporisez g\u00e9n\u00e9reusement :<\/b> Assurez-vous que toute la surface soit mouill\u00e9e.<\/p>\n<\/li>\n<li>\n<p data-path-to-node=\"22,2,0\"><b data-path-to-node=\"22,2,0\" data-index-in-node=\"0\">Ayez de la patience :<\/b> Arr\u00eatez \u00e7a <b data-path-to-node=\"22,2,0\" data-index-in-node=\"23\">Spray d\u00e9sinfectant | Lot de 3 flacons de 750 ml<\/b> Laisser agir bri\u00e8vement. Le temps de contact est crucial pour que le principe actif puisse p\u00e9n\u00e9trer les parois cellulaires des germes.<\/p>\n<\/li>\n<li>\n<p data-path-to-node=\"22,3,0\"><b data-path-to-node=\"22,3,0\" data-index-in-node=\"0\">Technique d&#039;essuyage\u00a0:<\/b> Essuyez avec un chiffon en microfibre propre pour une finition parfaite.<\/p>\n<\/li>\n<\/ol>\n<h2 data-path-to-node=\"23\">Durabilit\u00e9 et responsabilit\u00e9 chez Gigis Travel World<\/h2>\n<p data-path-to-node=\"24\">M\u00eame si nous proposons ici un ensemble de trois produits, les questions environnementales restent au c\u0153ur de nos pr\u00e9occupations. <b data-path-to-node=\"24\" data-index-in-node=\"86\">Spray d\u00e9sinfectant | Lot de 3 flacons de 750 ml<\/b> Il est tr\u00e8s \u00e9conomique. Gr\u00e2ce aux t\u00eates de pulv\u00e9risation efficaces, seule la quantit\u00e9 de produit n\u00e9cessaire est utilis\u00e9e. <b data-path-to-node=\"24\" data-index-in-node=\"247\">Gigis Travel World<\/b> Nous croyons que l&#039;hygi\u00e8ne v\u00e9ritable et la gestion responsable des ressources vont de pair. <b data-path-to-node=\"24\" data-index-in-node=\"382\">Spray d\u00e9sinfectant | Lot de 3 flacons de 750 ml<\/b> est un investissement pour un foyer sain et un avenir propre.<\/p>\n<h2 data-path-to-node=\"25\">Pourquoi le spray d\u00e9sinfectant | Lot de 3 de 750 ml est-il particuli\u00e8rement important aujourd&#039;hui ?<\/h2>\n<p data-path-to-node=\"26\">Surtout quand on ne se sent pas bien, c&#039;est un \u00e9norme soulagement de savoir que sa maison est une zone exempte de germes. <b data-path-to-node=\"26\" data-index-in-node=\"131\">Spray d\u00e9sinfectant | Lot de 3 flacons de 750 ml<\/b> Elle vous procure cette sensation de bien-\u00eatre d&#039;une simple pression sur un bouton. C&#039;est le protecteur invisible pour vous et vos proches. Chez Rodange, nous faisons confiance \u00e0 la qualit\u00e9 de Vegas Cosmetics \u2013 et avec le <b data-path-to-node=\"26\" data-index-in-node=\"342\">Spray d\u00e9sinfectant | Lot de 3 flacons de 750 ml<\/b> Des services d&#039;hygi\u00e8ne professionnels directement chez vous.<\/p>\n<h3 data-path-to-node=\"27\">Questions fr\u00e9quentes sur le spray d\u00e9sinfectant | Lot de 3 flacons de 750 ml (FAQ)<\/h3>\n<ul data-path-to-node=\"28\">\n<li>\n<p data-path-to-node=\"28,0,0\"><b data-path-to-node=\"28,0,0\" data-index-in-node=\"0\">Combien puis-je \u00e9conomiser en achetant le spray d\u00e9sinfectant | Pack de 3 de 750 ml ?<\/b> Ce lot est optimis\u00e9 en termes de prix afin de vous offrir le meilleur prix au litre pour une hygi\u00e8ne maximale.<\/p>\n<\/li>\n<li>\n<p data-path-to-node=\"28,1,0\"><b data-path-to-node=\"28,1,0\" data-index-in-node=\"0\">Le spray d\u00e9sinfectant | Lot de 3 flacons de 750 ml est-il adapt\u00e9 aux chambres d&#039;enfants\u00a0?<\/b> Oui, il peut \u00eatre utilis\u00e9 sans danger sur des surfaces dures et non poreuses (comme les tables de jeux ou les tables \u00e0 langer) apr\u00e8s un court temps de contact et un essuyage humide ult\u00e9rieur.<\/p>\n<\/li>\n<li>\n<p data-path-to-node=\"28,2,0\"><b data-path-to-node=\"28,2,0\" data-index-in-node=\"0\">Puis-je \u00e9galement utiliser le spray d\u00e9sinfectant | Lot de 3 de 750 ml pour mon ordinateur portable\u00a0?<\/b> Vaporisez-le <b data-path-to-node=\"28,2,0\" data-index-in-node=\"88\">Spray d\u00e9sinfectant | Lot de 3 flacons de 750 ml<\/b> Ne jamais vaporiser ce produit directement sur des appareils \u00e9lectroniques. Vaporisez-le plut\u00f4t sur un chiffon et essuyez soigneusement les surfaces.<\/p>\n<\/li>\n<\/ul>\n<h3 data-path-to-node=\"29\">Aper\u00e7u des donn\u00e9es produit\u00a0:<\/h3>\n<table data-path-to-node=\"30\">\n<thead>\n<tr>\n<td><strong>fonctionnalit\u00e9<\/strong><\/td>\n<td><strong>D\u00e9tails<\/strong><\/td>\n<\/tr>\n<\/thead>\n<tbody>\n<tr>\n<td><span data-path-to-node=\"30,1,0,0\"><b data-path-to-node=\"30,1,0,0\" data-index-in-node=\"0\">Nom du produit<\/b><\/span><\/td>\n<td><span data-path-to-node=\"30,1,1,0\">Spray d\u00e9sinfectant<\/span><\/td>\n<\/tr>\n<tr>\n<td><span data-path-to-node=\"30,2,0,0\"><b data-path-to-node=\"30,2,0,0\" data-index-in-node=\"0\">Contenu total<\/b><\/span><\/td>\n<td><span data-path-to-node=\"30,2,1,0\">2 250 ml (3 x 750 ml)<\/span><\/td>\n<\/tr>\n<tr>\n<td><span data-path-to-node=\"30,3,0,0\"><b data-path-to-node=\"30,3,0,0\" data-index-in-node=\"0\">ingr\u00e9dient actif<\/b><\/span><\/td>\n<td><span data-path-to-node=\"30,3,1,0\">chlorure de benzalkonium<\/span><\/td>\n<\/tr>\n<tr>\n<td><span data-path-to-node=\"30,4,0,0\"><b data-path-to-node=\"30,4,0,0\" data-index-in-node=\"0\">Domaines d&#039;application<\/b><\/span><\/td>\n<td><span data-path-to-node=\"30,4,1,0\">M\u00e9nage, alimentation, m\u00e9dicaments, institutions<\/span><\/td>\n<\/tr>\n<tr>\n<td><span data-path-to-node=\"30,5,0,0\"><b data-path-to-node=\"30,5,0,0\" data-index-in-node=\"0\">Effet contre<\/b><\/span><\/td>\n<td><span data-path-to-node=\"30,5,1,0\">Virus, bact\u00e9ries, champignons, levures<\/span><\/td>\n<\/tr>\n<tr>\n<td><span data-path-to-node=\"30,6,0,0\"><b data-path-to-node=\"30,6,0,0\" data-index-in-node=\"0\">Prix<\/b><\/span><\/td>\n<td><span data-path-to-node=\"30,6,1,0\">27,90 \u20ac<\/span><\/td>\n<\/tr>\n<\/tbody>\n<\/table>","protected":false},"excerpt":{"rendered":"<p data-path-to-node=\"4\"><b data-path-to-node=\"4\" data-index-in-node=\"0\">Votre barri\u00e8re protectrice en lot de trois : Spray d\u00e9sinfectant | Lot de 3 750 ml.<\/b><\/p>\n<p data-path-to-node=\"5\">Une s\u00e9curit\u00e9 qui ne s&#039;\u00e9puise jamais ! <b data-path-to-node=\"5\" data-index-in-node=\"37\">Spray d\u00e9sinfectant | Lot de 3 flacons de 750 ml<\/b> est la solution id\u00e9ale pour tous ceux qui privil\u00e9gient l&#039;hygi\u00e8ne. Avec un total de <b data-path-to-node=\"5\" data-index-in-node=\"150\">2 250 ml<\/b> Gr\u00e2ce \u00e0 ce d\u00e9sinfectant pr\u00eat \u00e0 l&#039;emploi et ultra-efficace, vous \u00eates par\u00e9 \u00e0 toute \u00e9ventualit\u00e9. Sa formule \u00e0 base de chlorure de benzalkonium \u00e9limine efficacement les bact\u00e9ries, les champignons, les levures et les virus sur toutes les surfaces non poreuses. Que ce soit pour une utilisation intensive dans la cuisine, la salle de bain ou les zones sensibles comme les bureaux et les espaces de pr\u00e9paration alimentaire, ce lot vous garantit une protection longue dur\u00e9e \u00e0 un prix avantageux.<\/p>\n<ul data-path-to-node=\"6\">\n<li>\n<p data-path-to-node=\"6,0,0\">\u2705 <b data-path-to-node=\"6,0,0\" data-index-in-node=\"2\">Triple s\u00e9curit\u00e9 :<\/b> Trois flacons de 750 ml pour une hygi\u00e8ne compl\u00e8te dans toute la maison.<\/p>\n<\/li>\n<li>\n<p data-path-to-node=\"6,1,0\">\u2705 <b data-path-to-node=\"6,1,0\" data-index-in-node=\"2\">Effet \u00e0 large spectre\u00a0:<\/b> Efficace contre les bact\u00e9ries, les virus, les champignons et les levures.<\/p>\n<\/li>\n<li>\n<p data-path-to-node=\"6,2,0\">\u2705 <b data-path-to-node=\"6,2,0\" data-index-in-node=\"2\">Pr\u00eat \u00e0 l&#039;emploi :<\/b> Solution pr\u00eate \u00e0 l&#039;emploi pour une application par pulv\u00e9risation rapide.<\/p>\n<\/li>\n<li>\n<p data-path-to-node=\"6,3,0\">\u2705 <b data-path-to-node=\"6,3,0\" data-index-in-node=\"2\">Polyvalent:<\/b> Id\u00e9al pour les m\u00e9nages, les centres de sant\u00e9 et les services de restauration.<\/p>\n<\/li>\n<li>\n<p data-path-to-node=\"6,4,0\">\u2705 <b data-path-to-node=\"6,4,0\" data-index-in-node=\"2\">Qualit\u00e9 professionnelle :<\/b> Contient du chlorure de benzalkonium pour une efficacit\u00e9 maximale.<\/p>\n<\/li>\n<li>\n<p data-path-to-node=\"6,5,0\">\u2705 <b data-path-to-node=\"6,5,0\" data-index-in-node=\"2\">Prix : 27,90 \u20ac<\/b> (Votre garantie de tranquillit\u00e9 d&#039;esprit !)<\/p>\n<\/li>\n<\/ul>","protected":false},"featured_media":929,"template":"","meta":{"_et_pb_use_builder":"","_et_pb_old_content":"","_et_gb_content_width":""},"product_brand":[63],"product_cat":[194,210,193,70],"product_tag":[],"class_list":{"0":"post-3406","1":"product","2":"type-product","3":"status-publish","4":"has-post-thumbnail","6":"product_brand-vegas-cosmetics-gmbh","7":"product_cat-reinigungsmittel-fuer-den-haushalt","8":"product_cat-home-style","9":"product_cat-home-care","10":"product_cat-wohnen-auto","12":"first","13":"instock","14":"shipping-taxable","15":"product-type-external"},"_links":{"self":[{"href":"https:\/\/gigistravelworld.de\/fr\/wp-json\/wp\/v2\/product\/3406","targetHints":{"allow":["GET"]}}],"collection":[{"href":"https:\/\/gigistravelworld.de\/fr\/wp-json\/wp\/v2\/product"}],"about":[{"href":"https:\/\/gigistravelworld.de\/fr\/wp-json\/wp\/v2\/types\/product"}],"wp:featuredmedia":[{"embeddable":true,"href":"https:\/\/gigistravelworld.de\/fr\/wp-json\/wp\/v2\/media\/929"}],"wp:attachment":[{"href":"https:\/\/gigistravelworld.de\/fr\/wp-json\/wp\/v2\/media?parent=3406"}],"wp:term":[{"taxonomy":"product_brand","embeddable":true,"href":"https:\/\/gigistravelworld.de\/fr\/wp-json\/wp\/v2\/product_brand?post=3406"},{"taxonomy":"product_cat","embeddable":true,"href":"https:\/\/gigistravelworld.de\/fr\/wp-json\/wp\/v2\/product_cat?post=3406"},{"taxonomy":"product_tag","embeddable":true,"href":"https:\/\/gigistravelworld.de\/fr\/wp-json\/wp\/v2\/product_tag?post=3406"}],"curies":[{"name":"wp","href":"https:\/\/api.w.org\/{rel}","templated":true}]}}