{"id":3395,"date":"2025-08-23T20:55:24","date_gmt":"2025-08-23T18:55:24","guid":{"rendered":"https:\/\/gigistravelworld.de\/?post_type=product&#038;p=3395"},"modified":"2026-03-08T17:47:56","modified_gmt":"2026-03-08T16:47:56","slug":"allzweckreiniger-tiefenreinigung-haccp-vegas-v-living","status":"publish","type":"product","link":"https:\/\/gigistravelworld.de\/fr\/allzweckreiniger-tiefenreinigung-haccp-vegas-v-living\/","title":{"rendered":"Nettoyant multi-usages, nettoyage en profondeur, conforme aux normes HACCP | Vegas V Living"},"content":{"rendered":"<div id=\"headingOne\" class=\"panel-heading\" role=\"tab\">\n<p data-path-to-node=\"13\"><span data-path-to-node=\"13,0\"><b data-path-to-node=\"13,0\" data-index-in-node=\"0\">Un foyer propre apr\u00e8s l&#039;aventure \u2013 mon bouton de r\u00e9initialisation<\/b> <\/span><span data-path-to-node=\"13,2\"><span class=\"citation-48\">\u201e Quand je reviens d&#039;un long voyage, la premi\u00e8re chose dont j&#039;ai besoin, c&#039;est d&#039;une maison impeccable. Il n&#039;y a rien de mieux que ce parfum frais et pur de citron et cette sensation de fra\u00eecheur quand on ouvre la porte. \u00bb. <\/span><\/span><span data-path-to-node=\"13,4\"> Dans mon univers du voyage, l&#039;efficacit\u00e9 est primordiale \u2013 je ne veux pas avoir dix bouteilles diff\u00e9rentes pour chaque coin de mon appartement.<\/span><\/p>\n<p data-path-to-node=\"14\">Le nettoyant multi-usages Vegas V Living est mon produit chouchou. Que ce soit pour rafra\u00eechir le carrelage de la salle de bain ou nettoyer le plan de travail de la cuisine apr\u00e8s un repas entre amis, il est toujours \u00e0 la hauteur. <b data-path-to-node=\"14\" data-index-in-node=\"235\">Sceau HACCP<\/b> Le fait qu&#039;il porte cet \u00e9quipement me donne l&#039;assurance qu&#039;il travaille de mani\u00e8re parfaitement hygi\u00e9nique, m\u00eame l\u00e0 o\u00f9 je pr\u00e9pare mes repas. Pour moi, c&#039;est essentiel. <b data-path-to-node=\"14\" data-index-in-node=\"385\">Nettoyant tout usage pour un nettoyage en profondeur<\/b> Pure, pour que je puisse me sentir imm\u00e9diatement \u00e0 l&#039;aise chez moi avant que la prochaine aventure ne m&#039;appelle. <b data-path-to-node=\"14\" data-index-in-node=\"519\">Bien \u00e0 vous, Gigi<\/b>\u201c<\/p>\n<h2 data-path-to-node=\"17\">Nettoyant multi-usages pour un nettoyage en profondeur\u00a0: Hygi\u00e8ne professionnelle conforme aux normes HACCP<\/h2>\n<p id=\"p-rc_9f17ffe1fdf4c29f-21\" data-path-to-node=\"18\"><span data-path-to-node=\"18,1\"><span class=\"citation-47\">La v\u00e9ritable propret\u00e9 commence l\u00e0 o\u00f9 l&#039;hygi\u00e8ne devient mesurable. Une propret\u00e9 de haute qualit\u00e9 <\/span><b data-path-to-node=\"18,1\" data-index-in-node=\"73\"><span class=\"citation-47\">Nettoyant tout usage pour un nettoyage en profondeur<\/span><\/b><span class=\"citation-47\"> Aujourd&#039;hui, il ne suffit plus de donner un \u00e9clat superficiel \u00e0 la surface. Le nettoyant Vegas V Living a \u00e9t\u00e9 con\u00e7u pour r\u00e9pondre aux normes les plus exigeantes et est conforme aux r\u00e9glementations les plus strictes. <\/span><a href=\"https:\/\/de.wikipedia.org\/wiki\/Gefahrenanalyse_und_kritische_Kontrollpunkte\" rel=\"nofollow noopener\" target=\"_blank\"><b data-path-to-node=\"18,1\" data-index-in-node=\"253\"><span class=\"citation-47\">Directives HACCP<\/span><\/b><\/a><span class=\"citation-47\"> (Analyse des dangers et points critiques pour leur ma\u00eetrise). <\/span><\/span><span data-path-to-node=\"18,4\"><span class=\"citation-46\">Cela en fait le premier choix non seulement pour les m\u00e9nages priv\u00e9s, mais aussi pour des secteurs sensibles comme l&#039;industrie agroalimentaire. <\/span><\/span><\/p>\n<h3 data-path-to-node=\"19\">Pourquoi le label HACCP est important pour vous<\/h3>\n<p data-path-to-node=\"20\">Le syst\u00e8me HACCP est un syst\u00e8me mondialement reconnu pour garantir l&#039;hygi\u00e8ne alimentaire. <b data-path-to-node=\"20\" data-index-in-node=\"98\">Nettoyant tout usage pour un nettoyage en profondeur<\/b> Le respect de cette norme signifie pour vous, chez vous\u00a0:<\/p>\n<ul data-path-to-node=\"21\">\n<li>\n<p id=\"p-rc_9f17ffe1fdf4c29f-22\" data-path-to-node=\"21,0,1\"><span data-path-to-node=\"21,0,1,0\"><b data-path-to-node=\"21,0,1,0\" data-index-in-node=\"0\"><span class=\"citation-45\">S\u00e9curit\u00e9 maximale<\/span><\/b><span class=\"citation-45\">Nettoyage sans r\u00e9sidus dans la cuisine et sur toutes les surfaces en contact avec les aliments. <\/span><\/span><\/p>\n<\/li>\n<li>\n<p id=\"p-rc_9f17ffe1fdf4c29f-23\" data-path-to-node=\"21,1,1\"><span data-path-to-node=\"21,1,1,0\"><b data-path-to-node=\"21,1,1,0\" data-index-in-node=\"0\"><span class=\"citation-44\">Qualit\u00e9 certifi\u00e9e<\/span><\/b><span class=\"citation-44\">La formule r\u00e9pond aux normes europ\u00e9ennes les plus strictes en mati\u00e8re d&#039;hygi\u00e8ne commerciale. <\/span><\/span><\/p>\n<\/li>\n<li>\n<p id=\"p-rc_9f17ffe1fdf4c29f-24\" data-path-to-node=\"21,2,1\"><span data-path-to-node=\"21,2,1,0\"><b data-path-to-node=\"21,2,1,0\" data-index-in-node=\"0\"><span class=\"citation-43\">versatilit\u00e9<\/span><\/b><span class=\"citation-43\">Un seul produit nettoyant pour les sols, la c\u00e9ramique et les surfaces de travail permet d&#039;\u00e9conomiser du temps et de l&#039;argent. <\/span><\/span><\/p>\n<div class=\"source-inline-chip-container ng-star-inserted\"><\/div>\n<\/li>\n<\/ul>\n<h3 data-path-to-node=\"22\">La science derri\u00e8re le pouvoir nettoyant<\/h3>\n<p id=\"p-rc_9f17ffe1fdf4c29f-25\" data-path-to-node=\"23\"><span data-path-to-node=\"23,1\"><span class=\"citation-42\">L&#039;efficacit\u00e9 de <\/span><b data-path-to-node=\"23,1\" data-index-in-node=\"22\"><span class=\"citation-42\">Nettoyant tout usage pour un nettoyage en profondeur<\/span><\/b><span class=\"citation-42\"> \u00e0 base d&#039;un m\u00e9lange intelligent de tensioactifs non ioniques (&lt; 5%) et d&#039;ingr\u00e9dients actifs complexes. <\/span><\/span><span data-path-to-node=\"23,4\"><span class=\"citation-41\">Ces produits p\u00e9n\u00e8trent profond\u00e9ment dans les films de salet\u00e9 et de graisse, les encapsulent et les \u00e9liminent sans effort de la surface. <\/span><\/span><span data-path-to-node=\"23,7\"><span class=\"citation-40\">Gr\u00e2ce aux parfums qu&#039;il contient, tels que <\/span><b data-path-to-node=\"23,7\" data-index-in-node=\"32\"><span class=\"citation-40\">Citral, limon\u00e8ne et linalol<\/span><\/b><span class=\"citation-40\"> Le produit laisse \u00e9galement un agr\u00e9able parfum de fra\u00eecheur et de propret\u00e9. <\/span><\/span><\/p>\n<p data-path-to-node=\"24\"><b data-path-to-node=\"24\" data-index-in-node=\"0\">Vos avantages en un coup d&#039;\u0153il\u00a0:<\/b><\/p>\n<ul data-path-to-node=\"25\">\n<li>\n<p id=\"p-rc_9f17ffe1fdf4c29f-26\" data-path-to-node=\"25,0,1\"><span data-path-to-node=\"25,0,1,0\"><b data-path-to-node=\"25,0,1,0\" data-index-in-node=\"0\"><span class=\"citation-39\">Puissant pouvoir d\u00e9graissant<\/span><\/b><span class=\"citation-39\">Id\u00e9al pour les cuisines et les sols \u00e0 fort passage. <\/span><\/span><\/p>\n<\/li>\n<li>\n<p id=\"p-rc_9f17ffe1fdf4c29f-27\" data-path-to-node=\"25,1,1\"><span data-path-to-node=\"25,1,1,0\"><b data-path-to-node=\"25,1,1,0\" data-index-in-node=\"0\"><span class=\"citation-38\">Biod\u00e9gradable<\/span><\/b><span class=\"citation-38\">Les tensioactifs contenus r\u00e9pondent aux crit\u00e8res stricts du r\u00e8glement (UE) 648\/2004 relatif \u00e0 la biod\u00e9gradabilit\u00e9. <\/span><\/span><\/p>\n<\/li>\n<li>\n<p id=\"p-rc_9f17ffe1fdf4c29f-28\" data-path-to-node=\"25,2,1\"><span data-path-to-node=\"25,2,1,0\"><b data-path-to-node=\"25,2,1,0\" data-index-in-node=\"0\"><span class=\"citation-37\">transparence<\/span><\/b><span class=\"citation-37\">: Gr\u00e2ce au code UFI officiel (R7MH-N0U1-900K-E69W), nous nous engageons \u00e0 assurer une tra\u00e7abilit\u00e9 compl\u00e8te. <\/span><\/span><\/p>\n<\/li>\n<li>\n<p id=\"p-rc_9f17ffe1fdf4c29f-29\" data-path-to-node=\"25,3,1\"><span data-path-to-node=\"25,3,1,0\"><b data-path-to-node=\"25,3,1,0\" data-index-in-node=\"0\"><span class=\"citation-36\">Doux et efficace<\/span><\/b><span class=\"citation-36\">Nettoie les c\u00e9ramiques et les surfaces lavables sans ab\u00eemer le mat\u00e9riau. <\/span><\/span><\/p>\n<div class=\"source-inline-chip-container ng-star-inserted\"><\/div>\n<\/li>\n<\/ul>\n<h3 data-path-to-node=\"26\">Recommandation d&#039;application pour votre domicile<\/h3>\n<p data-path-to-node=\"27\">Pour que vous puissiez tirer le meilleur parti de votre <b data-path-to-node=\"27\" data-index-in-node=\"30\">Nettoyant tout usage pour un nettoyage en profondeur<\/b> Une fois que vous l&#039;aurez sorti, je recommande deux fa\u00e7ons de l&#039;appliquer\u00a0:<\/p>\n<ol start=\"1\" data-path-to-node=\"28\">\n<li>\n<p id=\"p-rc_9f17ffe1fdf4c29f-30\" data-path-to-node=\"28,0,0\"><span data-path-to-node=\"28,0,0,0\"><b data-path-to-node=\"28,0,0,0\" data-index-in-node=\"0\">Pour l&#039;entretien des sols (dilu\u00e9)<\/b>Ajouter environ 100 ml de produit nettoyant \u00e0 5 litres d&#039;eau ti\u00e8de. <\/span><span data-path-to-node=\"28,0,0,2\"><span class=\"citation-35\">Ce m\u00e9lange est id\u00e9al pour les sols en carrelage et en pierre. <\/span><\/span><\/p>\n<\/li>\n<li>\n<p id=\"p-rc_9f17ffe1fdf4c29f-31\" data-path-to-node=\"28,1,0\"><span data-path-to-node=\"28,1,0,0\"><b data-path-to-node=\"28,1,0,0\" data-index-in-node=\"0\">Pour les salet\u00e9s tenaces (Direct)<\/b>Appliquez le nettoyant pur sur les taches ou les zones incrust\u00e9es. <\/span><span data-path-to-node=\"28,1,0,2\"><span class=\"citation-34\">Laisser agir quelques instants, puis frotter avec un chiffon ou une \u00e9ponge et rincer abondamment \u00e0 l&#039;eau claire. <\/span><\/span><\/p>\n<div class=\"source-inline-chip-container ng-star-inserted\"><\/div>\n<\/li>\n<\/ol>\n<h3 data-path-to-node=\"29\">Consignes de s\u00e9curit\u00e9 pour une utilisation responsable<\/h3>\n<p id=\"p-rc_9f17ffe1fdf4c29f-32\" data-path-to-node=\"30\"><span data-path-to-node=\"30,0\">La qualit\u00e9 implique aussi la responsabilit\u00e9. <\/span><span data-path-to-node=\"30,2\"><span class=\"citation-33\">Veuillez respecter les instructions suivantes conform\u00e9ment \u00e0 la fiche de donn\u00e9es de s\u00e9curit\u00e9\u00a0: <\/span><\/span><\/p>\n<ul data-path-to-node=\"31\">\n<li>\n<p id=\"p-rc_9f17ffe1fdf4c29f-33\" data-path-to-node=\"31,0,1\"><span data-path-to-node=\"31,0,1,0\"><b data-path-to-node=\"31,0,1,0\" data-index-in-node=\"0\"><span class=\"citation-32\">protection oculaire<\/span><\/b><span class=\"citation-32\">: Ce produit peut provoquer une grave irritation des yeux (H319). <\/span><\/span><span data-path-to-node=\"31,0,1,3\"><span class=\"citation-31\">\u00c9viter tout contact avec les yeux et, en cas de contact, rincer abondamment \u00e0 l&#039;eau claire pendant au moins 15 minutes. <\/span><\/span><\/p>\n<\/li>\n<li>\n<p id=\"p-rc_9f17ffe1fdf4c29f-34\" data-path-to-node=\"31,1,1\"><span data-path-to-node=\"31,1,1,0\"><b data-path-to-node=\"31,1,1,0\" data-index-in-node=\"0\"><span class=\"citation-30\">S\u00e9curit\u00e9 des enfants<\/span><\/b><span class=\"citation-30\">Gardez toujours le produit nettoyant hors de port\u00e9e des enfants. <\/span><\/span><\/p>\n<\/li>\n<li>\n<p id=\"p-rc_9f17ffe1fdf4c29f-35\" data-path-to-node=\"31,2,1\"><span data-path-to-node=\"31,2,1,0\"><b data-path-to-node=\"31,2,1,0\" data-index-in-node=\"0\"><span class=\"citation-29\">stockage<\/span><\/b><span class=\"citation-29\">Pour pr\u00e9server son efficacit\u00e9, il est pr\u00e9f\u00e9rable de conserver le flacon de 750 ml \u00e0 une temp\u00e9rature comprise entre <span class=\"math-inline\" data-math=\"5^{\\circ}C\" data-index-in-node=\"106\">5\u00b0C<\/span>et <span class=\"math-inline\" data-math=\"30^{\\circ}C\" data-index-in-node=\"121\">30\u00b0C<\/span><\/span><\/span><\/p>\n<div class=\"source-inline-chip-container ng-star-inserted\"><\/div>\n<p>&nbsp;<\/li>\n<\/ul>\n<h3 data-path-to-node=\"32\">FAQ \u2013 Votre guide pour le nettoyage en profondeur avec un nettoyant tout usage<\/h3>\n<p id=\"p-rc_9f17ffe1fdf4c29f-36\" data-path-to-node=\"33\"><span data-path-to-node=\"33,0\"><b data-path-to-node=\"33,0\" data-index-in-node=\"0\">Ce nettoyant convient-il \u00e9galement aux mains sensibles\u00a0?<\/b> <\/span><span data-path-to-node=\"33,2\"><span class=\"citation-28\">Ce produit dissolvant efficacement la graisse, nous recommandons aux personnes ayant la peau sensible ou gerc\u00e9e de porter des gants de protection pendant son utilisation. <\/span><\/span><span data-path-to-node=\"33,5\"><span class=\"citation-27\">Lavez-vous soigneusement les mains apr\u00e8s chaque utilisation. <\/span><\/span><\/p>\n<p id=\"p-rc_9f17ffe1fdf4c29f-37\" data-path-to-node=\"34\"><span data-path-to-node=\"34,0\"><b data-path-to-node=\"34,0\" data-index-in-node=\"0\">Puis-je \u00e9galement utiliser le produit nettoyant dans la salle de bain\u00a0?<\/b> Absolument! <\/span><span data-path-to-node=\"34,2\"><span class=\"citation-26\">Gr\u00e2ce \u00e0 son action nettoyante hygi\u00e9nique en profondeur, il est id\u00e9al pour les \u00e9viers, les baignoires et les carrelages. <\/span><\/span><span data-path-to-node=\"34,4\"> Il \u00e9limine efficacement les r\u00e9sidus de savon et le calcaire des surfaces.<\/span><\/p>\n<\/div>","protected":false},"excerpt":{"rendered":"<p>Une hygi\u00e8ne de niveau professionnel ! Le Vegas V Living <b data-path-to-node=\"37\" data-index-in-node=\"46\">Nettoyant tout usage pour un nettoyage en profondeur<\/b> (750 ml pour 8,50 \u20ac) avec <b data-path-to-node=\"37\" data-index-in-node=\"102\">Norme HACCP<\/b> Voici la solution tout-en-un pour une cuisine hygi\u00e9nique et une maison impeccable. Ce produit \u00e9limine efficacement la graisse et la salet\u00e9 des surfaces, est biod\u00e9gradable et r\u00e9pond aux normes de s\u00e9curit\u00e9 les plus strictes pour les zones en contact avec les aliments. Une propret\u00e9 irr\u00e9prochable. <b data-path-to-node=\"37\" data-index-in-node=\"389\">Commandez d\u00e8s maintenant chez Gigi !<\/b><\/p>","protected":false},"featured_media":918,"template":"","meta":{"_et_pb_use_builder":"","_et_pb_old_content":"","_et_gb_content_width":""},"product_brand":[63],"product_cat":[193,210,194,70],"product_tag":[],"class_list":{"0":"post-3395","1":"product","2":"type-product","3":"status-publish","4":"has-post-thumbnail","6":"product_brand-vegas-cosmetics-gmbh","7":"product_cat-home-care","8":"product_cat-home-style","9":"product_cat-reinigungsmittel-fuer-den-haushalt","10":"product_cat-wohnen-auto","12":"first","13":"instock","14":"shipping-taxable","15":"product-type-external"},"_links":{"self":[{"href":"https:\/\/gigistravelworld.de\/fr\/wp-json\/wp\/v2\/product\/3395","targetHints":{"allow":["GET"]}}],"collection":[{"href":"https:\/\/gigistravelworld.de\/fr\/wp-json\/wp\/v2\/product"}],"about":[{"href":"https:\/\/gigistravelworld.de\/fr\/wp-json\/wp\/v2\/types\/product"}],"wp:featuredmedia":[{"embeddable":true,"href":"https:\/\/gigistravelworld.de\/fr\/wp-json\/wp\/v2\/media\/918"}],"wp:attachment":[{"href":"https:\/\/gigistravelworld.de\/fr\/wp-json\/wp\/v2\/media?parent=3395"}],"wp:term":[{"taxonomy":"product_brand","embeddable":true,"href":"https:\/\/gigistravelworld.de\/fr\/wp-json\/wp\/v2\/product_brand?post=3395"},{"taxonomy":"product_cat","embeddable":true,"href":"https:\/\/gigistravelworld.de\/fr\/wp-json\/wp\/v2\/product_cat?post=3395"},{"taxonomy":"product_tag","embeddable":true,"href":"https:\/\/gigistravelworld.de\/fr\/wp-json\/wp\/v2\/product_tag?post=3395"}],"curies":[{"name":"wp","href":"https:\/\/api.w.org\/{rel}","templated":true}]}}