{"id":3385,"date":"2025-08-23T20:55:24","date_gmt":"2025-08-23T18:55:24","guid":{"rendered":"https:\/\/gigistravelworld.de\/?post_type=product&#038;p=3385"},"modified":"2026-03-09T18:29:37","modified_gmt":"2026-03-09T17:29:37","slug":"eau-de-parfum-men-2-ml","status":"publish","type":"product","link":"https:\/\/gigistravelworld.de\/fr\/eau-de-parfum-men-2-ml\/","title":{"rendered":"Eau de Parfum Homme 2 ml | Testez les parfums homme Vegas \u00e0 1,50\u20ac"},"content":{"rendered":"<p data-path-to-node=\"14\"><b data-path-to-node=\"14\" data-index-in-node=\"0\">Votre d\u00e9claration en format de poche \u2013 le charisme toujours \u00e0 port\u00e9e de main<\/b> \u201e Un bon parfum pour homme, c&#039;est comme une poign\u00e9e de main ferme\u00a0: il marque les esprits sans \u00eatre envahissant. Au cours de mes voyages \u00e0 travers le monde, j&#039;ai appris qu&#039;on n&#039;a qu&#039;une seule chance de faire une bonne premi\u00e8re impression. Que ce soit lors d&#039;une r\u00e9union d&#039;affaires \u00e0 Londres ou en sirotant un verre au coucher du soleil dans un bar du Cap, le parfum id\u00e9al sublime votre charisme. \u00bb.<\/p>\n<p data-path-to-node=\"15\">Avec le <b data-path-to-node=\"15\" data-index-in-node=\"8\">Eau de Parfum Homme 2 ml<\/b> Avec Vegas Cosmetics, vous avez la libert\u00e9 de personnaliser votre style pour seulement... <b data-path-to-node=\"15\" data-index-in-node=\"100\">1,50 \u20ac<\/b> Ces petites fioles sont mon arme secr\u00e8te en voyage. Elles ne prennent pas de place, sont parfaitement s\u00fbres et me permettent de retrouver une fragrance fra\u00eeche et unique imm\u00e9diatement apr\u00e8s un long vol. Essayez-les et trouvez le parfum qui vous ressemble. <b data-path-to-node=\"15\" data-index-in-node=\"382\">Bien \u00e0 vous, Gigi<\/b>\u201c<\/p>\n<h2 data-path-to-node=\"18\">Eau de Parfum Homme 2 ml : Une vari\u00e9t\u00e9 masculine \u00e0 un prix irr\u00e9sistible<\/h2>\n<p data-path-to-node=\"19\">Le caract\u00e8re ne s&#039;ach\u00e8te pas, mais on peut le d\u00e9velopper. <b data-path-to-node=\"19\" data-index-in-node=\"77\">Eau de Parfum Homme 2 ml<\/b> Vegas Cosmetics propose une gamme impressionnante pour l&#039;homme moderne. Pour seulement <b data-path-to-node=\"19\" data-index-in-node=\"192\">1,50 \u20ac<\/b> Vous avez la possibilit\u00e9 de tester des compositions olfactives extravagantes et originales, allant d&#039;une fra\u00eecheur sportive \u00e0 une \u00e9l\u00e9gance fum\u00e9e.<\/p>\n<h3 data-path-to-node=\"20\">La qualit\u00e9 d&#039;un v\u00e9ritable parfum, et non une impression \u00e9ph\u00e9m\u00e8re.<\/h3>\n<p data-path-to-node=\"21\">De nombreux \u00e9chantillons disponibles sur le march\u00e9 sont simplement \u00e9tiquet\u00e9s \u00ab Eau de Toilette \u00bb. Chez nous, vous obtenez une v\u00e9ritable Eau de Toilette. <b data-path-to-node=\"21\" data-index-in-node=\"105\">Eau de Parfum<\/b>. Cela signifie une concentration nettement plus \u00e9lev\u00e9e d&#039;huiles parfum\u00e9es de haute qualit\u00e9, ce qui garantit une tenue impressionnante sur la peau.<\/p>\n<p id=\"p-rc_a1bdb87919679679-235\" data-path-to-node=\"22\"><span data-path-to-node=\"22,1\"><span class=\"citation-469\">Nous respectons les normes les plus strictes pour notre gamme de produits techniques V Living, notamment en mati\u00e8re de fiches de donn\u00e9es de s\u00e9curit\u00e9 pr\u00e9cises et de codes UFI. <\/span><b data-path-to-node=\"22,1\" data-index-in-node=\"141\"><span class=\"citation-469\">R7MH-N0U1-900K-E69W<\/span><\/b><span class=\"citation-469\"> ensemble<\/span><\/span><span data-path-to-node=\"22,3\">, l&#039;objectif de nos parfums pour hommes est de mettre l&#039;accent sur la perfection artisanale du d\u00e9veloppement des parfums. <\/span><span data-path-to-node=\"22,5\"><span class=\"citation-468\">VegasTrade garantit une qualit\u00e9 constante des ingr\u00e9dients.<\/span><\/span><span data-path-to-node=\"22,7\">.<\/span><\/p>\n<h3 data-path-to-node=\"23\">Pourquoi l&#039;\u00e9chantillon de 2 ml est le choix judicieux<\/h3>\n<ul data-path-to-node=\"24\">\n<li>\n<p data-path-to-node=\"24,0,0\"><b data-path-to-node=\"24,0,0\" data-index-in-node=\"0\">Tests approfondis\u00a0:<\/b> Avec 2 ml de produit, vous pouvez vaporiser le parfum environ 20 \u00e0 30 fois \u2013 suffisamment pour une semaine enti\u00e8re de test.<\/p>\n<\/li>\n<li>\n<p data-path-to-node=\"24,1,0\"><b data-path-to-node=\"24,1,0\" data-index-in-node=\"0\">Aucun risque d&#039;acheter le mauvais article\u00a0:<\/b> Investissez 1,50 \u20ac pour vous assurer que la note de fond vous convient toujours m\u00eame apr\u00e8s plusieurs heures.<\/p>\n<\/li>\n<li>\n<p data-path-to-node=\"24,2,0\"><b data-path-to-node=\"24,2,0\" data-index-in-node=\"0\">Flexibilit\u00e9 maximale :<\/b> Le <b data-path-to-node=\"24,2,0\" data-index-in-node=\"27\">Eau de Parfum Homme 2 ml<\/b> Probe est le compagnon id\u00e9al pour votre sac de sport, votre bo\u00eete \u00e0 gants ou votre bagage \u00e0 main.<\/p>\n<\/li>\n<li>\n<p id=\"p-rc_a1bdb87919679679-236\" data-path-to-node=\"24,3,1\"><span data-path-to-node=\"24,3,1,0\"><b data-path-to-node=\"24,3,1,0\" data-index-in-node=\"0\"><span class=\"citation-467\">Composants haut de gamme :<\/span><\/b><span class=\"citation-467\"> Nos parfums contiennent des ingr\u00e9dients de haute qualit\u00e9 (comme le limon\u00e8ne ou le linalol) qui garantissent une exp\u00e9rience olfactive complexe et masculine.<\/span><\/span><span data-path-to-node=\"24,3,1,2\">.<\/span><\/p>\n<div class=\"source-inline-chip-container ng-star-inserted\"><\/div>\n<\/li>\n<\/ul>\n<h3 data-path-to-node=\"25\">Conseil d&#039;application pour l&#039;homme moderne<\/h3>\n<p data-path-to-node=\"26\">Vaporisez-le <b data-path-to-node=\"26\" data-index-in-node=\"11\">Eau de Parfum Homme 2 ml<\/b> Appliquez directement sur les points de pulsation du cou ou \u00e0 l&#039;int\u00e9rieur des poignets. Une petite quantit\u00e9 suffit souvent\u00a0: gr\u00e2ce \u00e0 la haute qualit\u00e9 des huiles Vegas Cosmetics, le parfum se d\u00e9ploie tout au long de la journ\u00e9e, m\u00eame avec parcimonie. Veillez \u00e0 ne pas frotter le parfum, car cela pourrait alt\u00e9rer la structure mol\u00e9culaire des notes de t\u00eate.<\/p>\n<p data-path-to-node=\"15\">","protected":false},"excerpt":{"rendered":"<p>Des parfums distinctifs en format 2 ml ! <b data-path-to-node=\"33\" data-index-in-node=\"35\">Eau de Parfum Homme 2 ml<\/b> pour imbattable <b data-path-to-node=\"33\" data-index-in-node=\"75\">1,50 \u20ac<\/b> D\u00e9couvrez de pr\u00e8s l&#039;univers des parfums pour hommes Vegas Cosmetics. Des fragrances sportives aux plus extravagantes, trouvez votre parfum pr\u00e9f\u00e9r\u00e9, \u00e0 la tenue longue dur\u00e9e. Id\u00e9al pour les d\u00e9placements ou pour tester de nouvelles senteurs. <b data-path-to-node=\"33\" data-index-in-node=\"284\">Cliquez ici pour choisir votre palette de parfums dans la boutique !<\/b><\/p>","protected":false},"featured_media":892,"template":"","meta":{"_et_pb_use_builder":"","_et_pb_old_content":"","_et_gb_content_width":""},"product_brand":[63],"product_cat":[22,208,33,27,36,23],"product_tag":[],"class_list":{"0":"post-3385","1":"product","2":"type-product","3":"status-publish","4":"has-post-thumbnail","6":"product_brand-vegas-cosmetics-gmbh","7":"product_cat-duefte","8":"product_cat-beauty-care","9":"product_cat-duefte-duefte","10":"product_cat-duftproben","11":"product_cat-duftproben-duefte-duefte","12":"product_cat-premium-duefte","14":"first","15":"instock","16":"shipping-taxable","17":"product-type-external"},"_links":{"self":[{"href":"https:\/\/gigistravelworld.de\/fr\/wp-json\/wp\/v2\/product\/3385","targetHints":{"allow":["GET"]}}],"collection":[{"href":"https:\/\/gigistravelworld.de\/fr\/wp-json\/wp\/v2\/product"}],"about":[{"href":"https:\/\/gigistravelworld.de\/fr\/wp-json\/wp\/v2\/types\/product"}],"wp:featuredmedia":[{"embeddable":true,"href":"https:\/\/gigistravelworld.de\/fr\/wp-json\/wp\/v2\/media\/892"}],"wp:attachment":[{"href":"https:\/\/gigistravelworld.de\/fr\/wp-json\/wp\/v2\/media?parent=3385"}],"wp:term":[{"taxonomy":"product_brand","embeddable":true,"href":"https:\/\/gigistravelworld.de\/fr\/wp-json\/wp\/v2\/product_brand?post=3385"},{"taxonomy":"product_cat","embeddable":true,"href":"https:\/\/gigistravelworld.de\/fr\/wp-json\/wp\/v2\/product_cat?post=3385"},{"taxonomy":"product_tag","embeddable":true,"href":"https:\/\/gigistravelworld.de\/fr\/wp-json\/wp\/v2\/product_tag?post=3385"}],"curies":[{"name":"wp","href":"https:\/\/api.w.org\/{rel}","templated":true}]}}