{"id":3381,"date":"2025-08-23T20:55:24","date_gmt":"2025-08-23T18:55:24","guid":{"rendered":"https:\/\/gigistravelworld.de\/?post_type=product&#038;p=3381"},"modified":"2026-03-09T20:08:33","modified_gmt":"2026-03-09T19:08:33","slug":"vegas-white-eau-de-parfum","status":"publish","type":"product","link":"https:\/\/gigistravelworld.de\/fr\/vegas-white-eau-de-parfum\/","title":{"rendered":"Vegas White Eau de Parfum 50 ml | Notre best-seller le plus populaire"},"content":{"rendered":"<div id=\"headingOne\" class=\"panel-heading\" role=\"tab\">\n<h2 data-path-to-node=\"10\"><b data-path-to-node=\"10\" data-index-in-node=\"0\">Eau de Parfum Vegas White : Le best-seller intemporel pour tous les jours<\/b><\/h2>\n<p data-path-to-node=\"11\">Il y a des parfums qu&#039;on sent une fois et qu&#039;on n&#039;oublie jamais. Dans mon <b data-path-to-node=\"11\" data-index-in-node=\"72\">Gigis Travel World<\/b> c&#039;est \u00e7a <b data-path-to-node=\"11\" data-index-in-node=\"99\">Eau de Parfum Vegas White<\/b> Un indispensable \u00e0 glisser dans votre valise. Pourquoi ? Parce qu&#039;il offre un \u00e9quilibre parfait entre fra\u00eecheur florale et \u00e9l\u00e9gance orientale. Pas \u00e9tonnant que ce parfum soit l&#039;un des plus populaires de toute la gamme !<\/p>\n<p data-path-to-node=\"12\">Pour imbattable <b data-path-to-node=\"12\" data-index-in-node=\"17\">29,90 \u20ac<\/b> Vous obtenez 50 ml de f\u00e9minit\u00e9 pure qui vous accompagneront comme une brise fra\u00eeche tout au long de la journ\u00e9e.<\/p>\n<h3 data-path-to-node=\"13\"><b data-path-to-node=\"13\" data-index-in-node=\"0\">La composition du parfum : Une mer de fleurs en flacon<\/b><\/h3>\n<p data-path-to-node=\"14\">Vegas White est un chef-d&#039;\u0153uvre de la famille des parfums <b data-path-to-node=\"14\" data-index-in-node=\"48\">floral oriental<\/b>. Elle se d\u00e9roule en trois phases fascinantes :<\/p>\n<ul data-path-to-node=\"15\">\n<li>\n<p data-path-to-node=\"15,0,0\"><b data-path-to-node=\"15,0,0\" data-index-in-node=\"0\">Note principale (Le nouveau d\u00e9part) :<\/b> La pivoine, le freesia et le litchi exotique offrent une ouverture vive et l\u00e9g\u00e8rement sucr\u00e9e.<\/p>\n<\/li>\n<li>\n<p data-path-to-node=\"15,1,0\"><b data-path-to-node=\"15,1,0\" data-index-in-node=\"0\">Note du c\u0153ur (Le centre romantique) :<\/b> Un bouquet raffin\u00e9 de rose, de muguet et de magnolia conf\u00e8re \u00e0 ce parfum son \u00e9l\u00e9gance incomparable.<\/p>\n<\/li>\n<li>\n<p data-path-to-node=\"15,2,0\"><b data-path-to-node=\"15,2,0\" data-index-in-node=\"0\">Note de fond (Fin chaleureuse) :<\/b> L&#039;ambre et le c\u00e8dre de Virginie conf\u00e8rent au parfum une profondeur et une chaleur bois\u00e9es et durables.<\/p>\n<\/li>\n<\/ul>\n<h3 data-path-to-node=\"16\"><b data-path-to-node=\"16\" data-index-in-node=\"0\">Pourquoi Vegas White deviendra votre nouveau parfum pr\u00e9f\u00e9r\u00e9\u00a0:<\/b><\/h3>\n<ul data-path-to-node=\"17\">\n<li>\n<p data-path-to-node=\"17,0,0\"><b data-path-to-node=\"17,0,0\" data-index-in-node=\"0\">Le parfum \u201e toujours parfait \u201c :<\/b> Que ce soit au bureau, lors d&#039;un premier rendez-vous ou en voyage, le blanc Vegas est toujours \u00e9l\u00e9gant et jamais intrusif.<\/p>\n<\/li>\n<li>\n<p data-path-to-node=\"17,1,0\"><b data-path-to-node=\"17,1,0\" data-index-in-node=\"0\">Durabilit\u00e9:<\/b> En tant qu&#039;eau de parfum, l&#039;intensit\u00e9 du parfum dure nettement plus longtemps qu&#039;avec les parfums classiques vendus en pharmacie.<\/p>\n<\/li>\n<li>\n<p data-path-to-node=\"17,2,0\"><b data-path-to-node=\"17,2,0\" data-index-in-node=\"0\">Taille parfaite :<\/b> Le flacon de 50 ml est id\u00e9al pour un sac \u00e0 main ou un bagage cabine. Le luxe \u00e0 emporter !<\/p>\n<\/li>\n<li>\n<p data-path-to-node=\"17,3,0\"><b data-path-to-node=\"17,3,0\" data-index-in-node=\"0\">Popularit\u00e9 garantie :<\/b> C&#039;est le parfum pr\u00e9f\u00e9r\u00e9 de nos clients. Tous ceux qui aiment les fragrances florales aux notes chaudes adoreront Vegas White.<\/p>\n<\/li>\n<\/ul>\n<h3 data-path-to-node=\"18\"><b data-path-to-node=\"18\" data-index-in-node=\"0\">Le conseil de Gigi\u00a0:<\/b><\/h3>\n<p data-path-to-node=\"19\">Pour prolonger la tenue de votre parfum best-seller, vaporisez-le directement sur peau l\u00e9g\u00e8rement humide apr\u00e8s la douche. Les pores, alors ouverts, absorbent mieux les mol\u00e9cules de parfum. Une l\u00e9g\u00e8re vaporisation dans les cheveux vous permettra \u00e9galement de laisser un sillage subtil \u00e0 chaque mouvement.<\/p>\n<h3 data-path-to-node=\"20\"><b data-path-to-node=\"20\" data-index-in-node=\"0\">Foire aux questions sur Vegas White (FAQ)<\/b><\/h3>\n<p data-path-to-node=\"21\"><b data-path-to-node=\"21\" data-index-in-node=\"0\">1. Le parfum est-il sucr\u00e9 ou frais ?<\/b> Vegas White s&#039;ouvre sur une note tr\u00e8s fra\u00eeche et florale de litchi et de pivoine. Son fond ambr\u00e9 lui conf\u00e8re une profondeur agr\u00e9able et chaleureuse au fil de son \u00e9volution, tout en conservant un caract\u00e8re \u00e9l\u00e9gant et \u00e9quilibr\u00e9.<\/p>\n<p data-path-to-node=\"22\"><b data-path-to-node=\"22\" data-index-in-node=\"0\">2. Puis-je porter ce parfum tous les jours ?<\/b> Absolument ! C&#039;est le parfum signature id\u00e9al. Il est suffisamment pr\u00e9sent pour susciter des compliments, mais assez discret pour \u00eatre port\u00e9 au quotidien.<\/p>\n<p data-path-to-node=\"23\"><b data-path-to-node=\"23\" data-index-in-node=\"0\">3. Comment conserver mon parfum en voyage ?<\/b> Comme tous les parfums de qualit\u00e9, Vegas White pr\u00e9f\u00e8re les environnements frais et sombres. (\u00c0 glisser dans votre trousse de toilette...) <b data-path-to-node=\"23\" data-index-in-node=\"130\">5 \u00b0C et 30 \u00b0C<\/b> C&#039;est ainsi que les notes d\u00e9licates de muguet ne deviennent pas trop envahissantes.<\/p>\n<p data-path-to-node=\"24\"><b data-path-to-node=\"24\" data-index-in-node=\"0\">4. Pourquoi le parfum est-il si bon march\u00e9 \u00e0 Las Vegas ?<\/b> Vegas Cosmetics \u00e9vite les campagnes publicitaires co\u00fbteuses avec des stars hollywoodiennes. Ici, vous payez pour la composition et la qualit\u00e9 des huiles parfum\u00e9es, pas pour le nom d&#039;une c\u00e9l\u00e9brit\u00e9.<\/p>\n<\/div>","protected":false},"excerpt":{"rendered":"<p>Notre produit pr\u00e9f\u00e9r\u00e9 de nos clients ! <b data-path-to-node=\"27\" data-index-in-node=\"37\">Eau de Parfum Vegas White<\/b> (50 ml pour 29,90 \u20ac) est un m\u00e9lange f\u00e9\u00e9rique de pivoine, de rose et de c\u00e8dre chaleureux. Un parfum oriental floral qui allie \u00e0 la perfection \u00e9l\u00e9gance et fra\u00eecheur. <b data-path-to-node=\"27\" data-index-in-node=\"221\">D\u00e9couvrez le best-seller de Vegas Cosmetics \u2013 maintenant chez Gigi !<\/b><\/p>","protected":false},"featured_media":888,"template":"","meta":{"_et_pb_use_builder":"","_et_pb_old_content":"","_et_gb_content_width":""},"product_brand":[63],"product_cat":[22,208,23,26],"product_tag":[],"class_list":{"0":"post-3381","1":"product","2":"type-product","3":"status-publish","4":"has-post-thumbnail","6":"product_brand-vegas-cosmetics-gmbh","7":"product_cat-duefte","8":"product_cat-beauty-care","9":"product_cat-premium-duefte","10":"product_cat-vegas-black-white","12":"first","13":"instock","14":"shipping-taxable","15":"product-type-external"},"_links":{"self":[{"href":"https:\/\/gigistravelworld.de\/fr\/wp-json\/wp\/v2\/product\/3381","targetHints":{"allow":["GET"]}}],"collection":[{"href":"https:\/\/gigistravelworld.de\/fr\/wp-json\/wp\/v2\/product"}],"about":[{"href":"https:\/\/gigistravelworld.de\/fr\/wp-json\/wp\/v2\/types\/product"}],"wp:featuredmedia":[{"embeddable":true,"href":"https:\/\/gigistravelworld.de\/fr\/wp-json\/wp\/v2\/media\/888"}],"wp:attachment":[{"href":"https:\/\/gigistravelworld.de\/fr\/wp-json\/wp\/v2\/media?parent=3381"}],"wp:term":[{"taxonomy":"product_brand","embeddable":true,"href":"https:\/\/gigistravelworld.de\/fr\/wp-json\/wp\/v2\/product_brand?post=3381"},{"taxonomy":"product_cat","embeddable":true,"href":"https:\/\/gigistravelworld.de\/fr\/wp-json\/wp\/v2\/product_cat?post=3381"},{"taxonomy":"product_tag","embeddable":true,"href":"https:\/\/gigistravelworld.de\/fr\/wp-json\/wp\/v2\/product_tag?post=3381"}],"curies":[{"name":"wp","href":"https:\/\/api.w.org\/{rel}","templated":true}]}}