{"id":3380,"date":"2025-08-23T20:55:24","date_gmt":"2025-08-23T18:55:24","guid":{"rendered":"https:\/\/gigistravelworld.de\/?post_type=product&#038;p=3380"},"modified":"2026-03-09T20:14:22","modified_gmt":"2026-03-09T19:14:22","slug":"vegas-black-eau-parfum-men","status":"publish","type":"product","link":"https:\/\/gigistravelworld.de\/fr\/vegas-black-eau-parfum-men\/","title":{"rendered":"Vegas Black Eau de Parfum Homme 50ml | Foug\u00e8re orientale | Las Vegas"},"content":{"rendered":"<div id=\"headingOne\" class=\"panel-heading\" role=\"tab\">\n<h2 data-path-to-node=\"10\"><b data-path-to-node=\"10\" data-index-in-node=\"0\">Vegas Black Eau de Parfum : Le parfum des hommes de caract\u00e8re<\/b><\/h2>\n<p data-path-to-node=\"11\">Dans mon <b data-path-to-node=\"11\" data-index-in-node=\"10\">Gigis Travel World<\/b> Existe-t-il un parfum dont vous ne devriez jamais vous passer dans votre valise si vous voulez faire bonne impression en soir\u00e9e\u00a0? <b data-path-to-node=\"11\" data-index-in-node=\"127\">Vegas Black<\/b>. Il est le \u201e gentleman \u201c des parfums masculins \u2013 fort, s\u00fbr de lui et d\u2019une profondeur qu\u2019on n\u2019oublie pas facilement.<\/p>\n<p data-path-to-node=\"12\">Pour imbattable <b data-path-to-node=\"12\" data-index-in-node=\"17\">29,90 \u20ac<\/b> Vous recevrez 50 ml d&#039;un parfum oriental foug\u00e8re qui allie \u00e0 la perfection fra\u00eecheur et chaleur sensuelle.<\/p>\n<h3 data-path-to-node=\"13\"><b data-path-to-node=\"13\" data-index-in-node=\"0\">La pyramide olfactive : Puissante et multifacette<\/b><\/h3>\n<p data-path-to-node=\"14\">Vegas Black est une exp\u00e9rience qui se d\u00e9roule en trois phases distinctes\u00a0:<\/p>\n<ul data-path-to-node=\"15\">\n<li>\n<p data-path-to-node=\"15,0,0\"><b data-path-to-node=\"15,0,0\" data-index-in-node=\"0\">Note de t\u00eate (La fra\u00eecheur rafra\u00eechissante) :<\/b> La lavande, la menthe, la bergamote et la cardamome offrent un d\u00e9part \u00e9nergique et \u00e9pic\u00e9 qui se fait imm\u00e9diatement sentir.<\/p>\n<\/li>\n<li>\n<p data-path-to-node=\"15,1,0\"><b data-path-to-node=\"15,1,0\" data-index-in-node=\"0\">Note du c\u0153ur (Le c\u0153ur chaleureux) :<\/b> La fleur d&#039;oranger et la cannelle conf\u00e8rent au parfum une composante s\u00e9duisante, \u00e9pic\u00e9e et sucr\u00e9e qui en fa\u00e7onne le caract\u00e8re.<\/p>\n<\/li>\n<li>\n<p data-path-to-node=\"15,2,0\"><b data-path-to-node=\"15,2,0\" data-index-in-node=\"0\">Note de fond (Fondement masculin) :<\/b> Le bois de santal, la f\u00e8ve tonka, l&#039;ambre, la vanille et le c\u00e8dre offrent un sillage bois\u00e9 et chaleureux d&#039;une dur\u00e9e extr\u00eamement longue.<\/p>\n<\/li>\n<\/ul>\n<h3 data-path-to-node=\"16\"><b data-path-to-node=\"16\" data-index-in-node=\"0\">Que signifie \u201e\u00a0foug\u00e8re orientale\u00a0\u201c\u00a0?<\/b><\/h3>\n<p data-path-to-node=\"17\">Cette famille de parfums est l\u00e9gendaire. La foug\u00e8re d\u00e9signe traditionnellement une combinaison de lavande et de notes bois\u00e9es. Dans sa version orientale, elle\u2026 <b data-path-to-node=\"17\" data-index-in-node=\"173\">Eau de Parfum Vegas Black<\/b> Ce style classique est sublim\u00e9 par des notes chaudes comme la vanille et la cannelle. Il en r\u00e9sulte un parfum \u00e0 la fois r\u00e9solument masculin et r\u00e9solument sensuel.<\/p>\n<h3 data-path-to-node=\"18\"><b data-path-to-node=\"18\" data-index-in-node=\"0\">Pourquoi Vegas Black deviendra votre nouveau jeu pr\u00e9f\u00e9r\u00e9\u00a0:<\/b><\/h3>\n<ul data-path-to-node=\"19\">\n<li>\n<p data-path-to-node=\"19,0,0\"><b data-path-to-node=\"19,0,0\" data-index-in-node=\"0\">Intensit\u00e9 r\u00e9elle du parfum :<\/b> En tant qu&#039;Eau de Parfum, elle offre une forte concentration d&#039;huiles parfum\u00e9es \u2013 parfaite pour les hommes qui appr\u00e9cient la qualit\u00e9 et la tenue.<\/p>\n<\/li>\n<li>\n<p data-path-to-node=\"19,1,0\"><b data-path-to-node=\"19,1,0\" data-index-in-node=\"0\">Polyvalent dans ses applications :<\/b> Que ce soit lors d&#039;une r\u00e9union d&#039;affaires ou d&#039;un d\u00eener d\u00e9contract\u00e9, ce parfum respire la confiance.<\/p>\n<\/li>\n<li>\n<p data-path-to-node=\"19,2,0\"><b data-path-to-node=\"19,2,0\" data-index-in-node=\"0\">Prix imbattable :<\/b> Des notes de parfum professionnelles comme le santal et la f\u00e8ve tonka, pour moins de 30 euros, sont rarement trouv\u00e9es dans cette qualit\u00e9.<\/p>\n<\/li>\n<\/ul>\n<h3 data-path-to-node=\"20\"><b data-path-to-node=\"20\" data-index-in-node=\"0\">Foire aux questions sur Vegas Black (FAQ)<\/b><\/h3>\n<p data-path-to-node=\"21\"><b data-path-to-node=\"21\" data-index-in-node=\"0\">1. Ce parfum est-il plus adapt\u00e9 \u00e0 l&#039;hiver ou \u00e0 l&#039;\u00e9t\u00e9 ?<\/b> Gr\u00e2ce \u00e0 la menthe fra\u00eeche en note de t\u00eate, il est parfait pour l&#039;\u00e9t\u00e9, mais son fond oriental d\u00e9ploie toute sa splendeur surtout par temps frais ou en soir\u00e9e.<\/p>\n<p data-path-to-node=\"22\"><b data-path-to-node=\"22\" data-index-in-node=\"0\">2. Combien de temps le parfum tient-il sur la peau ?<\/b> En raison des notes de fond profondes comme l&#039;ambre et le c\u00e8dre, le <b data-path-to-node=\"22\" data-index-in-node=\"107\">Eau de Parfum Vegas Black<\/b> Pour la plupart des hommes, son parfum dure facilement de 7 \u00e0 9 heures. Son odeur caract\u00e9ristique reste souvent subtilement perceptible sur les v\u00eatements pendant plusieurs jours.<\/p>\n<p data-path-to-node=\"23\"><b data-path-to-node=\"23\" data-index-in-node=\"0\">3. Quelle est la meilleure fa\u00e7on d&#039;appliquer le parfum ?<\/b> Une ou deux vaporisations sur le cou et l&#039;int\u00e9rieur des poignets suffisent. La chaleur corporelle active de fa\u00e7on optimale les mol\u00e9cules odorantes des notes orientales foug\u00e8res.<\/p>\n<p data-path-to-node=\"24\"><b data-path-to-node=\"24\" data-index-in-node=\"0\">4. Comment conserver mon parfum en voyage ?<\/b> La lumi\u00e8re et la chaleur sont les ennemis de tous les parfums. Conservez votre Vegas Black dans un endroit sombre, \u00e0 une temp\u00e9rature comprise entre... <b data-path-to-node=\"24\" data-index-in-node=\"159\">5 \u00b0C et 30 \u00b0C<\/b>, afin que les notes d\u00e9licates de menthe et de lavande restent fra\u00eeches.<\/p>\n<\/div>","protected":false},"excerpt":{"rendered":"<p>La masculinit\u00e9 \u00e0 l&#039;\u00e9tat pur en bouteille ! <b data-path-to-node=\"27\" data-index-in-node=\"41\">Eau de Parfum Vegas Black<\/b> (50 ml pour 29,90 \u20ac) Ce parfum allie la fra\u00eecheur de la menthe \u00e0 la chaleur de la cannelle et \u00e0 la richesse de la vanille. Une exp\u00e9rience olfactive orientale foug\u00e8re pour l&#039;homme moderne. <b data-path-to-node=\"27\" data-index-in-node=\"217\">Procurez-vous ce classique de Vegas Cosmetics \u2013 maintenant chez Gigi !<\/b><\/p>","protected":false},"featured_media":887,"template":"","meta":{"_et_pb_use_builder":"","_et_pb_old_content":"","_et_gb_content_width":""},"product_brand":[63],"product_cat":[22,208,23,26],"product_tag":[],"class_list":{"0":"post-3380","1":"product","2":"type-product","3":"status-publish","4":"has-post-thumbnail","6":"product_brand-vegas-cosmetics-gmbh","7":"product_cat-duefte","8":"product_cat-beauty-care","9":"product_cat-premium-duefte","10":"product_cat-vegas-black-white","12":"first","13":"instock","14":"shipping-taxable","15":"product-type-external"},"_links":{"self":[{"href":"https:\/\/gigistravelworld.de\/fr\/wp-json\/wp\/v2\/product\/3380","targetHints":{"allow":["GET"]}}],"collection":[{"href":"https:\/\/gigistravelworld.de\/fr\/wp-json\/wp\/v2\/product"}],"about":[{"href":"https:\/\/gigistravelworld.de\/fr\/wp-json\/wp\/v2\/types\/product"}],"wp:featuredmedia":[{"embeddable":true,"href":"https:\/\/gigistravelworld.de\/fr\/wp-json\/wp\/v2\/media\/887"}],"wp:attachment":[{"href":"https:\/\/gigistravelworld.de\/fr\/wp-json\/wp\/v2\/media?parent=3380"}],"wp:term":[{"taxonomy":"product_brand","embeddable":true,"href":"https:\/\/gigistravelworld.de\/fr\/wp-json\/wp\/v2\/product_brand?post=3380"},{"taxonomy":"product_cat","embeddable":true,"href":"https:\/\/gigistravelworld.de\/fr\/wp-json\/wp\/v2\/product_cat?post=3380"},{"taxonomy":"product_tag","embeddable":true,"href":"https:\/\/gigistravelworld.de\/fr\/wp-json\/wp\/v2\/product_tag?post=3380"}],"curies":[{"name":"wp","href":"https:\/\/api.w.org\/{rel}","templated":true}]}}