{"id":3363,"date":"2025-08-23T20:55:19","date_gmt":"2025-08-23T18:55:19","guid":{"rendered":"https:\/\/gigistravelworld.de\/?post_type=product&#038;p=3363"},"modified":"2026-03-07T19:01:22","modified_gmt":"2026-03-07T18:01:22","slug":"aloe-vera-mundwasser","status":"publish","type":"product","link":"https:\/\/gigistravelworld.de\/fr\/aloe-vera-mundwasser\/","title":{"rendered":"Bain de bouche \u00e0 l&#039;aloe vera pour une haleine fra\u00eeche | Protection et soin | GTW"},"content":{"rendered":"<p data-path-to-node=\"11\"><b data-path-to-node=\"11\" data-index-in-node=\"0\">Un coup de frais pour une apparence parfaite<\/b> \u201e Vous connaissez cette sensation ? Vous passez vos journ\u00e9es \u00e0 explorer le monde, \u00e0 rencontrer de nouvelles personnes ou \u00e0 savourer la cuisine locale lors de vos voyages \u2013 et vous r\u00eavez simplement de cette sensation de fra\u00eecheur et de propret\u00e9. \u201a.<\/p>\n<p data-path-to-node=\"12\">Voici mon secret pour un sourire radieux et une confiance en soi authentique. <b data-path-to-node=\"12\" data-index-in-node=\"78\">Bain de bouche \u00e0 l&#039;aloe vera<\/b>. C&#039;est le compl\u00e9ment id\u00e9al \u00e0 ma routine d&#039;hygi\u00e8ne bucco-dentaire quotidienne. Ce que j&#039;adore\u00a0: il combat les bact\u00e9ries l\u00e0 o\u00f9 la brosse \u00e0 dents ne peut pas atteindre et, gr\u00e2ce \u00e0 ses extraits naturels, il procure une haleine fra\u00eeche comme la mer. Que ce soit avant une r\u00e9union importante ou apr\u00e8s une journ\u00e9e de visites, avec ce bain de bouche, vous vous sentez tout simplement bien dans votre peau (et votre bouche aussi\u00a0!).\u201c<\/p>\n<p data-path-to-node=\"18\"><strong>Pourquoi notre bain de bouche \u00e0 l&#039;aloe vera fait toute la diff\u00e9rence<\/strong><\/p>\n<ul data-path-to-node=\"19\">\n<li>\n<p data-path-to-node=\"19,0,0\"><b data-path-to-node=\"19,0,0\" data-index-in-node=\"0\">Contr\u00f4le efficace des bact\u00e9ries\u00a0:<\/b> Il cible sp\u00e9cifiquement les micro-organismes responsables des caries dentaires et de la mauvaise haleine.<\/p>\n<\/li>\n<li>\n<p data-path-to-node=\"19,1,0\"><b data-path-to-node=\"19,1,0\" data-index-in-node=\"0\">Formule douce \u00e0 l&#039;aloe vera :<\/b> Il nourrit les gencives et prot\u00e8ge la muqueuse buccale.<\/p>\n<\/li>\n<li>\n<p data-path-to-node=\"19,2,0\"><b data-path-to-node=\"19,2,0\" data-index-in-node=\"0\">Fra\u00eecheur longue dur\u00e9e :<\/b> Les extraits naturels procurent une sensation de fra\u00eecheur durable.<\/p>\n<\/li>\n<li>\n<p data-path-to-node=\"19,3,0\"><b data-path-to-node=\"19,3,0\" data-index-in-node=\"0\">Le compl\u00e9ment parfait :<\/b> Optimis\u00e9 pour une utilisation en association avec le dentifrice Vegas \u00e0 l&#039;aloe vera.<\/p>\n<\/li>\n<\/ul>\n<p data-path-to-node=\"20\"><strong>Conseils d&#039;utilisation quotidienne<\/strong><\/p>\n<p data-path-to-node=\"21\">\u201ePour un r\u00e9sultat optimal, rincez-vous la bouche matin et soir apr\u00e8s le brossage des dents. Prenez simplement 10 \u00e0 20 ml de solution et rincez-vous soigneusement la bouche pendant environ 30 secondes. Recrachez ensuite (ne pas avaler !) et profitez de la sensation de fra\u00eecheur. Une hygi\u00e8ne bucco-dentaire professionnelle, c&#039;est aussi simple que \u00e7a.\u201c<\/p>","protected":false},"excerpt":{"rendered":"<p>Hygi\u00e8ne maximale et fra\u00eecheur longue dur\u00e9e\u00a0! Notre bain de bouche \u00e0 l\u2019aloe vera (250\u00a0ml) prot\u00e8ge efficacement les dents et les gencives des caries et des bact\u00e9ries. Associ\u00e9 \u00e0 un dentifrice \u00e0 l\u2019aloe vera, il forme une barri\u00e8re parfaite contre les micro-organismes et la mauvaise haleine. Enrichi en pr\u00e9cieux extraits naturels pour un soin bucco-dentaire quotidien doux et complet, il est id\u00e9al \u00e0 la maison comme en voyage.<\/p>","protected":false},"featured_media":850,"template":"","meta":{"_et_pb_use_builder":"","_et_pb_old_content":"","_et_gb_content_width":""},"product_brand":[63],"product_cat":[80,113,208,60,78,120,115,61],"product_tag":[],"class_list":{"0":"post-3363","1":"product","2":"type-product","3":"status-publish","4":"has-post-thumbnail","6":"product_brand-vegas-cosmetics-gmbh","7":"product_cat-gigis-travel-world","8":"product_cat-aloe-vera","9":"product_cat-beauty-care","10":"product_cat-hautpflege","11":"product_cat-hygiene","12":"product_cat-koerperpflege","13":"product_cat-mundhygiene","14":"product_cat-pflegeserien","16":"first","17":"instock","18":"shipping-taxable","19":"product-type-external"},"_links":{"self":[{"href":"https:\/\/gigistravelworld.de\/fr\/wp-json\/wp\/v2\/product\/3363","targetHints":{"allow":["GET"]}}],"collection":[{"href":"https:\/\/gigistravelworld.de\/fr\/wp-json\/wp\/v2\/product"}],"about":[{"href":"https:\/\/gigistravelworld.de\/fr\/wp-json\/wp\/v2\/types\/product"}],"wp:featuredmedia":[{"embeddable":true,"href":"https:\/\/gigistravelworld.de\/fr\/wp-json\/wp\/v2\/media\/850"}],"wp:attachment":[{"href":"https:\/\/gigistravelworld.de\/fr\/wp-json\/wp\/v2\/media?parent=3363"}],"wp:term":[{"taxonomy":"product_brand","embeddable":true,"href":"https:\/\/gigistravelworld.de\/fr\/wp-json\/wp\/v2\/product_brand?post=3363"},{"taxonomy":"product_cat","embeddable":true,"href":"https:\/\/gigistravelworld.de\/fr\/wp-json\/wp\/v2\/product_cat?post=3363"},{"taxonomy":"product_tag","embeddable":true,"href":"https:\/\/gigistravelworld.de\/fr\/wp-json\/wp\/v2\/product_tag?post=3363"}],"curies":[{"name":"wp","href":"https:\/\/api.w.org\/{rel}","templated":true}]}}