{"id":3362,"date":"2025-08-23T20:55:19","date_gmt":"2025-08-23T18:55:19","guid":{"rendered":"https:\/\/gigistravelworld.de\/?post_type=product&#038;p=3362"},"modified":"2026-03-13T23:11:12","modified_gmt":"2026-03-13T22:11:12","slug":"my-feeling-eau-de-parfum-men","status":"publish","type":"product","link":"https:\/\/gigistravelworld.de\/fr\/my-feeling-eau-de-parfum-men\/","title":{"rendered":"My Feeling Eau de Parfum Homme | Fra\u00eecheur et \u00c9nergie"},"content":{"rendered":"<div id=\"headingOne\" class=\"panel-heading\" role=\"tab\">\n<h1 data-path-to-node=\"9\">My Feeling Eau de Parfum Homme : Votre passeport invisible pour une impression durable<\/h1>\n<p data-path-to-node=\"10\">Dans <b data-path-to-node=\"10\" data-index-in-node=\"3\">Le monde des voyages de Gigi<\/b> Nous savons qu&#039;un bon parfum ouvre des portes et laisse une impression durable. <b data-path-to-node=\"10\" data-index-in-node=\"110\">My Feeling Eau de Parfum Homme<\/b> Pour moi, c&#039;est le compagnon id\u00e9al des hommes qui aiment la libert\u00e9 et la fra\u00eecheur. Ce n&#039;est pas un parfum lourd et ent\u00eatant, mais une brise aromatique qui vous r\u00e9veille instantan\u00e9ment. <a class=\"ng-star-inserted\" href=\"https:\/\/gigistravelworld.de\/fr\/gigis-travel-world-ueber-mich\/\" target=\"_blank\" rel=\"noopener\" data-hveid=\"0\" data-ved=\"0CAAQ_4QMahgKEwixjvTKhJ2TAxUAAAAAHQAAAAAQmA0\">Style de vie professionnel<\/a> J&#039;appr\u00e9cie les parfums qui d\u00e9gagent de la confiance sans \u00eatre ent\u00eatants.<\/p>\n<h2 data-path-to-node=\"11\">La pyramide des senteurs : un voyage aromatique \u00e0 travers la nature<\/h2>\n<p data-path-to-node=\"12\">Le <b data-path-to-node=\"12\" data-index-in-node=\"4\">My Feeling Eau de Parfum Homme<\/b> Il appartient \u00e0 la famille des parfums aromatiques et se d\u00e9ploie sur la peau comme une journ\u00e9e \u00e0 la plage. C&#039;est le compl\u00e9ment parfait \u00e0 ma routine quotidienne, tout comme mon <a class=\"ng-star-inserted\" href=\"https:\/\/gigistravelworld.de\/fr\/beauty-care\/hautpflege\/pflegeserien\/aloe-vera\/aloe-vera-tagescreme\/\" target=\"_blank\" rel=\"noopener\" data-hveid=\"0\" data-ved=\"0CAAQ_4QMahgKEwixjvTKhJ2TAxUAAAAAHQAAAAAQmQ0\">Cr\u00e8me de jour \u00e0 l&#039;aloe vera<\/a> Pour un regain d&#039;\u00e9nergie rafra\u00eechissant le matin.<\/p>\n<ul data-path-to-node=\"13\">\n<li>\n<p data-path-to-node=\"13,0,0\"><b data-path-to-node=\"13,0,0\" data-index-in-node=\"0\">Note principale (L&#039;effet fra\u00eecheur) :<\/b> La bergamote, la mandarine et le n\u00e9roli offrent une ouverture vive et citronn\u00e9e.<\/p>\n<\/li>\n<li>\n<p data-path-to-node=\"13,1,0\"><b data-path-to-node=\"13,1,0\" data-index-in-node=\"0\">Note du c\u0153ur (Le c\u0153ur de la nature) :<\/b> Le th\u00e9 vert et les bourgeons de cassis conf\u00e8rent au parfum une note moderne et fra\u00eeche.<\/p>\n<\/li>\n<li>\n<p data-path-to-node=\"13,2,0\"><b data-path-to-node=\"13,2,0\" data-index-in-node=\"0\">Note de fond (Fondement masculin) :<\/b> Le santal et le musc conf\u00e8rent au parfum profondeur et long\u00e9vit\u00e9.<\/p>\n<\/li>\n<\/ul>\n<h2 data-path-to-node=\"14\">\ud83c\udfa5 Gigi en direct : L&#039;eau de parfum My Feeling pour hommes est disponible.<\/h2>\n<p data-path-to-node=\"15\">Je vous invite \u00e0 d\u00e9couvrir ce parfum. Regardez la vid\u00e9o de Vegas Cosmetics pour en savoir plus sur sa composition aromatique et son effet global. <b data-path-to-node=\"15\" data-index-in-node=\"167\">My Feeling Eau de Parfum Homme<\/b> pour le d\u00e9couvrir !<\/p>\n<p><iframe loading=\"lazy\" title=\"Vegas Cosmetics Premium MyFeeling\" width=\"563\" height=\"1000\" src=\"https:\/\/www.youtube.com\/embed\/TGfCk_pE460?feature=oembed\"  allow=\"accelerometer; autoplay; clipboard-write; encrypted-media; gyroscope; picture-in-picture; web-share\" referrerpolicy=\"strict-origin-when-cross-origin\" allowfullscreen><\/iframe><\/p>\n<h2 data-path-to-node=\"17\">Pourquoi l&#039;eau de parfum My Feeling pour homme deviendra votre nouveau parfum quotidien<\/h2>\n<p data-path-to-node=\"18\">Ce parfum est un v\u00e9ritable produit polyvalent. Que ce soit \u00e0 la salle de sport, au bureau ou en road trip en camping-car, il reste toujours impeccable. Car c&#039;est un <b data-path-to-node=\"18\" data-index-in-node=\"136\">Eau de Parfum<\/b> Sa fra\u00eecheur tient facilement toute la journ\u00e9e. 50 ml d&#039;un parfum luxueux pour moins de 30 euros\u00a0: un rapport qualit\u00e9-prix imbattable\u00a0! Je le recommande vivement.<\/p>\n<h2 data-path-to-node=\"19\">Foire aux questions (FAQ)<\/h2>\n<ul data-path-to-node=\"20\">\n<li>\n<p data-path-to-node=\"20,0,0\"><b data-path-to-node=\"20,0,0\" data-index-in-node=\"0\">Combien de temps dure le parfum ?<\/b> Gr\u00e2ce au bois de santal et au musc, il tient sur la peau pendant environ 6 \u00e0 8 heures.<\/p>\n<\/li>\n<li>\n<p data-path-to-node=\"20,1,0\"><b data-path-to-node=\"20,1,0\" data-index-in-node=\"0\">Est-il tr\u00e8s insistant ?<\/b> Non, il est \u201e propre \u201c et \u00e9nergique \u2013 parfait pour les hommes qui aiment l&#039;authenticit\u00e9.<\/p>\n<\/li>\n<li>\n<p data-path-to-node=\"20,2,0\"><b data-path-to-node=\"20,2,0\" data-index-in-node=\"0\">Quel est le meilleur endroit pour l&#039;appliquer ?<\/b> Deux \u00e0 trois pulv\u00e9risations sur le cou et la poitrine suffisent pour que le th\u00e9 vert d\u00e9ploie tout son effet.<\/p>\n<\/li>\n<\/ul>\n<\/div>","protected":false},"excerpt":{"rendered":"<p data-path-to-node=\"4\"><b data-path-to-node=\"4\" data-index-in-node=\"0\">Votre dose d&#039;\u00e9nergie en flacon : My Feeling Eau de Parfum Homme.<\/b><\/p>\n<p data-path-to-node=\"5\">Une fra\u00eecheur pure pour l&#039;homme moderne ! Dans ma boutique, je vous propose avec le <b data-path-to-node=\"5\" data-index-in-node=\"72\">My Feeling Eau de Parfum Homme<\/b> (50 ml pour 29,90 \u20ac) offre un parfum qui allie la fra\u00eecheur zest\u00e9e de la bergamote aux notes uniques du th\u00e9 vert et \u00e0 l&#039;\u00e9l\u00e9gance du santal. Une exp\u00e9rience olfactive qui respire l&#039;\u00e9nergie et la confiance \u2013 id\u00e9ale pour le sport, le travail ou votre prochain voyage. Elle attire l&#039;attention sans \u00eatre ent\u00eatante.<\/p>\n<ul data-path-to-node=\"6\">\n<li>\n<p data-path-to-node=\"6,0,0\">\u2705 <b data-path-to-node=\"6,0,0\" data-index-in-node=\"2\">Produit:<\/b> My Feeling Eau de Parfum Homme (50 ml)<\/p>\n<\/li>\n<li>\n<p data-path-to-node=\"6,1,0\">\u2705 <b data-path-to-node=\"6,1,0\" data-index-in-node=\"2\">Personnage:<\/b> Aromatique, frais et vivifiant<\/p>\n<\/li>\n<li>\n<p data-path-to-node=\"6,2,0\">\u2705 <b data-path-to-node=\"6,2,0\" data-index-in-node=\"2\">Qualit\u00e9:<\/b> Eau de Parfum (haute concentration d&#039;huiles parfum\u00e9es)<\/p>\n<\/li>\n<li>\n<p data-path-to-node=\"6,3,0\">\u2705 <b data-path-to-node=\"6,3,0\" data-index-in-node=\"2\">Notes olfactives :<\/b> Bergamote, th\u00e9 vert, santal<\/p>\n<\/li>\n<li>\n<p data-path-to-node=\"6,4,0\">\u2705 <b data-path-to-node=\"6,4,0\" data-index-in-node=\"2\">Prix : 29,90 \u20ac<\/b><\/p>\n<\/li>\n<\/ul>","protected":false},"featured_media":831,"template":"","meta":{"_et_pb_use_builder":"","_et_pb_old_content":"","_et_gb_content_width":""},"product_brand":[63],"product_cat":[22,208,25,23],"product_tag":[],"class_list":{"0":"post-3362","1":"product","2":"type-product","3":"status-publish","4":"has-post-thumbnail","6":"product_brand-vegas-cosmetics-gmbh","7":"product_cat-duefte","8":"product_cat-beauty-care","9":"product_cat-myfeeling","10":"product_cat-premium-duefte","12":"first","13":"instock","14":"shipping-taxable","15":"product-type-external"},"_links":{"self":[{"href":"https:\/\/gigistravelworld.de\/fr\/wp-json\/wp\/v2\/product\/3362","targetHints":{"allow":["GET"]}}],"collection":[{"href":"https:\/\/gigistravelworld.de\/fr\/wp-json\/wp\/v2\/product"}],"about":[{"href":"https:\/\/gigistravelworld.de\/fr\/wp-json\/wp\/v2\/types\/product"}],"wp:featuredmedia":[{"embeddable":true,"href":"https:\/\/gigistravelworld.de\/fr\/wp-json\/wp\/v2\/media\/831"}],"wp:attachment":[{"href":"https:\/\/gigistravelworld.de\/fr\/wp-json\/wp\/v2\/media?parent=3362"}],"wp:term":[{"taxonomy":"product_brand","embeddable":true,"href":"https:\/\/gigistravelworld.de\/fr\/wp-json\/wp\/v2\/product_brand?post=3362"},{"taxonomy":"product_cat","embeddable":true,"href":"https:\/\/gigistravelworld.de\/fr\/wp-json\/wp\/v2\/product_cat?post=3362"},{"taxonomy":"product_tag","embeddable":true,"href":"https:\/\/gigistravelworld.de\/fr\/wp-json\/wp\/v2\/product_tag?post=3362"}],"curies":[{"name":"wp","href":"https:\/\/api.w.org\/{rel}","templated":true}]}}