{"id":3361,"date":"2025-08-23T20:55:19","date_gmt":"2025-08-23T18:55:19","guid":{"rendered":"https:\/\/gigistravelworld.de\/?post_type=product&#038;p=3361"},"modified":"2026-03-12T15:35:18","modified_gmt":"2026-03-12T14:35:18","slug":"my-feeling-eau-de-parfum","status":"publish","type":"product","link":"https:\/\/gigistravelworld.de\/fr\/my-feeling-eau-de-parfum\/","title":{"rendered":"My Feeling Eau de Parfum Femme 50ml | Floral &amp; Agrumes"},"content":{"rendered":"<div id=\"headingOne\" class=\"panel-heading\" role=\"tab\">\n<h4 data-path-to-node=\"10\"><b data-path-to-node=\"10\" data-index-in-node=\"0\">My Feeling Eau de Parfum : Un parfum qui \u00e9voque une journ\u00e9e d&#039;\u00e9t\u00e9 dans l&#039;univers de Gigi&#039;s Travelworld<\/b><\/h4>\n<p data-path-to-node=\"11\">Il y a parfois des moments que l&#039;on aimerait immortaliser. <b data-path-to-node=\"11\" data-index-in-node=\"91\">My Feeling Eau de Parfum Femme<\/b> C\u2019est pr\u00e9cis\u00e9ment ce moment. C\u2019est le parfum des femmes qui savourent la vie avec tous leurs sens, qui suivent courageusement leur propre voie et r\u00e9v\u00e8lent leur c\u00f4t\u00e9 chaleureux et rayonnant.<\/p>\n<p data-path-to-node=\"12\">Pour seulement <b data-path-to-node=\"12\" data-index-in-node=\"18\">29,90 \u20ac<\/b> Vous recevrez 50 ml d&#039;une exp\u00e9rience olfactive qui vous enveloppe d\u00e9licatement tout en affirmant clairement : \u201e Me voici, et je me sens fantastique ! \u201c<\/p>\n<h4 data-path-to-node=\"13\"><b data-path-to-node=\"13\" data-index-in-node=\"0\">Le parcours olfactif de My Feeling : d&#039;une fra\u00eecheur p\u00e9tillante \u00e0 une sensualit\u00e9 chaleureuse.<\/b><\/h4>\n<p data-path-to-node=\"14\">My Feeling est une composition magistrale qui se d\u00e9voile couche par couche sur votre peau :<\/p>\n<ul data-path-to-node=\"15\">\n<li>\n<p data-path-to-node=\"15,0,0\"><b data-path-to-node=\"15,0,0\" data-index-in-node=\"0\">La premi\u00e8re impression (la note dominante) :<\/b> Le <b data-path-to-node=\"15,0,0\" data-index-in-node=\"39\">Orange<\/b> Elle procure une sensation de fra\u00eecheur instantan\u00e9e. C&#039;est comme fl\u00e2ner dans une orangeraie par une matin\u00e9e ensoleill\u00e9e\u00a0: vivifiant, \u00e9nergisant et plein d&#039;espoir.<\/p>\n<\/li>\n<li>\n<p data-path-to-node=\"15,1,0\"><b data-path-to-node=\"15,1,0\" data-index-in-node=\"0\">La note de c\u0153ur (l&#039;\u00e2me du parfum) :<\/b> Ici, elle devient \u00e9l\u00e9gante et florale. <b data-path-to-node=\"15,1,0\" data-index-in-node=\"70\">Iris, magnolia et jonquille<\/b> Elles s&#039;unissent pour former un bouquet f\u00e9minin qui allie \u00e0 la perfection confiance en soi et tendresse.<\/p>\n<\/li>\n<li>\n<p data-path-to-node=\"15,2,0\"><b data-path-to-node=\"15,2,0\" data-index-in-node=\"0\">La note de base (ce qui reste) :<\/b> Lorsque la journ\u00e9e s&#039;arr\u00eate, d\u00e9pliez <b data-path-to-node=\"15,2,0\" data-index-in-node=\"72\">Ambre, santal et vanille<\/b> Toute sa puissance. Ce fond chaud, bois\u00e9 et sucr\u00e9 assure une tenue incroyable et une touche de pure sensualit\u00e9.<\/p>\n<\/li>\n<\/ul>\n<h4 data-path-to-node=\"16\"><b data-path-to-node=\"16\" data-index-in-node=\"0\">Pourquoi My Feeling deviendra votre nouveau parfum signature\u00a0:<\/b><\/h4>\n<ol start=\"1\" data-path-to-node=\"17\">\n<li>\n<p data-path-to-node=\"17,0,0\"><b data-path-to-node=\"17,0,0\" data-index-in-node=\"0\">L&#039;\u00e9quilibre parfait :<\/b> De nombreux parfums sont soit uniquement sucr\u00e9s, soit uniquement frais. <b data-path-to-node=\"17,0,0\" data-index-in-node=\"73\">My Feeling Eau de Parfum Femme<\/b> Il parvient \u00e0 faire le lien entre la l\u00e9g\u00e8ret\u00e9 des agrumes et la profondeur florale.<\/p>\n<\/li>\n<li>\n<p data-path-to-node=\"17,1,0\"><b data-path-to-node=\"17,1,0\" data-index-in-node=\"0\">Exp\u00e9rience durable :<\/b> Gr\u00e2ce aux huiles parfum\u00e9es de haute qualit\u00e9 (qualit\u00e9 Eau de Parfum !), les notes de santal et d&#039;iris vous accompagneront pendant de nombreuses heures.<\/p>\n<\/li>\n<li>\n<p data-path-to-node=\"17,2,0\"><b data-path-to-node=\"17,2,0\" data-index-in-node=\"0\">Versatilit\u00e9:<\/b> Que ce soit au bureau, en train de prendre un caf\u00e9 avec votre meilleur ami ou de profiter d&#039;un d\u00eener romantique, ce parfum s&#039;adapte \u00e0 votre humeur.<\/p>\n<\/li>\n<li>\n<p data-path-to-node=\"17,3,0\"><b data-path-to-node=\"17,3,0\" data-index-in-node=\"0\">Le luxe \u00e0 un prix juste :<\/b> 29,90 \u20ac pour un parfum aussi complexe ? C&#039;est ce que je vous promets chez Gigi&#039;s Travelworld.<\/p>\n<\/li>\n<\/ol>\n<h4 data-path-to-node=\"18\"><b data-path-to-node=\"18\" data-index-in-node=\"0\">Questions fr\u00e9quemment pos\u00e9es sur ce que je ressens (FAQ)<\/b><\/h4>\n<p data-path-to-node=\"19\"><b data-path-to-node=\"19\" data-index-in-node=\"0\">1. \u00c0 quoi ressemble exactement l&#039;odeur d&#039;un parfum \u201e floral aux notes d&#039;agrumes \u201c ?<\/b> Imaginez un bouquet printanier frais surmont\u00e9 d&#039;une coupe d&#039;oranges fra\u00eechement coup\u00e9es. C&#039;est lumineux, gai et extr\u00eamement app\u00e9tissant.<\/p>\n<p data-path-to-node=\"20\"><b data-path-to-node=\"20\" data-index-in-node=\"0\">2. Le parfum est-il trop fort pour l&#039;\u00e9t\u00e9 ?<\/b> Tout le contraire ! C&#039;est l&#039;orange en note de t\u00eate qui fait toute la diff\u00e9rence. <b data-path-to-node=\"20\" data-index-in-node=\"98\">Mon sentiment<\/b> Merveilleusement rafra\u00eechissant. Ses notes de fond chaudes cr\u00e9ent une douce chaleur lors des soir\u00e9es d&#039;\u00e9t\u00e9.<\/p>\n<p data-path-to-node=\"21\"><b data-path-to-node=\"21\" data-index-in-node=\"0\">3. Comment appliquer le parfum pour une tenue maximale ?<\/b> Vaporisez-le sur vos points de pulsation\u00a0: les poignets, derri\u00e8re les oreilles, et \u2013 mon petit secret \u2013 une touche sur la nuque. Les mol\u00e9cules de parfum y restent particuli\u00e8rement longtemps.<\/p>\n<\/div>","protected":false},"excerpt":{"rendered":"<p>\u00c9coute ton intuition ! \u2728 <b data-path-to-node=\"24\" data-index-in-node=\"33\">My Feeling Eau de Parfum Femme (50 ml pour 29,90 \u20ac)<\/b> C&#039;est le choix id\u00e9al pour les femmes qui aiment l&#039;\u00e9l\u00e9gance florale rehauss\u00e9e d&#039;une touche d&#039;agrumes frais. Avec ses notes d&#039;orange, d&#039;iris raffin\u00e9 et de vanille chaleureuse, ce parfum vous apportera de la joie tout au long de la journ\u00e9e. Offrez-vous un moment de luxe \u2013 disponible d\u00e8s maintenant chez Gigi\u00a0!<\/p>","protected":false},"featured_media":830,"template":"","meta":{"_et_pb_use_builder":"","_et_pb_old_content":"","_et_gb_content_width":""},"product_brand":[63],"product_cat":[22,208,25,23],"product_tag":[],"class_list":{"0":"post-3361","1":"product","2":"type-product","3":"status-publish","4":"has-post-thumbnail","6":"product_brand-vegas-cosmetics-gmbh","7":"product_cat-duefte","8":"product_cat-beauty-care","9":"product_cat-myfeeling","10":"product_cat-premium-duefte","12":"first","13":"instock","14":"shipping-taxable","15":"product-type-external"},"_links":{"self":[{"href":"https:\/\/gigistravelworld.de\/fr\/wp-json\/wp\/v2\/product\/3361","targetHints":{"allow":["GET"]}}],"collection":[{"href":"https:\/\/gigistravelworld.de\/fr\/wp-json\/wp\/v2\/product"}],"about":[{"href":"https:\/\/gigistravelworld.de\/fr\/wp-json\/wp\/v2\/types\/product"}],"wp:featuredmedia":[{"embeddable":true,"href":"https:\/\/gigistravelworld.de\/fr\/wp-json\/wp\/v2\/media\/830"}],"wp:attachment":[{"href":"https:\/\/gigistravelworld.de\/fr\/wp-json\/wp\/v2\/media?parent=3361"}],"wp:term":[{"taxonomy":"product_brand","embeddable":true,"href":"https:\/\/gigistravelworld.de\/fr\/wp-json\/wp\/v2\/product_brand?post=3361"},{"taxonomy":"product_cat","embeddable":true,"href":"https:\/\/gigistravelworld.de\/fr\/wp-json\/wp\/v2\/product_cat?post=3361"},{"taxonomy":"product_tag","embeddable":true,"href":"https:\/\/gigistravelworld.de\/fr\/wp-json\/wp\/v2\/product_tag?post=3361"}],"curies":[{"name":"wp","href":"https:\/\/api.w.org\/{rel}","templated":true}]}}