{"id":3351,"date":"2025-08-23T20:55:19","date_gmt":"2025-08-23T18:55:19","guid":{"rendered":"https:\/\/gigistravelworld.de\/?post_type=product&#038;p=3351"},"modified":"2026-02-03T22:53:56","modified_gmt":"2026-02-03T21:53:56","slug":"y-halskette-stern","status":"publish","type":"product","link":"https:\/\/gigistravelworld.de\/fr\/y-halskette-stern\/","title":{"rendered":"Collier en Y \u201e \u00c9toile \u201c"},"content":{"rendered":"<div id=\"headingOne\" class=\"panel-heading\" role=\"tab\">\n<h4 class=\"panel-title\">Description<\/h4>\n<\/div>\n<div id=\"collapseOne\" class=\"panel-collapse collapse in\" role=\"tabpanel\" aria-labelledby=\"headingOne\">\n<div class=\"panel-body rtddbr\">Collier double en argent sterling 925 rhodi\u00e9, avec extension (7 cm). Deux \u00e9toiles au centre (\u00d8 20 mm et \u00d8 10 mm) orn\u00e9es de 26 pendentifs en zircon cubique blanc sertis \u00e0 la main, repr\u00e9sentant une petite \u00e9toile, une lune et un soleil.<\/div>\n<\/div>","protected":false},"excerpt":{"rendered":"<p>Collier double en argent sterling 925, plaqu\u00e9 rhodium.<\/p>","protected":false},"featured_media":797,"template":"","meta":{"_et_pb_use_builder":"","_et_pb_old_content":"","_et_gb_content_width":""},"product_brand":[63],"product_cat":[173,176,170],"product_tag":[],"class_list":{"0":"post-3351","1":"product","2":"type-product","3":"status-publish","4":"has-post-thumbnail","6":"product_brand-vegas-cosmetics-gmbh","7":"product_cat-handmade-jewelery","8":"product_cat-halskette","9":"product_cat-schmuck","11":"first","12":"instock","13":"shipping-taxable","14":"product-type-external"},"_links":{"self":[{"href":"https:\/\/gigistravelworld.de\/fr\/wp-json\/wp\/v2\/product\/3351","targetHints":{"allow":["GET"]}}],"collection":[{"href":"https:\/\/gigistravelworld.de\/fr\/wp-json\/wp\/v2\/product"}],"about":[{"href":"https:\/\/gigistravelworld.de\/fr\/wp-json\/wp\/v2\/types\/product"}],"wp:featuredmedia":[{"embeddable":true,"href":"https:\/\/gigistravelworld.de\/fr\/wp-json\/wp\/v2\/media\/797"}],"wp:attachment":[{"href":"https:\/\/gigistravelworld.de\/fr\/wp-json\/wp\/v2\/media?parent=3351"}],"wp:term":[{"taxonomy":"product_brand","embeddable":true,"href":"https:\/\/gigistravelworld.de\/fr\/wp-json\/wp\/v2\/product_brand?post=3351"},{"taxonomy":"product_cat","embeddable":true,"href":"https:\/\/gigistravelworld.de\/fr\/wp-json\/wp\/v2\/product_cat?post=3351"},{"taxonomy":"product_tag","embeddable":true,"href":"https:\/\/gigistravelworld.de\/fr\/wp-json\/wp\/v2\/product_tag?post=3351"}],"curies":[{"name":"wp","href":"https:\/\/api.w.org\/{rel}","templated":true}]}}