{"id":3349,"date":"2025-08-23T20:55:18","date_gmt":"2025-08-23T18:55:18","guid":{"rendered":"https:\/\/gigistravelworld.de\/?post_type=product&#038;p=3349"},"modified":"2026-02-03T22:43:42","modified_gmt":"2026-02-03T21:43:42","slug":"halskette-stern","status":"publish","type":"product","link":"https:\/\/gigistravelworld.de\/fr\/halskette-stern\/","title":{"rendered":"Collier \u201e \u00c9toile \u201c"},"content":{"rendered":"<div id=\"headingOne\" class=\"panel-heading\" role=\"tab\">\n<h4 class=\"panel-title\">Description<\/h4>\n<\/div>\n<div id=\"collapseOne\" class=\"panel-collapse collapse in\" role=\"tabpanel\" aria-labelledby=\"headingOne\">\n<div class=\"panel-body rtddbr\">Collier en argent sterling 925, pendentif \u00e9toile plaqu\u00e9 rhodium (30x25mm) avec 31 zircones cubiques blanches serties \u00e0 la main et 4 zircones cubiques blanches suspendues \u00e0 la cha\u00eene.<\/div>\n<\/div>","protected":false},"excerpt":{"rendered":"<div id=\"headingOne\" class=\"panel-heading\" role=\"tab\">\n<h4 class=\"panel-title\">Collier en argent sterling 925, plaqu\u00e9 rhodium.<\/h4>\n<\/div>","protected":false},"featured_media":794,"template":"","meta":{"_et_pb_use_builder":"","_et_pb_old_content":"","_et_gb_content_width":""},"product_brand":[63],"product_cat":[176,173,170],"product_tag":[],"class_list":{"0":"post-3349","1":"product","2":"type-product","3":"status-publish","4":"has-post-thumbnail","6":"product_brand-vegas-cosmetics-gmbh","7":"product_cat-halskette","8":"product_cat-handmade-jewelery","9":"product_cat-schmuck","11":"first","12":"instock","13":"shipping-taxable","14":"product-type-external"},"_links":{"self":[{"href":"https:\/\/gigistravelworld.de\/fr\/wp-json\/wp\/v2\/product\/3349","targetHints":{"allow":["GET"]}}],"collection":[{"href":"https:\/\/gigistravelworld.de\/fr\/wp-json\/wp\/v2\/product"}],"about":[{"href":"https:\/\/gigistravelworld.de\/fr\/wp-json\/wp\/v2\/types\/product"}],"wp:featuredmedia":[{"embeddable":true,"href":"https:\/\/gigistravelworld.de\/fr\/wp-json\/wp\/v2\/media\/794"}],"wp:attachment":[{"href":"https:\/\/gigistravelworld.de\/fr\/wp-json\/wp\/v2\/media?parent=3349"}],"wp:term":[{"taxonomy":"product_brand","embeddable":true,"href":"https:\/\/gigistravelworld.de\/fr\/wp-json\/wp\/v2\/product_brand?post=3349"},{"taxonomy":"product_cat","embeddable":true,"href":"https:\/\/gigistravelworld.de\/fr\/wp-json\/wp\/v2\/product_cat?post=3349"},{"taxonomy":"product_tag","embeddable":true,"href":"https:\/\/gigistravelworld.de\/fr\/wp-json\/wp\/v2\/product_tag?post=3349"}],"curies":[{"name":"wp","href":"https:\/\/api.w.org\/{rel}","templated":true}]}}