{"id":3345,"date":"2025-08-23T20:55:14","date_gmt":"2025-08-23T18:55:14","guid":{"rendered":"https:\/\/gigistravelworld.de\/?post_type=product&#038;p=3345"},"modified":"2026-02-03T22:22:29","modified_gmt":"2026-02-03T21:22:29","slug":"ring-perle","status":"publish","type":"product","link":"https:\/\/gigistravelworld.de\/fr\/ring-perle\/","title":{"rendered":"Bague \u201e\u00a0Perle\u00a0\u201c"},"content":{"rendered":"<div id=\"headingOne\" class=\"panel-heading\" role=\"tab\">\n<h4 class=\"panel-title\">Description<\/h4>\n<\/div>\n<div id=\"collapseOne\" class=\"panel-collapse collapse in\" role=\"tabpanel\" aria-labelledby=\"headingOne\">\n<div class=\"panel-body rtddbr\">Bague en argent sterling 925, plaqu\u00e9e rhodium, avec un cam\u00e9lia (25x18mm) et une perle blanche sertie \u00e0 la main (\u00d8 6 mm).<\/div>\n<\/div>","protected":false},"excerpt":{"rendered":"<p>Bague en argent sterling 925, plaqu\u00e9e rhodium.<\/p>","protected":false},"featured_media":786,"template":"","meta":{"_et_pb_use_builder":"","_et_pb_old_content":"","_et_gb_content_width":""},"product_brand":[63],"product_cat":[170,173,175],"product_tag":[],"class_list":{"0":"post-3345","1":"product","2":"type-product","3":"status-publish","4":"has-post-thumbnail","6":"product_brand-vegas-cosmetics-gmbh","7":"product_cat-schmuck","8":"product_cat-handmade-jewelery","9":"product_cat-ringe","11":"first","12":"instock","13":"shipping-taxable","14":"product-type-external"},"_links":{"self":[{"href":"https:\/\/gigistravelworld.de\/fr\/wp-json\/wp\/v2\/product\/3345","targetHints":{"allow":["GET"]}}],"collection":[{"href":"https:\/\/gigistravelworld.de\/fr\/wp-json\/wp\/v2\/product"}],"about":[{"href":"https:\/\/gigistravelworld.de\/fr\/wp-json\/wp\/v2\/types\/product"}],"wp:featuredmedia":[{"embeddable":true,"href":"https:\/\/gigistravelworld.de\/fr\/wp-json\/wp\/v2\/media\/786"}],"wp:attachment":[{"href":"https:\/\/gigistravelworld.de\/fr\/wp-json\/wp\/v2\/media?parent=3345"}],"wp:term":[{"taxonomy":"product_brand","embeddable":true,"href":"https:\/\/gigistravelworld.de\/fr\/wp-json\/wp\/v2\/product_brand?post=3345"},{"taxonomy":"product_cat","embeddable":true,"href":"https:\/\/gigistravelworld.de\/fr\/wp-json\/wp\/v2\/product_cat?post=3345"},{"taxonomy":"product_tag","embeddable":true,"href":"https:\/\/gigistravelworld.de\/fr\/wp-json\/wp\/v2\/product_tag?post=3345"}],"curies":[{"name":"wp","href":"https:\/\/api.w.org\/{rel}","templated":true}]}}