{"id":3318,"date":"2025-08-23T20:55:08","date_gmt":"2025-08-23T18:55:08","guid":{"rendered":"https:\/\/gigistravelworld.de\/?post_type=product&#038;p=3318"},"modified":"2026-02-03T23:18:36","modified_gmt":"2026-02-03T22:18:36","slug":"herrenuhr","status":"publish","type":"product","link":"https:\/\/gigistravelworld.de\/fr\/herrenuhr\/","title":{"rendered":"Montre pour homme"},"content":{"rendered":"<div id=\"headingOne\" class=\"panel-heading\" role=\"tab\">\n<h4 class=\"panel-title\">Description<\/h4>\n<\/div>\n<div id=\"collapseOne\" class=\"panel-collapse collapse in\" role=\"tabpanel\" aria-labelledby=\"headingOne\">\n<div class=\"panel-body rtddbr\">\n<p>Montre pour homme avec cadran vert \u00d8 43 mm, bo\u00eetier en acier inoxydable, verre min\u00e9ral, bracelet en acier inoxydable massif, affichage de la date, mouvement \u00e0 quartz de haute qualit\u00e9, \u00e9tanch\u00e9it\u00e9 10 BAR.<\/p>\n<\/div>\n<\/div>","protected":false},"excerpt":{"rendered":"<p>Montre homme avec cadran vert \u00d8 43 mm, bo\u00eetier en acier inoxydable.<\/p>","protected":false},"featured_media":705,"template":"","meta":{"_et_pb_use_builder":"","_et_pb_old_content":"","_et_gb_content_width":""},"product_brand":[63],"product_cat":[170,178,180],"product_tag":[],"class_list":{"0":"post-3318","1":"product","2":"type-product","3":"status-publish","4":"has-post-thumbnail","6":"product_brand-vegas-cosmetics-gmbh","7":"product_cat-schmuck","8":"product_cat-armbanduhren","9":"product_cat-fuer-ihn","11":"first","12":"instock","13":"shipping-taxable","14":"product-type-external"},"_links":{"self":[{"href":"https:\/\/gigistravelworld.de\/fr\/wp-json\/wp\/v2\/product\/3318","targetHints":{"allow":["GET"]}}],"collection":[{"href":"https:\/\/gigistravelworld.de\/fr\/wp-json\/wp\/v2\/product"}],"about":[{"href":"https:\/\/gigistravelworld.de\/fr\/wp-json\/wp\/v2\/types\/product"}],"wp:featuredmedia":[{"embeddable":true,"href":"https:\/\/gigistravelworld.de\/fr\/wp-json\/wp\/v2\/media\/705"}],"wp:attachment":[{"href":"https:\/\/gigistravelworld.de\/fr\/wp-json\/wp\/v2\/media?parent=3318"}],"wp:term":[{"taxonomy":"product_brand","embeddable":true,"href":"https:\/\/gigistravelworld.de\/fr\/wp-json\/wp\/v2\/product_brand?post=3318"},{"taxonomy":"product_cat","embeddable":true,"href":"https:\/\/gigistravelworld.de\/fr\/wp-json\/wp\/v2\/product_cat?post=3318"},{"taxonomy":"product_tag","embeddable":true,"href":"https:\/\/gigistravelworld.de\/fr\/wp-json\/wp\/v2\/product_tag?post=3318"}],"curies":[{"name":"wp","href":"https:\/\/api.w.org\/{rel}","templated":true}]}}