{"id":3313,"date":"2025-08-23T20:55:08","date_gmt":"2025-08-23T18:55:08","guid":{"rendered":"https:\/\/gigistravelworld.de\/?post_type=product&#038;p=3313"},"modified":"2026-03-12T15:49:20","modified_gmt":"2026-03-12T14:49:20","slug":"coup-bart-gesichtsoel","status":"publish","type":"product","link":"https:\/\/gigistravelworld.de\/fr\/coup-bart-gesichtsoel\/","title":{"rendered":"Huile pour barbe et visage Coup 30 ml | Soin \u00e0 l&#039;argan et \u00e0 l&#039;avocat"},"content":{"rendered":"<div id=\"headingOne\" class=\"panel-heading\" role=\"tab\">\n<h4 class=\"panel-title\"><b data-path-to-node=\"10\" data-index-in-node=\"0\">Huile pour barbe et visage Coup : l&#039;arme miracle 2 en 1 pour l&#039;homme moderne !<\/b><\/h4>\n<p data-path-to-node=\"11\">Messieurs, soyez honn\u00eates : qui a envie de cinq flacons diff\u00e9rents dans sa salle de bain ? <b data-path-to-node=\"11\" data-index-in-node=\"81\">Le monde des voyages de Gigi<\/b> Nous privil\u00e9gions l&#039;efficacit\u00e9 et la haute qualit\u00e9. <b data-path-to-node=\"11\" data-index-in-node=\"145\">Huile pour barbe et visage Coup<\/b> Voil\u00e0, c&#039;est exactement \u00e7a\u00a0: une huile tout-en-un. Elle pr\u00e9serve la douceur et la souplesse de votre barbe tout en apportant \u00e0 votre visage l&#039;hydratation dont il a besoin.<\/p>\n<p data-path-to-node=\"12\">Pour seulement <b data-path-to-node=\"12\" data-index-in-node=\"18\">18,00 \u20ac<\/b> Vous recevrez une combinaison exclusive d&#039;huiles s\u00e8ches qui garantit une chose\u00a0: <b data-path-to-node=\"12\" data-index-in-node=\"104\">Z\u00e9ro mati\u00e8re grasse, r\u00e9sultat maximal.<\/b><\/p>\n<h4 data-path-to-node=\"13\"><b data-path-to-node=\"13\" data-index-in-node=\"0\">Le secret des huiles s\u00e8ches\u00a0: un soin sans film brillant<\/b><\/h4>\n<p data-path-to-node=\"14\">Pourquoi cette huile est-elle si sp\u00e9ciale\u00a0? La plupart des huiles \u00e0 barbe sont grasses sur la peau. La n\u00f4tre\u2026 <b data-path-to-node=\"14\" data-index-in-node=\"88\">Huile pour barbe et visage Coup<\/b> utilise un m\u00e9lange sp\u00e9cial d&#039;huiles s\u00e8ches. Cela signifie\u00a0:<\/p>\n<ul data-path-to-node=\"15\">\n<li>\n<p data-path-to-node=\"15,0,0\">Il p\u00e9n\u00e8tre les poils de la barbe et les pores en un temps record.<\/p>\n<\/li>\n<li>\n<p data-path-to-node=\"15,1,0\">Il ne laisse aucun film gras sur l&#039;\u00e9cran du t\u00e9l\u00e9phone ni sur l&#039;oreiller.<\/p>\n<\/li>\n<li>\n<p data-path-to-node=\"15,2,0\">Votre barbe a l&#039;air saine et brillante, mais pas grasse.<\/p>\n<\/li>\n<\/ul>\n<h4 data-path-to-node=\"16\"><b data-path-to-node=\"16\" data-index-in-node=\"0\">Les ingr\u00e9dients phares : La nature \u00e0 l&#039;\u00e9tat pur pour votre visage<\/b><\/h4>\n<p data-path-to-node=\"17\">Nous n&#039;avons pas simplement mis de l&#039;huile dans une bouteille. Cette bouteille renferme un concentr\u00e9 de puissance naturelle\u00a0:<\/p>\n<ul data-path-to-node=\"18\">\n<li>\n<p data-path-to-node=\"18,0,0\"><b data-path-to-node=\"18,0,0\" data-index-in-node=\"0\">Huile d&#039;argan et huile d&#039;avocat :<\/b> De l&#039;or liquide pour vos cheveux. Il rend m\u00eame la barbe la plus r\u00eache douce et facile \u00e0 coiffer.<\/p>\n<\/li>\n<li>\n<p data-path-to-node=\"18,1,0\"><b data-path-to-node=\"18,1,0\" data-index-in-node=\"0\">Huile de jojoba et de germe de bl\u00e9\u00a0:<\/b> Prot\u00e8ge la peau du dess\u00e8chement et pr\u00e9vient les d\u00e9mangeaisons g\u00eanantes de la barbe.<\/p>\n<\/li>\n<li>\n<p data-path-to-node=\"18,2,0\"><b data-path-to-node=\"18,2,0\" data-index-in-node=\"0\">Extrait d&#039;aloe vera :<\/b> Apaise instantan\u00e9ment la peau \u2013 id\u00e9al \u00e9galement apr\u00e8s le rasage des contours.<\/p>\n<\/li>\n<li>\n<p data-path-to-node=\"18,3,0\"><b data-path-to-node=\"18,3,0\" data-index-in-node=\"0\">Huile de ricin:<\/b> Le classique pour une pousse de cheveux saine et une barbe fournie.<\/p>\n<\/li>\n<\/ul>\n<h4 data-path-to-node=\"19\"><b data-path-to-node=\"19\" data-index-in-node=\"0\">Foire aux questions (FAQ) sur l&#039;huile pour barbe et visage Coup\u00a0:<\/b><\/h4>\n<p data-path-to-node=\"20\"><b data-path-to-node=\"20\" data-index-in-node=\"0\">1. Puis-je utiliser l&#039;huile m\u00eame sans barbe ?<\/b> Absolument ! C&#039;est consid\u00e9r\u00e9 <b data-path-to-node=\"20\" data-index-in-node=\"64\">huile pour le visage<\/b> Fantastique, surtout si vous avez la peau s\u00e8che et que vous n&#039;aimez pas les cr\u00e8mes riches. L&#039;aloe vera et la vitamine E laissent la peau douce et fra\u00eeche.<\/p>\n<p data-path-to-node=\"21\"><b data-path-to-node=\"21\" data-index-in-node=\"0\">2. Cette huile aide-t-elle \u00e0 soulager les d\u00e9mangeaisons de la barbe\u00a0?<\/b> Oui, c&#039;est l&#039;un des principaux avantages\u00a0! Les d\u00e9mangeaisons sont souvent dues \u00e0 la s\u00e9cheresse cutan\u00e9e sous la barbe. L&#039;association d&#039;huiles d&#039;argan et de jojoba apporte une hydratation pr\u00e9cise, l\u00e0 o\u00f9 les cr\u00e8mes classiques ne peuvent pas atteindre.<\/p>\n<p data-path-to-node=\"22\"><b data-path-to-node=\"22\" data-index-in-node=\"0\">3. Quelle est l&#039;odeur du parfum \u201e Coup \u201c ?<\/b> Coup est notre parfum exclusif pour homme\u00a0: masculin, distinctif et r\u00e9solument affirm\u00e9. Pr\u00e9sent sans \u00eatre ent\u00eatant, il est id\u00e9al pour toute la journ\u00e9e.<\/p>\n<p data-path-to-node=\"23\"><b data-path-to-node=\"23\" data-index-in-node=\"0\">4. Quelle est la meilleure fa\u00e7on de l&#039;utiliser ?<\/b> C&#039;est tr\u00e8s simple\u00a0: versez quelques gouttes dans le creux de vos mains, frottez-les bri\u00e8vement, puis massez uniform\u00e9ment votre barbe et votre visage. Et voil\u00e0\u00a0! Votre barbe para\u00eetra instantan\u00e9ment plus soign\u00e9e.<\/p>\n<\/div>","protected":false},"excerpt":{"rendered":"<p>Le soin ultime pour la barbe et le visage ! \ud83e\uddd4\u200d\u2642\ufe0f\u2728 <b data-path-to-node=\"26\" data-index-in-node=\"56\">Huile pour barbe et visage Coup (18,00 \u20ac)<\/b> Ce soin combine des huiles s\u00e8ches de haute qualit\u00e9, comme l&#039;argan, l&#039;avocat et le jojoba. Il p\u00e9n\u00e8tre instantan\u00e9ment, ne laisse pas de film gras et donne \u00e0 votre barbe un aspect sain. Avec le parfum exclusif Coup et l&#039;aloe vera apaisant. <b data-path-to-node=\"26\" data-index-in-node=\"295\">Donnez un coup de jeune \u00e0 votre barbe \u2013 commandez d\u00e8s maintenant chez Gigi !<\/b><\/p>","protected":false},"featured_media":697,"template":"","meta":{"_et_pb_use_builder":"","_et_pb_old_content":"","_et_gb_content_width":""},"product_brand":[63],"product_cat":[22,105,106,208,24,60,78,116,23],"product_tag":[],"class_list":{"0":"post-3313","1":"product","2":"type-product","3":"status-publish","4":"has-post-thumbnail","6":"product_brand-vegas-cosmetics-gmbh","7":"product_cat-duefte","8":"product_cat-bart","9":"product_cat-bart-und-gesichtspflege","10":"product_cat-beauty-care","11":"product_cat-favola-coup","12":"product_cat-hautpflege","13":"product_cat-hygiene","14":"product_cat-pflege-fuer-maenner","15":"product_cat-premium-duefte","17":"first","18":"instock","19":"shipping-taxable","20":"product-type-external"},"_links":{"self":[{"href":"https:\/\/gigistravelworld.de\/fr\/wp-json\/wp\/v2\/product\/3313","targetHints":{"allow":["GET"]}}],"collection":[{"href":"https:\/\/gigistravelworld.de\/fr\/wp-json\/wp\/v2\/product"}],"about":[{"href":"https:\/\/gigistravelworld.de\/fr\/wp-json\/wp\/v2\/types\/product"}],"wp:featuredmedia":[{"embeddable":true,"href":"https:\/\/gigistravelworld.de\/fr\/wp-json\/wp\/v2\/media\/697"}],"wp:attachment":[{"href":"https:\/\/gigistravelworld.de\/fr\/wp-json\/wp\/v2\/media?parent=3313"}],"wp:term":[{"taxonomy":"product_brand","embeddable":true,"href":"https:\/\/gigistravelworld.de\/fr\/wp-json\/wp\/v2\/product_brand?post=3313"},{"taxonomy":"product_cat","embeddable":true,"href":"https:\/\/gigistravelworld.de\/fr\/wp-json\/wp\/v2\/product_cat?post=3313"},{"taxonomy":"product_tag","embeddable":true,"href":"https:\/\/gigistravelworld.de\/fr\/wp-json\/wp\/v2\/product_tag?post=3313"}],"curies":[{"name":"wp","href":"https:\/\/api.w.org\/{rel}","templated":true}]}}