{"id":3308,"date":"2025-08-23T20:55:08","date_gmt":"2025-08-23T18:55:08","guid":{"rendered":"https:\/\/gigistravelworld.de\/?post_type=product&#038;p=3308"},"modified":"2026-04-03T15:45:57","modified_gmt":"2026-04-03T13:45:57","slug":"thermotasche-kuehltasche-20x27x13cm-praktisch","status":"publish","type":"product","link":"https:\/\/gigistravelworld.de\/fr\/thermotasche-kuehltasche-20x27x13cm-praktisch\/","title":{"rendered":"Sac isotherme 20x27x13cm | Sac isotherme pour le sport et les loisirs"},"content":{"rendered":"<h1 data-path-to-node=\"10\">Sac isotherme 20x27x13cm : Protection \u00e9l\u00e9gante et fra\u00eecheur pour votre Vegas Vital World<\/h1>\n<p data-path-to-node=\"11\">Dans le <b data-path-to-node=\"11\" data-index-in-node=\"7\">Gigis Travel World<\/b> Nous sommes constamment en mouvement. Mais que ce soit pour explorer les sentiers de randonn\u00e9e autour de P\u00e9tange ou profiter d&#039;une journ\u00e9e \u00e0 la plage, une chose est s\u00fbre\u00a0: personne n&#039;aime les boissons ti\u00e8des ni les en-cas avari\u00e9s. <b data-path-to-node=\"11\" data-index-in-node=\"221\">Sac isotherme 20x27x13cm<\/b> Vegas Cosmetics est la solution aux d\u00e9fis d&#039;un mode de vie actif. Pour seulement <b data-path-to-node=\"11\" data-index-in-node=\"342\">19,90 \u20ac<\/b> Vous recevrez un accessoire qui allie fonctionnalit\u00e9 et design simple et qui garantit que votre boisson reste exactement comme elle doit \u00eatre : glac\u00e9e.<\/p>\n<h2 data-path-to-node=\"12\">Pourquoi le sac isotherme 20x27x13cm est bien plus qu&#039;une simple glaci\u00e8re<\/h2>\n<p data-path-to-node=\"13\">On sous-estime souvent la rapidit\u00e9 avec laquelle la temp\u00e9rature ext\u00e9rieure peut affecter la qualit\u00e9 des aliments et des compl\u00e9ments alimentaires. <b data-path-to-node=\"13\" data-index-in-node=\"138\">Sac isotherme 20x27x13cm<\/b> Elle offre une isolation fiable qui maintient une temp\u00e9rature interne stable.<\/p>\n<ol start=\"1\" data-path-to-node=\"14\">\n<li>\n<p data-path-to-node=\"14,0,0\"><b data-path-to-node=\"14,0,0\" data-index-in-node=\"0\">Protection pour Vegas Vital :<\/b> Bon nombre de nos compl\u00e9ments alimentaires de haute qualit\u00e9, comme la boisson \u00e9nergisante \u00e0 l&#039;aloe vera, sont plus efficaces et ont meilleur go\u00fbt lorsqu&#039;ils sont conserv\u00e9s dans un endroit frais. <b data-path-to-node=\"14,0,0\" data-index-in-node=\"186\">Sac isotherme 20x27x13cm<\/b> Il prot\u00e8ge ces pr\u00e9cieux ingr\u00e9dients biologiques de la lumi\u00e8re directe du soleil et de la surchauffe.<\/p>\n<\/li>\n<li>\n<p data-path-to-node=\"14,1,0\"><b data-path-to-node=\"14,1,0\" data-index-in-node=\"0\">Un bijou de technologie qui permet de gagner de la place dans un format compact :<\/b> Avec des dimensions de 20 x 27 x 13 cm, le sac para\u00eet discret de l&#039;ext\u00e9rieur, mais \u00e0 l&#039;int\u00e9rieur, il se r\u00e9v\u00e8le \u00eatre un v\u00e9ritable miracle d&#039;espace.<\/p>\n<ul data-path-to-node=\"14,1,1\">\n<li>\n<p data-path-to-node=\"14,1,1,0,0\"><b data-path-to-node=\"14,1,1,0,0\" data-index-in-node=\"0\">V\u00e9rification du volume\u00a0:<\/b><\/p>\n<div data-path-to-node=\"14,1,1,0,1\">\n<div class=\"math-block\" data-math=\"20\\text{ cm} \\times 27\\text{ cm} \\times 13\\text{ cm} = 7.020\\text{ cm}^3 \\approx 7\\text{ Liter Fassungsverm\u00f6gen}\">$$20 cm \u00d7 27 cm \u00d7 13 cm = 7\u00a0020 cm\u00b3 \u2248 7 litres de capacit\u00e9$$<\/div>\n<\/div>\n<p data-path-to-node=\"14,1,1,0,2\">C&#039;est largement suffisant pour plusieurs doses de 90 ml, une bouteille d&#039;eau et une bo\u00eete \u00e0 lunch.<\/p>\n<\/li>\n<\/ul>\n<\/li>\n<\/ol>\n<h2 data-path-to-node=\"15\">Domaines d&#039;application\u00a0: L\u00e0 o\u00f9 le sac thermique 20x27x13cm excelle<\/h2>\n<p data-path-to-node=\"16\">\u00c0 P\u00e9tange et au-del\u00e0, les possibilit\u00e9s sont innombrables. <b data-path-to-node=\"16\" data-index-in-node=\"77\">Sac isotherme 20x27x13cm<\/b> Votre meilleur ami sera :<\/p>\n<ul data-path-to-node=\"17\">\n<li>\n<p data-path-to-node=\"17,0,0\"><b data-path-to-node=\"17,0,0\" data-index-in-node=\"0\">\u00c0 la plage et au lac de baignade :<\/b> Le sable et le soleil, c&#039;est bien, mais pas pour votre nourriture. <b data-path-to-node=\"17,0,0\" data-index-in-node=\"78\">Sac isotherme 20x27x13cm<\/b> Garde tout \u00e0 l&#039;abri du sable et au frais.<\/p>\n<\/li>\n<li>\n<p data-path-to-node=\"17,1,0\"><b data-path-to-node=\"17,1,0\" data-index-in-node=\"0\">Pendant le sport :<\/b> Apr\u00e8s une s\u00e9ance d&#039;entra\u00eenement intense, rien de mieux qu&#039;une boisson fra\u00eeche \u00e0 la L-carnitine. <b data-path-to-node=\"17,1,0\" data-index-in-node=\"108\">Sac isotherme 20x27x13cm<\/b>.<\/p>\n<\/li>\n<li>\n<p data-path-to-node=\"17,2,0\"><b data-path-to-node=\"17,2,0\" data-index-in-node=\"0\">Dans la vie professionnelle quotidienne :<\/b> Apportez votre d\u00e9jeuner sain au bureau. <b data-path-to-node=\"17,2,0\" data-index-in-node=\"66\">Sac isotherme 20x27x13cm<\/b> Il se range dans la plupart des sacs \u00e0 dos ou peut \u00eatre facilement transport\u00e9 par sa poign\u00e9e.<\/p>\n<\/li>\n<li>\n<p data-path-to-node=\"17,3,0\"><b data-path-to-node=\"17,3,0\" data-index-in-node=\"0\">Pour voyager :<\/b> Dans le <b data-path-to-node=\"17,3,0\" data-index-in-node=\"19\">Gigis Travel World<\/b> Son nom est explicite. Ce sac est le compagnon id\u00e9al pour les longs trajets en voiture ou en avion, permettant de conserver la fra\u00eecheur des m\u00e9dicaments ou des en-cas fragiles.<\/p>\n<\/li>\n<\/ul>\n<h2 data-path-to-node=\"18\">Qualit\u00e9 de la manutention et des mat\u00e9riaux<\/h2>\n<p data-path-to-node=\"19\">Le <b data-path-to-node=\"19\" data-index-in-node=\"4\">Sac isotherme 20x27x13cm<\/b> Con\u00e7ue pour un usage quotidien, sa mati\u00e8re ext\u00e9rieure est r\u00e9sistante et supporte les chocs et les surfaces rocheuses accident\u00e9es. \u00c0 l&#039;int\u00e9rieur, une feuille isolante de haute qualit\u00e9 garantit une conservation optimale de la chaleur (ou du froid).<\/p>\n<ul data-path-to-node=\"20\">\n<li>\n<p data-path-to-node=\"20,0,0\"><b data-path-to-node=\"20,0,0\" data-index-in-node=\"0\">Conseil de Gigi&#039;s Travel World\u00a0:<\/b> Placez un petit \u00e9l\u00e9ment de refroidissement dans le <b data-path-to-node=\"20,0,0\" data-index-in-node=\"69\">Sac isotherme 20x27x13cm<\/b>, afin de maintenir les performances de refroidissement \u00e0 des temp\u00e9ratures extr\u00eames (plus de <b data-path-to-node=\"20,0,0\" data-index-in-node=\"146\">30\u00b0C<\/b>) pour l&#039;\u00e9tendre consid\u00e9rablement une fois de plus.<\/p>\n<\/li>\n<li>\n<p data-path-to-node=\"20,1,0\"><b data-path-to-node=\"20,1,0\" data-index-in-node=\"0\">Nettoyage:<\/b> En cas de fuite, ce n&#039;est pas un probl\u00e8me. <b data-path-to-node=\"20,1,0\" data-index-in-node=\"65\">Sac isotherme 20x27x13cm<\/b> L&#039;int\u00e9rieur se nettoie facilement avec un chiffon humide et un nettoyant multi-usages.<\/p>\n<\/li>\n<\/ul>\n<h2 data-path-to-node=\"21\">Une d\u00e9claration en faveur d&#039;un mode de vie sain<\/h2>\n<p data-path-to-node=\"22\">Le <b data-path-to-node=\"22\" data-index-in-node=\"4\">Sac isotherme 20x27x13cm<\/b> Les utiliser implique aussi d&#039;\u00eatre pr\u00e9par\u00e9. Ceux qui apportent leurs propres aliments sains et les produits Vegas Vital sont moins tent\u00e9s d&#039;acheter des alternatives sucr\u00e9es et malsaines au kiosque. <b data-path-to-node=\"22\" data-index-in-node=\"250\">Gigis Travel World<\/b> Nous promouvons ce mode de vie conscient. <b data-path-to-node=\"22\" data-index-in-node=\"313\">Sac isotherme 20x27x13cm<\/b> Cela vous aide \u00e0 poursuivre vos objectifs de forme physique et de nutrition de mani\u00e8re constante, o\u00f9 que vous soyez.<\/p>\n<h2 data-path-to-node=\"23\">Conclusion : Pratique, maniable, indispensable<\/h2>\n<p data-path-to-node=\"24\">Le <b data-path-to-node=\"24\" data-index-in-node=\"4\">Sac isotherme 20x27x13cm<\/b> Un petit investissement pour un grand impact. Il prot\u00e8ge votre investissement dans des compl\u00e9ments nutritionnels de haute qualit\u00e9 et am\u00e9liore votre qualit\u00e9 de vie en vous offrant des aliments frais o\u00f9 que vous soyez. Chez P\u00e9tange, la qualit\u00e9 est notre priorit\u00e9, et ce sac l&#039;incarne parfaitement\u00a0: fiabilit\u00e9 et compacit\u00e9.<\/p>\n<h3 data-path-to-node=\"25\">Questions fr\u00e9quentes concernant le sac isotherme 20x27x13cm (FAQ)<\/h3>\n<ul data-path-to-node=\"26\">\n<li>\n<p data-path-to-node=\"26,0,0\"><b data-path-to-node=\"26,0,0\" data-index-in-node=\"0\">Une bouteille de 1,5 litre rentrera-t-elle dans le sac isotherme de 20 x 27 x 13 cm ?<\/b> Il ne rentre g\u00e9n\u00e9ralement pas \u00e0 la verticale, mais \u00e0 l&#039;horizontale, il peut convenir selon la forme de la bouteille. Il est id\u00e9al pour plusieurs bouteilles ou canettes de 0,5 L.<\/p>\n<\/li>\n<li>\n<p data-path-to-node=\"26,1,0\"><b data-path-to-node=\"26,1,0\" data-index-in-node=\"0\">Combien de temps le sac gardera-t-il le sac au frais ?<\/b> Sans \u00e9l\u00e9ment de refroidissement, il maintient une temp\u00e9rature nettement inf\u00e9rieure \u00e0 la temp\u00e9rature ambiante pendant environ 2 \u00e0 3 heures. Avec un \u00e9l\u00e9ment de refroidissement, cette dur\u00e9e peut atteindre 6 \u00e0 8 heures.<\/p>\n<\/li>\n<li>\n<p data-path-to-node=\"26,2,0\"><b data-path-to-node=\"26,2,0\" data-index-in-node=\"0\">Le sac isotherme de 20x27x13cm est-il \u00e9tanche ?<\/b> Il est r\u00e9sistant aux \u00e9claboussures et conserve efficacement l&#039;humidit\u00e9 \u00e0 l&#039;int\u00e9rieur. Cependant, il ne doit pas \u00eatre immerg\u00e9 en permanence dans l&#039;eau.<\/p>\n<\/li>\n<\/ul>\n<h3 data-path-to-node=\"27\">Aper\u00e7u des donn\u00e9es produit\u00a0:<\/h3>\n<table data-path-to-node=\"28\">\n<thead>\n<tr>\n<td><strong>fonctionnalit\u00e9<\/strong><\/td>\n<td><strong>D\u00e9tails<\/strong><\/td>\n<\/tr>\n<\/thead>\n<tbody>\n<tr>\n<td><span data-path-to-node=\"28,1,0,0\"><b data-path-to-node=\"28,1,0,0\" data-index-in-node=\"0\">Nom du produit<\/b><\/span><\/td>\n<td><span data-path-to-node=\"28,1,1,0\"><b data-path-to-node=\"28,1,1,0\" data-index-in-node=\"0\">Sac isotherme 20x27x13cm<\/b><\/span><\/td>\n<\/tr>\n<tr>\n<td><span data-path-to-node=\"28,2,0,0\"><b data-path-to-node=\"28,2,0,0\" data-index-in-node=\"0\">Masse<\/b><\/span><\/td>\n<td><span data-path-to-node=\"28,2,1,0\">20 cm x 27 cm x 13 cm<\/span><\/td>\n<\/tr>\n<tr>\n<td><span data-path-to-node=\"28,3,0,0\"><b data-path-to-node=\"28,3,0,0\" data-index-in-node=\"0\">aptitude<\/b><\/span><\/td>\n<td><span data-path-to-node=\"28,3,1,0\">Boissons, nourriture, produits Vegas Vital<\/span><\/td>\n<\/tr>\n<tr>\n<td><span data-path-to-node=\"28,4,0,0\"><b data-path-to-node=\"28,4,0,0\" data-index-in-node=\"0\">Domaines d&#039;application<\/b><\/span><\/td>\n<td><span data-path-to-node=\"28,4,1,0\">Sports, plage, bureau, voyages<\/span><\/td>\n<\/tr>\n<tr>\n<td><span data-path-to-node=\"28,5,0,0\"><b data-path-to-node=\"28,5,0,0\" data-index-in-node=\"0\">Fonction sp\u00e9ciale<\/b><\/span><\/td>\n<td><span data-path-to-node=\"28,5,1,0\">Pratique et maniable<\/span><\/td>\n<\/tr>\n<tr>\n<td><span data-path-to-node=\"28,6,0,0\"><b data-path-to-node=\"28,6,0,0\" data-index-in-node=\"0\">Prix<\/b><\/span><\/td>\n<td><span data-path-to-node=\"28,6,1,0\">19,90 \u20ac<\/span><\/td>\n<\/tr>\n<\/tbody>\n<\/table>","protected":false},"excerpt":{"rendered":"<p data-path-to-node=\"5\"><b data-path-to-node=\"5\" data-index-in-node=\"0\">Votre compagnon id\u00e9al pour vos d\u00e9placements : sac isotherme 20x27x13cm.<\/b><\/p>\n<p data-path-to-node=\"6\">Que ce soit sur une plage ensoleill\u00e9e, lors d&#039;activit\u00e9s sportives intenses ou au bord d&#039;un lac propice \u00e0 la baignade, avec le <b data-path-to-node=\"6\" data-index-in-node=\"90\">Sac isotherme 20x27x13cm<\/b> Vos boissons et aliments resteront toujours parfaitement frais. Ce sac est particuli\u00e8rement indispensable pour les produits Vegas Vital de haute qualit\u00e9 (comme nos boissons \u00e0 l&#039;aloe vera) afin de prot\u00e9ger leurs pr\u00e9cieux ingr\u00e9dients de la chaleur. Gr\u00e2ce \u00e0 sa taille compacte, il est extr\u00eamement pratique tout en offrant suffisamment d&#039;espace pour vos provisions quotidiennes de produits frais.<\/p>\n<ul data-path-to-node=\"7\">\n<li>\n<p data-path-to-node=\"7,0,0\">\u2705 <b data-path-to-node=\"7,0,0\" data-index-in-node=\"2\">Compact et pratique :<\/b> Dimensions id\u00e9ales de 20 x 27 x 13 cm pour un transport facile.<\/p>\n<\/li>\n<li>\n<p data-path-to-node=\"7,1,0\">\u2705 <b data-path-to-node=\"7,1,0\" data-index-in-node=\"2\">Polyvalent dans ses applications :<\/b> Parfait pour le sport, les loisirs, la plage ou le bureau.<\/p>\n<\/li>\n<li>\n<p data-path-to-node=\"7,2,0\">\u2705 <b data-path-to-node=\"7,2,0\" data-index-in-node=\"2\">Protection thermique :<\/b> Id\u00e9al pour le transport des produits sensibles Vegas Vital.<\/p>\n<\/li>\n<li>\n<p data-path-to-node=\"7,3,0\">\u2705 <b data-path-to-node=\"7,3,0\" data-index-in-node=\"2\">Conception robuste :<\/b> Mat\u00e9riau durable pour un usage quotidien.<\/p>\n<\/li>\n<li>\n<p data-path-to-node=\"7,4,0\">\u2705 <b data-path-to-node=\"7,4,0\" data-index-in-node=\"2\">Nettoyage facile :<\/b> Rev\u00eatement int\u00e9rieur pour une hygi\u00e8ne optimale.<\/p>\n<\/li>\n<li>\n<p data-path-to-node=\"7,5,0\">\u2705 <b data-path-to-node=\"7,5,0\" data-index-in-node=\"2\">Prix : 19,90 \u20ac<\/b> (Fra\u00eecheur garantie pour vos aventures !)<\/p>\n<\/li>\n<\/ul>","protected":false},"featured_media":678,"template":"","meta":{"_et_pb_use_builder":"","_et_pb_old_content":"","_et_gb_content_width":""},"product_brand":[63],"product_cat":[156,210,143,154,209],"product_tag":[],"class_list":{"0":"post-3308","1":"product","2":"type-product","3":"status-publish","4":"has-post-thumbnail","6":"product_brand-vegas-cosmetics-gmbh","7":"product_cat-accessoires-sport","8":"product_cat-home-style","9":"product_cat-nahrungsergaenzungsmittel-vitamine","10":"product_cat-sport","11":"product_cat-vitality-power","13":"first","14":"instock","15":"shipping-taxable","16":"product-type-external"},"_links":{"self":[{"href":"https:\/\/gigistravelworld.de\/fr\/wp-json\/wp\/v2\/product\/3308","targetHints":{"allow":["GET"]}}],"collection":[{"href":"https:\/\/gigistravelworld.de\/fr\/wp-json\/wp\/v2\/product"}],"about":[{"href":"https:\/\/gigistravelworld.de\/fr\/wp-json\/wp\/v2\/types\/product"}],"wp:featuredmedia":[{"embeddable":true,"href":"https:\/\/gigistravelworld.de\/fr\/wp-json\/wp\/v2\/media\/678"}],"wp:attachment":[{"href":"https:\/\/gigistravelworld.de\/fr\/wp-json\/wp\/v2\/media?parent=3308"}],"wp:term":[{"taxonomy":"product_brand","embeddable":true,"href":"https:\/\/gigistravelworld.de\/fr\/wp-json\/wp\/v2\/product_brand?post=3308"},{"taxonomy":"product_cat","embeddable":true,"href":"https:\/\/gigistravelworld.de\/fr\/wp-json\/wp\/v2\/product_cat?post=3308"},{"taxonomy":"product_tag","embeddable":true,"href":"https:\/\/gigistravelworld.de\/fr\/wp-json\/wp\/v2\/product_tag?post=3308"}],"curies":[{"name":"wp","href":"https:\/\/api.w.org\/{rel}","templated":true}]}}