{"id":3305,"date":"2025-08-23T20:55:05","date_gmt":"2025-08-23T18:55:05","guid":{"rendered":"https:\/\/gigistravelworld.de\/?post_type=product&#038;p=3305"},"modified":"2026-02-03T14:36:38","modified_gmt":"2026-02-03T13:36:38","slug":"probiotic-aloe-120gr-30-sticks-x-4g","status":"publish","type":"product","link":"https:\/\/gigistravelworld.de\/fr\/probiotic-aloe-120gr-30-sticks-x-4g\/","title":{"rendered":"Alo\u00e8s probiotique 120 g \u2013 30 b\u00e2tonnets x 4 g"},"content":{"rendered":"<div id=\"headingOne\" class=\"panel-heading\" role=\"tab\">\n<h4 class=\"panel-title\">Description<\/h4>\n<\/div>\n<div id=\"collapseOne\" class=\"panel-collapse collapse in\" role=\"tabpanel\" aria-labelledby=\"headingOne\">\n<div class=\"panel-body rtddbr\">\n<p><strong>cultures probiotiques<\/strong>\u00a0Ils peuvent soutenir les fonctions intestinales et contribuer au bien-\u00eatre.<\/p>\n<p>Le tube digestif regorge de bact\u00e9ries intestinales, dont la diversit\u00e9 est essentielle \u00e0 une flore intestinale stable et \u00e9quilibr\u00e9e.,<\/p>\n<p>et assurer le bon fonctionnement du syst\u00e8me digestif.<br \/>\nL&#039;aloe vera probiotique de Vegas Vital vous offre une vari\u00e9t\u00e9 de souches bact\u00e9riennes importantes telles que<\/p>\n<p>Bifidobacterium lactis, Lactobacillus rhamnosus avec Bifidobacterium longum ES1**.<br \/>\nCe pr\u00e9cieux m\u00e9lange, associ\u00e9 au calcium et \u00e0 l&#039;aloe vera, en fait un produit probiotique.<\/p>\n<p>pour devenir un excellent compl\u00e9ment alimentaire qui peut soutenir le syst\u00e8me digestif et am\u00e9liorer le bien-\u00eatre.<\/p>\n<p>*Le calcium contribue au fonctionnement normal des enzymes digestives.<\/p>\n<p>L\u2019Organisation mondiale de la sant\u00e9 affirme que les probiotiques sont des \u201c organismes vivants,<\/p>\n<p>qui, lorsqu\u2019ils sont pris sous des formes correctement dos\u00e9es, sont b\u00e9n\u00e9fiques pour la sant\u00e9 de l\u2019utilisateur \u201d (FAO\/OMS, 2001).<\/p>\n<p>**\u00c9tudes sur des patients atteints de la maladie c\u0153liaque \u00e0 l&#039;h\u00f4pital Sant Joan de D\u00e9u de Barcelone.<\/p>\n<p><strong>SANS GLUTEN<\/strong><\/p>\n<\/div>\n<\/div>\n<p>&nbsp;<\/p>\n<div id=\"headingTwo\" class=\"panel-heading\" role=\"tab\">\n<h4 class=\"panel-title\">Description de l&#039;application<\/h4>\n<\/div>\n<div id=\"collapseTwo\" class=\"panel-collapse collapse in\" role=\"tabpanel\" aria-labelledby=\"headingTwo\" aria-expanded=\"true\">\n<div class=\"panel-body rtddbr\">\n<p><strong>Quantit\u00e9 consomm\u00e9e<\/strong><\/p>\n<p><strong>Un b\u00e2tonnet par jour, le matin\u00a0\u00a0<\/strong><br \/>\nDissoudre le contenu du sachet dans de l&#039;eau ou du jus et consommer imm\u00e9diatement.<br \/>\nL&#039;aloe vera probiotique peut \u00e9galement \u00eatre dissous directement dans la bouche sans ajout de liquide.<\/p>\n<p><em>Les compl\u00e9ments alimentaires ne remplacent pas une alimentation \u00e9quilibr\u00e9e et vari\u00e9e.,<\/em><\/p>\n<p><em>ainsi qu&#039;un mode de vie sain. Il ne faut pas d\u00e9passer l&#039;apport journalier recommand\u00e9.<\/em><\/p>\n<p><em>Tenir hors de port\u00e9e des jeunes enfants.<\/em><\/p>\n<p><em>Consultez votre m\u00e9decin avant de prendre ce m\u00e9dicament pendant la grossesse ou l&#039;allaitement.\u00a0<\/em><\/p>\n<p><em>Conserver non ouvert dans un endroit frais et sec \u00e0 une temp\u00e9rature ambiante ne d\u00e9passant pas 25\u00b0C.<\/em><\/p>\n<\/div>\n<\/div>","protected":false},"excerpt":{"rendered":"<p><strong>M\u00e9lange de Bifidobacterium lactis, Lactobacillus rhamnosus et Bifidobacterium longum ES1, Extrait d&#039;Aloe Vera.<\/strong>\u00a0<strong>Sans gluten et v\u00e9g\u00e9talien<\/strong><\/p>","protected":false},"featured_media":675,"template":"","meta":{"_et_pb_use_builder":"","_et_pb_old_content":"","_et_gb_content_width":""},"product_brand":[63],"product_cat":[143,145,144],"product_tag":[],"class_list":{"0":"post-3305","1":"product","2":"type-product","3":"status-publish","4":"has-post-thumbnail","6":"product_brand-vegas-cosmetics-gmbh","7":"product_cat-nahrungsergaenzungsmittel-vitamine","8":"product_cat-probiotic-aloe","9":"product_cat-probiotika","11":"first","12":"instock","13":"shipping-taxable","14":"product-type-external"},"_links":{"self":[{"href":"https:\/\/gigistravelworld.de\/fr\/wp-json\/wp\/v2\/product\/3305","targetHints":{"allow":["GET"]}}],"collection":[{"href":"https:\/\/gigistravelworld.de\/fr\/wp-json\/wp\/v2\/product"}],"about":[{"href":"https:\/\/gigistravelworld.de\/fr\/wp-json\/wp\/v2\/types\/product"}],"wp:featuredmedia":[{"embeddable":true,"href":"https:\/\/gigistravelworld.de\/fr\/wp-json\/wp\/v2\/media\/675"}],"wp:attachment":[{"href":"https:\/\/gigistravelworld.de\/fr\/wp-json\/wp\/v2\/media?parent=3305"}],"wp:term":[{"taxonomy":"product_brand","embeddable":true,"href":"https:\/\/gigistravelworld.de\/fr\/wp-json\/wp\/v2\/product_brand?post=3305"},{"taxonomy":"product_cat","embeddable":true,"href":"https:\/\/gigistravelworld.de\/fr\/wp-json\/wp\/v2\/product_cat?post=3305"},{"taxonomy":"product_tag","embeddable":true,"href":"https:\/\/gigistravelworld.de\/fr\/wp-json\/wp\/v2\/product_tag?post=3305"}],"curies":[{"name":"wp","href":"https:\/\/api.w.org\/{rel}","templated":true}]}}