{"id":3304,"date":"2025-08-23T20:55:05","date_gmt":"2025-08-23T18:55:05","guid":{"rendered":"https:\/\/gigistravelworld.de\/?post_type=product&#038;p=3304"},"modified":"2026-04-02T18:43:15","modified_gmt":"2026-04-02T16:43:15","slug":"l-carnitin-perfect-body-3000mg-guarana-fitness","status":"publish","type":"product","link":"https:\/\/gigistravelworld.de\/fr\/l-carnitin-perfect-body-3000mg-guarana-fitness\/","title":{"rendered":"L-Carnitine Perfect Body 300 ml | 3000 mg de carnitine et de guarana"},"content":{"rendered":"<h1 data-path-to-node=\"10\">L-Carnitin Perfect Body 300ml: Die Geheimwaffe f\u00fcr deinen Energiestoffwechsel<\/h1>\n<p data-path-to-node=\"11\">Dans le <b data-path-to-node=\"11\" data-index-in-node=\"7\">Gigis Travel World<\/b> dreht sich alles um Bewegung, Abenteuer und Vitalit\u00e4t. Doch wer viel unterwegs ist oder sportliche H\u00f6chstleistungen erbringt, braucht einen K\u00f6rper, der Energie effizient bereitstellen kann. Hier kommt <b data-path-to-node=\"11\" data-index-in-node=\"227\">L-Carnitine Corps Parfait<\/b> ins Spiel. Mit einer perfekt abgestimmten Formel aus L-Carnitin, Guarana und Ananas-Extrakt unterst\u00fctzt dieses Supplement deinen K\u00f6rper genau dort, wo die Energie entsteht: in den Zellen. F\u00fcr <b data-path-to-node=\"11\" data-index-in-node=\"443\">28,50 \u20ac<\/b> erh\u00e4ltst du eine Monatsration (30 Sticks), die dich dabei unterst\u00fctzt, deine pers\u00f6nlichen Fitnessziele in P\u00e9tange und \u00fcberall auf der Welt zu erreichen.<\/p>\n<h2 data-path-to-node=\"12\">Was ist L-Carnitin und warum ist es so wichtig?<\/h2>\n<p data-path-to-node=\"13\">L-Carnitin ist eine nat\u00fcrliche Verbindung, die der menschliche K\u00f6rper aus den Aminos\u00e4uren Lysin und Methionin selbst herstellen kann. Es kommt zudem h\u00e4ufig in der Ern\u00e4hrung vor, vor allem in Fleischprodukten. Doch warum ist eine zus\u00e4tzliche Zufuhr durch <b data-path-to-node=\"13\" data-index-in-node=\"254\">L-Carnitine Corps Parfait<\/b> sinnvoll?<\/p>\n<p data-path-to-node=\"13\">Im menschlichen Organismus hat L-Carnitin eine Schl\u00fcsselfunktion im Energiestoffwechsel. Es fungiert als Transportmolek\u00fcl, das langkettige Fetts\u00e4uren vom Cytosol in die \u201eKraftwerke der Zellen\u201c, die Mitochondrien, schleust. Dort werden diese Fetts\u00e4uren in nutzbare Energie umgewandelt. <b data-path-to-node=\"13\" data-index-in-node=\"573\">L-Carnitine Corps Parfait<\/b> sorgt daf\u00fcr, dass dieser Prozess optimal unterst\u00fctzt wird, besonders in Phasen erh\u00f6hter k\u00f6rperlicher Belastung.<\/p>\n<h2 data-path-to-node=\"14\">Die Power-Formel: L-Carnitin trifft auf Guarana und Ananas<\/h2>\n<p data-path-to-node=\"15\"><b data-path-to-node=\"15\" data-index-in-node=\"0\">L-Carnitine Corps Parfait<\/b> ist kein gew\u00f6hnliches Carnitin-Pr\u00e4parat. Wir haben die Formel in der <b data-path-to-node=\"15\" data-index-in-node=\"93\">Gigis Travel World<\/b> genau unter die Lupe genommen. Das Geheimnis liegt in der Kombination der Inhaltsstoffe:<\/p>\n<ol start=\"1\" data-path-to-node=\"16\">\n<li>\n<p data-path-to-node=\"16,0,0\"><b data-path-to-node=\"16,0,0\" data-index-in-node=\"0\">L-Carnitin-L-Tartrat (3000 mg):<\/b> Eine besonders stabile und gut aufnehmbare Form des L-Carnitins. Die hohe Dosierung von 3000 mg pro Tagesdosis ist ideal f\u00fcr Sportler.<\/p>\n<\/li>\n<li>\n<p data-path-to-node=\"16,1,0\"><b data-path-to-node=\"16,1,0\" data-index-in-node=\"0\">Guarana-Samenextrakt (250 mg):<\/b> Das Koffein aus der Guarana-Pflanze wird langsamer freigesetzt als herk\u00f6mmliches Koffein aus Kaffee. Das sorgt f\u00fcr einen sanfteren und langanhaltenden Wachmacher-Effekt, ohne das typische &#8222;Koffein-Tief&#8220; danach.<\/p>\n<\/li>\n<li>\n<p data-path-to-node=\"16,2,0\"><b data-path-to-node=\"16,2,0\" data-index-in-node=\"0\">Ananas-Extrakt (324 mg):<\/b> Verleiht nicht nur einen angenehm tropischen Geschmack, sondern erg\u00e4nzt die Formel ideal.<\/p>\n<\/li>\n<\/ol>\n<h2 data-path-to-node=\"17\">\ud83c\udfa5 Das Produkt im Check: Video-Einblick<\/h2>\n<p data-path-to-node=\"18\">Du m\u00f6chtest sehen, wie kompakt und praktisch die Anwendung von <b data-path-to-node=\"18\" data-index-in-node=\"63\">L-Carnitine Corps Parfait<\/b> wirklich ist? In der <b data-path-to-node=\"18\" data-index-in-node=\"108\">Gigis Travel World<\/b> setzen wir auf echte Einblicke!<\/p>\n<p><iframe loading=\"lazy\" title=\"Vegas Vital 5032\" width=\"563\" height=\"1000\" src=\"https:\/\/www.youtube.com\/embed\/v7vWW-yhCa0?feature=oembed\"  allow=\"accelerometer; autoplay; clipboard-write; encrypted-media; gyroscope; picture-in-picture; web-share\" referrerpolicy=\"strict-origin-when-cross-origin\" allowfullscreen><\/iframe><\/p>\n<p data-path-to-node=\"20\">Das Video zeigt dir die handlichen Sticks, die du \u00fcberallhin mitnehmen kannst \u2013 egal ob ins Fitnessstudio, zur Arbeit oder auf deine n\u00e4chste Reise.<\/p>\n<h2 data-path-to-node=\"21\">Anwendung und Verzehrempfehlung<\/h2>\n<p data-path-to-node=\"22\">Die Anwendung von <b data-path-to-node=\"22\" data-index-in-node=\"18\">L-Carnitine Corps Parfait<\/b> ist denkbar einfach und l\u00e4sst sich flexibel in deinen Alltag integrieren:<\/p>\n<ul data-path-to-node=\"23\">\n<li>\n<p data-path-to-node=\"23,0,0\"><b data-path-to-node=\"23,0,0\" data-index-in-node=\"0\">Foule:<\/b> Verzehre zwei Ampullen (Sticks) pro Tag.<\/p>\n<\/li>\n<li>\n<p data-path-to-node=\"23,1,0\"><b data-path-to-node=\"23,1,0\" data-index-in-node=\"0\">Zeitpunkt:<\/b> Wir empfehlen eine Einnahme am Morgen und eine am Nachmittag oder alternativ direkt vor deiner sportlichen Aktivit\u00e4t.<\/p>\n<\/li>\n<li>\n<p data-path-to-node=\"23,2,0\"><b data-path-to-node=\"23,2,0\" data-index-in-node=\"0\">Art der Einnahme:<\/b> Du kannst den Inhalt der 10ml-Sticks direkt trinken oder sie ganz einfach in ein Glas Wasser oder deinen Lieblingssaft mischen. Vor dem \u00d6ffnen den Stick bitte gut sch\u00fctteln.<\/p>\n<\/li>\n<\/ul>\n<h2 data-path-to-node=\"24\">Vegan, Glutenfrei und Sicher<\/h2>\n<p data-path-to-node=\"25\">Dans le <b data-path-to-node=\"25\" data-index-in-node=\"7\">Gigis Travel World<\/b> legen wir Wert auf Inklusion. <b data-path-to-node=\"25\" data-index-in-node=\"56\">L-Carnitine Corps Parfait<\/b> ist zu 100 % vegan und glutenfrei, sodass es perfekt in verschiedene Ern\u00e4hrungspl\u00e4ne passt.<\/p>\n<p data-path-to-node=\"25\"><b data-path-to-node=\"25\" data-index-in-node=\"172\">REMARQUE IMPORTANTE\u00a0:<\/b> Aufgrund des enthaltenen Koffeins ist das Produkt nicht f\u00fcr Kinder, Schwangere oder w\u00e4hrend der Stillzeit empfohlen. Nahrungserg\u00e4nzungsmittel sind zudem kein Ersatz f\u00fcr eine ausgewogene und abwechslungsreiche Ern\u00e4hrung sowie eine gesunde Lebensweise.<\/p>\n<h2 data-path-to-node=\"26\">Werterhalt f\u00fcr deinen K\u00f6rper<\/h2>\n<p data-path-to-node=\"27\">Fitness ist eine Investition in die Zukunft. Mit <b data-path-to-node=\"27\" data-index-in-node=\"49\">L-Carnitine Corps Parfait<\/b> kaufst du nicht nur ein Supplement, sondern ein St\u00fcck Lebensqualit\u00e4t. Die Kombination aus hochwertigen Inhaltsstoffen und der praktischen Darreichungsform macht es zum idealen Begleiter f\u00fcr alle, die ihren &#8222;Perfect Body&#8220; nicht nur als Ziel, sondern als Lebensgef\u00fchl verstehen.<\/p>\n<h2 data-path-to-node=\"28\">Fazit: Deine Unterst\u00fctzung f\u00fcr neue H\u00f6chstleistungen<\/h2>\n<p data-path-to-node=\"29\">Egal, ob du deine Ausdauer steigern, an deiner Figur arbeiten oder einfach wacher durch den Tag gehen m\u00f6chtest \u2013 <b data-path-to-node=\"29\" data-index-in-node=\"113\">L-Carnitine Corps Parfait<\/b> bietet dir die wissenschaftlich fundierte Unterst\u00fctzung, die du brauchst. Vertraue auf die Expertise der <b data-path-to-node=\"29\" data-index-in-node=\"242\">Gigis Travel World<\/b> und hol dir die fl\u00fcssige Energie direkt nach Hause.<\/p>\n<h3 data-path-to-node=\"30\">H\u00e4ufige Fragen zu L-Carnitin Perfect Body (FAQ)<\/h3>\n<ul data-path-to-node=\"31\">\n<li>\n<p data-path-to-node=\"31,0,0\"><b data-path-to-node=\"31,0,0\" data-index-in-node=\"0\">Wie schmeckt L-Carnitin Perfect Body?<\/b> Durch das enthaltene Ananasfruchtpulver und Aroma hat es einen angenehm fruchtig-tropischen Geschmack.<\/p>\n<\/li>\n<li>\n<p data-path-to-node=\"31,1,0\"><b data-path-to-node=\"31,1,0\" data-index-in-node=\"0\">Kann ich L-Carnitin Perfect Body jeden Tag nehmen?<\/b> Ja, die 30 Sticks sind f\u00fcr eine kontinuierliche Anwendung \u00fcber einen Monat bei einer Tagesdosis von 2 Sticks ausgelegt.<\/p>\n<\/li>\n<li>\n<p data-path-to-node=\"31,2,0\"><b data-path-to-node=\"31,2,0\" data-index-in-node=\"0\">Ist Koffein enthalten?<\/b> Ja, das Produkt enth\u00e4lt nat\u00fcrliches Koffein aus Guarana. Wenn du koffeinempfindlich bist, solltest du die Einnahme am sp\u00e4ten Abend vermeiden.<\/p>\n<\/li>\n<\/ul>\n<h3 data-path-to-node=\"32\">Aper\u00e7u des donn\u00e9es produit\u00a0:<\/h3>\n<table data-path-to-node=\"33\">\n<thead>\n<tr>\n<td><strong>Inhaltsstoff (Tagesdosis)<\/strong><\/td>\n<td><strong>Foule<\/strong><\/td>\n<td><strong>% VRN*<\/strong><\/td>\n<\/tr>\n<\/thead>\n<tbody>\n<tr>\n<td><span data-path-to-node=\"33,1,0,0\"><b data-path-to-node=\"33,1,0,0\" data-index-in-node=\"0\">L-Carnitin-L-Tartrat<\/b><\/span><\/td>\n<td><span data-path-to-node=\"33,1,1,0\">3000 mg<\/span><\/td>\n<td><span data-path-to-node=\"33,1,2,0\">**<\/span><\/td>\n<\/tr>\n<tr>\n<td><span data-path-to-node=\"33,2,0,0\"><b data-path-to-node=\"33,2,0,0\" data-index-in-node=\"0\">Ananas-Extrakt<\/b><\/span><\/td>\n<td><span data-path-to-node=\"33,2,1,0\">324 mg<\/span><\/td>\n<td><span data-path-to-node=\"33,2,2,0\">**<\/span><\/td>\n<\/tr>\n<tr>\n<td><span data-path-to-node=\"33,3,0,0\"><b data-path-to-node=\"33,3,0,0\" data-index-in-node=\"0\">Guarana-Samenextrakt<\/b><\/span><\/td>\n<td><span data-path-to-node=\"33,3,1,0\">250 mg<\/span><\/td>\n<td><span data-path-to-node=\"33,3,2,0\">**<\/span><\/td>\n<\/tr>\n<tr>\n<td><span data-path-to-node=\"33,4,0,0\"><b data-path-to-node=\"33,4,0,0\" data-index-in-node=\"0\">Nettof\u00fcllmenge<\/b><\/span><\/td>\n<td><span data-path-to-node=\"33,4,1,0\">300 ml (30 x 10 ml)<\/span><\/td>\n<td><\/td>\n<\/tr>\n<tr>\n<td><span data-path-to-node=\"33,5,0,0\"><b data-path-to-node=\"33,5,0,0\" data-index-in-node=\"0\">Prix<\/b><\/span><\/td>\n<td><span data-path-to-node=\"33,5,1,0\">28,50 \u20ac<\/span><\/td>\n<td><\/td>\n<\/tr>\n<tr>\n<td><span data-path-to-node=\"33,6,0,0\"><i data-path-to-node=\"33,6,0,0\" data-index-in-node=\"0\">*VRN = N\u00e4hrstoffbezugswerte laut EU-Verordnung. **Keine VRN festgelegt.<\/i><\/span><\/td>\n<td><\/td>\n<\/tr>\n<\/tbody>\n<\/table>","protected":false},"excerpt":{"rendered":"<p data-path-to-node=\"5\"><b data-path-to-node=\"5\" data-index-in-node=\"0\">Dein Fitness-Turbo f\u00fcr unterwegs: L-Carnitin Perfect Body (30 Sticks x 10ml).<\/b><\/p>\n<p data-path-to-node=\"6\">Maximiere dein Energielevel und unterst\u00fctze deinen K\u00f6rper effizient! <b data-path-to-node=\"6\" data-index-in-node=\"69\">L-Carnitine Corps Parfait<\/b> ist die hochdosierte Nahrungserg\u00e4nzung f\u00fcr alle, die einen aktiven Lebensstil f\u00fchren. Mit stolzen <b data-path-to-node=\"6\" data-index-in-node=\"191\">3000 mg L-Carnitin-L-Tartrat<\/b> pro Tagesdosis, kombiniert mit dem nat\u00fcrlichen Wachmacher <b data-path-to-node=\"6\" data-index-in-node=\"278\">Guarana<\/b> und erfrischendem <b data-path-to-node=\"6\" data-index-in-node=\"304\">Ananas-Extrakt<\/b>, bietet dieses Supplement die ideale Unterst\u00fctzung f\u00fcr deinen Energiestoffwechsel. Die praktischen 10ml-Sticks passen in jede Sporttasche und sind perfekt f\u00fcr die Einnahme zwischendurch oder direkt vor dem Training.<\/p>\n<ul data-path-to-node=\"7\">\n<li>\n<p data-path-to-node=\"7,0,0\">\u2705 <b data-path-to-node=\"7,0,0\" data-index-in-node=\"2\">Hochdosiert:<\/b> 3000 mg L-Carnitin pro Tagesdosis f\u00fcr maximale Unterst\u00fctzung.<\/p>\n<\/li>\n<li>\n<p data-path-to-node=\"7,1,0\">\u2705 <b data-path-to-node=\"7,1,0\" data-index-in-node=\"2\">Energie-Kick:<\/b> Enth\u00e4lt nat\u00fcrliches Koffein aus Guarana-Samenextrakt.<\/p>\n<\/li>\n<li>\n<p data-path-to-node=\"7,2,0\">\u2705 <b data-path-to-node=\"7,2,0\" data-index-in-node=\"2\">Stoffwechsel-Support:<\/b> Unterst\u00fctzt den Transport von Fetts\u00e4uren in die Mitochondrien.<\/p>\n<\/li>\n<li>\n<p data-path-to-node=\"7,3,0\">\u2705 <b data-path-to-node=\"7,3,0\" data-index-in-node=\"2\">Vegan &amp; Glutenfrei:<\/b> Rein pflanzliche Power ohne Kompromisse.<\/p>\n<\/li>\n<li>\n<p data-path-to-node=\"7,4,0\">\u2705 <b data-path-to-node=\"7,4,0\" data-index-in-node=\"2\">Praktische Sticks:<\/b> Einfache Einnahme \u2013 direkt oder als Getr\u00e4nkezusatz.<\/p>\n<\/li>\n<li>\n<p data-path-to-node=\"7,5,0\">\u2705 \ud83c\udfa5 <b data-path-to-node=\"7,5,0\" data-index-in-node=\"5\">Video-Tipp:<\/b> <a class=\"ng-star-inserted\" href=\"https:\/\/youtube.com\/shorts\/v7vWW-yhCa0\" target=\"_blank\" rel=\"noopener\" data-hveid=\"0\" data-ved=\"0CAAQ_4QMahgKEwjc74qmrc-TAxUAAAAAHQAAAAAQmQY\">Sieh dir L-Carnitin Perfect Body hier im Video an<\/a><\/p>\n<\/li>\n<li>\n<p data-path-to-node=\"7,6,0\">\u2705 <b data-path-to-node=\"7,6,0\" data-index-in-node=\"2\">Prix : 28,50 \u20ac<\/b> (30 Tage Power f\u00fcr deine Fitness!)<\/p>\n<\/li>\n<\/ul>","protected":false},"featured_media":674,"template":"","meta":{"_et_pb_use_builder":"","_et_pb_old_content":"","_et_gb_content_width":""},"product_brand":[63],"product_cat":[148,149,155,143,154,209],"product_tag":[],"class_list":{"0":"post-3304","1":"product","2":"type-product","3":"status-publish","4":"has-post-thumbnail","6":"product_brand-vegas-cosmetics-gmbh","7":"product_cat-gewichtskontrolle","8":"product_cat-l-carnitin","9":"product_cat-l-carnitin-sport","10":"product_cat-nahrungsergaenzungsmittel-vitamine","11":"product_cat-sport","12":"product_cat-vitality-power","14":"first","15":"instock","16":"shipping-taxable","17":"product-type-external"},"_links":{"self":[{"href":"https:\/\/gigistravelworld.de\/fr\/wp-json\/wp\/v2\/product\/3304","targetHints":{"allow":["GET"]}}],"collection":[{"href":"https:\/\/gigistravelworld.de\/fr\/wp-json\/wp\/v2\/product"}],"about":[{"href":"https:\/\/gigistravelworld.de\/fr\/wp-json\/wp\/v2\/types\/product"}],"wp:featuredmedia":[{"embeddable":true,"href":"https:\/\/gigistravelworld.de\/fr\/wp-json\/wp\/v2\/media\/674"}],"wp:attachment":[{"href":"https:\/\/gigistravelworld.de\/fr\/wp-json\/wp\/v2\/media?parent=3304"}],"wp:term":[{"taxonomy":"product_brand","embeddable":true,"href":"https:\/\/gigistravelworld.de\/fr\/wp-json\/wp\/v2\/product_brand?post=3304"},{"taxonomy":"product_cat","embeddable":true,"href":"https:\/\/gigistravelworld.de\/fr\/wp-json\/wp\/v2\/product_cat?post=3304"},{"taxonomy":"product_tag","embeddable":true,"href":"https:\/\/gigistravelworld.de\/fr\/wp-json\/wp\/v2\/product_tag?post=3304"}],"curies":[{"name":"wp","href":"https:\/\/api.w.org\/{rel}","templated":true}]}}