{"id":3303,"date":"2025-08-23T20:55:05","date_gmt":"2025-08-23T18:55:05","guid":{"rendered":"https:\/\/gigistravelworld.de\/?post_type=product&#038;p=3303"},"modified":"2026-04-03T15:50:58","modified_gmt":"2026-04-03T13:50:58","slug":"shaker-400ml-metallkugel-mischbecher-fitness","status":"publish","type":"product","link":"https:\/\/gigistravelworld.de\/fr\/shaker-400ml-metallkugel-mischbecher-fitness\/","title":{"rendered":"Shaker 400 ml avec bille m\u00e9tallique | Shakes sans grumeaux garantis"},"content":{"rendered":"<h1 data-path-to-node=\"9\">Shaker 400 ml : La r\u00e9volution pour votre routine vitalit\u00e9 quotidienne<\/h1>\n<p data-path-to-node=\"10\">Dans le <b data-path-to-node=\"10\" data-index-in-node=\"7\">Gigis Travel World<\/b> \u00c0 P\u00e9tange, nous savons que l&#039;efficacit\u00e9 est primordiale au quotidien. Ceux qui souhaitent pr\u00e9parer rapidement leur smoothie \u00e9nergisant le matin n&#039;ont ni le temps pour un mixeur \u00e9lectrique ni pour le fastidieux m\u00e9lange \u00e0 la cuill\u00e8re. <b data-path-to-node=\"10\" data-index-in-node=\"229\">Shaker 400 ml<\/b> La bille m\u00e9tallique est la solution id\u00e9ale pour tous ceux qui ne veulent faire aucun compromis sur la consistance parfaite de leurs boissons, m\u00eame en d\u00e9placement. <b data-path-to-node=\"10\" data-index-in-node=\"372\">14,50 \u20ac<\/b> Vous recevrez un accessoire de fitness bien con\u00e7u, alliant fonctionnalit\u00e9 et durabilit\u00e9.<\/p>\n<h2 data-path-to-node=\"11\">Le secret de la boule de m\u00e9tal\u00a0: du pouvoir physique pour votre boisson<\/h2>\n<p data-path-to-node=\"12\">Le c\u0153ur du <b data-path-to-node=\"12\" data-index-in-node=\"18\">Shaker 400 ml<\/b> La bille m\u00e9tallique incluse est fabriqu\u00e9e en acier inoxydable de haute qualit\u00e9. Alors que les tamiseurs classiques ne poss\u00e8dent souvent qu&#039;un tamis statique, la bille agit de mani\u00e8re dynamique. D\u00e8s que vous <b data-path-to-node=\"12\" data-index-in-node=\"203\">Shaker 400 ml<\/b> Lorsqu&#039;on la d\u00e9place, la bille traverse le liquide comme un fouet.<\/p>\n<ul data-path-to-node=\"13\">\n<li>\n<p data-path-to-node=\"13,0,0\"><b data-path-to-node=\"13,0,0\" data-index-in-node=\"0\">Turbulence maximale :<\/b> La balle brise instantan\u00e9ment les nappes de poudre.<\/p>\n<\/li>\n<li>\n<p data-path-to-node=\"13,1,0\"><b data-path-to-node=\"13,1,0\" data-index-in-node=\"0\">R\u00e9sultat cr\u00e9meux :<\/b> M\u00eame les milkshakes les plus \u00e9pais deviennent a\u00e9r\u00e9s et homog\u00e8nes.<\/p>\n<\/li>\n<li>\n<p data-path-to-node=\"13,2,0\"><b data-path-to-node=\"13,2,0\" data-index-in-node=\"0\">Logique simple :<\/b> Pas de piles, pas de moteur \u2013 juste de la pure force m\u00e9canique dans le <b data-path-to-node=\"13,2,0\" data-index-in-node=\"77\">Shaker 400 ml<\/b>.<\/p>\n<\/li>\n<\/ul>\n<h2 data-path-to-node=\"14\">Pourquoi le format 400 ml est id\u00e9al pour P\u00e9tange et \u00e0 emporter partout<\/h2>\n<p data-path-to-node=\"15\">Dans le <b data-path-to-node=\"15\" data-index-in-node=\"7\">Gigis Travel World<\/b> Nous privil\u00e9gions les formats adapt\u00e9s. De nombreux shakers, d&#039;une capacit\u00e9 de 700 ml ou plus, sont beaucoup trop encombrants pour un usage quotidien. <b data-path-to-node=\"15\" data-index-in-node=\"131\">Shaker 400 ml<\/b> Il offre le volume id\u00e9al pour une portion standard de vos produits Vegas Vital.<\/p>\n<ul data-path-to-node=\"16\">\n<li>\n<p data-path-to-node=\"16,0,0\"><b data-path-to-node=\"16,0,0\" data-index-in-node=\"0\">Facilit\u00e9 d&#039;utilisation :<\/b> Il tient parfaitement dans la main et peut \u00eatre saisi fermement m\u00eame par les petites mains.<\/p>\n<\/li>\n<li>\n<p data-path-to-node=\"16,1,0\"><b data-path-to-node=\"16,1,0\" data-index-in-node=\"0\">Gain de place :<\/b> Il se glisse facilement dans les poches lat\u00e9rales des sacs \u00e0 dos ou dans le porte-gobelet de la voiture.<\/p>\n<\/li>\n<li>\n<p data-path-to-node=\"16,2,0\"><b data-path-to-node=\"16,2,0\" data-index-in-node=\"0\">Pr\u00e9cision:<\/b> L&#039;\u00e9chelle de mesure int\u00e9gr\u00e9e sur <b data-path-to-node=\"16,2,0\" data-index-in-node=\"42\">Shaker 400 ml<\/b> permet une mesure pr\u00e9cise du liquide, garantissant ainsi un rapport de m\u00e9lange toujours correct.<\/p>\n<\/li>\n<\/ul>\n<h2 data-path-to-node=\"17\">qualit\u00e9 et hygi\u00e8ne des mat\u00e9riaux<\/h2>\n<p data-path-to-node=\"18\">Nous savons que vous \u00eates dans le <b data-path-to-node=\"18\" data-index-in-node=\"27\">Shaker 400 ml<\/b> Vous ne consommez que ce qu&#039;il y a de mieux. C&#039;est pourquoi le plastique de ce shaker est sans danger pour les aliments et inodore. Rien de pire qu&#039;un shaker qui a le go\u00fbt du plastique. <b data-path-to-node=\"18\" data-index-in-node=\"224\">Shaker 400 ml<\/b> Vegas Vital pr\u00e9serve l&#039;ar\u00f4me naturel de vos boissons \u00e0 l&#039;ananas ou \u00e0 l&#039;aloe vera.<\/p>\n<ul data-path-to-node=\"19\">\n<li>\n<p data-path-to-node=\"19,0,0\"><b data-path-to-node=\"19,0,0\" data-index-in-node=\"0\">Sans BPA :<\/b> Un plaisir sans danger, sans plastifiants nocifs.<\/p>\n<\/li>\n<li>\n<p data-path-to-node=\"19,1,0\"><b data-path-to-node=\"19,1,0\" data-index-in-node=\"0\">Facile \u00e0 nettoyer :<\/b> Le couvercle et la boule peuvent \u00eatre retir\u00e9s en quelques secondes. <b data-path-to-node=\"19,1,0\" data-index-in-node=\"76\">Shaker 400 ml<\/b> Apr\u00e8s l&#039;entra\u00eenement, il se nettoie facilement au lave-vaisselle ou avec de l&#039;eau chaude et un nettoyant multi-usages.<\/p>\n<\/li>\n<\/ul>\n<h2 data-path-to-node=\"20\">Conseils d&#039;application pour un shake Vegas parfait<\/h2>\n<p data-path-to-node=\"21\">Pour que vous puissiez tirer le meilleur parti de votre <b data-path-to-node=\"21\" data-index-in-node=\"32\">Shaker 400 ml<\/b> Pour en tirer le meilleur parti, voici un conseil de pro\u00a0: <b data-path-to-node=\"21\" data-index-in-node=\"86\">Gigis Travel World<\/b>:<\/p>\n<ol start=\"1\" data-path-to-node=\"22\">\n<li>\n<p data-path-to-node=\"22,0,0\"><b data-path-to-node=\"22,0,0\" data-index-in-node=\"0\">Liquide d&#039;abord :<\/b> Commencez par remplir le r\u00e9cipient d&#039;eau, de lait ou de jus. <b data-path-to-node=\"22,0,0\" data-index-in-node=\"62\">Shaker 400 ml<\/b>.<\/p>\n<\/li>\n<li>\n<p data-path-to-node=\"22,1,0\"><b data-path-to-node=\"22,1,0\" data-index-in-node=\"0\">Ajouter la poudre :<\/b> N&#039;ajoutez la poudre de compl\u00e9ment alimentaire qu&#039;apr\u00e8s cela. Cela emp\u00eache la poudre de coller au fond.<\/p>\n<\/li>\n<li>\n<p data-path-to-node=\"22,2,0\"><b data-path-to-node=\"22,2,0\" data-index-in-node=\"0\">Balle en :<\/b> Ins\u00e9rez la bille m\u00e9tallique, vissez fermement le couvercle et laissez le bouchon s&#039;enclencher en s&#039;enclenchant avec un clic audible.<\/p>\n<\/li>\n<li>\n<p data-path-to-node=\"22,3,0\"><b data-path-to-node=\"22,3,0\" data-index-in-node=\"0\">Secouer:<\/b> Gr\u00e2ce \u00e0 la boule m\u00e9tallique dans <b data-path-to-node=\"22,3,0\" data-index-in-node=\"35\">Shaker 400 ml<\/b> Souvent, 10 \u00e0 15 secondes de secousses vigoureuses suffisent pour un r\u00e9sultat parfait.<\/p>\n<\/li>\n<\/ol>\n<h2 data-path-to-node=\"23\">Un indispensable pour les athl\u00e8tes et les personnes soucieuses de leur sant\u00e9.<\/h2>\n<p data-path-to-node=\"24\">\u00c0 P\u00e9tange, on voit de plus en plus de gens faire attention \u00e0 leur alimentation. <b data-path-to-node=\"24\" data-index-in-node=\"77\">Shaker 400 ml<\/b> C&#039;est bien plus qu&#039;une simple tasse\u00a0: c&#039;est l&#039;expression d&#039;un mode de vie actif. Elle vous rappelle de faire le plein d&#039;\u00e9nergie chaque jour, que ce soit \u00e0 la salle de sport, au bureau ou lors d&#039;une randonn\u00e9e dans la campagne luxembourgeoise. <b data-path-to-node=\"24\" data-index-in-node=\"348\">Shaker 400 ml<\/b> dans le <b data-path-to-node=\"24\" data-index-in-node=\"368\">Gigis Travel World<\/b> Vous \u00eates toujours pr\u00e9par\u00e9 de mani\u00e8re optimale.<\/p>\n<h2 data-path-to-node=\"25\">Conclusion : Petit investissement, grand plaisir<\/h2>\n<p data-path-to-node=\"26\">Dites adieu aux milkshakes grumeleux et aux gobelets bon march\u00e9 qui fuient. <b data-path-to-node=\"26\" data-index-in-node=\"80\">Shaker 400 ml<\/b> L&#039;\u00e9quipement professionnel avec bille m\u00e9tallique est disponible \u00e0 un prix raisonnable chez <b data-path-to-node=\"26\" data-index-in-node=\"155\">14,50 \u20ac<\/b>. Robuste, fonctionnelle et, en plus, sacr\u00e9ment styl\u00e9e. Am\u00e9liorez votre routine vitalit\u00e9 d\u00e8s maintenant et ressentez la diff\u00e9rence \u00e0 chaque gorg\u00e9e.<\/p>\n<h3 data-path-to-node=\"27\">Questions fr\u00e9quemment pos\u00e9es sur le shaker de 400 ml (FAQ)<\/h3>\n<ul data-path-to-node=\"28\">\n<li>\n<p data-path-to-node=\"28,0,0\"><b data-path-to-node=\"28,0,0\" data-index-in-node=\"0\">La bille m\u00e9tallique du shaker de 400 ml rouille-t-elle ?<\/b> Non, la bille est en acier inoxydable et con\u00e7ue pour un contact permanent avec les liquides.<\/p>\n<\/li>\n<li>\n<p data-path-to-node=\"28,1,0\"><b data-path-to-node=\"28,1,0\" data-index-in-node=\"0\">Le shaker de 400 ml est-il totalement \u00e9tanche ?<\/b> Oui, le bouchon \u00e0 vis et le clip de fermeture de l&#039;embout buccal sont con\u00e7us pour rester \u00e9tanches m\u00eame en cas de secousses vigoureuses ou de transport dans une poche.<\/p>\n<\/li>\n<li>\n<p data-path-to-node=\"28,2,0\"><b data-path-to-node=\"28,2,0\" data-index-in-node=\"0\">Puis-je \u00e9galement remplir le shaker de 400 ml avec des boissons chaudes ?<\/b> Nous recommandons <b data-path-to-node=\"28,2,0\" data-index-in-node=\"75\">Shaker 400 ml<\/b> Principalement pour les boissons froides ou \u00e0 temp\u00e9rature ambiante. Les liquides bouillants pourraient provoquer une surpression due \u00e0 la vapeur.<\/p>\n<\/li>\n<\/ul>\n<h3 data-path-to-node=\"29\">Aper\u00e7u des donn\u00e9es produit\u00a0:<\/h3>\n<table data-path-to-node=\"30\">\n<thead>\n<tr>\n<td><strong>fonctionnalit\u00e9<\/strong><\/td>\n<td><strong>D\u00e9tails<\/strong><\/td>\n<\/tr>\n<\/thead>\n<tbody>\n<tr>\n<td><span data-path-to-node=\"30,1,0,0\"><b data-path-to-node=\"30,1,0,0\" data-index-in-node=\"0\">Nom du produit<\/b><\/span><\/td>\n<td><span data-path-to-node=\"30,1,1,0\"><b data-path-to-node=\"30,1,1,0\" data-index-in-node=\"0\">Shaker 400 ml<\/b><\/span><\/td>\n<\/tr>\n<tr>\n<td><span data-path-to-node=\"30,2,0,0\"><b data-path-to-node=\"30,2,0,0\" data-index-in-node=\"0\">volume<\/b><\/span><\/td>\n<td><span data-path-to-node=\"30,2,1,0\">400 ml<\/span><\/td>\n<\/tr>\n<tr>\n<td><span data-path-to-node=\"30,3,0,0\"><b data-path-to-node=\"30,3,0,0\" data-index-in-node=\"0\">Accessoires<\/b><\/span><\/td>\n<td><span data-path-to-node=\"30,3,1,0\">boule de m\u00e9lange en m\u00e9tal (acier inoxydable)<\/span><\/td>\n<\/tr>\n<tr>\n<td><span data-path-to-node=\"30,4,0,0\"><b data-path-to-node=\"30,4,0,0\" data-index-in-node=\"0\">mat\u00e9riel<\/b><\/span><\/td>\n<td><span data-path-to-node=\"30,4,1,0\">Plastique de haute qualit\u00e9, apte au contact alimentaire<\/span><\/td>\n<\/tr>\n<tr>\n<td><span data-path-to-node=\"30,5,0,0\"><b data-path-to-node=\"30,5,0,0\" data-index-in-node=\"0\">Caract\u00e9ristiques<\/b><\/span><\/td>\n<td><span data-path-to-node=\"30,5,1,0\">\u00c9tanche, sans BPA, compatible lave-vaisselle<\/span><\/td>\n<\/tr>\n<tr>\n<td><span data-path-to-node=\"30,6,0,0\"><b data-path-to-node=\"30,6,0,0\" data-index-in-node=\"0\">Prix<\/b><\/span><\/td>\n<td><span data-path-to-node=\"30,6,1,0\">14,50 \u20ac<\/span><\/td>\n<\/tr>\n<\/tbody>\n<\/table>","protected":false},"excerpt":{"rendered":"<p data-path-to-node=\"4\"><b data-path-to-node=\"4\" data-index-in-node=\"0\">Fini les grumeaux\u00a0: le shaker professionnel de 400\u00a0ml avec boule m\u00e9langeuse.<\/b><\/p>\n<p data-path-to-node=\"5\">Votre boisson, parfaitement m\u00e9lang\u00e9e en quelques secondes ! <b data-path-to-node=\"5\" data-index-in-node=\"44\">Shaker 400 ml<\/b> Le produit Vegas Vital est l&#039;outil indispensable pour quiconque appr\u00e9cie une texture onctueuse et sans grumeaux dans ses compl\u00e9ments alimentaires. Gr\u00e2ce \u00e0 sa formule int\u00e9gr\u00e9e <b data-path-to-node=\"5\" data-index-in-node=\"226\">boule m\u00e9tallique<\/b> Une fois agit\u00e9, le flacon m\u00e9lange parfaitement la poudre au liquide, comme avec un fouet. Son format compact de 400 ml le rend extr\u00eamement pratique et il se glisse facilement dans un porte-gobelet ou un sac de sport.<\/p>\n<ul data-path-to-node=\"6\">\n<li>\n<p data-path-to-node=\"6,0,0\">\u2705 <b data-path-to-node=\"6,0,0\" data-index-in-node=\"2\">R\u00e9sultat de m\u00e9lange parfait :<\/b> Bille m\u00e9tallique de haute qualit\u00e9 pour des milkshakes parfaitement lisses et sans grumeaux.<\/p>\n<\/li>\n<li>\n<p data-path-to-node=\"6,1,0\">\u2705 <b data-path-to-node=\"6,1,0\" data-index-in-node=\"2\">Volume id\u00e9al :<\/b> 400 ml \u2013 la quantit\u00e9 id\u00e9ale pour une portion de Vegas Vital.<\/p>\n<\/li>\n<li>\n<p data-path-to-node=\"6,2,0\">\u2705 <b data-path-to-node=\"6,2,0\" data-index-in-node=\"2\">Fermeture s\u00e9curis\u00e9e :<\/b> 100 % \u00e9tanche pour le transport en d\u00e9placement.<\/p>\n<\/li>\n<li>\n<p data-path-to-node=\"6,3,0\">\u2705 <b data-path-to-node=\"6,3,0\" data-index-in-node=\"2\">Robuste et durable :<\/b> Plastique de haute qualit\u00e9 pour un usage quotidien.<\/p>\n<\/li>\n<li>\n<p data-path-to-node=\"6,4,0\">\u2705 <b data-path-to-node=\"6,4,0\" data-index-in-node=\"2\">Nettoyage facile :<\/b> Compatible lave-vaisselle et facile \u00e0 d\u00e9monter.<\/p>\n<\/li>\n<li>\n<p data-path-to-node=\"6,5,0\">\u2705 <b data-path-to-node=\"6,5,0\" data-index-in-node=\"2\">Prix : 14,50 \u20ac<\/b> (Votre option premium pour un plaisir de d\u00e9gustation maximal !)<\/p>\n<\/li>\n<\/ul>","protected":false},"featured_media":673,"template":"","meta":{"_et_pb_use_builder":"","_et_pb_old_content":"","_et_gb_content_width":""},"product_brand":[63],"product_cat":[156,210,143,154,209],"product_tag":[],"class_list":{"0":"post-3303","1":"product","2":"type-product","3":"status-publish","4":"has-post-thumbnail","6":"product_brand-vegas-cosmetics-gmbh","7":"product_cat-accessoires-sport","8":"product_cat-home-style","9":"product_cat-nahrungsergaenzungsmittel-vitamine","10":"product_cat-sport","11":"product_cat-vitality-power","13":"first","14":"instock","15":"shipping-taxable","16":"product-type-external"},"_links":{"self":[{"href":"https:\/\/gigistravelworld.de\/fr\/wp-json\/wp\/v2\/product\/3303","targetHints":{"allow":["GET"]}}],"collection":[{"href":"https:\/\/gigistravelworld.de\/fr\/wp-json\/wp\/v2\/product"}],"about":[{"href":"https:\/\/gigistravelworld.de\/fr\/wp-json\/wp\/v2\/types\/product"}],"wp:featuredmedia":[{"embeddable":true,"href":"https:\/\/gigistravelworld.de\/fr\/wp-json\/wp\/v2\/media\/673"}],"wp:attachment":[{"href":"https:\/\/gigistravelworld.de\/fr\/wp-json\/wp\/v2\/media?parent=3303"}],"wp:term":[{"taxonomy":"product_brand","embeddable":true,"href":"https:\/\/gigistravelworld.de\/fr\/wp-json\/wp\/v2\/product_brand?post=3303"},{"taxonomy":"product_cat","embeddable":true,"href":"https:\/\/gigistravelworld.de\/fr\/wp-json\/wp\/v2\/product_cat?post=3303"},{"taxonomy":"product_tag","embeddable":true,"href":"https:\/\/gigistravelworld.de\/fr\/wp-json\/wp\/v2\/product_tag?post=3303"}],"curies":[{"name":"wp","href":"https:\/\/api.w.org\/{rel}","templated":true}]}}