{"id":3302,"date":"2025-08-23T20:55:05","date_gmt":"2025-08-23T18:55:05","guid":{"rendered":"https:\/\/gigistravelworld.de\/?post_type=product&#038;p=3302"},"modified":"2026-03-09T19:48:30","modified_gmt":"2026-03-09T18:48:30","slug":"coup-eau-de-parfum","status":"publish","type":"product","link":"https:\/\/gigistravelworld.de\/fr\/coup-eau-de-parfum\/","title":{"rendered":"Eau de Parfum Coup\u00e9e | Parfum masculin distinctif, chypr\u00e9-\u00e9pic\u00e9"},"content":{"rendered":"<div id=\"headingOne\" class=\"panel-heading\" role=\"tab\">\n<h2 data-path-to-node=\"11\"><b data-path-to-node=\"11\" data-index-in-node=\"0\">Coup Eau de Parfum : Le parfum pour les hommes de caract\u00e8re<\/b><\/h2>\n<p data-path-to-node=\"12\">Un parfum est plus qu&#039;une simple odeur \u2013 c&#039;est votre carte de visite. <b data-path-to-node=\"12\" data-index-in-node=\"78\">Gigis Travel World<\/b> Je sais qu&#039;un bon parfum doit avoir du caract\u00e8re et durer longtemps. <b data-path-to-node=\"12\" data-index-in-node=\"166\">Coup Eau de Parfum<\/b> Vegas Cosmetics est sp\u00e9cialement con\u00e7u pour les hommes qui souhaitent laisser une impression durable.<\/p>\n<p data-path-to-node=\"13\">Pour <b data-path-to-node=\"13\" data-index-in-node=\"4\">39,00 \u20ac<\/b> Vous recevrez ici une Eau de Parfum de haute qualit\u00e9 de la famille des parfums <b data-path-to-node=\"13\" data-index-in-node=\"76\">chypr\u00e9-\u00e9pic\u00e9<\/b>, qui allie fra\u00eecheur et fond profond et masculin.<\/p>\n<h3 data-path-to-node=\"14\"><b data-path-to-node=\"14\" data-index-in-node=\"0\">L&#039;exp\u00e9rience olfactive : La pyramide olfactive de Coup<\/b><\/h3>\n<p data-path-to-node=\"15\">Sa composition est complexe et se d\u00e9veloppe au fil des heures sur votre peau\u00a0:<\/p>\n<ul data-path-to-node=\"16\">\n<li>\n<p data-path-to-node=\"16,0,0\"><b data-path-to-node=\"16,0,0\" data-index-in-node=\"0\">Premi\u00e8re impression :<\/b> Le cassis, la bergamote, la pomme et l&#039;ananas offrent un d\u00e9part fruit\u00e9 et frais.<\/p>\n<\/li>\n<li>\n<p data-path-to-node=\"16,1,0\"><b data-path-to-node=\"16,1,0\" data-index-in-node=\"0\">Note du c\u0153ur (Le personnage) :<\/b> Le poivre rose, le jasmin, le bouleau et le patchouli conf\u00e8rent \u00e0 ce parfum sa profondeur et sa force \u00e9pic\u00e9es.<\/p>\n<\/li>\n<li>\n<p data-path-to-node=\"16,2,0\"><b data-path-to-node=\"16,2,0\" data-index-in-node=\"0\">Niveau de base (les fondations) :<\/b> L&#039;ambre, la vanille, la mousse de ch\u00eane et le musc offrent un sillage chaleureux, masculin et durable.<\/p>\n<\/li>\n<\/ul>\n<h3 data-path-to-node=\"17\"><b data-path-to-node=\"17\" data-index-in-node=\"0\">Pourquoi Coup Eau de Parfum a sa place dans votre collection\u00a0:<\/b><\/h3>\n<ul data-path-to-node=\"18\">\n<li>\n<p data-path-to-node=\"18,0,0\"><b data-path-to-node=\"18,0,0\" data-index-in-node=\"0\">Forte concentration d&#039;huiles parfum\u00e9es :<\/b> Comme il s&#039;agit d&#039;une v\u00e9ritable eau de parfum (et non d&#039;une eau de toilette bon march\u00e9), le parfum dure beaucoup plus longtemps et est plus intense.<\/p>\n<\/li>\n<li>\n<p data-path-to-node=\"18,1,0\"><b data-path-to-node=\"18,1,0\" data-index-in-node=\"0\">Chypre \u00e9pic\u00e9 :<\/b> Cette famille de parfums est consid\u00e9r\u00e9e comme intemporelle et \u00e9l\u00e9gante \u2013 parfaite pour le travail, un rendez-vous galant ou votre prochain voyage.<\/p>\n<\/li>\n<li>\n<p data-path-to-node=\"18,2,0\"><b data-path-to-node=\"18,2,0\" data-index-in-node=\"0\">Rapport qualit\u00e9-prix \u00e9quitable\u00a0:<\/b> Des notes olfactives luxueuses comme le bouleau et l&#039;ambre pour moins de 40 euros, c&#039;est un v\u00e9ritable atout.<\/p>\n<\/li>\n<\/ul>\n<h3 data-path-to-node=\"19\"><b data-path-to-node=\"19\" data-index-in-node=\"0\">Le conseil de Gigi pour l&#039;utiliser :<\/b><\/h3>\n<p data-path-to-node=\"20\">N&#039;appliquez pas seulement le parfum sur votre cou, mais aussi sur vos poignets, voire un peu \u00e0 l&#039;int\u00e9rieur de votre veste. Comme il s&#039;agit d&#039;une eau de parfum, elle \u00e9volue au contact de la chaleur corporelle. <b data-path-to-node=\"20\" data-index-in-node=\"211\">Ne pas frotter !<\/b> Laissez simplement le parfum s\u00e9cher \u00e0 l&#039;air libre afin que les mol\u00e9cules de parfum restent stables.<\/p>\n<h3 data-path-to-node=\"21\"><b data-path-to-node=\"21\" data-index-in-node=\"0\">Foire aux questions (FAQ)<\/b><\/h3>\n<p data-path-to-node=\"22\"><b data-path-to-node=\"22\" data-index-in-node=\"0\">1. \u00c0 quelles occasions ce parfum convient-il ?<\/b> Coup Eau de Parfum est extr\u00eamement polyvalente. Sa note de t\u00eate fra\u00eeche la rend parfaite pour un usage quotidien, tandis que sa note de c\u0153ur \u00e9pic\u00e9e lui conf\u00e8re une \u00e9l\u00e9gance suffisante pour le soir.<\/p>\n<p data-path-to-node=\"23\"><b data-path-to-node=\"23\" data-index-in-node=\"0\">2. Combien de temps le parfum tient-il sur la peau ?<\/b> Selon le type de peau, le parfum tient environ 6 \u00e0 8 heures. Sur les v\u00eatements, la note de fond reste souvent perceptible jusqu&#039;au lendemain.<\/p>\n<p data-path-to-node=\"24\"><b data-path-to-node=\"24\" data-index-in-node=\"0\">3. Que signifie \u201e chypr\u00e9-\u00e9pic\u00e9 \u201c ?<\/b> Les parfums chypr\u00e9s se caract\u00e9risent par le contraste entre des notes fra\u00eeches d&#039;agrumes (bergamote) et des notes de fond bois\u00e9es et mousseuses (mousse de ch\u00eane). La composante \u00e9pic\u00e9e de Coup lui conf\u00e8re un caract\u00e8re unique.<\/p>\n<p data-path-to-node=\"25\"><b data-path-to-node=\"25\" data-index-in-node=\"0\">4. Ingr\u00e9dients (INCI) :<\/b> Nous privil\u00e9gions la transparence. Ingr\u00e9dients\u00a0: Alcool d\u00e9natur\u00e9, eau, parfum, limon\u00e8ne, linalol, citral, benzoate de benzyle et citronellol. Nous stockons nos produits dans un endroit frais \u00e0 <b data-path-to-node=\"25\" data-index-in-node=\"201\">5 \u00b0C \u00e0 30 \u00b0C<\/b>, afin que la qualit\u00e9 du parfum ne diminue pas.<\/p>\n<\/div>\n<div><\/div>","protected":false},"excerpt":{"rendered":"<p>Votre parfum signature ! <b data-path-to-node=\"28\" data-index-in-node=\"26\">Coup Eau de Parfum<\/b> (39,00 \u20ac) s\u00e9duit par ses notes chypr\u00e9es et \u00e9pic\u00e9es. Un puissant m\u00e9lange d&#039;ananas, de poivre rose et de mousse de ch\u00eane. Longue tenue, distinctif et \u00e9l\u00e9gant. <b data-path-to-node=\"28\" data-index-in-node=\"196\">D\u00e9couvrez le parfum de luxe pour homme \u2013 maintenant chez Gigi !<\/b><\/p>","protected":false},"featured_media":672,"template":"","meta":{"_et_pb_use_builder":"","_et_pb_old_content":"","_et_gb_content_width":""},"product_brand":[63],"product_cat":[22,208,24,23],"product_tag":[],"class_list":{"0":"post-3302","1":"product","2":"type-product","3":"status-publish","4":"has-post-thumbnail","6":"product_brand-vegas-cosmetics-gmbh","7":"product_cat-duefte","8":"product_cat-beauty-care","9":"product_cat-favola-coup","10":"product_cat-premium-duefte","12":"first","13":"instock","14":"shipping-taxable","15":"product-type-external"},"_links":{"self":[{"href":"https:\/\/gigistravelworld.de\/fr\/wp-json\/wp\/v2\/product\/3302","targetHints":{"allow":["GET"]}}],"collection":[{"href":"https:\/\/gigistravelworld.de\/fr\/wp-json\/wp\/v2\/product"}],"about":[{"href":"https:\/\/gigistravelworld.de\/fr\/wp-json\/wp\/v2\/types\/product"}],"wp:featuredmedia":[{"embeddable":true,"href":"https:\/\/gigistravelworld.de\/fr\/wp-json\/wp\/v2\/media\/672"}],"wp:attachment":[{"href":"https:\/\/gigistravelworld.de\/fr\/wp-json\/wp\/v2\/media?parent=3302"}],"wp:term":[{"taxonomy":"product_brand","embeddable":true,"href":"https:\/\/gigistravelworld.de\/fr\/wp-json\/wp\/v2\/product_brand?post=3302"},{"taxonomy":"product_cat","embeddable":true,"href":"https:\/\/gigistravelworld.de\/fr\/wp-json\/wp\/v2\/product_cat?post=3302"},{"taxonomy":"product_tag","embeddable":true,"href":"https:\/\/gigistravelworld.de\/fr\/wp-json\/wp\/v2\/product_tag?post=3302"}],"curies":[{"name":"wp","href":"https:\/\/api.w.org\/{rel}","templated":true}]}}