{"id":3301,"date":"2025-08-23T20:55:05","date_gmt":"2025-08-23T18:55:05","guid":{"rendered":"https:\/\/gigistravelworld.de\/?post_type=product&#038;p=3301"},"modified":"2026-03-09T20:00:18","modified_gmt":"2026-03-09T19:00:18","slug":"favola-eau-de-parfum-damen","status":"publish","type":"product","link":"https:\/\/gigistravelworld.de\/fr\/favola-eau-de-parfum-damen\/","title":{"rendered":"Favola Eau de Parfum 100ml | Oriental-Bois\u00e9 | Vegas Cosm\u00e9tiques"},"content":{"rendered":"<div id=\"headingOne\" class=\"panel-heading\" role=\"tab\">\n<h2 data-path-to-node=\"11\"><b data-path-to-node=\"11\" data-index-in-node=\"0\">Favola Eau de Parfum : Votre r\u00eave oriental en 100 ml<\/b><\/h2>\n<p data-path-to-node=\"12\">Parfois, on a besoin d&#039;un parfum qui nous enveloppe comme une douce \u00e9charpe en cachemire. <b data-path-to-node=\"12\" data-index-in-node=\"94\">Gigis Travel World<\/b> c&#039;est \u00e7a <b data-path-to-node=\"12\" data-index-in-node=\"121\">Eau de Parfum Favola<\/b> Le compagnon id\u00e9al pour les soir\u00e9es fra\u00eeches ou une entr\u00e9e remarqu\u00e9e. \u201e\u00a0Favola\u00a0\u201c signifie conte de f\u00e9es \u2013 et c\u2019est exactement l\u2019atmosph\u00e8re que d\u00e9gage ce parfum.<\/p>\n<p data-path-to-node=\"13\">Pour imbattable <b data-path-to-node=\"13\" data-index-in-node=\"17\">39,00 \u20ac<\/b> Vous obtenez 100 ml de pure sensualit\u00e9. La famille des parfums <b data-path-to-node=\"13\" data-index-in-node=\"78\">Oriental-bois\u00e9<\/b> Elle symbolise la profondeur, la chaleur et une \u00e9l\u00e9gance intemporelle.<\/p>\n<h3 data-path-to-node=\"14\"><b data-path-to-node=\"14\" data-index-in-node=\"0\">La pyramide des senteurs : un voyage pour les sens<\/b><\/h3>\n<p data-path-to-node=\"15\">Favola d\u00e9voile une histoire magique sur votre peau :<\/p>\n<ul data-path-to-node=\"16\">\n<li>\n<p data-path-to-node=\"16,0,0\"><b data-path-to-node=\"16,0,0\" data-index-in-node=\"0\">Note d&#039;ouverture (Le Pr\u00e9lude) :<\/b> Le jasmin et la mandarine ouvrent la fragrance sur une fra\u00eecheur florale qui remonte instantan\u00e9ment le moral.<\/p>\n<\/li>\n<li>\n<p data-path-to-node=\"16,1,0\"><b data-path-to-node=\"16,1,0\" data-index-in-node=\"0\">Note du c\u0153ur (La pi\u00e8ce ma\u00eetresse) :<\/b> Le cashmeran et la rose conf\u00e8rent au parfum une profondeur velout\u00e9e, presque cr\u00e9meuse, d&#039;une grande \u00e9l\u00e9gance.<\/p>\n<\/li>\n<li>\n<p data-path-to-node=\"16,2,0\"><b data-path-to-node=\"16,2,0\" data-index-in-node=\"0\">Niveau de base (les fondations) :<\/b> La vanille et l&#039;ambre offrent une finale chaleureuse, douce et bois\u00e9e qui laisse un sillage merveilleux pendant des heures.<\/p>\n<\/li>\n<\/ul>\n<h3 data-path-to-node=\"17\"><b data-path-to-node=\"17\" data-index-in-node=\"0\">Pourquoi Favola Eau de Parfum est votre nouveau parfum signature\u00a0:<\/b><\/h3>\n<ul data-path-to-node=\"18\">\n<li>\n<p data-path-to-node=\"18,0,0\"><b data-path-to-node=\"18,0,0\" data-index-in-node=\"0\">Un g\u00e9n\u00e9reux 100 ml :<\/b> Pas besoin de faire des \u00e9conomies ! Le flacon de 100 ml est id\u00e9al pour un usage quotidien et offre un v\u00e9ritable luxe \u00e0 un prix abordable.<\/p>\n<\/li>\n<li>\n<p data-path-to-node=\"18,1,0\"><b data-path-to-node=\"18,1,0\" data-index-in-node=\"0\">Pr\u00e9sence durable :<\/b> En tant qu&#039;eau de parfum, sa concentration en huiles parfum\u00e9es est \u00e9lev\u00e9e. Quelques vaporisations le matin suffisent pour toute la journ\u00e9e.<\/p>\n<\/li>\n<li>\n<p data-path-to-node=\"18,2,0\"><b data-path-to-node=\"18,2,0\" data-index-in-node=\"0\">Oriental-bois\u00e9 :<\/b> Cette combinaison est \u00e0 la fois myst\u00e9rieuse et chaleureuse \u2013 id\u00e9ale pour les femmes \u00e0 la recherche d&#039;un parfum de caract\u00e8re.<\/p>\n<\/li>\n<\/ul>\n<h3 data-path-to-node=\"19\"><b data-path-to-node=\"19\" data-index-in-node=\"0\">Le conseil de Gigi\u00a0:<\/b><\/h3>\n<p data-path-to-node=\"20\">Les parfums tiennent bien plus longtemps sur une peau bien hydrat\u00e9e. Appliquez une lotion pour le corps sans parfum avant de vaporiser, ou utilisez une cr\u00e8me hydratante adapt\u00e9e de Vegas Cosmetics. Gr\u00e2ce \u00e0 ses notes orientales, Favola se r\u00e9v\u00e8le particuli\u00e8rement bien sur les zones o\u00f9 le sang circule, comme les poignets, la nuque et m\u00eame l&#039;arri\u00e8re des genoux (essayez, c&#039;est garanti !).<\/p>\n<h3 data-path-to-node=\"21\"><b data-path-to-node=\"21\" data-index-in-node=\"0\">Foire aux questions sur Favola (FAQ)<\/b><\/h3>\n<p data-path-to-node=\"22\"><b data-path-to-node=\"22\" data-index-in-node=\"0\">1. Le parfum est-il plut\u00f4t capiteux ou l\u00e9ger ?<\/b> Favola est un parfum chaleureux et vibrant. Il s&#039;ouvre sur une mandarine fra\u00eeche, puis d\u00e9veloppe une profondeur orientale agr\u00e9able gr\u00e2ce \u00e0 l&#039;ambre et \u00e0 la vanille, per\u00e7ue comme enveloppante et \u00e9l\u00e9gante plut\u00f4t que ent\u00eatante.<\/p>\n<p data-path-to-node=\"23\"><b data-path-to-node=\"23\" data-index-in-node=\"0\">2. Quel est le meilleur moyen de conserver le parfum ?<\/b> Pour \u00e9viter que les d\u00e9licates notes de jasmin ne s&#039;alt\u00e8rent, conservez votre <b data-path-to-node=\"23\" data-index-in-node=\"96\">Eau de Parfum Favola<\/b> dans un endroit frais et sombre. Nous conservons nos stocks \u00e0 <b data-path-to-node=\"23\" data-index-in-node=\"178\">5 \u00b0C \u00e0 30 \u00b0C<\/b>, afin de garantir une qualit\u00e9 maximale.<\/p>\n<p data-path-to-node=\"24\"><b data-path-to-node=\"24\" data-index-in-node=\"0\">3. Que fait le cashmeran en parfumerie ?<\/b> Le cashmeran est une note olfactive particuli\u00e8re, \u00e0 mi-chemin entre le bois\u00e9 et le musqu\u00e9. Il conf\u00e8re \u00e0 Favola son effet \u201e\u00a0enveloppant\u00a0\u201c et rend le parfum irr\u00e9sistiblement doux.<\/p>\n<p data-path-to-node=\"25\"><b data-path-to-node=\"25\" data-index-in-node=\"0\">4. Ingr\u00e9dients (INCI) :<\/b> Nous utilisons des ingr\u00e9dients de haute qualit\u00e9\u00a0: alcool d\u00e9natur\u00e9, eau, parfum, salicylate de benzyle, g\u00e9raniol, alpha-isom\u00e9thyl ionone, benzoate de benzyle, citronellol et bien d\u2019autres. Une qualit\u00e9 que vous pouvez sentir\u00a0!<\/p>\n<\/div>","protected":false},"excerpt":{"rendered":"<p>Sensualit\u00e9 f\u00e9erique ! <b data-path-to-node=\"28\" data-index-in-node=\"32\">Eau de Parfum Favola<\/b> (100 ml pour 39,00 \u20ac) est un hommage \u00e0 la f\u00e9minit\u00e9. Avec du jasmin, du cashmeran luxueux et de la vanille chaleureuse, ce parfum oriental bois\u00e9 vous transporte dans un univers d&#039;\u00e9l\u00e9gance. <b data-path-to-node=\"28\" data-index-in-node=\"234\">D\u00e9couvrez le luxe de Vegas Cosmetics \u2013 maintenant chez Gigi !<\/b><\/p>","protected":false},"featured_media":671,"template":"","meta":{"_et_pb_use_builder":"","_et_pb_old_content":"","_et_gb_content_width":""},"product_brand":[63],"product_cat":[22,208,24,23],"product_tag":[],"class_list":{"0":"post-3301","1":"product","2":"type-product","3":"status-publish","4":"has-post-thumbnail","6":"product_brand-vegas-cosmetics-gmbh","7":"product_cat-duefte","8":"product_cat-beauty-care","9":"product_cat-favola-coup","10":"product_cat-premium-duefte","12":"first","13":"instock","14":"shipping-taxable","15":"product-type-external"},"_links":{"self":[{"href":"https:\/\/gigistravelworld.de\/fr\/wp-json\/wp\/v2\/product\/3301","targetHints":{"allow":["GET"]}}],"collection":[{"href":"https:\/\/gigistravelworld.de\/fr\/wp-json\/wp\/v2\/product"}],"about":[{"href":"https:\/\/gigistravelworld.de\/fr\/wp-json\/wp\/v2\/types\/product"}],"wp:featuredmedia":[{"embeddable":true,"href":"https:\/\/gigistravelworld.de\/fr\/wp-json\/wp\/v2\/media\/671"}],"wp:attachment":[{"href":"https:\/\/gigistravelworld.de\/fr\/wp-json\/wp\/v2\/media?parent=3301"}],"wp:term":[{"taxonomy":"product_brand","embeddable":true,"href":"https:\/\/gigistravelworld.de\/fr\/wp-json\/wp\/v2\/product_brand?post=3301"},{"taxonomy":"product_cat","embeddable":true,"href":"https:\/\/gigistravelworld.de\/fr\/wp-json\/wp\/v2\/product_cat?post=3301"},{"taxonomy":"product_tag","embeddable":true,"href":"https:\/\/gigistravelworld.de\/fr\/wp-json\/wp\/v2\/product_tag?post=3301"}],"curies":[{"name":"wp","href":"https:\/\/api.w.org\/{rel}","templated":true}]}}