{"id":3287,"date":"2025-08-23T20:55:02","date_gmt":"2025-08-23T18:55:02","guid":{"rendered":"https:\/\/gigistravelworld.de\/?post_type=product&#038;p=3287"},"modified":"2026-01-25T21:14:54","modified_gmt":"2026-01-25T20:14:54","slug":"personalisierter-duft-100ml","status":"publish","type":"product","link":"https:\/\/gigistravelworld.de\/fr\/personalisierter-duft-100ml\/","title":{"rendered":"Parfum personnalis\u00e9 100 ml"},"content":{"rendered":"<div id=\"headingOne\" class=\"panel-heading\" role=\"tab\">\n<h4 class=\"panel-title\"><a role=\"button\" href=\"https:\/\/www.vegascosmetics.de\/Products\/Details\/PersonalizedPerfume#collapseOne\" data-toggle=\"collapse\" data-parent=\"#accordion\" aria-expanded=\"true\" aria-controls=\"collapseOne\">Description<\/a><\/h4>\n<\/div>\n<div id=\"collapseOne\" class=\"panel-collapse collapse in\" role=\"tabpanel\" aria-labelledby=\"headingOne\">\n<div class=\"panel-body rtddbr\">\n<p>Choisissez votre parfum pr\u00e9f\u00e9r\u00e9 et personnalisez le flacon selon vos go\u00fbts.<br \/>\nUn flacon de parfum unique, con\u00e7u par vous !<br \/>\nLe cadeau id\u00e9al pour les occasions sp\u00e9ciales !<br \/>\n<strong>Danger:<\/strong>\u00a0D\u00e9lai de livraison : 5 \u00e0 7 jours ouvrables<\/p>\n<p>Personnalisez votre flacon de parfum avec votre nom, une photo ou un message \u2013 emballage standard \u00e9l\u00e9gant inclus.<br \/>\n+ 2,50 \u20ac (4,20 CHF) par personnalisation suppl\u00e9mentaire.<br \/>\nConcevez-le maintenant et rendez-le unique !<\/p><\/div>\n<\/div>","protected":false},"excerpt":{"rendered":"<p>Cr\u00e9ez votre propre parfum !<\/p>","protected":false},"featured_media":547,"template":"","meta":{"_et_pb_use_builder":"","_et_pb_old_content":"","_et_gb_content_width":""},"product_brand":[63],"product_cat":[22,33,35],"product_tag":[],"class_list":{"0":"post-3287","1":"product","2":"type-product","3":"status-publish","4":"has-post-thumbnail","6":"product_brand-vegas-cosmetics-gmbh","7":"product_cat-duefte","8":"product_cat-duefte-duefte","9":"product_cat-personalisiertes-parfum","11":"first","12":"instock","13":"shipping-taxable","14":"product-type-external"},"_links":{"self":[{"href":"https:\/\/gigistravelworld.de\/fr\/wp-json\/wp\/v2\/product\/3287","targetHints":{"allow":["GET"]}}],"collection":[{"href":"https:\/\/gigistravelworld.de\/fr\/wp-json\/wp\/v2\/product"}],"about":[{"href":"https:\/\/gigistravelworld.de\/fr\/wp-json\/wp\/v2\/types\/product"}],"wp:featuredmedia":[{"embeddable":true,"href":"https:\/\/gigistravelworld.de\/fr\/wp-json\/wp\/v2\/media\/547"}],"wp:attachment":[{"href":"https:\/\/gigistravelworld.de\/fr\/wp-json\/wp\/v2\/media?parent=3287"}],"wp:term":[{"taxonomy":"product_brand","embeddable":true,"href":"https:\/\/gigistravelworld.de\/fr\/wp-json\/wp\/v2\/product_brand?post=3287"},{"taxonomy":"product_cat","embeddable":true,"href":"https:\/\/gigistravelworld.de\/fr\/wp-json\/wp\/v2\/product_cat?post=3287"},{"taxonomy":"product_tag","embeddable":true,"href":"https:\/\/gigistravelworld.de\/fr\/wp-json\/wp\/v2\/product_tag?post=3287"}],"curies":[{"name":"wp","href":"https:\/\/api.w.org\/{rel}","templated":true}]}}