{"id":3286,"date":"2025-08-23T20:54:58","date_gmt":"2025-08-23T18:54:58","guid":{"rendered":"https:\/\/gigistravelworld.de\/?post_type=product&#038;p=3286"},"modified":"2026-03-07T19:01:25","modified_gmt":"2026-03-07T18:01:25","slug":"personalisiertes-parfuem-geschenkset-box","status":"publish","type":"product","link":"https:\/\/gigistravelworld.de\/fr\/personalisiertes-parfuem-geschenkset-box\/","title":{"rendered":"Coffret cadeau de parfum personnalis\u00e9 | Votre parfum, votre histoire | GTW"},"content":{"rendered":"<p data-path-to-node=\"11\"><b data-path-to-node=\"11\" data-index-in-node=\"0\">Un parfum aussi unique que vos plus beaux moments<\/b> \u201eIl y a des cadeaux qu&#039;on d\u00e9balle et qu&#039;on oublie aussit\u00f4t. Et puis il y a des parfums qui nous rappellent instantan\u00e9ment un lieu tr\u00e8s sp\u00e9cial ou un \u00eatre cher. Avec nos <b data-path-to-node=\"11\" data-index-in-node=\"232\">Coffret cadeau de parfum personnalis\u00e9<\/b> Vous n&#039;offrez pas seulement un parfum, vous offrez une identit\u00e9.<\/p>\n<p data-path-to-node=\"12\">Que ce soit pour vous-m\u00eame comme compagnon de voyage ou pour t\u00e9moigner votre affection \u00e0 une personne ch\u00e8re, ce coffret allie \u00e9l\u00e9gance et originalit\u00e9. Son atout majeur\u00a0? Le vaporisateur de poche pratique vous accompagne partout, pour que votre parfum pr\u00e9f\u00e9r\u00e9 vous suive o\u00f9 que vous soyez dans le monde. Pr\u00e9sent\u00e9 dans un coffret raffin\u00e9, c\u2019est le cadeau id\u00e9al pour tous ceux qui recherchent un pr\u00e9sent unique.\u201c<\/p>\n<p data-path-to-node=\"18\"><strong>Qu&#039;est-ce qui rend votre coffret cadeau de parfum personnalis\u00e9 si sp\u00e9cial ?<\/strong><\/p>\n<ul data-path-to-node=\"19\">\n<li>\n<p data-path-to-node=\"19,0,0\"><b data-path-to-node=\"19,0,0\" data-index-in-node=\"0\">Caract\u00e8re individuel :<\/b> Un parfum aussi unique que vous (R\u00e9f. 105).<\/p>\n<\/li>\n<li>\n<p data-path-to-node=\"19,1,0\"><b data-path-to-node=\"19,1,0\" data-index-in-node=\"0\">Toujours avec toi :<\/b> Comprend un \u00e9l\u00e9gant atomiseur de poche (R\u00e9f. 809-1) pour votre sac \u00e0 main ou vos bagages.<\/p>\n<\/li>\n<li>\n<p data-path-to-node=\"19,2,0\"><b data-path-to-node=\"19,2,0\" data-index-in-node=\"0\">Pr\u00eat \u00e0 offrir imm\u00e9diatement :<\/b> Livr\u00e9 dans un coffret cadeau \u00e9l\u00e9gant et de haute qualit\u00e9.<\/p>\n<\/li>\n<li>\n<p data-path-to-node=\"19,3,0\"><b data-path-to-node=\"19,3,0\" data-index-in-node=\"0\">Exp\u00e9rience durable :<\/b> Des parfums de qualit\u00e9 venus de Las Vegas pour vous accompagner tout au long de la journ\u00e9e.<\/p>\n<\/li>\n<\/ul>\n<p data-path-to-node=\"20\"><strong>Le cadeau id\u00e9al pour toutes les occasions<\/strong><\/p>\n<p data-path-to-node=\"21\">\u201eQue ce soit pour un anniversaire, une f\u00eate ou simplement pour dire merci, ce coffret est toujours le choix id\u00e9al. Un parfum personnalis\u00e9 t\u00e9moigne de votre attention. Mon conseil\u00a0: le vaporisateur de voyage est le compagnon id\u00e9al de votre bagage cabine pour une fra\u00eecheur imm\u00e9diate d\u00e8s votre arriv\u00e9e\u00a0!\u201c<\/p>","protected":false},"excerpt":{"rendered":"<p>Le duo parfait pour les passionn\u00e9s de parfums\u00a0! Notre coffret cadeau comprend un parfum personnalis\u00e9 (R\u00e9f. 105) qui r\u00e9v\u00e8le votre personnalit\u00e9, et un \u00e9l\u00e9gant vaporisateur de voyage (R\u00e9f. 809-1) \u00e0 emporter partout. Le tout est pr\u00e9sent\u00e9 avec raffinement dans un coffret cadeau haut de gamme. Une exp\u00e9rience luxueuse et inoubliable \u2013 en exclusivit\u00e9 sur la boutique GTW.<\/p>","protected":false},"featured_media":546,"template":"","meta":{"_et_pb_use_builder":"","_et_pb_old_content":"","_et_gb_content_width":""},"product_brand":[63],"product_cat":[22,208,33,80,35],"product_tag":[],"class_list":{"0":"post-3286","1":"product","2":"type-product","3":"status-publish","4":"has-post-thumbnail","6":"product_brand-vegas-cosmetics-gmbh","7":"product_cat-duefte","8":"product_cat-beauty-care","9":"product_cat-duefte-duefte","10":"product_cat-gigis-travel-world","11":"product_cat-personalisiertes-parfum","13":"first","14":"instock","15":"shipping-taxable","16":"product-type-external"},"_links":{"self":[{"href":"https:\/\/gigistravelworld.de\/fr\/wp-json\/wp\/v2\/product\/3286","targetHints":{"allow":["GET"]}}],"collection":[{"href":"https:\/\/gigistravelworld.de\/fr\/wp-json\/wp\/v2\/product"}],"about":[{"href":"https:\/\/gigistravelworld.de\/fr\/wp-json\/wp\/v2\/types\/product"}],"wp:featuredmedia":[{"embeddable":true,"href":"https:\/\/gigistravelworld.de\/fr\/wp-json\/wp\/v2\/media\/546"}],"wp:attachment":[{"href":"https:\/\/gigistravelworld.de\/fr\/wp-json\/wp\/v2\/media?parent=3286"}],"wp:term":[{"taxonomy":"product_brand","embeddable":true,"href":"https:\/\/gigistravelworld.de\/fr\/wp-json\/wp\/v2\/product_brand?post=3286"},{"taxonomy":"product_cat","embeddable":true,"href":"https:\/\/gigistravelworld.de\/fr\/wp-json\/wp\/v2\/product_cat?post=3286"},{"taxonomy":"product_tag","embeddable":true,"href":"https:\/\/gigistravelworld.de\/fr\/wp-json\/wp\/v2\/product_tag?post=3286"}],"curies":[{"name":"wp","href":"https:\/\/api.w.org\/{rel}","templated":true}]}}