{"id":3274,"date":"2025-08-23T20:54:58","date_gmt":"2025-08-23T18:54:58","guid":{"rendered":"https:\/\/gigistravelworld.de\/?post_type=product&#038;p=3274"},"modified":"2026-02-03T16:03:08","modified_gmt":"2026-02-03T15:03:08","slug":"colostrum-pro-3er-pack-48-gr","status":"publish","type":"product","link":"https:\/\/gigistravelworld.de\/fr\/colostrum-pro-3er-pack-48-gr\/","title":{"rendered":"Colostrum Pro | Lot de 3, 48 tailles"},"content":{"rendered":"<div id=\"headingOne\" class=\"panel-heading\" role=\"tab\">\n<h4 class=\"panel-title\">Description<\/h4>\n<\/div>\n<div id=\"collapseOne\" class=\"panel-collapse collapse in\" role=\"tabpanel\" aria-labelledby=\"headingOne\">\n<div class=\"panel-body rtddbr\">\n<p><strong>Colostrum Pro<\/strong>\u00a0Vegas Vital combine le mythe du soi-disant premier lait,<\/p>\n<p>qui est pr\u00e9sente dans le lait des vaches pendant seulement 24 \u00e0 72 heures maximum apr\u00e8s la naissance du veau,<\/p>\n<p>avec les propri\u00e9t\u00e9s positives du complexe vitaminique B.<br \/>\nLa vitamine B6 contenue dans notre Colostrum Pro contribue au fonctionnement normal du syst\u00e8me nerveux.,<\/p>\n<p>contribue \u00e0 la r\u00e9duction de la fatigue et \u00e0 un m\u00e9tabolisme \u00e9nerg\u00e9tique normal.<\/p>\n<p>La vitamine B2 aide \u00e0 prot\u00e9ger les cellules du stress oxydatif, tandis que la vitamine B12 joue un r\u00f4le dans la division cellulaire.<\/p>\n<p>La vitamine B5 (acide pantoth\u00e9nique) contribue \u00e0 des performances cognitives normales. Notre produit est donc particuli\u00e8rement appr\u00e9ci\u00e9 des personnes intellectuellement tr\u00e8s actives.,<\/p>\n<p>qui sont expos\u00e9s \u00e0 une pression particuli\u00e8re en mati\u00e8re de performance dans leur vie quotidienne.<\/p>\n<p>&nbsp;<\/p>\n<p>\u2013\u00a0\u00a0\u00a0\u00a0\u00a0\u00a0<strong>Contribue au m\u00e9tabolisme \u00e9nerg\u00e9tique normal<sup>1,3<\/sup><\/strong><\/p>\n<p>\u2013\u00a0\u00a0\u00a0\u00a0\u00a0\u00a0<strong>Contribue au fonctionnement normal du syst\u00e8me nerveux<sup>3<\/sup><\/strong><\/p>\n<p>\u2013\u00a0\u00a0\u00a0\u00a0\u00a0\u00a0<strong>Contribue \u00e0 prot\u00e9ger les cellules du stress oxydatif<sup>1<\/sup><\/strong><\/p>\n<p>\u2013\u00a0\u00a0\u00a0\u00a0\u00a0\u00a0<strong>Contribue \u00e0 r\u00e9duire la fatigue.<sup>1,3<\/sup><\/strong><\/p>\n<p>\u2013\u00a0\u00a0\u00a0\u00a0\u00a0\u00a0<strong>CONTRIBUE AU FONCTIONNEMENT MENTAL NORMAL<sup>4<\/sup><\/strong><\/p>\n<p>\u2013\u00a0\u00a0\u00a0\u00a0\u00a0\u00a0<strong>CONTRIBUE \u00c0 DES PERFORMANCES MENTALES NORMALES<sup>2<\/sup><\/strong><\/p>\n<p><sup>1<\/sup>Riboflavine (Vitamine B2) |\u00a0<sup>2<\/sup>Acide pantoth\u00e9nique (vitamine B5) |\u00a0<sup>3<\/sup>Vitamine B6 |\u00a0<sup>4<\/sup>Vitamine B1<\/p>\n<\/div>\n<\/div>\n<p>&nbsp;<\/p>\n<div id=\"headingTwo\" class=\"panel-heading\" role=\"tab\">\n<h4 class=\"panel-title\">Description de l&#039;application<\/h4>\n<\/div>\n<div id=\"collapseTwo\" class=\"panel-collapse collapse in\" role=\"tabpanel\" aria-labelledby=\"headingTwo\" aria-expanded=\"true\">\n<div class=\"panel-body rtddbr\"><span class=\"fontstyle0\"><strong>Apport recommand\u00e9<\/strong><br \/>\n<\/span><span class=\"fontstyle2\">2 g\u00e9lules par jour<\/span><\/div>\n<\/div>","protected":false},"excerpt":{"rendered":"<p><strong>Prix sp\u00e9cial !<\/strong><br \/>\nAu colostrum, aux extraits de plantes, aux vitamines et aux min\u00e9raux, sans gluten<\/p>","protected":false},"featured_media":503,"template":"","meta":{"_et_pb_use_builder":"","_et_pb_old_content":"","_et_gb_content_width":""},"product_brand":[63],"product_cat":[161,143,159],"product_tag":[],"class_list":{"0":"post-3274","1":"product","2":"type-product","3":"status-publish","4":"has-post-thumbnail","6":"product_brand-vegas-cosmetics-gmbh","7":"product_cat-colostrum-pro","8":"product_cat-nahrungsergaenzungsmittel-vitamine","9":"product_cat-stress-mentales-wohlbefinden","11":"first","12":"instock","13":"shipping-taxable","14":"product-type-external"},"_links":{"self":[{"href":"https:\/\/gigistravelworld.de\/fr\/wp-json\/wp\/v2\/product\/3274","targetHints":{"allow":["GET"]}}],"collection":[{"href":"https:\/\/gigistravelworld.de\/fr\/wp-json\/wp\/v2\/product"}],"about":[{"href":"https:\/\/gigistravelworld.de\/fr\/wp-json\/wp\/v2\/types\/product"}],"wp:featuredmedia":[{"embeddable":true,"href":"https:\/\/gigistravelworld.de\/fr\/wp-json\/wp\/v2\/media\/503"}],"wp:attachment":[{"href":"https:\/\/gigistravelworld.de\/fr\/wp-json\/wp\/v2\/media?parent=3274"}],"wp:term":[{"taxonomy":"product_brand","embeddable":true,"href":"https:\/\/gigistravelworld.de\/fr\/wp-json\/wp\/v2\/product_brand?post=3274"},{"taxonomy":"product_cat","embeddable":true,"href":"https:\/\/gigistravelworld.de\/fr\/wp-json\/wp\/v2\/product_cat?post=3274"},{"taxonomy":"product_tag","embeddable":true,"href":"https:\/\/gigistravelworld.de\/fr\/wp-json\/wp\/v2\/product_tag?post=3274"}],"curies":[{"name":"wp","href":"https:\/\/api.w.org\/{rel}","templated":true}]}}