{"id":3273,"date":"2025-08-23T20:54:58","date_gmt":"2025-08-23T18:54:58","guid":{"rendered":"https:\/\/gigistravelworld.de\/?post_type=product&#038;p=3273"},"modified":"2026-02-03T19:42:08","modified_gmt":"2026-02-03T18:42:08","slug":"hyaluron-3er-pack","status":"publish","type":"product","link":"https:\/\/gigistravelworld.de\/fr\/hyaluron-3er-pack\/","title":{"rendered":"Acide hyaluronique | Lot de 3"},"content":{"rendered":"<div id=\"headingOne\" class=\"panel-heading\" role=\"tab\">\n<h4 class=\"panel-title\">Description<\/h4>\n<\/div>\n<div id=\"collapseOne\" class=\"panel-collapse collapse in\" role=\"tabpanel\" aria-labelledby=\"headingOne\">\n<div class=\"panel-body rtddbr\">\n<p><strong>acide hyaluronique\u00a0<\/strong>Il s&#039;agit d&#039;une substance produite naturellement par l&#039;organisme. Elle est principalement produite par les fibroblastes et d&#039;autres cellules sp\u00e9cialis\u00e9es du tissu conjonctif.<\/p>\n<p>D&#039;un point de vue chimique, l&#039;acide hyaluronique est constitu\u00e9 d&#039;une cha\u00eene de mol\u00e9cules de sucre et est \u00e9galement connu sous le nom de glycosaminoglycane.<\/p>\n<p>La peau contient une grande proportion d&#039;acide hyaluronique.<\/p>\n<p>Cette substance, gr\u00e2ce \u00e0 ses propri\u00e9t\u00e9s de r\u00e9tention d&#039;eau, est \u00e9galement un composant du liquide synovial.<\/p>\n<p>Vegas Hyaluron est obtenu \u00e0 partir de composants v\u00e9g\u00e9taux gr\u00e2ce \u00e0 un proc\u00e9d\u00e9 de fermentation brevet\u00e9.,<\/p>\n<p>Cela garantit une excellente absorption des mol\u00e9cules d&#039;acide hyaluronique par l&#039;organisme.<\/p>\n<p>De plus, ce proc\u00e9d\u00e9 de fabrication garantit qu&#039;aucun ingr\u00e9dient d&#039;origine animale n&#039;est utilis\u00e9 !<\/p>\n<p><strong>INGR\u00c9DIENT ACTIF MSM :<\/strong><br \/>\nLe MSM (m\u00e9thylsulfonylm\u00e9thane) est la forme organique du soufre. Il est tr\u00e8s bien absorb\u00e9 par l&#039;organisme et se trouve dans les fruits et l\u00e9gumes frais.,<\/p>\n<p>On trouve \u00e9galement du soufre dans les produits de la mer. Dans l&#039;organisme, il intervient notamment dans la production d&#039;enzymes, d&#039;anticorps, d&#039;acides amin\u00e9s et de glutathion.<\/p>\n<p><strong>INGR\u00c9DIENT ACTIF : EXTRAIT DE MOULES \u00c0 L\u00c8VRES VERTES :<\/strong><br \/>\nLes moules vertes contiennent des glycosaminoglycanes (compos\u00e9s de sucres amin\u00e9s \u00e0 longue cha\u00eene).<\/p>\n<p>Ces substances, sous forme d&#039;acide hyaluronique, se retrouvent \u00e9galement dans les articulations et le cartilage, o\u00f9 elles jouent le r\u00f4le de \u201c lubrifiant biologique \u201d.<\/p>\n<\/div>\n<\/div>\n<p>&nbsp;<\/p>\n<div id=\"headingTwo\" class=\"panel-heading\" role=\"tab\">\n<h4 class=\"panel-title\">Description de l&#039;application<\/h4>\n<\/div>\n<div id=\"collapseTwo\" class=\"panel-collapse collapse in\" role=\"tabpanel\" aria-labelledby=\"headingTwo\" aria-expanded=\"true\">\n<div class=\"panel-body rtddbr\"><span class=\"fontstyle0\"><strong>Apport recommand\u00e9 :<\/strong><br \/>\n<\/span><span class=\"fontstyle2\">2 g\u00e9lules par jour<\/span><\/div>\n<\/div>","protected":false},"excerpt":{"rendered":"<p><strong>Prix sp\u00e9cial !\u00a0<\/strong><\/p>\n<p>\u00c0 base de poudre de graines de grenade, d&#039;acide hyaluronique, de moules vertes et de m\u00e9thylsulfonylm\u00e9thane (MSM). Sans gluten.<\/p>","protected":false},"featured_media":502,"template":"","meta":{"_et_pb_use_builder":"","_et_pb_old_content":"","_et_gb_content_width":""},"product_brand":[63],"product_cat":[168,162,143],"product_tag":[],"class_list":{"0":"post-3273","1":"product","2":"type-product","3":"status-publish","4":"has-post-thumbnail","6":"product_brand-vegas-cosmetics-gmbh","7":"product_cat-hyaluron","8":"product_cat-komfort-und-wohlbefinden-nahrungsergaenzungsmittel-vitamine","9":"product_cat-nahrungsergaenzungsmittel-vitamine","11":"first","12":"instock","13":"shipping-taxable","14":"product-type-external"},"_links":{"self":[{"href":"https:\/\/gigistravelworld.de\/fr\/wp-json\/wp\/v2\/product\/3273","targetHints":{"allow":["GET"]}}],"collection":[{"href":"https:\/\/gigistravelworld.de\/fr\/wp-json\/wp\/v2\/product"}],"about":[{"href":"https:\/\/gigistravelworld.de\/fr\/wp-json\/wp\/v2\/types\/product"}],"wp:featuredmedia":[{"embeddable":true,"href":"https:\/\/gigistravelworld.de\/fr\/wp-json\/wp\/v2\/media\/502"}],"wp:attachment":[{"href":"https:\/\/gigistravelworld.de\/fr\/wp-json\/wp\/v2\/media?parent=3273"}],"wp:term":[{"taxonomy":"product_brand","embeddable":true,"href":"https:\/\/gigistravelworld.de\/fr\/wp-json\/wp\/v2\/product_brand?post=3273"},{"taxonomy":"product_cat","embeddable":true,"href":"https:\/\/gigistravelworld.de\/fr\/wp-json\/wp\/v2\/product_cat?post=3273"},{"taxonomy":"product_tag","embeddable":true,"href":"https:\/\/gigistravelworld.de\/fr\/wp-json\/wp\/v2\/product_tag?post=3273"}],"curies":[{"name":"wp","href":"https:\/\/api.w.org\/{rel}","templated":true}]}}