{"id":3272,"date":"2025-08-23T20:54:57","date_gmt":"2025-08-23T18:54:57","guid":{"rendered":"https:\/\/gigistravelworld.de\/?post_type=product&#038;p=3272"},"modified":"2026-02-03T19:36:36","modified_gmt":"2026-02-03T18:36:36","slug":"import-placeholder-for-150","status":"publish","type":"product","link":"https:\/\/gigistravelworld.de\/fr\/import-placeholder-for-150\/","title":{"rendered":"Ciste Incanus | G\u00e9lules | paquet de 3"},"content":{"rendered":"<div id=\"headingOne\" class=\"panel-heading\" role=\"tab\">\n<h4 class=\"panel-title\">Description<\/h4>\n<\/div>\n<div id=\"collapseOne\" class=\"panel-collapse collapse in\" role=\"tabpanel\" aria-labelledby=\"headingOne\">\n<div class=\"panel-body rtddbr\">\n<p><strong>Le Ciste Incanus<\/strong>, \u00e9galement appel\u00e9 ciste \u00e0 cheveux gris ou cystus,<\/p>\n<p>Il pousse principalement sur la p\u00e9ninsule grecque de Chalcidique.<\/p>\n<p>La sous-esp\u00e8ce Cistus Incanus ssp. Tauricus est consid\u00e9r\u00e9e comme l&#039;une des plantes comestibles les plus riches en polyph\u00e9nols d&#039;Europe.<\/p>\n<p>On consomme souvent cette plante en infusion ou en d\u00e9coction. Boire du th\u00e9 est une habitude quotidienne \u00e0 Chalcidique.<\/p>\n<p>Ciste Incanus ssp. Tauricus a re\u00e7u le prix \u201c Plante d&#039;Europe 1999 \u201c.<\/p>\n<p>Elle a \u00e9t\u00e9 et continue d&#039;\u00eatre \u00e9tudi\u00e9e dans de nombreuses universit\u00e9s et instituts allemands.<\/p>\n<p>Il existe une abondante litt\u00e9rature sur cette plante merveilleuse.<\/p>\n<ul>\n<li><span class=\"fontstyle0\"><strong>Contribue \u00e0 prot\u00e9ger les cellules du stress oxydatif<\/strong><sup><strong>1<\/strong><\/sup><\/span><\/li>\n<\/ul>\n<p><sup>1<\/sup>Vitamine E<\/p>\n<\/div>\n<\/div>\n<p>&nbsp;<\/p>\n<div id=\"headingTwo\" class=\"panel-heading\" role=\"tab\">\n<h4 class=\"panel-title\">Description de l&#039;application<\/h4>\n<\/div>\n<div id=\"collapseTwo\" class=\"panel-collapse collapse in\" role=\"tabpanel\" aria-labelledby=\"headingTwo\" aria-expanded=\"true\">\n<div class=\"panel-body rtddbr\"><span class=\"fontstyle0\"><strong>Apport recommand\u00e9 :<\/strong><br \/>\n<\/span><span class=\"fontstyle2\">2 g\u00e9lules par jour<\/span><\/div>\n<\/div>","protected":false},"excerpt":{"rendered":"<p><strong>Prix sp\u00e9cial<\/strong><\/p>\n<p>\u00c0 base de poudre de ciste et de vitamine E. Sans gluten et v\u00e9g\u00e9talien.<\/p>","protected":false},"featured_media":501,"template":"","meta":{"_et_pb_use_builder":"","_et_pb_old_content":"","_et_gb_content_width":""},"product_brand":[63],"product_cat":[167,162,143],"product_tag":[],"class_list":{"0":"post-3272","1":"product","2":"type-product","3":"status-publish","4":"has-post-thumbnail","6":"product_brand-vegas-cosmetics-gmbh","7":"product_cat-antioxidans","8":"product_cat-komfort-und-wohlbefinden-nahrungsergaenzungsmittel-vitamine","9":"product_cat-nahrungsergaenzungsmittel-vitamine","11":"first","12":"instock","13":"shipping-taxable","14":"product-type-external"},"_links":{"self":[{"href":"https:\/\/gigistravelworld.de\/fr\/wp-json\/wp\/v2\/product\/3272","targetHints":{"allow":["GET"]}}],"collection":[{"href":"https:\/\/gigistravelworld.de\/fr\/wp-json\/wp\/v2\/product"}],"about":[{"href":"https:\/\/gigistravelworld.de\/fr\/wp-json\/wp\/v2\/types\/product"}],"wp:featuredmedia":[{"embeddable":true,"href":"https:\/\/gigistravelworld.de\/fr\/wp-json\/wp\/v2\/media\/501"}],"wp:attachment":[{"href":"https:\/\/gigistravelworld.de\/fr\/wp-json\/wp\/v2\/media?parent=3272"}],"wp:term":[{"taxonomy":"product_brand","embeddable":true,"href":"https:\/\/gigistravelworld.de\/fr\/wp-json\/wp\/v2\/product_brand?post=3272"},{"taxonomy":"product_cat","embeddable":true,"href":"https:\/\/gigistravelworld.de\/fr\/wp-json\/wp\/v2\/product_cat?post=3272"},{"taxonomy":"product_tag","embeddable":true,"href":"https:\/\/gigistravelworld.de\/fr\/wp-json\/wp\/v2\/product_tag?post=3272"}],"curies":[{"name":"wp","href":"https:\/\/api.w.org\/{rel}","templated":true}]}}