{"id":3271,"date":"2025-08-23T20:54:51","date_gmt":"2025-08-23T18:54:51","guid":{"rendered":"https:\/\/gigistravelworld.de\/?post_type=product&#038;p=3271"},"modified":"2026-03-08T17:00:59","modified_gmt":"2026-03-08T16:00:59","slug":"active-balance-3er-pack","status":"publish","type":"product","link":"https:\/\/gigistravelworld.de\/fr\/active-balance-3er-pack\/","title":{"rendered":"\u00c9quilibrez votre \u00e9quilibre acido-basique | Pack de 3 Active Balance"},"content":{"rendered":"<div id=\"headingOne\" class=\"panel-heading\" role=\"tab\">\n<p data-path-to-node=\"11\"><b data-path-to-node=\"11\" data-index-in-node=\"0\">\u00c9quilibrer votre \u00e9quilibre acido-basique : votre chemin vers une \u00e9nergie et un \u00e9quilibre renouvel\u00e9s<\/b> \u201e&quot;Souhaitez-vous <b data-path-to-node=\"11\" data-index-in-node=\"92\">\u00c9quilibrer l&#039;\u00e9quilibre acido-basique<\/b> Et enfin, se sentir vraiment bien dans sa peau ? Je ne connais que trop bien cette sensation : lors de mes voyages autour du monde, entre les a\u00e9roports stressants et les en-cas sur le pouce, mon corps perd souvent son \u00e9quilibre naturel. On se sent l\u00e9thargique, les muscles sont tendus et la concentration en p\u00e2tit.<\/p>\n<p data-path-to-node=\"12\">Dans mon univers du voyage, c&#039;est... <b data-path-to-node=\"12\" data-index-in-node=\"31\">Ensemble Active Balance 3 pi\u00e8ces<\/b> Ce qui a v\u00e9ritablement chang\u00e9 ma fa\u00e7on d&#039;aborder la r\u00e9cup\u00e9ration \u00e0 long terme, c&#039;est comme un petit nettoyage de printemps interne, particuli\u00e8rement appr\u00e9ciable apr\u00e8s des semaines intenses. Je ressens instantan\u00e9ment le retour de ma vitalit\u00e9 d\u00e8s que mon organisme cesse d&#039;\u00eatre acide. Faciles \u00e0 croquer, les comprim\u00e9s m&#039;accompagnent partout. <b data-path-to-node=\"12\" data-index-in-node=\"393\">Bien \u00e0 vous, Gigi<\/b>\u201c<\/p>\n<h2 data-path-to-node=\"15\">Pourquoi vous devriez \u00e9quilibrer votre \u00e9quilibre acido-basique maintenant<\/h2>\n<p data-path-to-node=\"16\">Un pH stable n&#039;est pas un luxe, mais une condition biologique indispensable \u00e0 la quasi-totalit\u00e9 des processus m\u00e9taboliques de notre organisme. <b data-path-to-node=\"16\" data-index-in-node=\"146\">\u00c9quilibrer l&#039;\u00e9quilibre acido-basique<\/b>, Nous soutenons directement le fonctionnement optimal de vos cellules. Le coffret Vegas Vital Active Balance n&#039;est pas une solution \u00e0 court terme, mais plut\u00f4t con\u00e7u comme une cure de 3 mois pour reconstituer durablement et efficacement les r\u00e9serves naturelles de votre corps.<\/p>\n<h3 data-path-to-node=\"17\">La sup\u00e9riorit\u00e9 des citrates sur les carbonates<\/h3>\n<p data-path-to-node=\"18\">Un point crucial expliquant pourquoi tant de gens <b data-path-to-node=\"18\" data-index-in-node=\"53\">\u00c9quilibrer l&#039;\u00e9quilibre acido-basique<\/b> Si vous souhaitez prendre des min\u00e9raux sans obtenir de r\u00e9sultats, cela tient \u00e0 leur qualit\u00e9. De nombreux compl\u00e9ments bon march\u00e9 contiennent des carbonates. Vegas Vital, en revanche, privil\u00e9gie syst\u00e9matiquement\u2026 <b data-path-to-node=\"18\" data-index-in-node=\"252\">citrates basiques<\/b> (comme le citrate de potassium et le citrate de calcium). L&#039;avantage\u00a0? Les citrates sont beaucoup mieux absorb\u00e9s par l&#039;organisme et n&#039;alourdissent pas le syst\u00e8me digestif. Ainsi, le soutien agit pr\u00e9cis\u00e9ment l\u00e0 o\u00f9 il est n\u00e9cessaire\u00a0: sur votre m\u00e9tabolisme.<\/p>\n<h3 data-path-to-node=\"19\">Les puissants ingr\u00e9dients actifs en d\u00e9tail<\/h3>\n<p data-path-to-node=\"20\">Au <b data-path-to-node=\"20\" data-index-in-node=\"7\">\u00c9quilibrer l&#039;\u00e9quilibre acido-basique<\/b> Pour fonctionner, l&#039;organisme a besoin d&#039;une interaction pr\u00e9cise de min\u00e9raux et d&#039;oligo-\u00e9l\u00e9ments\u00a0:<\/p>\n<ul data-path-to-node=\"21\">\n<li>\n<p data-path-to-node=\"21,0,0\"><b data-path-to-node=\"21,0,0\" data-index-in-node=\"0\">Zinc:<\/b> L&#039;\u00e9l\u00e9ment cl\u00e9 d&#039;un m\u00e9tabolisme acido-basique normal. Sans zinc, la r\u00e9gulation de l&#039;acidit\u00e9 est tout simplement impossible.<\/p>\n<\/li>\n<li>\n<p data-path-to-node=\"21,1,0\"><b data-path-to-node=\"21,1,0\" data-index-in-node=\"0\">Magn\u00e9sium et potassium :<\/b> Ces deux partenaires garantissent que vos muscles restent d\u00e9tendus m\u00eame en cas de stress et que votre syst\u00e8me nerveux fonctionne de mani\u00e8re stable.<\/p>\n<\/li>\n<li>\n<p data-path-to-node=\"21,2,0\"><b data-path-to-node=\"21,2,0\" data-index-in-node=\"0\">Vitamine C et s\u00e9l\u00e9nium :<\/b> Ils agissent comme un bouclier protecteur pour vos cellules contre le stress oxydatif \u2013 particuli\u00e8rement important si votre corps est affect\u00e9 par une acidification excessive.<\/p>\n<\/li>\n<li>\n<p data-path-to-node=\"21,3,0\"><b data-path-to-node=\"21,3,0\" data-index-in-node=\"0\">Chrome:<\/b> Un alli\u00e9 souvent sous-estim\u00e9 qui contribue au maintien d&#039;une glyc\u00e9mie normale et peut ainsi pr\u00e9venir les fringales.<\/p>\n<\/li>\n<\/ul>\n<h3 data-path-to-node=\"22\">Le cours de 3 mois : La durabilit\u00e9 est rentable<\/h3>\n<p data-path-to-node=\"23\">Pourquoi proposons-nous Active Balance en pack de 3\u00a0? La r\u00e9ponse est simple\u00a0: la r\u00e9g\u00e9n\u00e9ration cellulaire prend du temps. M\u00eame si vous constatez souvent une am\u00e9lioration de votre vitalit\u00e9 apr\u00e8s seulement quelques jours, le corps a besoin d\u2019environ 90\u00a0jours pour stabiliser pleinement ses r\u00e9serves min\u00e9rales dans les os et les tissus. Avec le pack de 3, vous b\u00e9n\u00e9ficiez non seulement d\u2019un apport significatif\u2026 <b data-path-to-node=\"23\" data-index-in-node=\"374\">Avantage de prix sup\u00e9rieur \u00e0 10 %<\/b>, mais aussi la s\u00e9curit\u00e9 de pouvoir terminer votre traitement sans interruption.<\/p>\n<p data-path-to-node=\"24\"><b data-path-to-node=\"24\" data-index-in-node=\"0\">Ingr\u00e9dients par dose journali\u00e8re (6 comprim\u00e9s)\u00a0:<\/b><\/p>\n<ul data-path-to-node=\"25\">\n<li>\n<p data-path-to-node=\"25,0,0\">Potassium : 1000 mg (50% VNR)<\/p>\n<\/li>\n<li>\n<p data-path-to-node=\"25,1,0\">Calcium : 300 mg (38% VNR)<\/p>\n<\/li>\n<li>\n<p data-path-to-node=\"25,2,0\">Magn\u00e9sium : 150 mg (40% VNR)<\/p>\n<\/li>\n<li>\n<p data-path-to-node=\"25,3,0\">Zinc : 7,2 mg (72% VNR)<\/p>\n<\/li>\n<li>\n<p data-path-to-node=\"25,4,0\">Vitamine C : 50 mg (62,51 TP3T VNR)<\/p>\n<\/li>\n<li>\n<p data-path-to-node=\"25,5,0\">Contient un pr\u00e9cieux extrait de fruit d&#039;orange am\u00e8re pour un apport suppl\u00e9mentaire en bioflavono\u00efdes.<\/p>\n<\/li>\n<\/ul>\n<h3 data-path-to-node=\"26\">FAQ \u2013 Questions sur le r\u00e9gime alcalin<\/h3>\n<p data-path-to-node=\"27\"><b data-path-to-node=\"27\" data-index-in-node=\"0\">Comment savoir que je dois \u00e9quilibrer mon \u00e9quilibre acido-basique ?<\/b> Les signes typiques peuvent inclure une fatigue persistante, des probl\u00e8mes de peau, des ongles cassants ou un manque d&#039;\u00e9nergie g\u00e9n\u00e9ral. Des crampes musculaires fr\u00e9quentes apr\u00e8s un effort l\u00e9ger peuvent \u00e9galement indiquer une acidose.<\/p>\n<p data-path-to-node=\"28\"><b data-path-to-node=\"28\" data-index-in-node=\"0\">Active Balance convient-il aux personnes souffrant d&#039;allergies\u00a0?<\/b> Oui, le produit est complet. <b data-path-to-node=\"28\" data-index-in-node=\"73\">sans gluten<\/b> et est produit sans colorants superflus. Il s&#039;int\u00e8gre donc parfaitement \u00e0 un mode de vie \u00e9coresponsable.<\/p>\n<\/div>","protected":false},"excerpt":{"rendered":"<p>Remettez-vous en pleine forme ! <b data-path-to-node=\"31\" data-index-in-node=\"37\">Pack de 3 Active Balance<\/b> (102,50 \u20ac) est votre formation professionnelle de 3 mois \u00e0 un prix avantageux. Des citrates de haute qualit\u00e9, au lieu de carbonates bon march\u00e9, vous aident \u00e0 am\u00e9liorer votre <b data-path-to-node=\"31\" data-index-in-node=\"195\">\u00c9quilibrer l&#039;\u00e9quilibre acido-basique<\/b> Pour \u00eatre en mesure de\u2026 Avec du zinc, du magn\u00e9sium et de la vitamine C pour moins de fatigue et plus d&#039;\u00e9nergie. Facile \u00e0 m\u00e2cher, id\u00e9al \u00e0 emporter. <b data-path-to-node=\"31\" data-index-in-node=\"356\">Commandez d\u00e8s maintenant chez Gigi !<\/b><\/p>","protected":false},"featured_media":500,"template":"","meta":{"_et_pb_use_builder":"","_et_pb_old_content":"","_et_gb_content_width":""},"product_brand":[63],"product_cat":[164,162,143,209],"product_tag":[],"class_list":{"0":"post-3271","1":"product","2":"type-product","3":"status-publish","4":"has-post-thumbnail","6":"product_brand-vegas-cosmetics-gmbh","7":"product_cat-alkalische-mineralien","8":"product_cat-komfort-und-wohlbefinden-nahrungsergaenzungsmittel-vitamine","9":"product_cat-nahrungsergaenzungsmittel-vitamine","10":"product_cat-vitality-power","12":"first","13":"instock","14":"shipping-taxable","15":"product-type-external"},"_links":{"self":[{"href":"https:\/\/gigistravelworld.de\/fr\/wp-json\/wp\/v2\/product\/3271","targetHints":{"allow":["GET"]}}],"collection":[{"href":"https:\/\/gigistravelworld.de\/fr\/wp-json\/wp\/v2\/product"}],"about":[{"href":"https:\/\/gigistravelworld.de\/fr\/wp-json\/wp\/v2\/types\/product"}],"wp:featuredmedia":[{"embeddable":true,"href":"https:\/\/gigistravelworld.de\/fr\/wp-json\/wp\/v2\/media\/500"}],"wp:attachment":[{"href":"https:\/\/gigistravelworld.de\/fr\/wp-json\/wp\/v2\/media?parent=3271"}],"wp:term":[{"taxonomy":"product_brand","embeddable":true,"href":"https:\/\/gigistravelworld.de\/fr\/wp-json\/wp\/v2\/product_brand?post=3271"},{"taxonomy":"product_cat","embeddable":true,"href":"https:\/\/gigistravelworld.de\/fr\/wp-json\/wp\/v2\/product_cat?post=3271"},{"taxonomy":"product_tag","embeddable":true,"href":"https:\/\/gigistravelworld.de\/fr\/wp-json\/wp\/v2\/product_tag?post=3271"}],"curies":[{"name":"wp","href":"https:\/\/api.w.org\/{rel}","templated":true}]}}