{"id":3267,"date":"2025-08-23T20:54:51","date_gmt":"2025-08-23T18:54:51","guid":{"rendered":"https:\/\/gigistravelworld.de\/?post_type=product&#038;p=3267"},"modified":"2026-02-03T16:25:38","modified_gmt":"2026-02-03T15:25:38","slug":"aloe-drink-natural-6er-pack-6-x-1-lt","status":"publish","type":"product","link":"https:\/\/gigistravelworld.de\/fr\/aloe-drink-natural-6er-pack-6-x-1-lt\/","title":{"rendered":"Boisson \u00e0 l&#039;aloe vera naturelle | Lot de 6 (6 x 1 litre)"},"content":{"rendered":"<div id=\"headingOne\" class=\"panel-heading\" role=\"tab\">\n<h4 class=\"panel-title\">Description<\/h4>\n<\/div>\n<div id=\"collapseOne\" class=\"panel-collapse collapse in\" role=\"tabpanel\" aria-labelledby=\"headingOne\">\n<div class=\"panel-body rtddbr\">\n<p><em>Les trois boissons Vegas Vital Aloe sont fabriqu\u00e9es \u00e0 partir d&#039;aloe vera cultiv\u00e9 exclusivement de mani\u00e8re biologique en Espagne.<\/em><\/p>\n<p><em>Des plants d&#039;alo\u00e8s de la vari\u00e9t\u00e9 Aloe Barbadensis Miller ont \u00e9t\u00e9 obtenus.<\/em><\/p>\n<p><em>et \u00e9galement produit en Espagne selon un proc\u00e9d\u00e9 de fabrication brevet\u00e9.<\/em><\/p>\n<p><em>Les labels biologiques appos\u00e9s sur notre boisson \u00e0 l&#039;aloe vera naturelle garantissent un produit 100 % biologique issu d&#039;une culture biologique contr\u00f4l\u00e9e.<\/em><\/p>\n<p><em>La qualit\u00e9 biologique de notre produit est r\u00e9guli\u00e8rement contr\u00f4l\u00e9e par le minist\u00e8re de l&#039;Agriculture comp\u00e9tent, conform\u00e9ment \u00e0 la r\u00e9glementation en vigueur.<\/em><br \/>\n<em>Contrairement aux jus d&#039;aloe vera classiques en poudre, notre produit est fra\u00eechement press\u00e9 \u00e0 100%.<\/em><\/p>\n<p><em>Les plants d&#039;aloe vera utilis\u00e9s pour nos produits sont issus de l&#039;agriculture biologique.,<\/em><\/p>\n<p><em>R\u00e9colt\u00e9e avec soin et transform\u00e9e dans les 24 heures.<\/em><\/p>\n<p><em>Nous garantissons \u00e9galement que toutes nos boissons \u00e0 l&#039;alo\u00e8s sont sans alo\u00efne.<\/em><\/p>\n<p>Notre\u00a0<strong>Gamme de produits \u00e0 l&#039;aloe vera<\/strong>\u00a0comprend un<\/p>\n<p>Boisson \u00e0 l&#039;aloe vera naturelle, compos\u00e9e \u00e0 99,801 % d&#039;Aloe Barbadensis, ainsi que d&#039;un<\/p>\n<p>Boisson au miel et \u00e0 l&#039;aloe vera, contenant 5 % de miel de fleurs %. Notre gamme de produits est compl\u00e9t\u00e9e par notre<\/p>\n<p>Boisson \u00e0 l&#039;alo\u00e8s et au graviola. Le nom \u201e\u00a0gravoliola\u00a0\u201c (Annona muricata) fait r\u00e9f\u00e9rence \u00e0 un arbre particulier,<\/p>\n<p>qui est originaire d&#039;Am\u00e9rique du Sud, tout comme son fruit.<\/p>\n<p>Le fruit du corossol est utilis\u00e9 comme source de nourriture par les peuples autochtones d&#039;Am\u00e9rique du Sud depuis des si\u00e8cles.,<\/p>\n<p>mais aussi appr\u00e9ci\u00e9e pour ses propri\u00e9t\u00e9s particuli\u00e8res, tr\u00e8s similaires \u00e0 celles de la plante d&#039;aloe vera.<\/p>\n<p>Diverses \u00e9tudes scientifiques men\u00e9es \u00e0 travers le monde ont confirm\u00e9 ces propri\u00e9t\u00e9s particuli\u00e8res du corossol.,<\/p>\n<p>de sorte qu&#039;une grande quantit\u00e9 de litt\u00e9rature existe sur le sujet.<\/p>\n<p><em>Nous avons utilis\u00e9 ces observations pour d\u00e9velopper notre boisson au graviola et cr\u00e9er un produit tr\u00e8s sp\u00e9cial.\u00a0<\/em><\/p>\n<ul>\n<li><span class=\"fontstyle0\"><strong>Cultiv\u00e9 et transform\u00e9 exclusivement en Europe<\/strong><\/span><\/li>\n<li><strong><span class=\"fontstyle0\">Sans colorants ni conservateurs artificiels, et sans alo\u00efne.\u00a0<\/span><\/strong><\/li>\n<li><strong><span class=\"fontstyle0\">Plantes d&#039;aloe vera cultiv\u00e9es biologiquement\u00a0<\/span><\/strong><\/li>\n<li><strong>Sans gluten<\/strong><\/li>\n<li><strong>V\u00e9gan<\/strong><\/li>\n<\/ul>\n<\/div>\n<\/div>\n<p>&nbsp;<\/p>\n<div id=\"headingTwo\" class=\"panel-heading\" role=\"tab\">\n<h4 class=\"panel-title\">Description de l&#039;application<\/h4>\n<\/div>\n<div id=\"collapseTwo\" class=\"panel-collapse collapse in\" role=\"tabpanel\" aria-labelledby=\"headingTwo\" aria-expanded=\"true\">\n<div class=\"panel-body rtddbr\"><strong>Apport recommand\u00e9 :<\/strong>\u00a03 x 30 ml par jour<\/div>\n<\/div>","protected":false},"excerpt":{"rendered":"<p><strong>Offre sp\u00e9ciale : Achetez-en 6, payez-en 5 !\u00a0<\/strong><br \/>\n99.80% Jus pur d&#039;Aloe Barbadensis Miller issu de l&#039;agriculture biologique. 100% Produit biologique.<\/p>","protected":false},"featured_media":483,"template":"","meta":{"_et_pb_use_builder":"","_et_pb_old_content":"","_et_gb_content_width":""},"product_brand":[63],"product_cat":[163,162,143],"product_tag":[],"class_list":{"0":"post-3267","1":"product","2":"type-product","3":"status-publish","4":"has-post-thumbnail","6":"product_brand-vegas-cosmetics-gmbh","7":"product_cat-aloe-drinks","8":"product_cat-komfort-und-wohlbefinden-nahrungsergaenzungsmittel-vitamine","9":"product_cat-nahrungsergaenzungsmittel-vitamine","11":"first","12":"instock","13":"shipping-taxable","14":"product-type-external"},"_links":{"self":[{"href":"https:\/\/gigistravelworld.de\/fr\/wp-json\/wp\/v2\/product\/3267","targetHints":{"allow":["GET"]}}],"collection":[{"href":"https:\/\/gigistravelworld.de\/fr\/wp-json\/wp\/v2\/product"}],"about":[{"href":"https:\/\/gigistravelworld.de\/fr\/wp-json\/wp\/v2\/types\/product"}],"wp:featuredmedia":[{"embeddable":true,"href":"https:\/\/gigistravelworld.de\/fr\/wp-json\/wp\/v2\/media\/483"}],"wp:attachment":[{"href":"https:\/\/gigistravelworld.de\/fr\/wp-json\/wp\/v2\/media?parent=3267"}],"wp:term":[{"taxonomy":"product_brand","embeddable":true,"href":"https:\/\/gigistravelworld.de\/fr\/wp-json\/wp\/v2\/product_brand?post=3267"},{"taxonomy":"product_cat","embeddable":true,"href":"https:\/\/gigistravelworld.de\/fr\/wp-json\/wp\/v2\/product_cat?post=3267"},{"taxonomy":"product_tag","embeddable":true,"href":"https:\/\/gigistravelworld.de\/fr\/wp-json\/wp\/v2\/product_tag?post=3267"}],"curies":[{"name":"wp","href":"https:\/\/api.w.org\/{rel}","templated":true}]}}