{"id":3266,"date":"2025-08-23T20:54:51","date_gmt":"2025-08-23T18:54:51","guid":{"rendered":"https:\/\/gigistravelworld.de\/?post_type=product&#038;p=3266"},"modified":"2026-02-03T16:06:58","modified_gmt":"2026-02-03T15:06:58","slug":"colostrum-pro-kapseln-48-gr","status":"publish","type":"product","link":"https:\/\/gigistravelworld.de\/fr\/colostrum-pro-kapseln-48-gr\/","title":{"rendered":"Colostrum Pro | Capsules 48 g"},"content":{"rendered":"<div id=\"headingOne\" class=\"panel-heading\" role=\"tab\">\n<h4 class=\"panel-title\">Description<\/h4>\n<\/div>\n<div id=\"collapseOne\" class=\"panel-collapse collapse in\" role=\"tabpanel\" aria-labelledby=\"headingOne\">\n<div class=\"panel-body rtddbr\">\n<p><strong>Colostrum Pro\u00a0<\/strong>Vegas Vital combine le mythe du soi-disant premier lait,<\/p>\n<p>qui est pr\u00e9sente dans le lait des vaches pendant seulement 24 \u00e0 72 heures maximum apr\u00e8s la naissance du veau,<\/p>\n<p>avec les propri\u00e9t\u00e9s positives du complexe vitaminique B.<br \/>\nLa vitamine B6 contenue dans notre Colostrum Pro contribue au fonctionnement normal du syst\u00e8me nerveux.,<\/p>\n<p>contribue \u00e0 la r\u00e9duction de la fatigue et \u00e0 un m\u00e9tabolisme \u00e9nerg\u00e9tique normal.<\/p>\n<p>La vitamine B2 aide \u00e0 prot\u00e9ger les cellules du stress oxydatif, tandis que la vitamine B12 joue un r\u00f4le dans la division cellulaire.<\/p>\n<p>La vitamine B5 (acide pantoth\u00e9nique) contribue \u00e0 des performances cognitives normales. Notre produit est donc particuli\u00e8rement appr\u00e9ci\u00e9 des personnes intellectuellement tr\u00e8s actives.,<\/p>\n<p>qui sont expos\u00e9s \u00e0 une pression particuli\u00e8re en mati\u00e8re de performance dans leur vie quotidienne.<\/p>\n<ul>\n<li><span class=\"fontstyle0\"><strong>Contribue au m\u00e9tabolisme \u00e9nerg\u00e9tique normal<sup>1,3<\/sup><\/strong><\/span><\/li>\n<li><span class=\"fontstyle0\"><strong>Contribue au fonctionnement normal du syst\u00e8me nerveux<sup>3<\/sup><\/strong><\/span><\/li>\n<li><span class=\"fontstyle0\"><strong>Contribue \u00e0 prot\u00e9ger les cellules du stress oxydatif<sup>1<\/sup><\/strong><\/span><\/li>\n<li><span class=\"fontstyle0\"><strong>Contribue \u00e0 r\u00e9duire la fatigue.<sup>1,3<\/sup><\/strong><\/span><\/li>\n<li><span class=\"fontstyle0\"><strong>CONTRIBUE AU FONCTIONNEMENT MENTAL NORMAL<sup>4<\/sup><\/strong><\/span><\/li>\n<li><span class=\"fontstyle0\"><strong>CONTRIBUE \u00c0 DES PERFORMANCES MENTALES NORMALES<\/strong><sup><strong>2<\/strong><\/sup><\/span><\/li>\n<\/ul>\n<p><sup>1<\/sup>Riboflavine (Vitamine B2) |\u00a0<sup>2<\/sup>Acide pantoth\u00e9nique (vitamine B5) |\u00a0<sup>3<\/sup>Vitamine B6 |\u00a0<sup>4<\/sup>Vitamine B12<\/p>\n<\/div>\n<\/div>\n<p>&nbsp;<\/p>\n<div id=\"headingTwo\" class=\"panel-heading\" role=\"tab\">\n<h4 class=\"panel-title\">Description de l&#039;application<\/h4>\n<\/div>\n<div id=\"collapseTwo\" class=\"panel-collapse collapse in\" role=\"tabpanel\" aria-labelledby=\"headingTwo\" aria-expanded=\"true\">\n<div class=\"panel-body rtddbr\"><span class=\"fontstyle0\"><strong>APPORT RECOMMAND\u00c9<\/strong><br \/>\n<\/span><span class=\"fontstyle2\">2 g\u00e9lules par jour<\/span><\/div>\n<\/div>","protected":false},"excerpt":{"rendered":"<p><strong>Avec du colostrum, des substances v\u00e9g\u00e9tales et des vitamines,<\/strong>\u00a0<strong>Sans gluten.<\/strong><\/p>","protected":false},"featured_media":482,"template":"","meta":{"_et_pb_use_builder":"","_et_pb_old_content":"","_et_gb_content_width":""},"product_brand":[63],"product_cat":[161,143,159],"product_tag":[],"class_list":{"0":"post-3266","1":"product","2":"type-product","3":"status-publish","4":"has-post-thumbnail","6":"product_brand-vegas-cosmetics-gmbh","7":"product_cat-colostrum-pro","8":"product_cat-nahrungsergaenzungsmittel-vitamine","9":"product_cat-stress-mentales-wohlbefinden","11":"first","12":"instock","13":"shipping-taxable","14":"product-type-external"},"_links":{"self":[{"href":"https:\/\/gigistravelworld.de\/fr\/wp-json\/wp\/v2\/product\/3266","targetHints":{"allow":["GET"]}}],"collection":[{"href":"https:\/\/gigistravelworld.de\/fr\/wp-json\/wp\/v2\/product"}],"about":[{"href":"https:\/\/gigistravelworld.de\/fr\/wp-json\/wp\/v2\/types\/product"}],"wp:featuredmedia":[{"embeddable":true,"href":"https:\/\/gigistravelworld.de\/fr\/wp-json\/wp\/v2\/media\/482"}],"wp:attachment":[{"href":"https:\/\/gigistravelworld.de\/fr\/wp-json\/wp\/v2\/media?parent=3266"}],"wp:term":[{"taxonomy":"product_brand","embeddable":true,"href":"https:\/\/gigistravelworld.de\/fr\/wp-json\/wp\/v2\/product_brand?post=3266"},{"taxonomy":"product_cat","embeddable":true,"href":"https:\/\/gigistravelworld.de\/fr\/wp-json\/wp\/v2\/product_cat?post=3266"},{"taxonomy":"product_tag","embeddable":true,"href":"https:\/\/gigistravelworld.de\/fr\/wp-json\/wp\/v2\/product_tag?post=3266"}],"curies":[{"name":"wp","href":"https:\/\/api.w.org\/{rel}","templated":true}]}}