{"id":3264,"date":"2025-08-23T20:54:51","date_gmt":"2025-08-23T18:54:51","guid":{"rendered":"https:\/\/gigistravelworld.de\/?post_type=product&#038;p=3264"},"modified":"2026-03-08T17:17:25","modified_gmt":"2026-03-08T16:17:25","slug":"active-balance","status":"publish","type":"product","link":"https:\/\/gigistravelworld.de\/fr\/active-balance\/","title":{"rendered":"\u00c9quilibrez votre \u00e9quilibre acido-basique | Active Balance (180 comprim\u00e9s)"},"content":{"rendered":"<div id=\"headingOne\" class=\"panel-heading\" role=\"tab\">\n<p data-path-to-node=\"14\"><b data-path-to-node=\"14\" data-index-in-node=\"0\">\u00c9quilibrer l&#039;\u00e9quilibre acido-basique : Mon alli\u00e9 quotidien pour une \u00e9nergie optimale<\/b> \u201e\u00a0Tous ceux qui me connaissent savent que je suis constamment en d\u00e9placement. Mais m\u00eame quand je ne suis pas en voyage autour du monde, la vie quotidienne a ses limites. Trop de caf\u00e9, le stress du travail, ou simplement une petite collation entre deux repas\u00a0: tout cela peut nous rendre un peu aigris.\u00a0\u201a.<\/p>\n<p data-path-to-node=\"15\">Si je devais dire mon <b data-path-to-node=\"15\" data-index-in-node=\"16\">\u00c9quilibrer l&#039;\u00e9quilibre acido-basique<\/b> Quand j&#039;ai besoin d&#039;un coup de pouce, je me tourne vers les comprim\u00e9s unidoses Active Balance. Ces 180 comprim\u00e9s \u00e0 croquer sont mon alli\u00e9 indispensable. J&#039;adore pouvoir les m\u00e2cher \u00e0 tout moment, sans avoir \u00e0 me soucier des verres d&#039;eau ou des poudres collantes. C&#039;est un vrai plaisir de refaire le plein de min\u00e9raux que mon corps perd \u00e0 cause du stress. Pour moi, c&#039;est un v\u00e9ritable atout pour ma qualit\u00e9 de vie, et \u00e7a tient dans la poche. <b data-path-to-node=\"15\" data-index-in-node=\"463\">Bien \u00e0 vous, Gigi<\/b>\u201c<\/p>\n<h2 data-path-to-node=\"18\">Pourquoi \u00e9quilibrer votre \u00e9quilibre acido-basique avec Active Balance ?<\/h2>\n<p data-path-to-node=\"19\">Un \u00e9tat int\u00e9rieur \u00e9quilibr\u00e9 est essentiel \u00e0 une v\u00e9ritable vitalit\u00e9. De nos jours, nous avons souvent tendance \u00e0 une acidification excessive, qui peut se manifester par de la fatigue ou un manque de motivation. Si nous prenons consciemment soin de notre <b data-path-to-node=\"19\" data-index-in-node=\"230\">\u00c9quilibrer l&#039;\u00e9quilibre acido-basique<\/b>, Nous donnons \u00e0 notre m\u00e9tabolisme les outils n\u00e9cessaires pour fonctionner \u00e0 nouveau de mani\u00e8re optimale. Avec Active Balance, Vegas Vital a cr\u00e9\u00e9 un produit qui impressionne par sa formule intelligente.<\/p>\n<h3 data-path-to-node=\"20\">Des citrates plut\u00f4t que des carbonates\u00a0: une qualit\u00e9 que vous pouvez sentir.<\/h3>\n<p data-path-to-node=\"21\">Le facteur d\u00e9cisif lors du choix de votre <b data-path-to-node=\"21\" data-index-in-node=\"41\">\u00c9quilibrer l&#039;\u00e9quilibre acido-basique<\/b> Ce que vous recherchez, c&#039;est la biodisponibilit\u00e9. Alors que de nombreux produits standards utilisent des carbonates bon march\u00e9, Vegas Vital utilise des carbonates de haute qualit\u00e9. <b data-path-to-node=\"21\" data-index-in-node=\"204\">Citrate<\/b> (comme le citrate de potassium, le citrate de calcium et le citrate de magn\u00e9sium). Les citrates sont des compos\u00e9s min\u00e9raux organiques beaucoup mieux absorb\u00e9s par l&#039;organisme et n&#039;irritent pas l&#039;estomac.<\/p>\n<h3 data-path-to-node=\"22\">Les ingr\u00e9dients cl\u00e9s en un coup d&#039;\u0153il<\/h3>\n<p data-path-to-node=\"23\">Au <b data-path-to-node=\"23\" data-index-in-node=\"7\">\u00c9quilibrer l&#039;\u00e9quilibre acido-basique<\/b> Pour y parvenir, Active Balance s&#039;appuie sur un large spectre de nutriments\u00a0:<\/p>\n<ul data-path-to-node=\"24\">\n<li>\n<p data-path-to-node=\"24,0,0\"><b data-path-to-node=\"24,0,0\" data-index-in-node=\"0\">Zinc (15 mg \/ 1501 TP3T VNR) :<\/b> Contribue au m\u00e9tabolisme acido-basique normal.<\/p>\n<\/li>\n<li>\n<p data-path-to-node=\"24,1,0\"><b data-path-to-node=\"24,1,0\" data-index-in-node=\"0\">Magn\u00e9sium:<\/b> Contribue \u00e0 r\u00e9duire la fatigue.<\/p>\n<\/li>\n<li>\n<p data-path-to-node=\"24,2,0\"><b data-path-to-node=\"24,2,0\" data-index-in-node=\"0\">Potassium et calcium :<\/b> Ils favorisent le fonctionnement normal des muscles.<\/p>\n<\/li>\n<li>\n<p data-path-to-node=\"24,3,0\"><b data-path-to-node=\"24,3,0\" data-index-in-node=\"0\">Chrome:<\/b> Contribue au maintien d&#039;une glyc\u00e9mie normale.<\/p>\n<\/li>\n<li>\n<p data-path-to-node=\"24,4,0\"><b data-path-to-node=\"24,4,0\" data-index-in-node=\"0\">Vitamine C et s\u00e9l\u00e9nium :<\/b> Elles prot\u00e8gent les cellules du stress oxydatif.<\/p>\n<\/li>\n<li>\n<p data-path-to-node=\"24,5,0\"><b data-path-to-node=\"24,5,0\" data-index-in-node=\"0\">extrait d&#039;orange am\u00e8re :<\/b> Fournit des bioflavono\u00efdes pr\u00e9cieux pour une \u00e9nergie v\u00e9g\u00e9tale accrue.<\/p>\n<\/li>\n<\/ul>\n<p data-path-to-node=\"25\"><b data-path-to-node=\"25\" data-index-in-node=\"0\">Recommandation d&#039;application\u00a0:<\/b> Pour des r\u00e9sultats optimaux, m\u00e2cher quotidiennement. <b data-path-to-node=\"25\" data-index-in-node=\"62\">6 comprim\u00e9s<\/b>. La bo\u00eete de 180 comprim\u00e9s est con\u00e7ue pour contenir exactement un mois de traitement.<\/p>\n<p data-path-to-node=\"25\">Pour un traitement \u00e0 long terme, je recommande directement notre [produit\/service] abordable. <a href=\"https:\/\/gigistravelworld.de\/fr\/vitality-power\/nahrungsergaenzungsmittel-vitamine\/komfort-und-wohlbefinden-nahrungsergaenzungsmittel-vitamine\/alkalische-mineralien\/active-balance-3er-pack\/\">Ensemble Active Balance 3 pi\u00e8ces<\/a>.<\/p>\n<\/div>","protected":false},"excerpt":{"rendered":"<p>Retrouvez votre \u00e9quilibre ! Avec le <b data-path-to-node=\"28\" data-index-in-node=\"39\">Active Balance dose unique<\/b> (37,50 \u20ac) vous pouvez utiliser efficacement votre <b data-path-to-node=\"28\" data-index-in-node=\"101\">\u00c9quilibrer l&#039;\u00e9quilibre acido-basique<\/b>. 180 comprim\u00e9s \u00e0 croquer riches en zinc, magn\u00e9sium et citrates. Sans gluten, sans carbonate et parfaits pour les d\u00e9placements. Un mois de vitalit\u00e9. <b data-path-to-node=\"28\" data-index-in-node=\"290\">Commandez d\u00e8s maintenant chez Gigi !<\/b><\/p>","protected":false},"featured_media":480,"template":"","meta":{"_et_pb_use_builder":"","_et_pb_old_content":"","_et_gb_content_width":""},"product_brand":[63],"product_cat":[164,162,143,209],"product_tag":[],"class_list":{"0":"post-3264","1":"product","2":"type-product","3":"status-publish","4":"has-post-thumbnail","6":"product_brand-vegas-cosmetics-gmbh","7":"product_cat-alkalische-mineralien","8":"product_cat-komfort-und-wohlbefinden-nahrungsergaenzungsmittel-vitamine","9":"product_cat-nahrungsergaenzungsmittel-vitamine","10":"product_cat-vitality-power","12":"first","13":"instock","14":"shipping-taxable","15":"product-type-external"},"_links":{"self":[{"href":"https:\/\/gigistravelworld.de\/fr\/wp-json\/wp\/v2\/product\/3264","targetHints":{"allow":["GET"]}}],"collection":[{"href":"https:\/\/gigistravelworld.de\/fr\/wp-json\/wp\/v2\/product"}],"about":[{"href":"https:\/\/gigistravelworld.de\/fr\/wp-json\/wp\/v2\/types\/product"}],"wp:featuredmedia":[{"embeddable":true,"href":"https:\/\/gigistravelworld.de\/fr\/wp-json\/wp\/v2\/media\/480"}],"wp:attachment":[{"href":"https:\/\/gigistravelworld.de\/fr\/wp-json\/wp\/v2\/media?parent=3264"}],"wp:term":[{"taxonomy":"product_brand","embeddable":true,"href":"https:\/\/gigistravelworld.de\/fr\/wp-json\/wp\/v2\/product_brand?post=3264"},{"taxonomy":"product_cat","embeddable":true,"href":"https:\/\/gigistravelworld.de\/fr\/wp-json\/wp\/v2\/product_cat?post=3264"},{"taxonomy":"product_tag","embeddable":true,"href":"https:\/\/gigistravelworld.de\/fr\/wp-json\/wp\/v2\/product_tag?post=3264"}],"curies":[{"name":"wp","href":"https:\/\/api.w.org\/{rel}","templated":true}]}}