{"id":3259,"date":"2025-08-23T20:54:51","date_gmt":"2025-08-23T18:54:51","guid":{"rendered":"https:\/\/gigistravelworld.de\/?post_type=product&#038;p=3259"},"modified":"2026-03-07T19:05:27","modified_gmt":"2026-03-07T18:05:27","slug":"premium-autoduft-holz-diffusor","status":"publish","type":"product","link":"https:\/\/gigistravelworld.de\/fr\/premium-autoduft-holz-diffusor\/","title":{"rendered":"D\u00e9sodorisant haut de gamme pour voiture avec diffuseur en bois | 4 parfums diff\u00e9rents | GTW"},"content":{"rendered":"<p data-path-to-node=\"11\"><b data-path-to-node=\"11\" data-index-in-node=\"0\">Votre parfum bien-\u00eatre personnel \u00e0 emporter partout<\/b> \u201e Tous ceux qui voyagent beaucoup le savent : le parfum dans la voiture influence l&#039;humeur pendant le trajet. Oubliez les sapins artificiels en plastique ! Les n\u00f4tres\u2026 \u00bb <b data-path-to-node=\"11\" data-index-in-node=\"183\">Parfum d&#039;ambiance pour voiture avec diffuseur naturel<\/b> apporte \u00e9l\u00e9gance et fra\u00eecheur \u00e0 votre v\u00e9hicule.<\/p>\n<p data-path-to-node=\"12\">Le secret r\u00e9side dans le bouchon en bois de haute qualit\u00e9, qui diffuse les huiles essentielles de fa\u00e7on douce et homog\u00e8ne. Que vous pr\u00e9f\u00e9riez la fra\u00eecheur l\u00e9g\u00e8re de <b data-path-to-node=\"12\" data-index-in-node=\"142\">Spa \u00e0 l&#039;alo\u00e8s<\/b>, les notes florales de <b data-path-to-node=\"12\" data-index-in-node=\"175\">Baie Verte<\/b>, l&#039;\u00e9pic\u00e9 <b data-path-to-node=\"12\" data-index-in-node=\"198\">Bois noir<\/b> ou la douce vanille de <b data-path-to-node=\"12\" data-index-in-node=\"237\">Douce brise<\/b> Pr\u00e9f\u00e9rez \u2013 chaque trajet devient un petit moment de bien-\u00eatre. Parfait pour les trajets quotidiens ou votre prochain grand road trip avec GTW.\u201c<\/p>\n<p data-path-to-node=\"18\"><strong>4 astuces pour une fra\u00eecheur optimale dans votre voiture<\/strong><\/p>\n<ul data-path-to-node=\"19\">\n<li>\n<p data-path-to-node=\"19,0,0\"><b data-path-to-node=\"19,0,0\" data-index-in-node=\"0\">1 \u2013 SPA \u00c0 L&#039;ALOE VERA :<\/b> Une fra\u00eecheur douce aux notes d&#039;agrumes et une pointe d&#039;aloe vera.<\/p>\n<\/li>\n<li>\n<p data-path-to-node=\"19,1,0\"><b data-path-to-node=\"19,1,0\" data-index-in-node=\"0\">2 \u2013 GREEN BAY :<\/b> Des notes florales associ\u00e9es \u00e0 des nuances acidul\u00e9es et fra\u00eeches.<\/p>\n<\/li>\n<li>\n<p data-path-to-node=\"19,2,0\"><b data-path-to-node=\"19,2,0\" data-index-in-node=\"0\">3 \u2013 BOIS NOIR :<\/b> Un m\u00e9lange raffin\u00e9 d&#039;\u00e9pices, de bois et d&#039;ar\u00f4mes de fruits.<\/p>\n<\/li>\n<li>\n<p data-path-to-node=\"19,3,0\"><b data-path-to-node=\"19,3,0\" data-index-in-node=\"0\">4 \u2013 UNE BELLE BRISE :<\/b> Agrumes verts sur un bouquet de mimosa \u00e0 la vanille.<\/p>\n<\/li>\n<\/ul>\n<p data-path-to-node=\"20\"><strong>Voici comment activer votre exp\u00e9rience olfactive<\/strong><\/p>\n<p data-path-to-node=\"21\">\u201eL&#039;application est incroyablement simple et naturelle\u00a0: il suffit de d\u00e9visser le bouchon, d&#039;enlever l&#039;opercule en plastique et de revisser le bouchon en bois. Retournez le flacon quelques secondes pour que le bois absorbe les huiles de haute qualit\u00e9. Le parfum se diffusera alors subtilement dans votre voiture. Pour raviver l&#039;intensit\u00e9, retournez simplement le flacon bri\u00e8vement \u00e0 intervalles r\u00e9guliers.\u201c<\/p>","protected":false},"excerpt":{"rendered":"<p>L&#039;\u00e9l\u00e9gance rencontre la fra\u00eecheur naturelle\u00a0! Notre d\u00e9sodorisant pour voiture (7\u00a0ml) avec diffuseur en bois v\u00e9ritable assure une diffusion subtile et durable du parfum dans votre v\u00e9hicule. Gr\u00e2ce \u00e0 des huiles de haute qualit\u00e9 et quatre fragrances exclusives, profitez d&#039;un ar\u00f4me raffin\u00e9 \u00e0 chaque trajet. Facile \u00e0 utiliser, \u00e9l\u00e9gant et enti\u00e8rement naturel, c&#039;est le compagnon id\u00e9al pour ceux qui appr\u00e9cient la qualit\u00e9, m\u00eame en voiture.<\/p>","protected":false},"featured_media":475,"template":"","meta":{"_et_pb_use_builder":"","_et_pb_old_content":"","_et_gb_content_width":""},"product_brand":[63],"product_cat":[22,31,197,195,80,210,29,70],"product_tag":[],"class_list":{"0":"post-3259","1":"product","2":"type-product","3":"status-publish","4":"has-post-thumbnail","6":"product_brand-vegas-cosmetics-gmbh","7":"product_cat-duefte","8":"product_cat-autoduft","9":"product_cat-autoduft-car-care","10":"product_cat-car-care","11":"product_cat-gigis-travel-world","12":"product_cat-home-style","13":"product_cat-vegas-ambience","14":"product_cat-wohnen-auto","16":"first","17":"instock","18":"shipping-taxable","19":"product-type-external"},"_links":{"self":[{"href":"https:\/\/gigistravelworld.de\/fr\/wp-json\/wp\/v2\/product\/3259","targetHints":{"allow":["GET"]}}],"collection":[{"href":"https:\/\/gigistravelworld.de\/fr\/wp-json\/wp\/v2\/product"}],"about":[{"href":"https:\/\/gigistravelworld.de\/fr\/wp-json\/wp\/v2\/types\/product"}],"wp:featuredmedia":[{"embeddable":true,"href":"https:\/\/gigistravelworld.de\/fr\/wp-json\/wp\/v2\/media\/475"}],"wp:attachment":[{"href":"https:\/\/gigistravelworld.de\/fr\/wp-json\/wp\/v2\/media?parent=3259"}],"wp:term":[{"taxonomy":"product_brand","embeddable":true,"href":"https:\/\/gigistravelworld.de\/fr\/wp-json\/wp\/v2\/product_brand?post=3259"},{"taxonomy":"product_cat","embeddable":true,"href":"https:\/\/gigistravelworld.de\/fr\/wp-json\/wp\/v2\/product_cat?post=3259"},{"taxonomy":"product_tag","embeddable":true,"href":"https:\/\/gigistravelworld.de\/fr\/wp-json\/wp\/v2\/product_tag?post=3259"}],"curies":[{"name":"wp","href":"https:\/\/api.w.org\/{rel}","templated":true}]}}