{"id":3258,"date":"2025-08-23T20:54:51","date_gmt":"2025-08-23T18:54:51","guid":{"rendered":"https:\/\/gigistravelworld.de\/?post_type=product&#038;p=3258"},"modified":"2026-01-25T20:21:17","modified_gmt":"2026-01-25T19:21:17","slug":"raumduft-mit-natuerlichem-diffusor-black-wood-150ml","status":"publish","type":"product","link":"https:\/\/gigistravelworld.de\/fr\/raumduft-mit-natuerlichem-diffusor-black-wood-150ml\/","title":{"rendered":"Parfum d&#039;ambiance avec diffuseur naturel \u2013 Bois Noir 150 ml"},"content":{"rendered":"<div id=\"headingOne\" class=\"panel-heading\" role=\"tab\">\n<h4 class=\"panel-title\"><a role=\"button\" href=\"https:\/\/www.vegascosmetics.de\/Products\/Details\/Scentdiffusorblackwood#collapseOne\" data-toggle=\"collapse\" data-parent=\"#accordion\" aria-expanded=\"true\" aria-controls=\"collapseOne\">Description<\/a><\/h4>\n<\/div>\n<div id=\"collapseOne\" class=\"panel-collapse collapse in\" role=\"tabpanel\" aria-labelledby=\"headingOne\">\n<div class=\"panel-body rtddbr\">\n<p>Diffuseur naturel utilisant des b\u00e2tonnets de rotin<\/p>\n<p>Parfum \u2013\u00a0<strong>BOIS NOIR :\u00a0<\/strong><br \/>\nUne combinaison d&#039;ar\u00f4mes floraux et fruit\u00e9s, bas\u00e9e sur la fusion d&#039;\u00e9pices sp\u00e9ciales et de bois aromatis\u00e9.<\/p>\n<p>Chaque diffuseur est fourni avec 5 tiges et 3 fleurs d\u00e9coratives. Les fleurs peuvent \u00eatre ajout\u00e9es ou retir\u00e9es selon les envies.<\/p>\n<\/div>\n<\/div>\n<p>&nbsp;<\/p>\n<div id=\"headingTwo\" class=\"panel-heading\" role=\"tab\">\n<h4 class=\"panel-title\"><a class=\"\" role=\"button\" href=\"https:\/\/www.vegascosmetics.de\/Products\/Details\/Scentdiffusorblackwood#collapseTwo\" data-toggle=\"collapse\" data-parent=\"#accordion\" aria-expanded=\"true\" aria-controls=\"collapseTwo\">Description de l&#039;application<\/a><\/h4>\n<\/div>\n<div id=\"collapseTwo\" class=\"panel-collapse collapse in\" role=\"tabpanel\" aria-labelledby=\"headingTwo\" aria-expanded=\"true\">\n<div class=\"panel-body rtddbr\">Vous pouvez moduler l&#039;intensit\u00e9 du parfum en ajustant le nombre de tiges. Retournez les tiges tous les 3 \u00e0 4 jours pour intensifier le parfum.<br \/>\nNous vous souhaitons une exp\u00e9rience agr\u00e9able et relaxante dans une ambiance typique de Las Vegas !<\/div>\n<\/div>","protected":false},"excerpt":{"rendered":"<p>Des huiles de haute qualit\u00e9 pour une exp\u00e9rience olfactive longue dur\u00e9e.<\/p>","protected":false},"featured_media":474,"template":"","meta":{"_et_pb_use_builder":"","_et_pb_old_content":"","_et_gb_content_width":""},"product_brand":[63],"product_cat":[22,30,29],"product_tag":[],"class_list":{"0":"post-3258","1":"product","2":"type-product","3":"status-publish","4":"has-post-thumbnail","6":"product_brand-vegas-cosmetics-gmbh","7":"product_cat-duefte","8":"product_cat-diffusor","9":"product_cat-vegas-ambience","11":"first","12":"instock","13":"shipping-taxable","14":"product-type-external"},"_links":{"self":[{"href":"https:\/\/gigistravelworld.de\/fr\/wp-json\/wp\/v2\/product\/3258","targetHints":{"allow":["GET"]}}],"collection":[{"href":"https:\/\/gigistravelworld.de\/fr\/wp-json\/wp\/v2\/product"}],"about":[{"href":"https:\/\/gigistravelworld.de\/fr\/wp-json\/wp\/v2\/types\/product"}],"wp:featuredmedia":[{"embeddable":true,"href":"https:\/\/gigistravelworld.de\/fr\/wp-json\/wp\/v2\/media\/474"}],"wp:attachment":[{"href":"https:\/\/gigistravelworld.de\/fr\/wp-json\/wp\/v2\/media?parent=3258"}],"wp:term":[{"taxonomy":"product_brand","embeddable":true,"href":"https:\/\/gigistravelworld.de\/fr\/wp-json\/wp\/v2\/product_brand?post=3258"},{"taxonomy":"product_cat","embeddable":true,"href":"https:\/\/gigistravelworld.de\/fr\/wp-json\/wp\/v2\/product_cat?post=3258"},{"taxonomy":"product_tag","embeddable":true,"href":"https:\/\/gigistravelworld.de\/fr\/wp-json\/wp\/v2\/product_tag?post=3258"}],"curies":[{"name":"wp","href":"https:\/\/api.w.org\/{rel}","templated":true}]}}