{"id":3250,"date":"2025-08-23T20:54:51","date_gmt":"2025-08-23T18:54:51","guid":{"rendered":"https:\/\/gigistravelworld.de\/?post_type=product&#038;p=3250"},"modified":"2026-03-25T18:42:24","modified_gmt":"2026-03-25T17:42:24","slug":"reinigungsschwaemmchen-2er-pack-auswaschbar","status":"publish","type":"product","link":"https:\/\/gigistravelworld.de\/fr\/reinigungsschwaemmchen-2er-pack-auswaschbar\/","title":{"rendered":"\u00c9ponges nettoyantes, lot de 2 | D\u00e9maquillage doux et r\u00e9utilisables"},"content":{"rendered":"<h1 data-path-to-node=\"9\">\u00c9ponges nettoyantes, lot de 2\u00a0: L\u2019outil beaut\u00e9 indispensable pour une peau \u00e9clatante<\/h1>\n<p data-path-to-node=\"10\">Dans mon <a class=\"ng-star-inserted\" href=\"https:\/\/www.google.com\/search?q=https:\/\/gigistravelworld.de\/ueber-mich\/\" target=\"_blank\" rel=\"noopener\" data-hveid=\"0\" data-ved=\"0CAAQ_4QMahgKEwjTxsnutLuTAxUAAAAAHQAAAAAQ5wU\">Style de vie professionnel<\/a> \u00e0 <b data-path-to-node=\"10\" data-index-in-node=\"33\">Gigis Travel World<\/b> J&#039;ai appris que la pr\u00e9paration de la peau est primordiale. Quelle que soit la qualit\u00e9 de vos soins, si la peau n&#039;est pas propre, les actifs ne pourront pas p\u00e9n\u00e9trer. <b data-path-to-node=\"10\" data-index-in-node=\"224\">\u00c9ponges de nettoyage, lot de 2<\/b> Pour moi, c&#039;est l&#039;outil qui fait toute la diff\u00e9rence. Juste... <b data-path-to-node=\"10\" data-index-in-node=\"327\">7,50 \u20ac<\/b> Vous investissez ici dans un produit qui rendra votre routine de nettoyage plus efficace, plus douce et plus respectueuse de l&#039;environnement.<\/p>\n<h2 data-path-to-node=\"11\">Pourquoi le lot de 2 \u00e9ponges de nettoyage devrait se trouver dans chaque salle de bain<\/h2>\n<p data-path-to-node=\"12\">La peau du visage est sensible. Se d\u00e9maquiller uniquement avec les mains ou des serviettes r\u00eaches risque de provoquer des irritations ou de laisser des r\u00e9sidus dans les pores. <b data-path-to-node=\"12\" data-index-in-node=\"167\">\u00c9ponges de nettoyage, lot de 2<\/b> Voil\u00e0 la solution. La finesse des \u00e9ponges \u00e9pouse d\u00e9licatement les contours et atteint m\u00eame les zones difficiles d&#039;acc\u00e8s, comme les ailes du nez ou la racine des cheveux. En utilisant\u2026 <b data-path-to-node=\"12\" data-index-in-node=\"398\">\u00c9ponges de nettoyage, lot de 2<\/b> Vous assurez-vous de bien \u00e9liminer toute trace de fond de teint, d&#039;anti-cernes ou de cr\u00e8me solaire ?.<\/p>\n<h2 data-path-to-node=\"13\">L&#039;alliance de la durabilit\u00e9 et de la fonctionnalit\u00e9 : lavable et r\u00e9sistant<\/h2>\n<p data-path-to-node=\"14\">Un avantage consid\u00e9rable de <b data-path-to-node=\"14\" data-index-in-node=\"25\">\u00c9ponges de nettoyage, lot de 2<\/b> L&#039;aspect environnemental est important. Nous produisons chaque jour d&#039;\u00e9normes quantit\u00e9s de d\u00e9chets \u00e0 cause des produits \u00e0 usage unique. <b data-path-to-node=\"14\" data-index-in-node=\"148\">\u00c9ponges de nettoyage, lot de 2<\/b> brise ce cycle. Puisque chaque \u00e9ponge dans <b data-path-to-node=\"14\" data-index-in-node=\"228\">\u00c9ponges de nettoyage, lot de 2<\/b> aucun probl\u00e8me <b data-path-to-node=\"14\" data-index-in-node=\"270\">lavable<\/b> Gr\u00e2ce \u00e0 sa grande durabilit\u00e9, vous pouvez la r\u00e9utiliser \u00e0 maintes reprises pendant longtemps. Cela permet non seulement de pr\u00e9server l&#039;environnement, mais aussi de r\u00e9aliser des \u00e9conomies \u00e0 long terme. Apr\u00e8s utilisation, il suffit de rincer l&#039;\u00e9ponge \u00e0 l&#039;eau ti\u00e8de savonneuse, de la laisser s\u00e9cher \u00e0 l&#039;air libre, et elle est pr\u00eate pour la prochaine utilisation.<\/p>\n<h2 data-path-to-node=\"15\">La synergie parfaite avec votre routine de soins de la peau<\/h2>\n<p data-path-to-node=\"16\">Le <b data-path-to-node=\"16\" data-index-in-node=\"4\">\u00c9ponges de nettoyage, lot de 2<\/b> est le partenaire id\u00e9al de mes autres best-sellers. Par exemple, si vous... <a class=\"ng-star-inserted\" href=\"https:\/\/www.google.com\/search?q=https:\/\/gigistravelworld.de\/beauty-care\/reinigung\/q10-mizellenwasser-200ml\/\" target=\"_blank\" rel=\"noopener\" data-hveid=\"0\" data-ved=\"0CAAQ_4QMahgKEwjTxsnutLuTAxUAAAAAHQAAAAAQ6AU\">Eau micellaire Q10<\/a> Si vous l&#039;utilisez, vous pouvez <b data-path-to-node=\"16\" data-index-in-node=\"153\">\u00c9ponges de nettoyage, lot de 2<\/b> Humidifiez l\u00e9g\u00e8rement et appliquez l&#039;eau micellaire directement dessus. Convient \u00e9galement pour laver nos <a class=\"ng-star-inserted\" href=\"https:\/\/www.google.com\/search?q=https:\/\/gigistravelworld.de\/beauty-care\/pflege\/aloe-vera-handseife-peeling\/\" target=\"_blank\" rel=\"noopener\" data-hveid=\"0\" data-ved=\"0CAAQ_4QMahgKEwjTxsnutLuTAxUAAAAAHQAAAAAQ6QU\">Savon et gommage pour les mains \u00e0 l&#039;aloe vera<\/a>, Si jamais vous l&#039;utilisez pour un gommage corporel doux, c&#039;est... <b data-path-to-node=\"16\" data-index-in-node=\"368\">\u00c9ponges de nettoyage, lot de 2<\/b> Id\u00e9alement adapt\u00e9. Le doux mouvement m\u00e9canique des \u00e9ponges exfolie la peau en douceur, donnant instantan\u00e9ment au teint un aspect plus frais.<\/p>\n<h2 data-path-to-node=\"17\">Conseils d&#039;utilisation pour votre \u00e9ponge de nettoyage (lot de 2)<\/h2>\n<p data-path-to-node=\"18\">Pour que vous puissiez profiter de votre <b data-path-to-node=\"18\" data-index-in-node=\"32\">\u00c9ponges de nettoyage, lot de 2<\/b> Voici mes conseils professionnels tir\u00e9s de <b data-path-to-node=\"18\" data-index-in-node=\"100\">Gigis Travel World<\/b>:<\/p>\n<ol start=\"1\" data-path-to-node=\"19\">\n<li>\n<p data-path-to-node=\"19,0,0\"><b data-path-to-node=\"19,0,0\" data-index-in-node=\"0\">Activer:<\/b> Trempez l&#039;\u00e9ponge hors du <b data-path-to-node=\"19,0,0\" data-index-in-node=\"43\">\u00c9ponges de nettoyage, lot de 2<\/b> Avant la premi\u00e8re utilisation, faites-le tremper bri\u00e8vement dans de l&#039;eau ti\u00e8de jusqu&#039;\u00e0 ce qu&#039;il soit souple et flexible.<\/p>\n<\/li>\n<li>\n<p data-path-to-node=\"19,1,0\"><b data-path-to-node=\"19,1,0\" data-index-in-node=\"0\">Faire le m\u00e9nage:<\/b> Appliquez votre produit nettoyant sur votre visage ou directement sur l&#039;\u00e9ponge. Effectuez des mouvements circulaires pour d\u00e9loger les r\u00e9sidus de maquillage.<\/p>\n<\/li>\n<li>\n<p data-path-to-node=\"19,2,0\"><b data-path-to-node=\"19,2,0\" data-index-in-node=\"0\">Retirer:<\/b> Utilisez ceci <b data-path-to-node=\"19,2,0\" data-index-in-node=\"20\">\u00c9ponges de nettoyage, lot de 2<\/b>, Pour retirer d\u00e9licatement les masques ou les gommages de la peau. Vous serez surpris de constater \u00e0 quel point cette m\u00e9thode est plus efficace qu&#039;un simple rin\u00e7age.<\/p>\n<\/li>\n<li>\n<p data-path-to-node=\"19,3,0\"><b data-path-to-node=\"19,3,0\" data-index-in-node=\"0\">Entretien des outils\u00a0:<\/b> Depuis lors <b data-path-to-node=\"19,3,0\" data-index-in-node=\"25\">\u00c9ponges de nettoyage, lot de 2<\/b> Comme il est lavable, il est conseill\u00e9 de le nettoyer soigneusement apr\u00e8s chaque utilisation. Une fois par semaine, vous pouvez \u00e9galement le laver en machine \u00e0 basse temp\u00e9rature, dans un filet \u00e0 linge.<\/p>\n<\/li>\n<\/ol>\n<h2 data-path-to-node=\"20\">Un fid\u00e8le compagnon de voyage<\/h2>\n<p data-path-to-node=\"21\">Pourquoi est-ce un <b data-path-to-node=\"21\" data-index-in-node=\"17\">\u00c9ponges de nettoyage, lot de 2<\/b>C&#039;est tr\u00e8s simple\u00a0: l&#039;un reste dans votre salle de bain \u00e0 la maison, l&#039;autre est toujours dans votre trousse de toilette de voyage. Ainsi, vous avez tout ce qu&#039;il vous faut en voyage. <b data-path-to-node=\"21\" data-index-in-node=\"181\">Gigis Travel World<\/b> Ayez toujours vos outils habituels \u00e0 port\u00e9e de main. Les \u00e9ponges sont ultra-l\u00e9g\u00e8res et prennent tr\u00e8s peu de place, tout en vous offrant la sensation d&#039;un spa professionnel o\u00f9 que vous soyez.<\/p>\n<h2 data-path-to-node=\"22\">Questions fr\u00e9quentes concernant le lot de 2 \u00e9ponges de nettoyage (FAQ)<\/h2>\n<ul data-path-to-node=\"23\">\n<li>\n<p data-path-to-node=\"23,0,0\"><b data-path-to-node=\"23,0,0\" data-index-in-node=\"0\">\u00c0 quelle fr\u00e9quence dois-je changer les \u00e9ponges du paquet de 2 \u00e9ponges de nettoyage\u00a0?<\/b> Bien qu&#039;elles soient lavables, pour des raisons d&#039;hygi\u00e8ne, nous recommandons que <b data-path-to-node=\"23,0,0\" data-index-in-node=\"157\">\u00c9ponges de nettoyage, lot de 2<\/b> \u00e0 remplacer par un nouveau jeu environ tous les 2 \u00e0 3 mois.<\/p>\n<\/li>\n<li>\n<p data-path-to-node=\"23,1,0\"><b data-path-to-node=\"23,1,0\" data-index-in-node=\"0\">Ces \u00e9ponges conviennent-elles aux peaux sensibles\u00a0?<\/b> Absolument. Le mat\u00e9riau dans <b data-path-to-node=\"23,1,0\" data-index-in-node=\"78\">\u00c9ponges de nettoyage, lot de 2<\/b> Il est extr\u00eamement doux et, utilis\u00e9 correctement (glissement d\u00e9licat, sans frottement agressif), ne provoque aucune irritation.<\/p>\n<\/li>\n<li>\n<p data-path-to-node=\"23,2,0\"><b data-path-to-node=\"23,2,0\" data-index-in-node=\"0\">Puis-je \u00e9galement utiliser le lot de 2 \u00e9ponges nettoyantes pour le maquillage waterproof\u00a0?<\/b> Oui, en combinaison avec un nettoyant \u00e0 base d&#039;huile adapt\u00e9 ou une eau micellaire, il dissout <b data-path-to-node=\"23,2,0\" data-index-in-node=\"163\">\u00c9ponges de nettoyage, lot de 2<\/b> M\u00eame les produits les plus r\u00e9calcitrants, avec facilit\u00e9.<\/p>\n<\/li>\n<\/ul>\n<h2 data-path-to-node=\"24\">Aper\u00e7u des donn\u00e9es produit\u00a0:<\/h2>\n<table data-path-to-node=\"25\">\n<thead>\n<tr>\n<td><strong>Caract\u00e9ristiques<\/strong><\/td>\n<td><strong>D\u00e9tails<\/strong><\/td>\n<\/tr>\n<\/thead>\n<tbody>\n<tr>\n<td><span data-path-to-node=\"25,1,0,0\"><b data-path-to-node=\"25,1,0,0\" data-index-in-node=\"0\">Nom du produit<\/b><\/span><\/td>\n<td><span data-path-to-node=\"25,1,1,0\"><b data-path-to-node=\"25,1,1,0\" data-index-in-node=\"0\">\u00c9ponges de nettoyage, lot de 2<\/b><\/span><\/td>\n<\/tr>\n<tr>\n<td><span data-path-to-node=\"25,2,0,0\"><b data-path-to-node=\"25,2,0,0\" data-index-in-node=\"0\">Contenu<\/b><\/span><\/td>\n<td><span data-path-to-node=\"25,2,1,0\">2 pi\u00e8ces par paquet<\/span><\/td>\n<\/tr>\n<tr>\n<td><span data-path-to-node=\"25,3,0,0\"><b data-path-to-node=\"25,3,0,0\" data-index-in-node=\"0\">mat\u00e9riel<\/b><\/span><\/td>\n<td><span data-path-to-node=\"25,3,1,0\">Mousse douce \u00e0 pores fins<\/span><\/td>\n<\/tr>\n<tr>\n<td><span data-path-to-node=\"25,4,0,0\"><b data-path-to-node=\"25,4,0,0\" data-index-in-node=\"0\">Soins<\/b><\/span><\/td>\n<td><span data-path-to-node=\"25,4,1,0\">Lavable et durable<\/span><\/td>\n<\/tr>\n<tr>\n<td><span data-path-to-node=\"25,5,0,0\"><b data-path-to-node=\"25,5,0,0\" data-index-in-node=\"0\">Prix<\/b><\/span><\/td>\n<td><span data-path-to-node=\"25,5,1,0\">7,50 \u20ac<\/span><\/td>\n<\/tr>\n<\/tbody>\n<\/table>","protected":false},"excerpt":{"rendered":"<p data-path-to-node=\"4\"><b data-path-to-node=\"4\" data-index-in-node=\"0\">Nettoyage en douceur, r\u00e9sultat impeccable : \u00c9ponges nettoyantes, lot de 2.<\/b><\/p>\n<p data-path-to-node=\"5\">Le duo parfait pour une sensation de peau pure ! Avec le <b data-path-to-node=\"5\" data-index-in-node=\"43\">\u00c9ponges de nettoyage, lot de 2<\/b> Se d\u00e9maquiller et prendre soin de son visage devient un jeu d&#039;enfant. Ces \u00e9ponges douces \u00e0 pores fins permettent d&#039;\u00e9liminer uniform\u00e9ment et en profondeur le maquillage et les r\u00e9sidus de masque sans irriter la peau. R\u00e9sistantes et faciles d&#039;utilisation, elles sont un vrai plaisir \u00e0 porter. <b data-path-to-node=\"5\" data-index-in-node=\"349\">lavable<\/b> Une alternative durable aux disques d\u00e9maquillants jetables en coton. Parfaite au quotidien, elle est indispensable dans toute trousse de toilette.<\/p>\n<ul data-path-to-node=\"6\">\n<li>\n<p data-path-to-node=\"6,0,0\">\u2705 <b data-path-to-node=\"6,0,0\" data-index-in-node=\"2\">Nettoyage efficace :<\/b> \u00c9limine les r\u00e9sidus de maquillage et les impuret\u00e9s en profondeur dans les pores.<\/p>\n<\/li>\n<li>\n<p data-path-to-node=\"6,1,0\">\u2705 <b data-path-to-node=\"6,1,0\" data-index-in-node=\"2\">Doux pour la peau :<\/b> Sa texture douce pr\u00e9vient les frottements inutiles et les rougeurs.<\/p>\n<\/li>\n<li>\n<p data-path-to-node=\"6,2,0\">\u2705 <b data-path-to-node=\"6,2,0\" data-index-in-node=\"2\">Durable:<\/b> Lavable et r\u00e9utilisable plusieurs fois.<\/p>\n<\/li>\n<li>\n<p data-path-to-node=\"6,3,0\">\u2705 <b data-path-to-node=\"6,3,0\" data-index-in-node=\"2\">Pack double :<\/b> Une \u00e9ponge pour la maison, une pour le sac de voyage.<\/p>\n<\/li>\n<li>\n<p data-path-to-node=\"6,4,0\">\u2705 <b data-path-to-node=\"6,4,0\" data-index-in-node=\"2\">Polyvalent:<\/b> Id\u00e9al pour d\u00e9maquiller, d\u00e9maquiller ou \u00e9liminer les masques nettoyants.<\/p>\n<\/li>\n<li>\n<p data-path-to-node=\"6,5,0\">\u2705 <b data-path-to-node=\"6,5,0\" data-index-in-node=\"2\">Prix : 7,50 \u20ac<\/b><\/p>\n<\/li>\n<\/ul>","protected":false},"featured_media":450,"template":"","meta":{"_et_pb_use_builder":"","_et_pb_old_content":"","_et_gb_content_width":""},"product_brand":[63],"product_cat":[60,117,73,208,78,141,53],"product_tag":[],"class_list":{"0":"post-3250","1":"product","2":"type-product","3":"status-publish","4":"has-post-thumbnail","6":"product_brand-vegas-cosmetics-gmbh","7":"product_cat-hautpflege","8":"product_cat-accessoires-hygiene","9":"product_cat-accessoires-makeup","10":"product_cat-beauty-care","11":"product_cat-hygiene","12":"product_cat-make-up-entferner","13":"product_cat-makeup","15":"first","16":"instock","17":"shipping-taxable","18":"product-type-external"},"_links":{"self":[{"href":"https:\/\/gigistravelworld.de\/fr\/wp-json\/wp\/v2\/product\/3250","targetHints":{"allow":["GET"]}}],"collection":[{"href":"https:\/\/gigistravelworld.de\/fr\/wp-json\/wp\/v2\/product"}],"about":[{"href":"https:\/\/gigistravelworld.de\/fr\/wp-json\/wp\/v2\/types\/product"}],"wp:featuredmedia":[{"embeddable":true,"href":"https:\/\/gigistravelworld.de\/fr\/wp-json\/wp\/v2\/media\/450"}],"wp:attachment":[{"href":"https:\/\/gigistravelworld.de\/fr\/wp-json\/wp\/v2\/media?parent=3250"}],"wp:term":[{"taxonomy":"product_brand","embeddable":true,"href":"https:\/\/gigistravelworld.de\/fr\/wp-json\/wp\/v2\/product_brand?post=3250"},{"taxonomy":"product_cat","embeddable":true,"href":"https:\/\/gigistravelworld.de\/fr\/wp-json\/wp\/v2\/product_cat?post=3250"},{"taxonomy":"product_tag","embeddable":true,"href":"https:\/\/gigistravelworld.de\/fr\/wp-json\/wp\/v2\/product_tag?post=3250"}],"curies":[{"name":"wp","href":"https:\/\/api.w.org\/{rel}","templated":true}]}}