{"id":3249,"date":"2025-08-23T20:54:51","date_gmt":"2025-08-23T18:54:51","guid":{"rendered":"https:\/\/gigistravelworld.de\/?post_type=product&#038;p=3249"},"modified":"2026-03-08T16:35:42","modified_gmt":"2026-03-08T15:35:42","slug":"abschminkfluid","status":"publish","type":"product","link":"https:\/\/gigistravelworld.de\/fr\/abschminkfluid\/","title":{"rendered":"D\u00e9maquillant fluide pour peaux non grasses | Vegas Cleanser 200 ml"},"content":{"rendered":"<div id=\"headingOne\" class=\"panel-heading\" role=\"tab\">\n<p data-path-to-node=\"11\"><b data-path-to-node=\"11\" data-index-in-node=\"0\">Votre cure de jouvence post-aventure \u2013 un nettoyage en profondeur sans aucun bagage superflu<\/b> \u201e\u00a0Tous ceux qui voyagent beaucoup le savent\u00a0: le soir, il n\u2019y a rien de mieux que de se d\u00e9maquiller et d\u2019\u00e9liminer la poussi\u00e8re de la ville ou le maquillage de la journ\u00e9e. Mais je d\u00e9teste cette sensation collante des nettoyants gras\u00a0!\u00a0\u00bb<\/p>\n<p data-path-to-node=\"12\">Dans mon univers du voyage, c&#039;est... <b data-path-to-node=\"12\" data-index-in-node=\"31\">D\u00e9maquillant fluide pour peau sans huile<\/b> Mon produit miracle ! Sa texture est ultra-l\u00e9g\u00e8re, son parfum est incroyablement frais et il laisse la peau d&#039;une puret\u00e9 absolue. Apr\u00e8s un long vol ou une chaude journ\u00e9e \u00e0 la plage, ce fluide redonne \u00e0 ma peau toute la libert\u00e9 dont elle a besoin pour se r\u00e9g\u00e9n\u00e9rer. Un vrai moment de bien-\u00eatre dans votre salle de bain !\u201a<\/p>\n<h2 data-path-to-node=\"15\">Pourquoi ce d\u00e9maquillant liquide garantit une peau sans exc\u00e8s de s\u00e9bum et des pores nets<\/h2>\n<p data-path-to-node=\"16\">Un nettoyage en profondeur est essentiel, surtout si vous avez tendance \u00e0 avoir des imperfections. Vegas <b data-path-to-node=\"16\" data-index-in-node=\"95\">D\u00e9maquillant fluide pour peau sans huile<\/b> Ce produit (200 ml) utilise une formule innovante qui attire magn\u00e9tiquement les r\u00e9sidus de maquillage et l&#039;exc\u00e8s de s\u00e9bum, les \u00e9liminant ainsi compl\u00e8tement. Sans huile, il laisse instantan\u00e9ment la peau respirer et la revitalise.<\/p>\n<h3 data-path-to-node=\"17\">La formule scientifique derri\u00e8re le nettoyage<\/h3>\n<p data-path-to-node=\"18\">Que ceci <b data-path-to-node=\"18\" data-index-in-node=\"12\">D\u00e9maquillant fluide pour peau sans huile<\/b> Son efficacit\u00e9 repose sur la combinaison d&#039;ingr\u00e9dients actifs de haute technologie et de substances apaisantes\u00a0:<\/p>\n<ul data-path-to-node=\"19\">\n<li>\n<p data-path-to-node=\"19,0,0\"><b data-path-to-node=\"19,0,0\" data-index-in-node=\"0\">Niacinamide (vitamine B3) :<\/b> Une v\u00e9ritable substance miracle qui affine les pores et pr\u00e9vient l&#039;inflammation.<\/p>\n<\/li>\n<li>\n<p data-path-to-node=\"19,1,0\"><b data-path-to-node=\"19,1,0\" data-index-in-node=\"0\">Ur\u00e9e et acide lactique\u00a0:<\/b> Cette combinaison hydrate et renforce la barri\u00e8re naturelle de la peau tout en la nettoyant en douceur.<\/p>\n<\/li>\n<li>\n<p data-path-to-node=\"19,2,0\"><b data-path-to-node=\"19,2,0\" data-index-in-node=\"0\">Panth\u00e9nol et allanto\u00efne\u00a0:<\/b> Elles apaisent la peau m\u00eame pendant le d\u00e9maquillage et pr\u00e9viennent les rougeurs.<\/p>\n<\/li>\n<li>\n<p data-path-to-node=\"19,3,0\"><b data-path-to-node=\"19,3,0\" data-index-in-node=\"0\">Inositol et glycine\u00a0:<\/b> Favorise le m\u00e9tabolisme cellulaire pour un teint \u00e9clatant apr\u00e8s le lavage.<\/p>\n<\/li>\n<\/ul>\n<p data-path-to-node=\"20\"><b data-path-to-node=\"20\" data-index-in-node=\"0\">Vos avantages en un coup d&#039;\u0153il\u00a0:<\/b><\/p>\n<ul data-path-to-node=\"21\">\n<li>\n<p data-path-to-node=\"21,0,0\"><b data-path-to-node=\"21,0,0\" data-index-in-node=\"0\">Nettoyage en profondeur :<\/b> D\u00e9bouche les pores sans irritation m\u00e9canique.<\/p>\n<\/li>\n<li>\n<p data-path-to-node=\"21,1,0\"><b data-path-to-node=\"21,1,0\" data-index-in-node=\"0\">Texture non grasse :<\/b> Pas de film gras, pas d&#039;effet collant \u2013 juste une fra\u00eecheur pure.<\/p>\n<\/li>\n<li>\n<p data-path-to-node=\"21,2,0\"><b data-path-to-node=\"21,2,0\" data-index-in-node=\"0\">Ingr\u00e9dients innovants :<\/b> \u00c0 la niacinamide pour un teint plus uniforme.<\/p>\n<\/li>\n<li>\n<p data-path-to-node=\"21,3,0\"><b data-path-to-node=\"21,3,0\" data-index-in-node=\"0\">Doucement vers la barri\u00e8re :<\/b> Maintient le pH naturel de la peau (lactate de sodium).<\/p>\n<\/li>\n<\/ul>\n<h3 data-path-to-node=\"22\">FAQ \u2013 Votre guide du d\u00e9maquillant pour peau s\u00e8che<\/h3>\n<p data-path-to-node=\"23\"><b data-path-to-node=\"23\" data-index-in-node=\"0\">Quelle est la meilleure fa\u00e7on d&#039;appliquer le fluide ?<\/b> Simplement une petite quantit\u00e9 de <b data-path-to-node=\"23\" data-index-in-node=\"68\">D\u00e9maquillant fluide pour peau sans huile<\/b> Appliquer sur un coton ou directement sur les mains humides, masser et rincer \u00e0 l&#039;eau ti\u00e8de.<\/p>\n<p data-path-to-node=\"24\"><b data-path-to-node=\"24\" data-index-in-node=\"0\">Puis-je appliquer ma cr\u00e8me directement apr\u00e8s ?<\/b> Oui ! Puisque ceci <b data-path-to-node=\"24\" data-index-in-node=\"60\">D\u00e9maquillant fluide pour peau sans huile<\/b> Gr\u00e2ce \u00e0 des pores parfaitement pr\u00e9par\u00e9s, les principes actifs des soins suivants (comme notre cr\u00e8me visage 24 heures) sont beaucoup mieux absorb\u00e9s.<\/p>\n<\/div>","protected":false},"excerpt":{"rendered":"<p>Votre billet pour une fra\u00eecheur absolue ! Le Vegas <b data-path-to-node=\"27\" data-index-in-node=\"41\">D\u00e9maquillant fluide pour peau sans huile<\/b> Ce nettoyant (200 ml) \u00e9limine en douceur mais efficacement le maquillage et l&#039;exc\u00e8s de s\u00e9bum. Sa formule puissante sans huile, enrichie en niacinamide, ur\u00e9e et panth\u00e9nol, prend soin de votre peau tout en la nettoyant, pour un teint parfaitement net. Sans compromis, sans r\u00e9sidu gras\u00a0: une peau pure et saine. D\u00e9couvrez-le d\u00e8s maintenant chez Gigi\u00a0!<\/p>","protected":false},"featured_media":449,"template":"","meta":{"_et_pb_use_builder":"","_et_pb_old_content":"","_et_gb_content_width":""},"product_brand":[63],"product_cat":[53,73,208,141],"product_tag":[],"class_list":{"0":"post-3249","1":"product","2":"type-product","3":"status-publish","4":"has-post-thumbnail","6":"product_brand-vegas-cosmetics-gmbh","7":"product_cat-makeup","8":"product_cat-accessoires-makeup","9":"product_cat-beauty-care","10":"product_cat-make-up-entferner","12":"first","13":"instock","14":"shipping-taxable","15":"product-type-external"},"_links":{"self":[{"href":"https:\/\/gigistravelworld.de\/fr\/wp-json\/wp\/v2\/product\/3249","targetHints":{"allow":["GET"]}}],"collection":[{"href":"https:\/\/gigistravelworld.de\/fr\/wp-json\/wp\/v2\/product"}],"about":[{"href":"https:\/\/gigistravelworld.de\/fr\/wp-json\/wp\/v2\/types\/product"}],"wp:featuredmedia":[{"embeddable":true,"href":"https:\/\/gigistravelworld.de\/fr\/wp-json\/wp\/v2\/media\/449"}],"wp:attachment":[{"href":"https:\/\/gigistravelworld.de\/fr\/wp-json\/wp\/v2\/media?parent=3249"}],"wp:term":[{"taxonomy":"product_brand","embeddable":true,"href":"https:\/\/gigistravelworld.de\/fr\/wp-json\/wp\/v2\/product_brand?post=3249"},{"taxonomy":"product_cat","embeddable":true,"href":"https:\/\/gigistravelworld.de\/fr\/wp-json\/wp\/v2\/product_cat?post=3249"},{"taxonomy":"product_tag","embeddable":true,"href":"https:\/\/gigistravelworld.de\/fr\/wp-json\/wp\/v2\/product_tag?post=3249"}],"curies":[{"name":"wp","href":"https:\/\/api.w.org\/{rel}","templated":true}]}}