{"id":3238,"date":"2025-08-23T20:54:44","date_gmt":"2025-08-23T18:54:44","guid":{"rendered":"https:\/\/gigistravelworld.de\/?post_type=product&#038;p=3238"},"modified":"2026-04-04T23:17:13","modified_gmt":"2026-04-04T21:17:13","slug":"lippenstifte-mit-vitamin-e-4gr","status":"publish","type":"product","link":"https:\/\/gigistravelworld.de\/fr\/lippenstifte-mit-vitamin-e-4gr\/","title":{"rendered":"Rouges \u00e0 l\u00e8vres \u00e0 la vitamine E 4 g"},"content":{"rendered":"<div id=\"headingOne\" class=\"panel-heading\" role=\"tab\">\n<h4 class=\"panel-title\">Description<\/h4>\n<\/div>\n<div id=\"collapseOne\" class=\"panel-collapse collapse in\" role=\"tabpanel\" aria-labelledby=\"headingOne\">\n<div class=\"panel-body rtddbr\">\n<p>Formule antioxydante \u00e0 la vitamine E<\/p>\n<p>Dans de nombreuses couleurs fantastiques.<\/p>\n<\/div>\n<\/div>","protected":false},"excerpt":{"rendered":"<p>Rouge \u00e0 l\u00e8vres semi-mat<\/p>","protected":false},"featured_media":425,"template":"","meta":{"_et_pb_use_builder":"","_et_pb_old_content":"","_et_gb_content_width":""},"product_brand":[63],"product_cat":[53,79,137],"product_tag":[],"class_list":{"0":"post-3238","1":"product","2":"type-product","3":"status-publish","4":"has-post-thumbnail","6":"product_brand-vegas-cosmetics-gmbh","7":"product_cat-makeup","8":"product_cat-lippen","9":"product_cat-lippenstifte-lipglosses","11":"first","12":"instock","13":"shipping-taxable","14":"product-type-external"},"_links":{"self":[{"href":"https:\/\/gigistravelworld.de\/fr\/wp-json\/wp\/v2\/product\/3238","targetHints":{"allow":["GET"]}}],"collection":[{"href":"https:\/\/gigistravelworld.de\/fr\/wp-json\/wp\/v2\/product"}],"about":[{"href":"https:\/\/gigistravelworld.de\/fr\/wp-json\/wp\/v2\/types\/product"}],"wp:featuredmedia":[{"embeddable":true,"href":"https:\/\/gigistravelworld.de\/fr\/wp-json\/wp\/v2\/media\/425"}],"wp:attachment":[{"href":"https:\/\/gigistravelworld.de\/fr\/wp-json\/wp\/v2\/media?parent=3238"}],"wp:term":[{"taxonomy":"product_brand","embeddable":true,"href":"https:\/\/gigistravelworld.de\/fr\/wp-json\/wp\/v2\/product_brand?post=3238"},{"taxonomy":"product_cat","embeddable":true,"href":"https:\/\/gigistravelworld.de\/fr\/wp-json\/wp\/v2\/product_cat?post=3238"},{"taxonomy":"product_tag","embeddable":true,"href":"https:\/\/gigistravelworld.de\/fr\/wp-json\/wp\/v2\/product_tag?post=3238"}],"curies":[{"name":"wp","href":"https:\/\/api.w.org\/{rel}","templated":true}]}}