{"id":3234,"date":"2025-08-23T20:54:44","date_gmt":"2025-08-23T18:54:44","guid":{"rendered":"https:\/\/gigistravelworld.de\/?post_type=product&#038;p=3234"},"modified":"2026-04-05T16:19:55","modified_gmt":"2026-04-05T14:19:55","slug":"foundation-cream-15gr-creme-makeup-reise","status":"publish","type":"product","link":"https:\/\/gigistravelworld.de\/fr\/foundation-cream-15gr-creme-makeup-reise\/","title":{"rendered":"Cr\u00e8me de fond de teint 15 g | Maquillage cr\u00e8me anti-fuites"},"content":{"rendered":"<h1 data-path-to-node=\"9\">Cr\u00e8me de fond de teint 15 g : Un teint parfait o\u00f9 que vous alliez<\/h1>\n<p data-path-to-node=\"10\">Dans le <b data-path-to-node=\"10\" data-index-in-node=\"7\">Gigis Travel World<\/b> Nous adorons l&#039;aventure, mais nous d\u00e9testons un teint irr\u00e9gulier. Qu&#039;il s&#039;agisse du d\u00e9calage horaire, de rougeurs dues aux changements climatiques ou de petites imperfections, un bon teint est la base de votre confiance en vous. Le n\u00f4tre <b data-path-to-node=\"10\" data-index-in-node=\"242\">Cr\u00e8me de fond de teint 15 g<\/b> Il a \u00e9t\u00e9 sp\u00e9cialement con\u00e7u pour la femme moderne, souvent en d\u00e9placement et qui n&#039;a pas le temps pour des rituels de maquillage compliqu\u00e9s. Pour seulement <b data-path-to-node=\"10\" data-index-in-node=\"397\">21,00 \u20ac<\/b> Vous recevrez un produit haut de gamme qui allie avec brio couvrance et l\u00e9g\u00e8ret\u00e9.<\/p>\n<h2 data-path-to-node=\"11\">Pourquoi la cr\u00e8me de fond de teint est le compagnon de voyage id\u00e9al<\/h2>\n<p data-path-to-node=\"12\">Qui n&#039;a jamais v\u00e9cu \u00e7a ? Aux contr\u00f4les de s\u00e9curit\u00e9 des a\u00e9roports, chaque millilitre compte dans le sac plastique. Depuis\u2026 <b data-path-to-node=\"12\" data-index-in-node=\"110\">Cr\u00e8me de fond de teint 15 g<\/b> Gr\u00e2ce \u00e0 sa consistance solide, vous gagnez un espace pr\u00e9cieux pour vos autres liquides. De plus, son r\u00e9cipient robuste offre une protection absolue contre les variations de pression en cabine.<\/p>\n<p data-path-to-node=\"13\">Sa texture fond instantan\u00e9ment au contact de la chaleur de la peau et se fond parfaitement sans laisser de traces. C&#039;est la base id\u00e9ale avant d&#039;utiliser notre <a class=\"ng-star-inserted\" href=\"https:\/\/www.google.com\/search?q=https:\/\/gigistravelworld.de\/beauty\/liquid-concealer-matte-effect-6ml-augenringe-kaschieren\/\" target=\"_blank\" rel=\"noopener\" data-hveid=\"0\" data-ved=\"0CAAQ_4QMahgKEwiux6fC7daTAxUAAAAAHQAAAAAQvQI\">Correcteur liquide effet mat<\/a> Permet de cibler les zones \u00e0 illuminer ou d&#039;att\u00e9nuer les cernes.<\/p>\n<h3 data-path-to-node=\"14\">Le secret des ingr\u00e9dients\u00a0: effet protecteur et matifiant<\/h3>\n<p data-path-to-node=\"15\">Vegas Cosmetics se concentre sur <b data-path-to-node=\"15\" data-index-in-node=\"30\">Cr\u00e8me de fond de teint 15 g<\/b> sur une composition intelligente :<\/p>\n<ul data-path-to-node=\"16\">\n<li>\n<p data-path-to-node=\"16,0,0\"><b data-path-to-node=\"16,0,0\" data-index-in-node=\"0\">Kaolin (argile m\u00e9dicinale) :<\/b> Elle poss\u00e8de un effet matifiant naturel et absorbe l&#039;exc\u00e8s de s\u00e9bum. C&#039;est un atout pr\u00e9cieux, surtout dans les r\u00e9gions chaudes et humides o\u00f9 se d\u00e9roulent les vacances, pour \u00e9viter que votre maquillage ne coule.<\/p>\n<\/li>\n<li>\n<p data-path-to-node=\"16,1,0\"><b data-path-to-node=\"16,1,0\" data-index-in-node=\"0\">Cire de candelilla et de carnauba :<\/b> Elles assurent une consistance onctueuse et forment un film protecteur d\u00e9licat qui retient l&#039;hydratation de la peau.<\/p>\n<\/li>\n<li>\n<p data-path-to-node=\"16,2,0\"><b data-path-to-node=\"16,2,0\" data-index-in-node=\"0\">Vitamine E (tocoph\u00e9rol) :<\/b> Puissant antioxydant, il prot\u00e8ge votre peau des radicaux libres et des agressions environnementales \u2013 id\u00e9al pour les s\u00e9jours citadins dans des m\u00e9tropoles comme Londres ou Tokyo.<\/p>\n<\/li>\n<\/ul>\n<h2 data-path-to-node=\"17\">Conseils d&#039;application pour une finition \u00e0 l&#039;a\u00e9rographe<\/h2>\n<p data-path-to-node=\"18\">Gr\u00e2ce \u00e0 l&#039;\u00e9ponge incluse, vous avez toujours votre outil \u00e0 port\u00e9e de main. <b data-path-to-node=\"18\" data-index-in-node=\"75\">Gigis Travel World<\/b> Voici comment nous allons proc\u00e9der\u00a0:<\/p>\n<ol start=\"1\" data-path-to-node=\"19\">\n<li>\n<p data-path-to-node=\"19,0,0\"><b data-path-to-node=\"19,0,0\" data-index-in-node=\"0\">Pr\u00e9paration:<\/b> Nettoyez soigneusement votre visage. Une cr\u00e8me de jour l\u00e9g\u00e8re constitue une base optimale.<\/p>\n<\/li>\n<li>\n<p data-path-to-node=\"19,1,0\"><b data-path-to-node=\"19,1,0\" data-index-in-node=\"0\">Commande:<\/b> \u00c0 l&#039;aide d&#039;une \u00e9ponge, pr\u00e9levez une petite quantit\u00e9 de cr\u00e8me. Appliquez-la en tapotant l\u00e9g\u00e8rement sur votre front, votre nez, vos joues et votre menton.<\/p>\n<\/li>\n<li>\n<p data-path-to-node=\"19,2,0\"><b data-path-to-node=\"19,2,0\" data-index-in-node=\"0\">M\u00e9lange:<\/b> Appliquez le fond de teint en partant du centre du visage vers l&#039;ext\u00e9rieur. Insistez particuli\u00e8rement sur les transitions au niveau du cou et de la racine des cheveux.<\/p>\n<\/li>\n<li>\n<p data-path-to-node=\"19,3,0\"><b data-path-to-node=\"19,3,0\" data-index-in-node=\"0\">Perfection:<\/b> Pour les zones difficiles d&#039;acc\u00e8s ou pour un entra\u00eenement pr\u00e9cis, vous pouvez \u00e9galement utiliser notre <a class=\"ng-star-inserted\" href=\"https:\/\/www.google.com\/search?q=https:\/\/gigistravelworld.de\/beauty\/kosmetikschwaemmchen-2er-pack-makeup-finish\/\" target=\"_blank\" rel=\"noopener\" data-hveid=\"0\" data-ved=\"0CAAQ_4QMahgKEwiux6fC7daTAxUAAAAAHQAAAAAQvgI\">\u00c9ponges cosm\u00e9tiques, lot de 2<\/a> \u00e0 utiliser.<\/p>\n<\/li>\n<li>\n<p data-path-to-node=\"19,4,0\"><b data-path-to-node=\"19,4,0\" data-index-in-node=\"0\">Fixation:<\/b> Pour que votre teint reste impeccable m\u00eame apr\u00e8s un vol de 10 heures, scellez le tout avec le <a class=\"ng-star-inserted\" href=\"https:\/\/www.google.com\/search?q=https:\/\/gigistravelworld.de\/beauty\/makeup-fixierspray-100ml-matte-finish-haltbarkeit\/\" target=\"_blank\" rel=\"noopener\" data-hveid=\"0\" data-ved=\"0CAAQ_4QMahgKEwiux6fC7daTAxUAAAAAHQAAAAAQvwI\">Spray fixateur de maquillage 100 ml<\/a>.<\/p>\n<\/li>\n<\/ol>\n<p data-path-to-node=\"19,4,0\"><b data-path-to-node=\"20,0\" data-index-in-node=\"0\">Conseil de voyage de Gigi :<\/b> Le <b data-path-to-node=\"20,0\" data-index-in-node=\"24\">Cr\u00e8me de fond de teint 15 g<\/b> Il est \u00e9galement excellent comme correcteur localis\u00e9. Si vous souhaitez une couvrance l\u00e9g\u00e8re, appliquez-le sur les rougeurs et estompez du bout des doigts. Un petit coup d&#039;\u0153il au\u2026 <a class=\"ng-star-inserted\" href=\"https:\/\/www.google.com\/search?q=https:\/\/gigistravelworld.de\/zubehoer\/taschenspiegel-mit-vergroesserung\/\" target=\"_blank\" rel=\"noopener\" data-hveid=\"0\" data-ved=\"0CAAQ_4QMahgKEwiux6fC7daTAxUAAAAAHQAAAAAQwAI\">Miroir de poche avec grossissement<\/a> et vous \u00eates \u201e pr\u00eat au d\u00e9collage \u201c !<\/p>\n<h3 data-path-to-node=\"21\">Compact, ergonomique, \u00e9l\u00e9gant<\/h3>\n<p data-path-to-node=\"22\">Quinze grammes, \u00e7a peut para\u00eetre peu au premier abord, mais gr\u00e2ce \u00e0 sa haute pigmentation, la cr\u00e8me est extr\u00eamement \u00e9conomique. Une petite noisette suffit g\u00e9n\u00e9ralement pour tout le visage. Le fond de teint se fond parfaitement avec notre <a class=\"ng-star-inserted\" href=\"https:\/\/www.google.com\/search?q=https:\/\/gigistravelworld.de\/beauty\/bronzing-powder-14g-sunkissed-glow-finish\/\" target=\"_blank\" rel=\"noopener\" data-hveid=\"0\" data-ved=\"0CAAQ_4QMahgKEwiux6fC7daTAxUAAAAAHQAAAAAQwQI\">Poudre bronzante 14 g<\/a> Combinez ces deux fonctions pour redonner chaleur et relief \u00e0 votre visage apr\u00e8s l&#039;application du fond de teint.<\/p>\n<h2 data-path-to-node=\"23\">Aper\u00e7u des donn\u00e9es produit<\/h2>\n<table data-path-to-node=\"24\">\n<thead>\n<tr>\n<td><strong>fonctionnalit\u00e9<\/strong><\/td>\n<td><strong>D\u00e9tails<\/strong><\/td>\n<\/tr>\n<\/thead>\n<tbody>\n<tr>\n<td><span data-path-to-node=\"24,1,0,0\"><b data-path-to-node=\"24,1,0,0\" data-index-in-node=\"0\">Contenu<\/b><\/span><\/td>\n<td><span data-path-to-node=\"24,1,1,0\">15 g<\/span><\/td>\n<\/tr>\n<tr>\n<td><span data-path-to-node=\"24,2,0,0\"><b data-path-to-node=\"24,2,0,0\" data-index-in-node=\"0\">coh\u00e9rence<\/b><\/span><\/td>\n<td><span data-path-to-node=\"24,2,1,0\">Cr\u00e8me (compacte)<\/span><\/td>\n<\/tr>\n<tr>\n<td><span data-path-to-node=\"24,3,0,0\"><b data-path-to-node=\"24,3,0,0\" data-index-in-node=\"0\">Fonction sp\u00e9ciale<\/b><\/span><\/td>\n<td><span data-path-to-node=\"24,3,1,0\">Comprend une \u00e9ponge applicatrice<\/span><\/td>\n<\/tr>\n<tr>\n<td><span data-path-to-node=\"24,4,0,0\"><b data-path-to-node=\"24,4,0,0\" data-index-in-node=\"0\">type de peau<\/b><\/span><\/td>\n<td><span data-path-to-node=\"24,4,1,0\">Tous types de peau, en particulier les peaux mixtes (gr\u00e2ce au kaolin)<\/span><\/td>\n<\/tr>\n<tr>\n<td><span data-path-to-node=\"24,5,0,0\"><b data-path-to-node=\"24,5,0,0\" data-index-in-node=\"0\">Prix<\/b><\/span><\/td>\n<td><span data-path-to-node=\"24,5,1,0\">21,00 \u20ac<\/span><\/td>\n<\/tr>\n<\/tbody>\n<\/table>\n<p data-path-to-node=\"25\">\n<h2 data-path-to-node=\"26\">Conclusion : Votre peau m\u00e9rite ce qu\u2019il y a de mieux, partout dans le monde.<\/h2>\n<p data-path-to-node=\"27\">Le <b data-path-to-node=\"27\" data-index-in-node=\"4\">Cr\u00e8me de fond de teint 15 g<\/b> Vegas Cosmetics est la solution tout-en-un id\u00e9ale pour la femme moderne. Elle permet de gagner de la place et du temps tout en offrant des r\u00e9sultats dignes d&#039;un professionnel. <b data-path-to-node=\"27\" data-index-in-node=\"165\">Gigis Travel World<\/b> Nous c\u00e9l\u00e9brons les produits qui nous simplifient la vie sans sacrifier le style. Offrez \u00e0 votre peau ce soin d&#039;exception et d\u00e9couvrez la simplicit\u00e9 de la perfection, o\u00f9 que vos voyages vous m\u00e8nent\u00a0!<\/p>","protected":false},"excerpt":{"rendered":"<p data-path-to-node=\"4\"><b data-path-to-node=\"4\" data-index-in-node=\"0\">Votre alli\u00e9 perfectionniste pour un teint parfait en toutes circonstances\u00a0: Cr\u00e8me de fond de teint 15\u00a0g.<\/b><\/p>\n<p data-path-to-node=\"5\">Peu importe la dur\u00e9e du voyage \u2013 avec le <b data-path-to-node=\"5\" data-index-in-node=\"38\">Cr\u00e8me de fond de teint 15 g<\/b> Avec Vegas Cosmetics, vous aurez toujours l&#039;air frais et repos\u00e9. Sa formule moderne et ultra-l\u00e9g\u00e8re offre une couvrance impeccable sans effet masque. Gr\u00e2ce \u00e0 sa texture cr\u00e8me compacte, c&#039;est le compagnon id\u00e9al de votre bagage cabine, car il est totalement \u00e9tanche. Le petit plus\u00a0? L&#039;\u00e9ponge applicatrice assortie est int\u00e9gr\u00e9e, pour un fini parfait \u00e0 tout moment et n&#039;importe o\u00f9. <b data-path-to-node=\"5\" data-index-in-node=\"496\">Gigis Travel World<\/b> C&#039;est notre astuce d&#039;initi\u00e9 pour une petite retouche avant de passer \u00e0 la caisse.<\/p>\n<ul data-path-to-node=\"6\">\n<li>\n<p data-path-to-node=\"6,0,0\">\u2705 <b data-path-to-node=\"6,0,0\" data-index-in-node=\"2\">Formule moderne :<\/b> Texture l\u00e9g\u00e8re \u00e0 couvrance \u00e9lev\u00e9e pour un fini naturel.<\/p>\n<\/li>\n<li>\n<p data-path-to-node=\"6,1,0\">\u2705 <b data-path-to-node=\"6,1,0\" data-index-in-node=\"2\">Tout-en-un :<\/b> Comprend une \u00e9ponge de haute qualit\u00e9 pour une application directe.<\/p>\n<\/li>\n<li>\n<p data-path-to-node=\"6,2,0\">\u2705 <b data-path-to-node=\"6,2,0\" data-index-in-node=\"2\">\u00c9tanche :<\/b> Format compact couleur cr\u00e8me \u2013 id\u00e9al pour les voyages en avion et les sacs \u00e0 main.<\/p>\n<\/li>\n<li>\n<p data-path-to-node=\"6,3,0\">\u2705 <b data-path-to-node=\"6,3,0\" data-index-in-node=\"2\">Effet matifiant :<\/b> Contient du kaolin pour contr\u00f4ler en douceur les brillances ind\u00e9sirables.<\/p>\n<\/li>\n<li>\n<p data-path-to-node=\"6,4,0\">\u2705 <b data-path-to-node=\"6,4,0\" data-index-in-node=\"2\">Bienveillance:<\/b> Avec de la vitamine E (tocoph\u00e9rol) pour prot\u00e9ger la barri\u00e8re cutan\u00e9e.<\/p>\n<\/li>\n<li>\n<p data-path-to-node=\"6,5,0\">\u2705 <b data-path-to-node=\"6,5,0\" data-index-in-node=\"2\">Prix : 21,00 \u20ac<\/b> (Un guide professionnel au format voyage pratique !)<\/p>\n<\/li>\n<\/ul>","protected":false},"featured_media":421,"template":"","meta":{"_et_pb_use_builder":"","_et_pb_old_content":"","_et_gb_content_width":""},"product_brand":[63],"product_cat":[53,208,122,72],"product_tag":[],"class_list":{"0":"post-3234","1":"product","2":"type-product","3":"status-publish","4":"has-post-thumbnail","6":"product_brand-vegas-cosmetics-gmbh","7":"product_cat-makeup","8":"product_cat-beauty-care","9":"product_cat-foundation","10":"product_cat-gesicht","12":"first","13":"instock","14":"shipping-taxable","15":"product-type-external"},"_links":{"self":[{"href":"https:\/\/gigistravelworld.de\/fr\/wp-json\/wp\/v2\/product\/3234","targetHints":{"allow":["GET"]}}],"collection":[{"href":"https:\/\/gigistravelworld.de\/fr\/wp-json\/wp\/v2\/product"}],"about":[{"href":"https:\/\/gigistravelworld.de\/fr\/wp-json\/wp\/v2\/types\/product"}],"wp:featuredmedia":[{"embeddable":true,"href":"https:\/\/gigistravelworld.de\/fr\/wp-json\/wp\/v2\/media\/421"}],"wp:attachment":[{"href":"https:\/\/gigistravelworld.de\/fr\/wp-json\/wp\/v2\/media?parent=3234"}],"wp:term":[{"taxonomy":"product_brand","embeddable":true,"href":"https:\/\/gigistravelworld.de\/fr\/wp-json\/wp\/v2\/product_brand?post=3234"},{"taxonomy":"product_cat","embeddable":true,"href":"https:\/\/gigistravelworld.de\/fr\/wp-json\/wp\/v2\/product_cat?post=3234"},{"taxonomy":"product_tag","embeddable":true,"href":"https:\/\/gigistravelworld.de\/fr\/wp-json\/wp\/v2\/product_tag?post=3234"}],"curies":[{"name":"wp","href":"https:\/\/api.w.org\/{rel}","templated":true}]}}