{"id":3227,"date":"2025-08-23T20:54:44","date_gmt":"2025-08-23T18:54:44","guid":{"rendered":"https:\/\/gigistravelworld.de\/?post_type=product&#038;p=3227"},"modified":"2026-03-07T19:01:26","modified_gmt":"2026-03-07T18:01:26","slug":"aloe-vera-shampoo-pflegespuelung","status":"publish","type":"product","link":"https:\/\/gigistravelworld.de\/fr\/aloe-vera-shampoo-pflegespuelung\/","title":{"rendered":"Shampoing et apr\u00e8s-shampoing \u00e0 l&#039;aloe vera\u00a0: un soin miracle pour les cheveux secs | GTW"},"content":{"rendered":"<div id=\"headingOne\" class=\"panel-heading\" role=\"tab\">\n<h4 class=\"panel-title\"><b style=\"color: #666666; font-size: 14px;\" data-path-to-node=\"11\" data-index-in-node=\"0\">Soin bien-\u00eatre pour vos cheveux \u2013 apr\u00e8s une exposition au soleil ou les al\u00e9as du quotidien<\/b><span style=\"color: #666666; font-size: 14px;\"> \u201e On conna\u00eet tous cette sensation : le vent, le soleil, ou m\u00eame le simple fait de se coiffer tous les jours rendent les cheveux ternes et secs. Ils ressemblent plus \u00e0 de la paille qu&#039;\u00e0 de la soie. C&#039;est pr\u00e9cis\u00e9ment l\u00e0 qu&#039;intervient mon \u00e9quipe de r\u00eave : <\/span><b style=\"color: #666666; font-size: 14px;\" data-path-to-node=\"11\" data-index-in-node=\"264\">Shampoing et apr\u00e8s-shampoing \u00e0 l&#039;aloe vera<\/b><span style=\"color: #666666; font-size: 14px;\">.<\/span><\/h4>\n<p data-path-to-node=\"12\">Au lieu de simplement nettoyer vos cheveux superficiellement, le <b data-path-to-node=\"12\" data-index-in-node=\"61\">30 % Aloe Vera<\/b> Il p\u00e9n\u00e8tre en profondeur et restaure l&#039;hydratation perdue. De pr\u00e9cieux extraits naturels garantissent que m\u00eame les cheveux ab\u00eem\u00e9s retrouvent leur brillance saine et sont incroyablement faciles \u00e0 d\u00e9m\u00ealer. C&#039;est comme un mini soin spa sous la douche, que vous soyez au Luxembourg ou en voyage autour du monde.\u201c<\/p>\n<p data-path-to-node=\"18\"><strong>Pourquoi ce shampoing et apr\u00e8s-shampoing \u00e0 l&#039;aloe vera transformeront vos cheveux<\/strong><\/p>\n<ul data-path-to-node=\"19\">\n<li>\n<p data-path-to-node=\"19,0,0\"><b data-path-to-node=\"19,0,0\" data-index-in-node=\"0\">Duo-Puissance :<\/b> Rin\u00e7age nettoyant et revitalisant intensif en une seule \u00e9tape.<\/p>\n<\/li>\n<li>\n<p data-path-to-node=\"19,1,0\"><b data-path-to-node=\"19,1,0\" data-index-in-node=\"0\">30 % Aloe Vera :<\/b> Apporte une hydratation maximale aux cheveux secs et ab\u00eem\u00e9s.<\/p>\n<\/li>\n<li>\n<p data-path-to-node=\"19,2,0\"><b data-path-to-node=\"19,2,0\" data-index-in-node=\"0\">Extraits naturels :<\/b> Ils nourrissent le cuir chevelu et soutiennent la structure capillaire depuis la racine.<\/p>\n<\/li>\n<li>\n<p data-path-to-node=\"19,3,0\"><b data-path-to-node=\"19,3,0\" data-index-in-node=\"0\">Effet anti-paille :<\/b> Rend les cheveux doux, brillants et faciles \u00e0 coiffer.<\/p>\n<\/li>\n<\/ul>\n<p data-path-to-node=\"20\"><strong>Conseils d&#039;application pour des cheveux sains<\/strong><\/p>\n<p data-path-to-node=\"21\">\u201eMassez ceci <b data-path-to-node=\"21\" data-index-in-node=\"14\">Shampoing et apr\u00e8s-shampoing \u00e0 l&#039;aloe vera<\/b> Appliquez d\u00e9licatement sur cheveux mouill\u00e9s. Laissez agir quelques instants les pr\u00e9cieux ingr\u00e9dients pour que l&#039;aloe vera d\u00e9ploie tout son potentiel. Rincez ensuite abondamment \u00e0 l&#039;eau ti\u00e8de. Gr\u00e2ce \u00e0 sa formule douce, vous pouvez l&#039;utiliser quotidiennement.\u201c<\/p>\n<\/div>","protected":false},"excerpt":{"rendered":"<p>L&#039;arme secr\u00e8te contre les cheveux secs et ab\u00eem\u00e9s\u00a0! Notre shampoing et apr\u00e8s-shampoing \u00e0 l&#039;aloe vera (soin 2 en 1) associe 30\u00a0% d&#039;aloe vera pur \u00e0 de pr\u00e9cieux extraits naturels. Il nettoie en douceur, nourrit intens\u00e9ment le cuir chevelu et les cheveux, et les laisse visiblement doux et faciles \u00e0 coiffer. Parfait pour un usage quotidien et id\u00e9al pour retrouver des cheveux sains et brillants, comme au bon vieux temps.<\/p>","protected":false},"featured_media":414,"template":"","meta":{"_et_pb_use_builder":"","_et_pb_old_content":"","_et_gb_content_width":""},"product_brand":[63],"product_cat":[80,208,96,60,64],"product_tag":[],"class_list":{"0":"post-3227","1":"product","2":"type-product","3":"status-publish","4":"has-post-thumbnail","6":"product_brand-vegas-cosmetics-gmbh","7":"product_cat-gigis-travel-world","8":"product_cat-beauty-care","9":"product_cat-haarpflege","10":"product_cat-hautpflege","11":"product_cat-koerper-haarpflege","13":"first","14":"instock","15":"shipping-taxable","16":"product-type-external"},"_links":{"self":[{"href":"https:\/\/gigistravelworld.de\/fr\/wp-json\/wp\/v2\/product\/3227","targetHints":{"allow":["GET"]}}],"collection":[{"href":"https:\/\/gigistravelworld.de\/fr\/wp-json\/wp\/v2\/product"}],"about":[{"href":"https:\/\/gigistravelworld.de\/fr\/wp-json\/wp\/v2\/types\/product"}],"wp:featuredmedia":[{"embeddable":true,"href":"https:\/\/gigistravelworld.de\/fr\/wp-json\/wp\/v2\/media\/414"}],"wp:attachment":[{"href":"https:\/\/gigistravelworld.de\/fr\/wp-json\/wp\/v2\/media?parent=3227"}],"wp:term":[{"taxonomy":"product_brand","embeddable":true,"href":"https:\/\/gigistravelworld.de\/fr\/wp-json\/wp\/v2\/product_brand?post=3227"},{"taxonomy":"product_cat","embeddable":true,"href":"https:\/\/gigistravelworld.de\/fr\/wp-json\/wp\/v2\/product_cat?post=3227"},{"taxonomy":"product_tag","embeddable":true,"href":"https:\/\/gigistravelworld.de\/fr\/wp-json\/wp\/v2\/product_tag?post=3227"}],"curies":[{"name":"wp","href":"https:\/\/api.w.org\/{rel}","templated":true}]}}