{"id":3215,"date":"2025-08-23T20:54:43","date_gmt":"2025-08-23T18:54:43","guid":{"rendered":"https:\/\/gigistravelworld.de\/?post_type=product&#038;p=3215"},"modified":"2026-03-07T19:01:27","modified_gmt":"2026-03-07T18:01:27","slug":"aloe-vera-sonnen-gesichtscreme-lsf-50","status":"publish","type":"product","link":"https:\/\/gigistravelworld.de\/fr\/aloe-vera-sonnen-gesichtscreme-lsf-50\/","title":{"rendered":"Cr\u00e8me solaire visage \u00e0 l&#039;aloe vera SPF 50 | Anti-\u00e2ge | GTW"},"content":{"rendered":"<div id=\"headingOne\" class=\"panel-heading\" role=\"tab\">\n<h4 class=\"panel-title\"><b style=\"color: #666666; font-size: 14px;\" data-path-to-node=\"10\" data-index-in-node=\"0\">Votre compagnon invisible pour des aventures ensoleill\u00e9es<\/b><span style=\"color: #666666; font-size: 14px;\"> \u201e Que ce soit en escapade citadine, \u00e0 la plage ou tout simplement au quotidien, le soleil est merveilleux, mais notre peau a besoin d&#039;\u00eatre prot\u00e9g\u00e9e. J&#039;ai longtemps cherch\u00e9 une cr\u00e8me solaire qui ne soit ni collante comme un masque, ni grasse et brillante. \u00bb.<\/span><\/h4>\n<p data-path-to-node=\"11\">Le <b data-path-to-node=\"11\" data-index-in-node=\"4\">Cr\u00e8me solaire visage \u00e0 l&#039;aloe vera<\/b> C&#039;est tout le contraire : c&#039;est l\u00e9ger, \u00e7a p\u00e9n\u00e8tre rapidement et ce n&#039;est pas gras. <b data-path-to-node=\"11\" data-index-in-node=\"116\">FPS 50<\/b> et <b data-path-to-node=\"11\" data-index-in-node=\"127\">40 % Aloe Vera<\/b> Elle prot\u00e8ge non seulement des coups de soleil, mais pr\u00e9serve aussi l&#039;ADN de votre peau du vieillissement pr\u00e9matur\u00e9. L&#039;huile d&#039;olive qu&#039;elle contient assure une hydratation optimale malgr\u00e9 le soleil et contribue \u00e0 pr\u00e9venir les rides. Un indispensable dans votre trousse de voyage\u00a0!\u201c<\/p>\n<\/div>\n<p data-path-to-node=\"17\"><strong>Pourquoi cette cr\u00e8me solaire pour le visage est votre meilleure protection<\/strong><\/p>\n<ul data-path-to-node=\"18\">\n<li>\n<p data-path-to-node=\"18,0,0\"><b data-path-to-node=\"18,0,0\" data-index-in-node=\"0\">Protection haute performance SPF 50\u00a0:<\/b> Sp\u00e9cialement con\u00e7u pour les peaux claires et sensibles.<\/p>\n<\/li>\n<li>\n<p data-path-to-node=\"18,1,0\"><b data-path-to-node=\"18,1,0\" data-index-in-node=\"0\">40 % Teneur en aloe vera :<\/b> Procure une hydratation intense pendant l&#039;exposition au soleil.<\/p>\n<\/li>\n<li>\n<p data-path-to-node=\"18,2,0\"><b data-path-to-node=\"18,2,0\" data-index-in-node=\"0\">Formule anti-\u00e2ge :<\/b> Il prot\u00e8ge l&#039;ADN et lutte activement contre la formation des rides.<\/p>\n<\/li>\n<li>\n<p data-path-to-node=\"18,3,0\"><b data-path-to-node=\"18,3,0\" data-index-in-node=\"0\">Texture l\u00e9g\u00e8re :<\/b> Elle p\u00e9n\u00e8tre instantan\u00e9ment, n&#039;est pas grasse et est id\u00e9ale sous le maquillage ou comme cr\u00e8me hydratante quotidienne.<\/p>\n<\/li>\n<\/ul>\n<p data-path-to-node=\"19\"><strong>Conseils pour une journ\u00e9e ensoleill\u00e9e en toute s\u00e9curit\u00e9<\/strong><\/p>\n<p data-path-to-node=\"20\">\u201ePortez le <b data-path-to-node=\"20\" data-index-in-node=\"11\">Cr\u00e8me solaire visage \u00e0 l&#039;aloe vera<\/b> Appliquez g\u00e9n\u00e9reusement environ 30 minutes avant l&#039;exposition au soleil et massez d\u00e9licatement. Pour une protection optimale, renouvelez l&#039;application r\u00e9guli\u00e8rement, notamment apr\u00e8s la baignade ou lorsque vous vous s\u00e9chez. Profitez du soleil de mani\u00e8re responsable et \u00e9vitez les fortes chaleurs de midi.\u201c<\/p>","protected":false},"excerpt":{"rendered":"<p>Protection solaire et soin anti-\u00e2ge r\u00e9unis\u00a0! Notre cr\u00e8me solaire visage \u00e0 l\u2019aloe vera (SPF 50) offre une protection optimale aux peaux claires et sensibles. Sa formule l\u00e9g\u00e8re et non grasse, enrichie \u00e0 40\u00a0% d\u2019aloe vera et d\u2019huile d\u2019olive, hydrate intens\u00e9ment et prot\u00e8ge l\u2019ADN cellulaire du vieillissement pr\u00e9matur\u00e9. Id\u00e9ale au quotidien, elle vous assure une peau prot\u00e9g\u00e9e et d\u2019apparence jeune en toutes circonstances.<\/p>","protected":false},"featured_media":388,"template":"","meta":{"_et_pb_use_builder":"","_et_pb_old_content":"","_et_gb_content_width":""},"product_brand":[63],"product_cat":[208,80,60,64,87],"product_tag":[],"class_list":{"0":"post-3215","1":"product","2":"type-product","3":"status-publish","4":"has-post-thumbnail","6":"product_brand-vegas-cosmetics-gmbh","7":"product_cat-beauty-care","8":"product_cat-gigis-travel-world","9":"product_cat-hautpflege","10":"product_cat-koerper-haarpflege","11":"product_cat-sonnenschutz","13":"first","14":"instock","15":"shipping-taxable","16":"product-type-external"},"_links":{"self":[{"href":"https:\/\/gigistravelworld.de\/fr\/wp-json\/wp\/v2\/product\/3215","targetHints":{"allow":["GET"]}}],"collection":[{"href":"https:\/\/gigistravelworld.de\/fr\/wp-json\/wp\/v2\/product"}],"about":[{"href":"https:\/\/gigistravelworld.de\/fr\/wp-json\/wp\/v2\/types\/product"}],"wp:featuredmedia":[{"embeddable":true,"href":"https:\/\/gigistravelworld.de\/fr\/wp-json\/wp\/v2\/media\/388"}],"wp:attachment":[{"href":"https:\/\/gigistravelworld.de\/fr\/wp-json\/wp\/v2\/media?parent=3215"}],"wp:term":[{"taxonomy":"product_brand","embeddable":true,"href":"https:\/\/gigistravelworld.de\/fr\/wp-json\/wp\/v2\/product_brand?post=3215"},{"taxonomy":"product_cat","embeddable":true,"href":"https:\/\/gigistravelworld.de\/fr\/wp-json\/wp\/v2\/product_cat?post=3215"},{"taxonomy":"product_tag","embeddable":true,"href":"https:\/\/gigistravelworld.de\/fr\/wp-json\/wp\/v2\/product_tag?post=3215"}],"curies":[{"name":"wp","href":"https:\/\/api.w.org\/{rel}","templated":true}]}}