{"id":3211,"date":"2025-08-23T20:54:37","date_gmt":"2025-08-23T18:54:37","guid":{"rendered":"https:\/\/gigistravelworld.de\/?post_type=product&#038;p=3211"},"modified":"2026-03-07T19:01:35","modified_gmt":"2026-03-07T18:01:35","slug":"reinigungsgel","status":"publish","type":"product","link":"https:\/\/gigistravelworld.de\/fr\/reinigungsgel\/","title":{"rendered":"Gel nettoyant \u00e0 l&#039;aloe vera\u00a0: Nettoyage doux pour une peau nette | Gigi&#039;s Travel World"},"content":{"rendered":"<div id=\"headingOne\" class=\"panel-heading\" role=\"tab\">\n<p data-path-to-node=\"10\"><b data-path-to-node=\"10\" data-index-in-node=\"0\">Pourquoi ce nettoyant visage est mon indispensable en voyage\u00a0:<\/b> \u201e Que ce soit l&#039;air des avions, la poussi\u00e8re des villes ou une longue journ\u00e9e au bureau, notre peau est mise \u00e0 rude \u00e9preuve. J&#039;ai longtemps cherch\u00e9 un nettoyant qui soit vraiment b\u00e9n\u00e9fique pour ma peau. \u00bb <i data-path-to-node=\"10\" data-index-in-node=\"219\">nettoyage en profondeur<\/i> Oui, mais sans donner l&#039;impression d&#039;utiliser du papier de verre ensuite.<\/p>\n<p data-path-to-node=\"11\">Ce gel est pour moi la quintessence de la fra\u00eecheur. Il clarifie visiblement le teint, poss\u00e8de des propri\u00e9t\u00e9s anti-inflammatoires (merci l&#039;acide salicylique\u00a0!) et pr\u00e9pare parfaitement ma peau \u00e0 l&#039;application de ma cr\u00e8me de jour ou de nuit. Simple et efficace, il est devenu un indispensable de ma salle de bain, o\u00f9 que je sois dans le monde.\u201c<\/p>\n<p data-path-to-node=\"12\"><b data-path-to-node=\"12\" data-index-in-node=\"0\">Les ingr\u00e9dients actifs\u00a0: ce dont votre peau a vraiment besoin.<\/b><\/p>\n<ul data-path-to-node=\"13\">\n<li>\n<p data-path-to-node=\"13,0,0\"><b data-path-to-node=\"13,0,0\" data-index-in-node=\"0\">Acide salicylique :<\/b> Le secret des peaux \u00e0 imperfections. Ce produit poss\u00e8de des propri\u00e9t\u00e9s antimicrobiennes et aide \u00e0 r\u00e9duire l&#039;inflammation \u2013 id\u00e9al pour les peaux grasses ou mixtes.<\/p>\n<\/li>\n<li>\n<p data-path-to-node=\"13,1,0\"><b data-path-to-node=\"13,1,0\" data-index-in-node=\"0\">Glyc\u00e9rine et panth\u00e9nol\u00a0:<\/b> Ces deux cr\u00e8mes hydratantes garantissent que votre peau reste souple et ne tiraille pas apr\u00e8s le lavage.<\/p>\n<\/li>\n<li>\n<p data-path-to-node=\"13,2,0\"><b data-path-to-node=\"13,2,0\" data-index-in-node=\"0\">Formule douce :<\/b> Le gel mousse magnifiquement et \u00e9limine tout ce qui obstrue les pores.<\/p>\n<\/li>\n<\/ul>\n<hr data-path-to-node=\"14\" \/>\n<p data-path-to-node=\"15\"><strong> C&#039;est aussi simple que \u00e7a.<\/strong>\u00a0<span style=\"color: #666666; font-size: 14px;\">\u201e Le matin pour vous r\u00e9veiller et le soir pour vous d\u00e9tendre : appliquez simplement sur peau humide, faites mousser d\u00e9licatement et massez. Rincez ensuite abondamment \u00e0 l&#039;eau. Vous remarquerez imm\u00e9diatement un soulagement imm\u00e9diat sur votre peau ! \u201c<\/span><\/p>\n<p data-path-to-node=\"15\">Apr\u00e8s le nettoyage, la peau est pr\u00eate pour le <a class=\"ng-star-inserted\" href=\"https:\/\/gigistravelworld.de\/fr\/beauty-care\/hautpflege\/pflegeserien\/aloe-vera\/aloe-vera-tagescreme\/\" target=\"_blank\" rel=\"noopener\" data-hveid=\"0\" data-ved=\"0CAAQ_4QMahgKEwiY5IjZhomTAxUAAAAAHQAAAAAQqAE\">Cr\u00e8me de jour \u00e0 l&#039;aloe vera<\/a> ou le <a class=\"ng-star-inserted\" href=\"https:\/\/gigistravelworld.de\/fr\/beauty-care\/hautpflege\/pflegeserien\/aloe-vera\/aloe-vera-nachtcreme\/\" target=\"_blank\" rel=\"noopener\" data-hveid=\"0\" data-ved=\"0CAAQ_4QMahgKEwiY5IjZhomTAxUAAAAAHQAAAAAQqQE\">Cr\u00e8me de nuit \u00e0 l&#039;aloe vera<\/a>.<\/p>\n<\/div>","protected":false},"excerpt":{"rendered":"<p>Votre dose quotidienne de fra\u00eecheur\u00a0: ce gel nettoyant \u00e0 l\u2019aloe vera \u00e9limine en douceur les impuret\u00e9s et l\u2019exc\u00e8s de s\u00e9bum sans dess\u00e9cher la peau. Enrichi en acide salicylique et en panth\u00e9nol nourrissant, il est le partenaire id\u00e9al des peaux mixtes \u00e0 imperfections. 150\u00a0ml de puret\u00e9 pour un teint net et uniforme.<\/p>","protected":false},"featured_media":369,"template":"","meta":{"_et_pb_use_builder":"","_et_pb_old_content":"","_et_gb_content_width":""},"product_brand":[63],"product_cat":[80,208,74,60,97,61,109],"product_tag":[],"class_list":{"0":"post-3211","1":"product","2":"type-product","3":"status-publish","4":"has-post-thumbnail","6":"product_brand-vegas-cosmetics-gmbh","7":"product_cat-gigis-travel-world","8":"product_cat-beauty-care","9":"product_cat-gesichtspflege","10":"product_cat-hautpflege","11":"product_cat-hautreinigung","12":"product_cat-pflegeserien","13":"product_cat-sensitive-concept","15":"first","16":"instock","17":"shipping-taxable","18":"product-type-external"},"_links":{"self":[{"href":"https:\/\/gigistravelworld.de\/fr\/wp-json\/wp\/v2\/product\/3211","targetHints":{"allow":["GET"]}}],"collection":[{"href":"https:\/\/gigistravelworld.de\/fr\/wp-json\/wp\/v2\/product"}],"about":[{"href":"https:\/\/gigistravelworld.de\/fr\/wp-json\/wp\/v2\/types\/product"}],"wp:featuredmedia":[{"embeddable":true,"href":"https:\/\/gigistravelworld.de\/fr\/wp-json\/wp\/v2\/media\/369"}],"wp:attachment":[{"href":"https:\/\/gigistravelworld.de\/fr\/wp-json\/wp\/v2\/media?parent=3211"}],"wp:term":[{"taxonomy":"product_brand","embeddable":true,"href":"https:\/\/gigistravelworld.de\/fr\/wp-json\/wp\/v2\/product_brand?post=3211"},{"taxonomy":"product_cat","embeddable":true,"href":"https:\/\/gigistravelworld.de\/fr\/wp-json\/wp\/v2\/product_cat?post=3211"},{"taxonomy":"product_tag","embeddable":true,"href":"https:\/\/gigistravelworld.de\/fr\/wp-json\/wp\/v2\/product_tag?post=3211"}],"curies":[{"name":"wp","href":"https:\/\/api.w.org\/{rel}","templated":true}]}}