{"id":3210,"date":"2025-08-23T20:54:37","date_gmt":"2025-08-23T18:54:37","guid":{"rendered":"https:\/\/gigistravelworld.de\/?post_type=product&#038;p=3210"},"modified":"2026-03-29T21:51:58","modified_gmt":"2026-03-29T19:51:58","slug":"hyaluron-gel-30ml-skin-cell-tronic-serum","status":"publish","type":"product","link":"https:\/\/gigistravelworld.de\/fr\/hyaluron-gel-30ml-skin-cell-tronic-serum\/","title":{"rendered":"Gel d&#039;acide hyaluronique 30 ml | S\u00e9rum pour la peau CellTronic et anti-\u00e2ge"},"content":{"rendered":"<h1 data-path-to-node=\"9\">Gel d&#039;acide hyaluronique 30 ml : Le pouvoir pur de l&#039;hydratation pour une beaut\u00e9 intemporelle<\/h1>\n<p data-path-to-node=\"10\">Dans mon <a class=\"ng-star-inserted\" href=\"https:\/\/www.google.com\/search?q=https:\/\/gigistravelworld.de\/ueber-mich\/\" target=\"_blank\" rel=\"noopener\" data-hveid=\"0\" data-ved=\"0CAAQ_4QMahgKEwi14-2AncWTAxUAAAAAHQAAAAAQuxM\">Style de vie professionnel<\/a> \u00e0 <b data-path-to-node=\"10\" data-index-in-node=\"33\">Gigis Travel World<\/b> Je rencontre souvent le probl\u00e8me de la \u201e peau d\u00e9shydrat\u00e9e \u201c. Que ce soit \u00e0 cause de l&#039;air sec dans les avions ou des longues journ\u00e9es de travail \u00e0 P\u00e9tange, lorsque la peau manque d&#039;hydratation, on a l&#039;air fatigu\u00e9 et les petites rides se transforment en rides profondes. <b data-path-to-node=\"10\" data-index-in-node=\"281\">Gel d&#039;acide hyaluronique 30 ml<\/b> Vegas Cosmetics offre ici la solution id\u00e9ale. <b data-path-to-node=\"10\" data-index-in-node=\"355\">46,00 \u20ac<\/b> Vous recevrez un concentr\u00e9 sans agents de remplissage inutiles, enti\u00e8rement ax\u00e9 sur la r\u00e9activation de l&#039;hydratation cellulaire. <b data-path-to-node=\"10\" data-index-in-node=\"508\">Gel d&#039;acide hyaluronique 30 ml<\/b> est le compl\u00e9ment logique et n\u00e9cessaire pour toute personne utilisant d\u00e9j\u00e0 des appareils cosm\u00e9tiques.<\/p>\n<h2 data-path-to-node=\"11\">Pourquoi le gel d&#039;acide hyaluronique 30 ml est le compl\u00e9ment id\u00e9al du Skin Cell Tronic<\/h2>\n<p data-path-to-node=\"12\">Dans le monde des cosm\u00e9tiques, l&#039;association du dispositif et du principe actif est cruciale. <b data-path-to-node=\"12\" data-index-in-node=\"87\">Gel d&#039;acide hyaluronique 30 ml<\/b> Sa composition chimique lui conf\u00e8re une conductivit\u00e9 optimale pour les ultrasons. Alors que les cr\u00e8mes grasses bloquent les ultrasons, la structure aqueuse de <b data-path-to-node=\"12\" data-index-in-node=\"295\">Gel d&#039;acide hyaluronique 30 ml<\/b> les vagues de <b data-path-to-node=\"12\" data-index-in-node=\"328\">Cellule cutan\u00e9e Tronic<\/b> passer sans entrave. Cela permet au hyaluronate de sodium contenu dans le <b data-path-to-node=\"12\" data-index-in-node=\"407\">Gel d&#039;acide hyaluronique 30 ml<\/b> Il est d\u00e9livr\u00e9 directement dans le derme, o\u00f9 il peut exercer son effet repulpant. Toute personne qui... <b data-path-to-node=\"12\" data-index-in-node=\"516\">Gel d&#039;acide hyaluronique 30 ml<\/b> Son utilisation sans appareil offre d\u00e9j\u00e0 d&#039;\u00e9normes avantages, mais combin\u00e9e au Skin Cell Tronic, elle devient la fontaine de jouvence ultime.<\/p>\n<h2 data-path-to-node=\"13\">La magie de la formule minimaliste<\/h2>\n<p data-path-to-node=\"14\">Le <b data-path-to-node=\"14\" data-index-in-node=\"4\">Gel d&#039;acide hyaluronique 30 ml<\/b> Sa liste d&#039;ingr\u00e9dients, aussi courte qu&#039;efficace, impressionne. \u00c0 une \u00e9poque o\u00f9 de nombreux produits affichent plus de 50 ingr\u00e9dients, c&#039;est remarquable. <b data-path-to-node=\"14\" data-index-in-node=\"168\">Gel d&#039;acide hyaluronique 30 ml<\/b> le chemin de la puret\u00e9 :<\/p>\n<ol start=\"1\" data-path-to-node=\"15\">\n<li>\n<p data-path-to-node=\"15,0,0\"><b data-path-to-node=\"15,0,0\" data-index-in-node=\"0\">Hyaluronate de sodium :<\/b> Le sel d&#039;acide hyaluronique dans <b data-path-to-node=\"15,0,0\" data-index-in-node=\"50\">Gel d&#039;acide hyaluronique 30 ml<\/b> Sa structure mol\u00e9culaire est plus petite que celle de l&#039;acide hyaluronique pur, ce qui lui permet de p\u00e9n\u00e9trer plus profond\u00e9ment dans la peau. Elle peut retenir jusqu&#039;\u00e0 1000 fois son poids en eau.<\/p>\n<\/li>\n<li>\n<p data-path-to-node=\"15,1,0\"><b data-path-to-node=\"15,1,0\" data-index-in-node=\"0\">Panth\u00e9nol (provitamine B5) :<\/b> Cela fonctionne dans <b data-path-to-node=\"15,1,0\" data-index-in-node=\"39\">Gel d&#039;acide hyaluronique 30 ml<\/b> Elle poss\u00e8de un puissant effet apaisant et favorise la cicatrisation. C&#039;est le partenaire id\u00e9al pour prot\u00e9ger la peau lors de traitements avec des dispositifs m\u00e9dicaux.<\/p>\n<\/li>\n<li>\n<p data-path-to-node=\"15,2,0\"><b data-path-to-node=\"15,2,0\" data-index-in-node=\"0\">Pentyl\u00e8ne glycol :<\/b> Une cr\u00e8me hydratante moderne <b data-path-to-node=\"15,2,0\" data-index-in-node=\"55\">Gel d&#039;acide hyaluronique 30 ml<\/b>, qui agit \u00e9galement comme conservateur naturel \u2013 sans aucun parab\u00e8ne.<\/p>\n<\/li>\n<\/ol>\n<h2 data-path-to-node=\"16\">R\u00e9duction visible de la profondeur des rides<\/h2>\n<p data-path-to-node=\"17\">La principale raison pour laquelle mes clients sont dans le <b data-path-to-node=\"17\" data-index-in-node=\"42\">Gigis Travel World<\/b> pour le <b data-path-to-node=\"17\" data-index-in-node=\"65\">Gel d&#039;acide hyaluronique 30 ml<\/b> L\u2019effet repulpant est imm\u00e9diat et visible. En reconstituant les r\u00e9serves d\u2019hydratation, les ridules dues \u00e0 la d\u00e9shydratation sont instantan\u00e9ment liss\u00e9es. Avec une utilisation r\u00e9guli\u00e8re du <b data-path-to-node=\"17\" data-index-in-node=\"276\">Gel d&#039;acide hyaluronique 30 ml<\/b> L&#039;\u00e9lasticit\u00e9 de la peau est sensiblement am\u00e9lior\u00e9e. Le visage para\u00eet plus sculpt\u00e9, plus frais et plus \u00e9clatant. <b data-path-to-node=\"17\" data-index-in-node=\"396\">Gel d&#039;acide hyaluronique 30 ml<\/b> Il s&#039;agit donc de la pr\u00e9vention la plus efficace contre le vieillissement cutan\u00e9 pr\u00e9matur\u00e9.<\/p>\n<h2 data-path-to-node=\"18\">Conseils d&#039;application du gel d&#039;acide hyaluronique 30 ml<\/h2>\n<p data-path-to-node=\"19\">Pour tirer le meilleur parti de votre flacon de 30 ml, je recommande deux m\u00e9thodes d&#039;application\u00a0:<\/p>\n<ul data-path-to-node=\"20\">\n<li>\n<p data-path-to-node=\"20,0,0\"><b data-path-to-node=\"20,0,0\" data-index-in-node=\"0\">La routine quotidienne :<\/b> \u00c0 porter apr\u00e8s nettoyage (par exemple avec le <a class=\"ng-star-inserted\" href=\"https:\/\/www.google.com\/search?q=https:\/\/gigistravelworld.de\/beauty-care\/reinigung\/q10-reinigungsmilch-mit-hamamelis-200ml\/\" target=\"_blank\" rel=\"noopener\" data-hveid=\"0\" data-ved=\"0CAAQ_4QMahgKEwi14-2AncWTAxUAAAAAHQAAAAAQvBM\">Lait d\u00e9toxifiant Q10<\/a>) une petite quantit\u00e9 de <b data-path-to-node=\"20,0,0\" data-index-in-node=\"104\">Gel d&#039;acide hyaluronique 30 ml<\/b> Appliquez sur le visage encore l\u00e9g\u00e8rement humide. Tapotez d\u00e9licatement jusqu&#039;\u00e0 absorption compl\u00e8te. Appliquez ensuite votre cr\u00e8me de jour ou de nuit habituelle.<\/p>\n<\/li>\n<li>\n<p data-path-to-node=\"20,1,0\"><b data-path-to-node=\"20,1,0\" data-index-in-node=\"0\">Le traitement intensif :<\/b> Portez ceci <b data-path-to-node=\"20,1,0\" data-index-in-node=\"34\">Gel d&#039;acide hyaluronique 30 ml<\/b> Appliquez g\u00e9n\u00e9reusement sur les zones \u00e0 traiter. Utilisez ensuite le <a class=\"ng-star-inserted\" href=\"https:\/\/www.google.com\/search?q=https:\/\/gigistravelworld.de\/beauty-care\/geraete\/skin-cell-tronic\/\" target=\"_blank\" rel=\"noopener\" data-hveid=\"0\" data-ved=\"0CAAQ_4QMahgKEwi14-2AncWTAxUAAAAAHQAAAAAQvRM\">Cellule cutan\u00e9e Tronic<\/a> en mode ultrasons. <b data-path-to-node=\"20,1,0\" data-index-in-node=\"156\">Gel d&#039;acide hyaluronique 30 ml<\/b> Ce produit sert de milieu de contact. Appliquez-le d\u00e9licatement sur la peau pendant environ 10 minutes.<\/p>\n<\/li>\n<\/ul>\n<h2 data-path-to-node=\"21\">Pourquoi le gel d&#039;hyaluronine 30 ml devrait se trouver dans chaque valise<\/h2>\n<p data-path-to-node=\"22\">Dans le <b data-path-to-node=\"22\" data-index-in-node=\"7\">Gigis Travel World<\/b> Le principe est le suivant : l&#039;efficacit\u00e9 avant le volume. <b data-path-to-node=\"22\" data-index-in-node=\"59\">Gel d&#039;acide hyaluronique 30 ml<\/b> Petit et pratique, il remplace souvent les masques hydratants riches. C&#039;est le soin SOS id\u00e9al apr\u00e8s une longue journ\u00e9e au soleil ou une nuit blanche. <b data-path-to-node=\"22\" data-index-in-node=\"232\">Gel d&#039;acide hyaluronique 30 ml<\/b> Ainsi, le lendemain matin, vous ne verrez pas les marques de la journ\u00e9e pr\u00e9c\u00e9dente dans le miroir, mais plut\u00f4t une peau \u00e9clatante et fra\u00eeche.<\/p>\n<h2 data-path-to-node=\"23\">Questions fr\u00e9quentes sur le gel d&#039;acide hyaluronique 30 ml (FAQ)<\/h2>\n<ul data-path-to-node=\"24\">\n<li>\n<p data-path-to-node=\"24,0,0\"><b data-path-to-node=\"24,0,0\" data-index-in-node=\"0\">Le gel d&#039;hyaluronine 30 ml est-il collant apr\u00e8s application ?<\/b> En raison de la forte concentration, <b data-path-to-node=\"24,0,0\" data-index-in-node=\"91\">Gel d&#039;acide hyaluronique 30 ml<\/b> Une sensation collante peut persister quelques secondes. Cependant, une fois absorb\u00e9e (ou m\u00e9lang\u00e9e au Skin Cell Tronic), elle laisse la peau douce et soyeuse.<\/p>\n<\/li>\n<li>\n<p data-path-to-node=\"24,1,0\"><b data-path-to-node=\"24,1,0\" data-index-in-node=\"0\">Puis-je utiliser le gel d&#039;acide hyaluronique 30 ml sur une peau grasse ?<\/b> Absolument ! Depuis ce <b data-path-to-node=\"24,1,0\" data-index-in-node=\"73\">Gel d&#039;acide hyaluronique 30 ml<\/b> Compos\u00e9e \u00e0 100 % d&#039;huile, la cr\u00e8me % est le soin hydratant id\u00e9al pour les peaux grasses et mixtes, sans obstruer les pores.<\/p>\n<\/li>\n<li>\n<p data-path-to-node=\"24,2,0\"><b data-path-to-node=\"24,2,0\" data-index-in-node=\"0\">Le gel d&#039;acide hyaluronique 30 ml est-il sans parab\u00e8nes ?<\/b> Oui, nous nous installons <b data-path-to-node=\"24,2,0\" data-index-in-node=\"57\">Gel d&#039;acide hyaluronique 30 ml<\/b> Ils ne contiennent pas de parab\u00e8nes et sont totalement exempts d&#039;\u00e9mulsifiants artificiels.<\/p>\n<\/li>\n<\/ul>\n<h2 data-path-to-node=\"25\">Aper\u00e7u des donn\u00e9es produit\u00a0:<\/h2>\n<table data-path-to-node=\"26\">\n<thead>\n<tr>\n<td><strong>fonctionnalit\u00e9<\/strong><\/td>\n<td><strong>D\u00e9tails<\/strong><\/td>\n<\/tr>\n<\/thead>\n<tbody>\n<tr>\n<td><span data-path-to-node=\"26,1,0,0\"><b data-path-to-node=\"26,1,0,0\" data-index-in-node=\"0\">Nom du produit<\/b><\/span><\/td>\n<td><span data-path-to-node=\"26,1,1,0\"><b data-path-to-node=\"26,1,1,0\" data-index-in-node=\"0\">Gel d&#039;acide hyaluronique 30 ml<\/b><\/span><\/td>\n<\/tr>\n<tr>\n<td><span data-path-to-node=\"26,2,0,0\"><b data-path-to-node=\"26,2,0,0\" data-index-in-node=\"0\">ingr\u00e9dient actif principal<\/b><\/span><\/td>\n<td><span data-path-to-node=\"26,2,1,0\">Hyaluronate de sodium (acide hyaluronique)<\/span><\/td>\n<\/tr>\n<tr>\n<td><span data-path-to-node=\"26,3,0,0\"><b data-path-to-node=\"26,3,0,0\" data-index-in-node=\"0\">Soins suppl\u00e9mentaires<\/b><\/span><\/td>\n<td><span data-path-to-node=\"26,3,1,0\">Panth\u00e9nol (provitamine B5)<\/span><\/td>\n<\/tr>\n<tr>\n<td><span data-path-to-node=\"26,4,0,0\"><b data-path-to-node=\"26,4,0,0\" data-index-in-node=\"0\">Fonction sp\u00e9ciale<\/b><\/span><\/td>\n<td><span data-path-to-node=\"26,4,1,0\">Optimis\u00e9 pour <b data-path-to-node=\"26,4,1,0\" data-index-in-node=\"14\">Cellule cutan\u00e9e Tronic<\/b><\/span><\/td>\n<\/tr>\n<tr>\n<td><span data-path-to-node=\"26,5,0,0\"><b data-path-to-node=\"26,5,0,0\" data-index-in-node=\"0\">Libre de<\/b><\/span><\/td>\n<td><span data-path-to-node=\"26,5,1,0\">Parab\u00e8nes, parfums, huile<\/span><\/td>\n<\/tr>\n<tr>\n<td><span data-path-to-node=\"26,6,0,0\"><b data-path-to-node=\"26,6,0,0\" data-index-in-node=\"0\">Prix<\/b><\/span><\/td>\n<td><span data-path-to-node=\"26,6,1,0\">46,00 \u20ac<\/span><\/td>\n<\/tr>\n<\/tbody>\n<\/table>","protected":false},"excerpt":{"rendered":"<p data-path-to-node=\"4\"><b data-path-to-node=\"4\" data-index-in-node=\"0\">L&#039;architecte de l&#039;hydratation pour votre visage : Gel \u00e0 l&#039;acide hyaluronique 30 ml.<\/b><\/p>\n<p data-path-to-node=\"5\">Repulpez votre peau de l&#039;int\u00e9rieur ! <b data-path-to-node=\"5\" data-index-in-node=\"39\">Gel d&#039;acide hyaluronique 30 ml<\/b> Il s&#039;agit d&#039;un s\u00e9rum hautement concentr\u00e9 en actifs, sp\u00e9cialement con\u00e7u pour une hydratation maximale et une r\u00e9duction des rides. Sa formule minimaliste mais tr\u00e8s efficace contient des ingr\u00e9dients purs. <b data-path-to-node=\"5\" data-index-in-node=\"247\">Hyaluronate de sodium<\/b> et apaisant <b data-path-to-node=\"5\" data-index-in-node=\"283\">Panth\u00e9nol<\/b> La profondeur des rides est visiblement r\u00e9duite et l&#039;\u00e9lasticit\u00e9 de votre peau est durablement am\u00e9lior\u00e9e. Ce gel a \u00e9t\u00e9 sp\u00e9cialement con\u00e7u pour \u00eatre utilis\u00e9 avec le <b data-path-to-node=\"5\" data-index-in-node=\"437\">Cellule cutan\u00e9e Tronic<\/b> Optimis\u00e9, il peut aussi s&#039;utiliser quotidiennement comme soin intensif sous votre cr\u00e8me hydratante. Sans parab\u00e8nes, 100 % d&#039;hydratation \u2013 pour un teint \u00e9clatant de fra\u00eecheur.<\/p>\n<ul data-path-to-node=\"6\">\n<li>\n<p data-path-to-node=\"6,0,0\">\u2705 <b data-path-to-node=\"6,0,0\" data-index-in-node=\"2\">Effet de profondeur\u00a0:<\/b> R\u00e9duit la profondeur des rides gr\u00e2ce \u00e0 une forte concentration d&#039;acide hyaluronique.<\/p>\n<\/li>\n<li>\n<p data-path-to-node=\"6,1,0\">\u2705 <b data-path-to-node=\"6,1,0\" data-index-in-node=\"2\">Expert en lubrifiants :<\/b> Sp\u00e9cialement con\u00e7u pour les applications \u00e0 ultrasons avec <b data-path-to-node=\"6,1,0\" data-index-in-node=\"64\">Cellule cutan\u00e9e Tronic<\/b> d\u00e9velopp\u00e9.<\/p>\n<\/li>\n<li>\n<p data-path-to-node=\"6,2,0\">\u2705 <b data-path-to-node=\"6,2,0\" data-index-in-node=\"2\">Formule propre :<\/b> Seulement 5 ingr\u00e9dients pour une tol\u00e9rance et une puret\u00e9 maximales.<\/p>\n<\/li>\n<li>\n<p data-path-to-node=\"6,3,0\">\u2705 <b data-path-to-node=\"6,3,0\" data-index-in-node=\"2\">Aimant \u00e0 humidit\u00e9 :<\/b> Elle retient l&#039;eau dans les couches profondes de la peau.<\/p>\n<\/li>\n<li>\n<p data-path-to-node=\"6,4,0\">\u2705 <b data-path-to-node=\"6,4,0\" data-index-in-node=\"2\">Rassurant:<\/b> Le panth\u00e9nol r\u00e9g\u00e9n\u00e8re et prot\u00e8ge la barri\u00e8re cutan\u00e9e.<\/p>\n<\/li>\n<li>\n<p data-path-to-node=\"6,5,0\">\u2705 <b data-path-to-node=\"6,5,0\" data-index-in-node=\"2\">Prix : 46,00 \u20ac<\/b><\/p>\n<\/li>\n<\/ul>","protected":false},"featured_media":368,"template":"","meta":{"_et_pb_use_builder":"","_et_pb_old_content":"","_et_gb_content_width":""},"product_brand":[63],"product_cat":[60,103,208,74,107,61,111],"product_tag":[],"class_list":{"0":"post-3210","1":"product","2":"type-product","3":"status-publish","4":"has-post-thumbnail","6":"product_brand-vegas-cosmetics-gmbh","7":"product_cat-hautpflege","8":"product_cat-anti-aging","9":"product_cat-beauty-care","10":"product_cat-gesichtspflege","11":"product_cat-hyaluron-care","12":"product_cat-pflegeserien","13":"product_cat-skin-cell-tronic-pflegeserien","15":"first","16":"instock","17":"shipping-taxable","18":"product-type-external"},"_links":{"self":[{"href":"https:\/\/gigistravelworld.de\/fr\/wp-json\/wp\/v2\/product\/3210","targetHints":{"allow":["GET"]}}],"collection":[{"href":"https:\/\/gigistravelworld.de\/fr\/wp-json\/wp\/v2\/product"}],"about":[{"href":"https:\/\/gigistravelworld.de\/fr\/wp-json\/wp\/v2\/types\/product"}],"wp:featuredmedia":[{"embeddable":true,"href":"https:\/\/gigistravelworld.de\/fr\/wp-json\/wp\/v2\/media\/368"}],"wp:attachment":[{"href":"https:\/\/gigistravelworld.de\/fr\/wp-json\/wp\/v2\/media?parent=3210"}],"wp:term":[{"taxonomy":"product_brand","embeddable":true,"href":"https:\/\/gigistravelworld.de\/fr\/wp-json\/wp\/v2\/product_brand?post=3210"},{"taxonomy":"product_cat","embeddable":true,"href":"https:\/\/gigistravelworld.de\/fr\/wp-json\/wp\/v2\/product_cat?post=3210"},{"taxonomy":"product_tag","embeddable":true,"href":"https:\/\/gigistravelworld.de\/fr\/wp-json\/wp\/v2\/product_tag?post=3210"}],"curies":[{"name":"wp","href":"https:\/\/api.w.org\/{rel}","templated":true}]}}