{"id":3209,"date":"2025-08-23T20:54:37","date_gmt":"2025-08-23T18:54:37","guid":{"rendered":"https:\/\/gigistravelworld.de\/?post_type=product&#038;p=3209"},"modified":"2026-03-29T21:47:31","modified_gmt":"2026-03-29T19:47:31","slug":"skin-cell-tronic-ultraschall-anti-aging-geraet","status":"publish","type":"product","link":"https:\/\/gigistravelworld.de\/fr\/skin-cell-tronic-ultraschall-anti-aging-geraet\/","title":{"rendered":"Skin Cell Tronic | Soin anti-\u00e2ge et ultrasons professionnel pour une utilisation \u00e0 domicile"},"content":{"rendered":"<h1 data-path-to-node=\"10\">Skin Cell Tronic : Le chef-d&#039;\u0153uvre architectural pour votre visage<\/h1>\n<p data-path-to-node=\"11\">Dans mon <a class=\"ng-star-inserted\" href=\"https:\/\/www.google.com\/search?q=https:\/\/gigistravelworld.de\/ueber-mich\/\" target=\"_blank\" rel=\"noopener\" data-hveid=\"0\" data-ved=\"0CAAQ_4QMahgKEwi14-2AncWTAxUAAAAAHQAAAAAQlxM\">Style de vie professionnel<\/a> \u00e0 <b data-path-to-node=\"11\" data-index-in-node=\"33\">Gigis Travel World<\/b> Je sais que le temps est notre bien le plus pr\u00e9cieux. Nous n&#039;avons pas toujours le temps d&#039;aller dans un institut de beaut\u00e9 pour un lifting professionnel. <b data-path-to-node=\"11\" data-index-in-node=\"201\">Cellule cutan\u00e9e Tronic<\/b> Vegas Cosmetics est la r\u00e9ponse \u00e0 ce mode de vie moderne. <b data-path-to-node=\"11\" data-index-in-node=\"289\">299,00 \u20ac<\/b> Vous recevrez un appareil qui d\u00e9cuplera l&#039;efficacit\u00e9 de votre routine de soins de la peau. <b data-path-to-node=\"11\" data-index-in-node=\"401\">Cellule cutan\u00e9e Tronic<\/b> Il ne s&#039;agit pas d&#039;une tendance passag\u00e8re, mais d&#039;un syst\u00e8me scientifiquement fond\u00e9 pour une am\u00e9lioration durable de la peau.<\/p>\n<h2 data-path-to-node=\"12\">Comment Skin Cell Tronic transforme votre peau de l&#039;int\u00e9rieur<\/h2>\n<p data-path-to-node=\"13\">Le secret de <b data-path-to-node=\"13\" data-index-in-node=\"18\">Cellule cutan\u00e9e Tronic<\/b> L&#039;avantage r\u00e9side dans ce qu&#039;on appelle la diffusion transdermique. Lorsqu&#039;on applique manuellement des gels d&#039;acide hyaluronique, une grande partie des mol\u00e9cules reste pi\u00e9g\u00e9e dans la couche la plus externe de l&#039;\u00e9piderme. <b data-path-to-node=\"13\" data-index-in-node=\"204\">Cellule cutan\u00e9e Tronic<\/b> Elle utilise des ondes ultrasonores (3 MHz) pour ouvrir de minuscules canaux dans la barri\u00e8re cutan\u00e9e. Ces \u201e micro-vibrations \u201c <b data-path-to-node=\"13\" data-index-in-node=\"339\">Cellule cutan\u00e9e Tronic<\/b> Les principes actifs atteignent pr\u00e9cis\u00e9ment l&#039;endroit o\u00f9 ils sont n\u00e9cessaires : au c\u0153ur des tissus pour retenir l&#039;humidit\u00e9 et soutenir le tissu conjonctif. <b data-path-to-node=\"13\" data-index-in-node=\"501\">Cellule cutan\u00e9e Tronic<\/b> Cela fonctionne presque comme un service de livraison express pour les cellules de votre peau.<\/p>\n<h2 data-path-to-node=\"14\">Les trois piliers du concept de traitement Skin Cell Tronic<\/h2>\n<p data-path-to-node=\"15\">Qu&#039;est-ce que c&#039;est <b data-path-to-node=\"15\" data-index-in-node=\"8\">Cellule cutan\u00e9e Tronic<\/b> Ce qui le rend si unique, c&#039;est la combinaison de trois m\u00e9thodes physiques tr\u00e8s efficaces dans un seul appareil pratique\u00a0:<\/p>\n<ol start=\"1\" data-path-to-node=\"16\">\n<li>\n<p data-path-to-node=\"16,0,0\"><b data-path-to-node=\"16,0,0\" data-index-in-node=\"0\">Ultrasons (soniques) :<\/b> Les ondes ultrasonores des <b data-path-to-node=\"16,0,0\" data-index-in-node=\"47\">Cellule cutan\u00e9e Tronic<\/b> Elles procurent un micromassage des tissus. Ceci favorise la circulation sanguine et lymphatique, ce qui contribue \u00e0 une \u00e9limination plus efficace des toxines.<\/p>\n<\/li>\n<li>\n<p data-path-to-node=\"16,1,0\"><b data-path-to-node=\"16,1,0\" data-index-in-node=\"0\">Technologie ionique (iontophor\u00e8se) :<\/b> Ceci peut \u00eatre r\u00e9alis\u00e9 gr\u00e2ce aux courants galvaniques (ions + et -). <b data-path-to-node=\"16,1,0\" data-index-in-node=\"84\">Cellule cutan\u00e9e Tronic<\/b> La peau est soit nettoy\u00e9e en profondeur (exportation), soit des ingr\u00e9dients actifs tels que l&#039;acide hyaluronique sont \u201e aspir\u00e9s \u201c en profondeur (importation).<\/p>\n<\/li>\n<li>\n<p data-path-to-node=\"16,2,0\"><b data-path-to-node=\"16,2,0\" data-index-in-node=\"0\">Th\u00e9rapie par la lumi\u00e8re LED (photons)\u00a0:<\/b> Le <b data-path-to-node=\"16,2,0\" data-index-in-node=\"34\">Cellule cutan\u00e9e Tronic<\/b> fonctionne avec trois fr\u00e9quences lumineuses\u00a0:<\/p>\n<ul data-path-to-node=\"16,2,1\">\n<li>\n<p data-path-to-node=\"16,2,1,0,0\"><b data-path-to-node=\"16,2,1,0,0\" data-index-in-node=\"0\">Feu rouge :<\/b> Favorise la production de collag\u00e8ne et r\u00e9duit les rides.<\/p>\n<\/li>\n<li>\n<p data-path-to-node=\"16,2,1,1,0\"><b data-path-to-node=\"16,2,1,1,0\" data-index-in-node=\"0\">Lumi\u00e8re bleue :<\/b> Elle poss\u00e8de des propri\u00e9t\u00e9s antibact\u00e9riennes et apaise les processus inflammatoires (id\u00e9ale pour les imperfections).<\/p>\n<\/li>\n<li>\n<p data-path-to-node=\"16,2,1,2,0\"><b data-path-to-node=\"16,2,1,2,0\" data-index-in-node=\"0\">Feu vert:<\/b> Il aide \u00e0 att\u00e9nuer les troubles de la pigmentation et assure un teint uniforme.<\/p>\n<\/li>\n<\/ul>\n<\/li>\n<\/ol>\n<h2 data-path-to-node=\"17\">Votre rituel spa \u00e0 domicile avec Skin Cell Tronic<\/h2>\n<p data-path-to-node=\"18\">L&#039;application de <b data-path-to-node=\"18\" data-index-in-node=\"18\">Cellule cutan\u00e9e Tronic<\/b> C&#039;est incroyablement simple et cela s&#039;int\u00e8gre parfaitement \u00e0 votre routine quotidienne. <b data-path-to-node=\"18\" data-index-in-node=\"115\">Gigis Travel World<\/b> Nous utilisons g\u00e9n\u00e9ralement l&#039;appareil deux fois par semaine pour un traitement intensif\u00a0:<\/p>\n<ul data-path-to-node=\"19\">\n<li>\n<p data-path-to-node=\"19,0,0\"><b data-path-to-node=\"19,0,0\" data-index-in-node=\"0\">\u00c9tape 1 (Nettoyage) :<\/b> Utilisez ceci <b data-path-to-node=\"19,0,0\" data-index-in-node=\"33\">Cellule cutan\u00e9e Tronic<\/b> en mode ion-moins, associ\u00e9 \u00e0 un lait d\u00e9maquillant pour nettoyer la peau en profondeur et \u00e9liminer les impuret\u00e9s.<\/p>\n<\/li>\n<li>\n<p data-path-to-node=\"19,1,0\"><b data-path-to-node=\"19,1,0\" data-index-in-node=\"0\">\u00c9tape 2 (Entr\u00e9e) :<\/b> Appliquez le gel hyaluronique de haute qualit\u00e9. Utilisez maintenant le <b data-path-to-node=\"19,1,0\" data-index-in-node=\"80\">Cellule cutan\u00e9e Tronic<\/b> En mode ultrasons et ions plus. Faites glisser doucement en mouvements circulaires du centre du visage vers l&#039;ext\u00e9rieur.<\/p>\n<\/li>\n<li>\n<p data-path-to-node=\"19,2,0\"><b data-path-to-node=\"19,2,0\" data-index-in-node=\"0\">\u00c9tape 3 (Luminoth\u00e9rapie) :<\/b> Choisissez la couleur claire de la <b data-path-to-node=\"19,2,0\" data-index-in-node=\"52\">Cellule cutan\u00e9e Tronic<\/b>, qui r\u00e9pond aux besoins actuels de votre peau \u2013 rouge pour raffermir, bleu pour apaiser.<\/p>\n<\/li>\n<\/ul>\n<h2 data-path-to-node=\"20\">Pourquoi Skin Cell Tronic est indispensable chez Gigis Travel World<\/h2>\n<p data-path-to-node=\"21\">Que vous soyez assis dans votre bureau \u00e0 P\u00e9tange ou en voyage vers des contr\u00e9es lointaines, ceci <b data-path-to-node=\"21\" data-index-in-node=\"102\">Cellule cutan\u00e9e Tronic<\/b> Voici votre secret de beaut\u00e9 nomade. Sans fil, il s&#039;adapte parfaitement \u00e0 votre morphologie. <b data-path-to-node=\"21\" data-index-in-node=\"211\">Cellule cutan\u00e9e Tronic<\/b> Parfait pour tout sac de voyage. <b data-path-to-node=\"21\" data-index-in-node=\"265\">Gigis Travel World<\/b> est <b data-path-to-node=\"21\" data-index-in-node=\"294\">Cellule cutan\u00e9e Tronic<\/b> Pour l&#039;ind\u00e9pendance. Nous n&#039;avons plus besoin de rendez-vous pour \u00eatre beaux. <b data-path-to-node=\"21\" data-index-in-node=\"398\">Cellule cutan\u00e9e Tronic<\/b> Vous reprenez le contr\u00f4le de votre \u00e2ge.<\/p>\n<h2 data-path-to-node=\"22\">L&#039;efficacit\u00e9 \u00e9conomique de Skin Cell Tronic<\/h2>\n<p data-path-to-node=\"23\">Certains pourraient \u00eatre \u00e0 <b data-path-to-node=\"23\" data-index-in-node=\"20\">299,00 \u20ac<\/b> H\u00e9sitez. Mais faisons le calcul\u00a0: un traitement unique r\u00e9alis\u00e9 avec du mat\u00e9riel en studio co\u00fbte entre 80 et 150\u00a0\u20ac. Avec le <b data-path-to-node=\"23\" data-index-in-node=\"156\">Cellule cutan\u00e9e Tronic<\/b> Vous aurez amorti le co\u00fbt de l&#039;appareil apr\u00e8s seulement trois utilisations. <b data-path-to-node=\"23\" data-index-in-node=\"234\">Cellule cutan\u00e9e Tronic<\/b> vous offre un professionnalisme \u00e0 vie pour le prix d&#039;un week-end. De plus, cela augmente <b data-path-to-node=\"23\" data-index-in-node=\"342\">Cellule cutan\u00e9e Tronic<\/b> L&#039;effet de vos cr\u00e8mes et s\u00e9rums pr\u00e9c\u00e9dents sera consid\u00e9rable, car ils atteindront enfin leur point d&#039;entr\u00e9e optimal.<\/p>\n<h2 data-path-to-node=\"24\">Foire aux questions sur Skin Cell Tronic (FAQ)<\/h2>\n<ul data-path-to-node=\"25\">\n<li>\n<p data-path-to-node=\"25,0,0\"><b data-path-to-node=\"25,0,0\" data-index-in-node=\"0\">L&#039;application de Skin Cell Tronic est-elle douloureuse\u00a0?<\/b> Non, tout au contraire ! La plupart des utilisateurs appr\u00e9cient la douce chaleur et les micro-vibrations du <b data-path-to-node=\"25,0,0\" data-index-in-node=\"152\">Cellule cutan\u00e9e Tronic<\/b> extr\u00eamement relaxant.<\/p>\n<\/li>\n<li>\n<p data-path-to-node=\"25,1,0\"><b data-path-to-node=\"25,1,0\" data-index-in-node=\"0\">\u00c0 quelle fr\u00e9quence dois-je utiliser Skin Cell Tronic\u00a0?<\/b> Pour des r\u00e9sultats optimaux, nous recommandons <b data-path-to-node=\"25,1,0\" data-index-in-node=\"90\">Cellule cutan\u00e9e Tronic<\/b> Appliquer 2 \u00e0 3 fois par semaine pendant environ 10 \u00e0 15 minutes \u00e0 chaque fois.<\/p>\n<\/li>\n<li>\n<p data-path-to-node=\"25,2,0\"><b data-path-to-node=\"25,2,0\" data-index-in-node=\"0\">Puis-je utiliser n&#039;importe quel gel avec Skin Cell Tronic\u00a0?<\/b> Le <b data-path-to-node=\"25,2,0\" data-index-in-node=\"56\">Cellule cutan\u00e9e Tronic<\/b> est parfaitement adapt\u00e9 \u00e0 nos gels hyaluroniques \u00e0 base d&#039;eau. Les substances huileuses conduisent les ultrasons de <b data-path-to-node=\"25,2,0\" data-index-in-node=\"182\">Cellule cutan\u00e9e Tronic<\/b> pire encore, et ne devrait \u00eatre appliqu\u00e9 qu&#039;apr\u00e8s un traitement.<\/p>\n<\/li>\n<\/ul>\n<h2 data-path-to-node=\"26\">Aper\u00e7u des donn\u00e9es produit\u00a0:<\/h2>\n<table data-path-to-node=\"27\">\n<thead>\n<tr>\n<td><strong>fonctionnalit\u00e9<\/strong><\/td>\n<td><strong>D\u00e9tails<\/strong><\/td>\n<\/tr>\n<\/thead>\n<tbody>\n<tr>\n<td><span data-path-to-node=\"27,1,0,0\"><b data-path-to-node=\"27,1,0,0\" data-index-in-node=\"0\">Nom du produit<\/b><\/span><\/td>\n<td><span data-path-to-node=\"27,1,1,0\"><b data-path-to-node=\"27,1,1,0\" data-index-in-node=\"0\">Cellule cutan\u00e9e Tronic<\/b><\/span><\/td>\n<\/tr>\n<tr>\n<td><span data-path-to-node=\"27,2,0,0\"><b data-path-to-node=\"27,2,0,0\" data-index-in-node=\"0\">Technologies<\/b><\/span><\/td>\n<td><span data-path-to-node=\"27,2,1,0\">Ultrasons (3 MHz), galvanoplastie (ions), lumi\u00e8re LED<\/span><\/td>\n<\/tr>\n<tr>\n<td><span data-path-to-node=\"27,3,0,0\"><b data-path-to-node=\"27,3,0,0\" data-index-in-node=\"0\">Domaine d&#039;application<\/b><\/span><\/td>\n<td><span data-path-to-node=\"27,3,1,0\">Visage, cou, d\u00e9collet\u00e9<\/span><\/td>\n<\/tr>\n<tr>\n<td><span data-path-to-node=\"27,4,0,0\"><b data-path-to-node=\"27,4,0,0\" data-index-in-node=\"0\">Effet<\/b><\/span><\/td>\n<td><span data-path-to-node=\"27,4,1,0\">Infusion d&#039;acide hyaluronique, raffermissante, purifiante<\/span><\/td>\n<\/tr>\n<tr>\n<td><span data-path-to-node=\"27,5,0,0\"><b data-path-to-node=\"27,5,0,0\" data-index-in-node=\"0\">Contenu<\/b><\/span><\/td>\n<td><span data-path-to-node=\"27,5,1,0\">Appareil, station de charge, manuel d&#039;utilisation<\/span><\/td>\n<\/tr>\n<tr>\n<td><span data-path-to-node=\"27,6,0,0\"><b data-path-to-node=\"27,6,0,0\" data-index-in-node=\"0\">Prix<\/b><\/span><\/td>\n<td><span data-path-to-node=\"27,6,1,0\">299,00 \u20ac<\/span><\/td>\n<\/tr>\n<\/tbody>\n<\/table>","protected":false},"excerpt":{"rendered":"<p data-path-to-node=\"5\"><b data-path-to-node=\"5\" data-index-in-node=\"0\">Votre studio de beaut\u00e9 priv\u00e9 : Skin Cell Tronic pour un rajeunissement cutan\u00e9 professionnel.<\/b><\/p>\n<p data-path-to-node=\"6\">R\u00e9volutionnez vos soins de la peau gr\u00e2ce \u00e0 une technologie de pointe ! <b data-path-to-node=\"6\" data-index-in-node=\"64\">Cellule cutan\u00e9e Tronic<\/b> est un concept de traitement esth\u00e9tique qui fait le lien entre les cosm\u00e9tiques classiques et les traitements dermatologiques par appareils. Gr\u00e2ce \u00e0 la combinaison d&#039;ultrasons doux, de technologie ionique et de luminoth\u00e9rapie LED, il garantit <b data-path-to-node=\"6\" data-index-in-node=\"315\">Cellule cutan\u00e9e Tronic<\/b> Cela permet aux actifs hautement efficaces, comme l&#039;acide hyaluronique, de p\u00e9n\u00e9trer profond\u00e9ment dans les couches de la peau, au lieu de s&#039;\u00e9vaporer en surface. Am\u00e9liorez l&#039;\u00e9lasticit\u00e9 de votre peau, r\u00e9activez le renouvellement cellulaire et profitez d&#039;une peau visiblement plus ferme et plus jeune, facilement et en toute s\u00e9curit\u00e9 depuis chez vous.<\/p>\n<ul data-path-to-node=\"7\">\n<li>\n<p data-path-to-node=\"7,0,0\">\u2705 <b data-path-to-node=\"7,0,0\" data-index-in-node=\"2\">Technologie 3 en 1\u00a0:<\/b> Ultrasons, ions (ionophor\u00e8se) et th\u00e9rapie par la lumi\u00e8re color\u00e9e.<\/p>\n<\/li>\n<li>\n<p data-path-to-node=\"7,1,0\">\u2705 <b data-path-to-node=\"7,1,0\" data-index-in-node=\"2\">Action profonde :<\/b> D\u00e9livre les mol\u00e9cules d&#039;acide hyaluronique directement dans les couches cibles.<\/p>\n<\/li>\n<li>\n<p data-path-to-node=\"7,2,0\">\u2705 <b data-path-to-node=\"7,2,0\" data-index-in-node=\"2\">Anti-\u00e2ge de luxe :<\/b> R\u00e9duit les rides et raffermit les contours du visage durablement.<\/p>\n<\/li>\n<li>\n<p data-path-to-node=\"7,3,0\">\u2705 <b data-path-to-node=\"7,3,0\" data-index-in-node=\"2\">Individuellement:<\/b> Diff\u00e9rents modes de nettoyage, de soin et d&#039;apaisement de la peau.<\/p>\n<\/li>\n<li>\n<p data-path-to-node=\"7,4,0\">\u2705 <b data-path-to-node=\"7,4,0\" data-index-in-node=\"2\">S\u00fbr et doux :<\/b> Des r\u00e9sultats professionnels sans intervention douloureuse.<\/p>\n<\/li>\n<li>\n<p data-path-to-node=\"7,5,0\">\u2705 <b data-path-to-node=\"7,5,0\" data-index-in-node=\"2\">Prix : 299,00 \u20ac<\/b> (Votre investissement dans la beaut\u00e9 intemporelle).<\/p>\n<\/li>\n<\/ul>","protected":false},"featured_media":367,"template":"","meta":{"_et_pb_use_builder":"","_et_pb_old_content":"","_et_gb_content_width":""},"product_brand":[63],"product_cat":[60,103,208,74,61,102,111],"product_tag":[],"class_list":{"0":"post-3209","1":"product","2":"type-product","3":"status-publish","4":"has-post-thumbnail","6":"product_brand-vegas-cosmetics-gmbh","7":"product_cat-hautpflege","8":"product_cat-anti-aging","9":"product_cat-beauty-care","10":"product_cat-gesichtspflege","11":"product_cat-pflegeserien","12":"product_cat-skin-cell-tronic","13":"product_cat-skin-cell-tronic-pflegeserien","15":"first","16":"instock","17":"shipping-taxable","18":"product-type-external"},"_links":{"self":[{"href":"https:\/\/gigistravelworld.de\/fr\/wp-json\/wp\/v2\/product\/3209","targetHints":{"allow":["GET"]}}],"collection":[{"href":"https:\/\/gigistravelworld.de\/fr\/wp-json\/wp\/v2\/product"}],"about":[{"href":"https:\/\/gigistravelworld.de\/fr\/wp-json\/wp\/v2\/types\/product"}],"wp:featuredmedia":[{"embeddable":true,"href":"https:\/\/gigistravelworld.de\/fr\/wp-json\/wp\/v2\/media\/367"}],"wp:attachment":[{"href":"https:\/\/gigistravelworld.de\/fr\/wp-json\/wp\/v2\/media?parent=3209"}],"wp:term":[{"taxonomy":"product_brand","embeddable":true,"href":"https:\/\/gigistravelworld.de\/fr\/wp-json\/wp\/v2\/product_brand?post=3209"},{"taxonomy":"product_cat","embeddable":true,"href":"https:\/\/gigistravelworld.de\/fr\/wp-json\/wp\/v2\/product_cat?post=3209"},{"taxonomy":"product_tag","embeddable":true,"href":"https:\/\/gigistravelworld.de\/fr\/wp-json\/wp\/v2\/product_tag?post=3209"}],"curies":[{"name":"wp","href":"https:\/\/api.w.org\/{rel}","templated":true}]}}