{"id":3208,"date":"2025-08-23T20:54:37","date_gmt":"2025-08-23T18:54:37","guid":{"rendered":"https:\/\/gigistravelworld.de\/?post_type=product&#038;p=3208"},"modified":"2026-03-29T21:42:21","modified_gmt":"2026-03-29T19:42:21","slug":"hyaluron-augencreme-30ml-anti-aging-lifting","status":"publish","type":"product","link":"https:\/\/gigistravelworld.de\/fr\/hyaluron-augencreme-30ml-anti-aging-lifting\/","title":{"rendered":"Cr\u00e8me contour des yeux \u00e0 l&#039;acide hyaluronique 30 ml | Anti-\u00e2ge et anti-gonflement"},"content":{"rendered":"<div id=\"headingOne\" class=\"panel-heading\" role=\"tab\"><\/div>\n<div id=\"collapseTwo\" class=\"panel-collapse collapse in\" role=\"tabpanel\" aria-labelledby=\"headingTwo\" aria-expanded=\"true\">\n<div class=\"panel-body rtddbr\">\n<h1 data-path-to-node=\"10\">Cr\u00e8me contour des yeux \u00e0 l&#039;acide hyaluronique 30 ml : Le soin liftant haute technologie pour le contour de vos yeux<\/h1>\n<p data-path-to-node=\"11\">Dans mon <a class=\"ng-star-inserted\" href=\"https:\/\/www.google.com\/search?q=https:\/\/gigistravelworld.de\/ueber-mich\/\" target=\"_blank\" rel=\"noopener\" data-hveid=\"0\" data-ved=\"0CAAQ_4QMahgKEwi14-2AncWTAxUAAAAAHQAAAAAQzRI\">Style de vie professionnel<\/a> \u00e0 <b data-path-to-node=\"11\" data-index-in-node=\"33\">Gigis Travel World<\/b> Le sommeil nous fait souvent d\u00e9faut. Qu&#039;il s&#039;agisse de longs vols, du d\u00e9calage horaire ou de nuits intenses pass\u00e9es devant notre ordinateur portable \u00e0 P\u00e9tange, nos yeux sont les premiers \u00e0 trahir le stress et la fatigue. <b data-path-to-node=\"11\" data-index-in-node=\"212\">Cr\u00e8me contour des yeux \u00e0 l&#039;acide hyaluronique 30 ml<\/b> Pour moi, Vegas Cosmetics est donc bien plus qu&#039;une simple cr\u00e8me ; c&#039;est un outil strat\u00e9gique pour un teint frais. <b data-path-to-node=\"11\" data-index-in-node=\"370\">44,50 \u20ac<\/b> Vous recevrez une combinaison d&#039;ingr\u00e9dients actifs sp\u00e9cialement con\u00e7us pour raffermir la peau d\u00e9licate du contour des yeux et la prot\u00e9ger du vieillissement pr\u00e9matur\u00e9. <b data-path-to-node=\"11\" data-index-in-node=\"552\">Cr\u00e8me contour des yeux \u00e0 l&#039;acide hyaluronique 30 ml<\/b> Votre dose quotidienne pour une apparence jeune.<\/p>\n<h2 data-path-to-node=\"12\">La science derri\u00e8re la cr\u00e8me contour des yeux \u00e0 l&#039;acide hyaluronique 30 ml<\/h2>\n<p data-path-to-node=\"13\">Pourquoi le <b data-path-to-node=\"13\" data-index-in-node=\"14\">Cr\u00e8me contour des yeux \u00e0 l&#039;acide hyaluronique 30 ml<\/b> Une telle efficacit\u00e9 ? Le secret r\u00e9side dans sa structure mol\u00e9culaire. La peau du contour des yeux est particuli\u00e8rement fine et ne poss\u00e8de pratiquement aucune glande s\u00e9bac\u00e9e. <b data-path-to-node=\"13\" data-index-in-node=\"166\">Cr\u00e8me contour des yeux \u00e0 l&#039;acide hyaluronique 30 ml<\/b> Il utilise des complexes d&#039;acide hyaluronique multi-actifs qui non seulement restent en surface, mais transportent \u00e9galement l&#039;hydratation dans les couches plus profondes. Associ\u00e9s aux polym\u00e8res raffermissants contenus dans le <b data-path-to-node=\"13\" data-index-in-node=\"378\">Cr\u00e8me contour des yeux \u00e0 l&#039;acide hyaluronique 30 ml<\/b> Une matrice est cr\u00e9\u00e9e qui lisse et raffermit instantan\u00e9ment la peau. Qui a besoin de chirurgie quand on peut obtenir ce r\u00e9sultat\u00a0? <b data-path-to-node=\"13\" data-index-in-node=\"541\">Cr\u00e8me contour des yeux \u00e0 l&#039;acide hyaluronique 30 ml<\/b> dans sa routine ?<\/p>\n<h2 data-path-to-node=\"14\">Le peptide miracle : l&#039;ac\u00e9tyl t\u00e9trapeptide-5 en vedette<\/h2>\n<p data-path-to-node=\"15\">Un ingr\u00e9dient dans <b data-path-to-node=\"15\" data-index-in-node=\"20\">Cr\u00e8me contour des yeux \u00e0 l&#039;acide hyaluronique 30 ml<\/b> m\u00e9rite une attention particuli\u00e8re : <i data-path-to-node=\"15\" data-index-in-node=\"80\">Ac\u00e9tyl t\u00e9trapeptide-5<\/i>. Ce peptide est reconnu par la communaut\u00e9 scientifique pour ses excellentes propri\u00e9t\u00e9s d\u00e9congestionnantes. Il am\u00e9liore la perm\u00e9abilit\u00e9 vasculaire et r\u00e9duit la r\u00e9tention d&#039;eau sous les yeux. Ainsi, si vous souffrez de poches sous les yeux ou de cernes persistants, ce peptide est fait pour vous. <b data-path-to-node=\"15\" data-index-in-node=\"391\">Cr\u00e8me contour des yeux \u00e0 l&#039;acide hyaluronique 30 ml<\/b> la solution cibl\u00e9e. Dans <b data-path-to-node=\"15\" data-index-in-node=\"440\">Cr\u00e8me contour des yeux \u00e0 l&#039;acide hyaluronique 30 ml<\/b> Il agit en synergie avec le panth\u00e9nol et l&#039;allanto\u00efne pour inhiber l&#039;inflammation et apaiser la peau.<\/p>\n<h2 data-path-to-node=\"16\">Squalane et huile de p\u00e9pins de raisin\u00a0: un soin de luxe pour la structure cellulaire<\/h2>\n<p data-path-to-node=\"17\">Pour garantir que le contour des yeux reste non seulement ferme mais aussi souple, <b data-path-to-node=\"17\" data-index-in-node=\"83\">Cr\u00e8me contour des yeux \u00e0 l&#039;acide hyaluronique 30 ml<\/b> sur les lipides de haute qualit\u00e9 :<\/p>\n<ul data-path-to-node=\"18\">\n<li>\n<p data-path-to-node=\"18,0,0\"><b data-path-to-node=\"18,0,0\" data-index-in-node=\"0\">Squalane :<\/b> D\u00e9riv\u00e9e des olives, elle ressemble aux huiles naturelles de la peau. <b data-path-to-node=\"18,0,0\" data-index-in-node=\"71\">Cr\u00e8me contour des yeux \u00e0 l&#039;acide hyaluronique 30 ml<\/b> Elle permet de retenir l&#039;hydratation et de conserver une peau douce et velout\u00e9e.<\/p>\n<\/li>\n<li>\n<p data-path-to-node=\"18,1,0\"><b data-path-to-node=\"18,1,0\" data-index-in-node=\"0\">Huile de p\u00e9pins de raisin (Vitis Vinifera) :<\/b> Un antioxydant extr\u00eamement puissant. Il prot\u00e8ge les cellules de la <b data-path-to-node=\"18,1,0\" data-index-in-node=\"93\">Cr\u00e8me contour des yeux \u00e0 l&#039;acide hyaluronique 30 ml<\/b> Elle prot\u00e8ge contre les radicaux libres et ralentit le processus de formation des rides.<\/p>\n<\/li>\n<li>\n<p data-path-to-node=\"18,2,0\"><b data-path-to-node=\"18,2,0\" data-index-in-node=\"0\">L\u00e9cithine et tocoph\u00e9rol (vitamine E) :<\/b> Ces ingr\u00e9dients dans <b data-path-to-node=\"18,2,0\" data-index-in-node=\"58\">Cr\u00e8me contour des yeux \u00e0 l&#039;acide hyaluronique 30 ml<\/b> Elles renforcent la fonction barri\u00e8re et favorisent la r\u00e9g\u00e9n\u00e9ration des zones cutan\u00e9es d\u00e9licates.<\/p>\n<\/li>\n<\/ul>\n<h2 data-path-to-node=\"19\">Application correcte de la cr\u00e8me contour des yeux \u00e0 l&#039;acide hyaluronique 30 ml<\/h2>\n<p data-path-to-node=\"20\">Pour tirer le meilleur parti de votre <b data-path-to-node=\"20\" data-index-in-node=\"24\">Cr\u00e8me contour des yeux \u00e0 l&#039;acide hyaluronique 30 ml<\/b> Pour en tirer le meilleur parti, il convient d&#039;\u00eatre particuli\u00e8rement d\u00e9licat lors de son application\u00a0:<\/p>\n<ol start=\"1\" data-path-to-node=\"21\">\n<li>\n<p data-path-to-node=\"21,0,0\"><b data-path-to-node=\"21,0,0\" data-index-in-node=\"0\">Faire le m\u00e9nage:<\/b> Nettoyez soigneusement votre visage pour \u00e9liminer toute trace de salet\u00e9 et de maquillage.<\/p>\n<\/li>\n<li>\n<p data-path-to-node=\"21,1,0\"><b data-path-to-node=\"21,1,0\" data-index-in-node=\"0\">Dosage:<\/b> Une quantit\u00e9 de la taille d&#039;un petit pois <b data-path-to-node=\"21,1,0\" data-index-in-node=\"37\">Cr\u00e8me contour des yeux \u00e0 l&#039;acide hyaluronique 30 ml<\/b> \u00c7a suffit pour les deux yeux.<\/p>\n<\/li>\n<li>\n<p data-path-to-node=\"21,2,0\"><b data-path-to-node=\"21,2,0\" data-index-in-node=\"0\">Connectez-vous\u00a0:<\/b> Portez le <b data-path-to-node=\"21,2,0\" data-index-in-node=\"22\">Cr\u00e8me contour des yeux \u00e0 l&#039;acide hyaluronique 30 ml<\/b> Ouvrez-le matin et soir. Utilisez votre annulaire pour... <b data-path-to-node=\"21,2,0\" data-index-in-node=\"100\">Cr\u00e8me contour des yeux \u00e0 l&#039;acide hyaluronique 30 ml<\/b> Tapotez d\u00e9licatement de l&#039;int\u00e9rieur vers l&#039;ext\u00e9rieur. \u00c9vitez de frotter vigoureusement pour ne pas endommager les fibres \u00e9lastiques.<\/p>\n<\/li>\n<li>\n<p data-path-to-node=\"21,3,0\"><b data-path-to-node=\"21,3,0\" data-index-in-node=\"0\">Appr\u00e9cier:<\/b> Sentez la texture rafra\u00eechissante du <b data-path-to-node=\"21,3,0\" data-index-in-node=\"45\">Cr\u00e8me contour des yeux \u00e0 l&#039;acide hyaluronique 30 ml<\/b> Elle p\u00e9n\u00e8tre instantan\u00e9ment et sculpte le contour des yeux.<\/p>\n<\/li>\n<\/ol>\n<h2 data-path-to-node=\"22\">Pourquoi la cr\u00e8me contour des yeux \u00e0 l&#039;acide hyaluronique 30 ml est-elle indispensable dans l&#039;univers de voyage de Gigi ?<\/h2>\n<p data-path-to-node=\"23\">En voyage, l&#039;air est souvent extr\u00eamement sec. Cela provoque de petites rides de d\u00e9shydratation qui nous font para\u00eetre plus vieux que notre \u00e2ge. <b data-path-to-node=\"23\" data-index-in-node=\"134\">Cr\u00e8me contour des yeux \u00e0 l&#039;acide hyaluronique 30 ml<\/b> Elle offre une hydratation maximale longue dur\u00e9e, ce qui en fait le compagnon de voyage id\u00e9al. D&#039;une capacit\u00e9 de 30 ml, <b data-path-to-node=\"23\" data-index-in-node=\"270\">Cr\u00e8me contour des yeux \u00e0 l&#039;acide hyaluronique 30 ml<\/b> De plus, il est extr\u00eamement \u00e9conomique et dure plusieurs mois avec une utilisation quotidienne. <b data-path-to-node=\"23\" data-index-in-node=\"373\">Gigis Travel World<\/b> stands <b data-path-to-node=\"23\" data-index-in-node=\"402\">Cr\u00e8me contour des yeux \u00e0 l&#039;acide hyaluronique 30 ml<\/b> pour avoir la certitude que m\u00eame apr\u00e8s une courte nuit, on peut \u00e0 nouveau regarder le monde avec toute son \u00e9nergie.<\/p>\n<h2 data-path-to-node=\"24\">Questions fr\u00e9quentes sur la cr\u00e8me contour des yeux \u00e0 l&#039;acide hyaluronique 30 ml (FAQ)<\/h2>\n<ul data-path-to-node=\"25\">\n<li>\n<p data-path-to-node=\"25,0,0\"><b data-path-to-node=\"25,0,0\" data-index-in-node=\"0\">La cr\u00e8me contour des yeux \u00e0 l&#039;acide hyaluronique de 30 ml est-elle vraiment efficace contre les poches sous les yeux\u00a0?<\/b> Oui, gr\u00e2ce \u00e0 l&#039;ac\u00e9tyl t\u00e9trapeptide-5 qu&#039;il contient. <b data-path-to-node=\"25,0,0\" data-index-in-node=\"113\">Cr\u00e8me contour des yeux \u00e0 l&#039;acide hyaluronique 30 ml<\/b> La circulation lymphatique est stimul\u00e9e et la r\u00e9tention d&#039;eau est visiblement r\u00e9duite.<\/p>\n<\/li>\n<li>\n<p data-path-to-node=\"25,1,0\"><b data-path-to-node=\"25,1,0\" data-index-in-node=\"0\">La cr\u00e8me contour des yeux \u00e0 l&#039;acide hyaluronique de 30 ml convient-elle \u00e9galement aux porteurs de lentilles de contact\u00a0?<\/b> Le <b data-path-to-node=\"25,1,0\" data-index-in-node=\"76\">Cr\u00e8me contour des yeux \u00e0 l&#039;acide hyaluronique 30 ml<\/b> Ce produit a \u00e9t\u00e9 test\u00e9 sous contr\u00f4le ophtalmologique et p\u00e9n\u00e8tre rapidement, \u00e9vitant ainsi tout contact avec les yeux. Il doit toutefois \u00eatre appliqu\u00e9 uniquement sur la peau.<\/p>\n<\/li>\n<li>\n<p data-path-to-node=\"25,2,0\"><b data-path-to-node=\"25,2,0\" data-index-in-node=\"0\">Quand pourrai-je constater des r\u00e9sultats avec la cr\u00e8me contour des yeux \u00e0 l&#039;acide hyaluronique 30 ml ?<\/b> L&#039;effet raffermissant est obtenu gr\u00e2ce aux polym\u00e8res contenus dans le <b data-path-to-node=\"25,2,0\" data-index-in-node=\"106\">Cr\u00e8me contour des yeux \u00e0 l&#039;acide hyaluronique 30 ml<\/b> L&#039;effet est imm\u00e9diat. La r\u00e9duction des rides \u00e0 long terme est g\u00e9n\u00e9ralement visible apr\u00e8s environ 14 \u00e0 28 jours d&#039;utilisation r\u00e9guli\u00e8re.<\/p>\n<\/li>\n<\/ul>\n<h2 data-path-to-node=\"26\">Aper\u00e7u des donn\u00e9es produit\u00a0:<\/h2>\n<table data-path-to-node=\"27\">\n<thead>\n<tr>\n<td><strong>fonctionnalit\u00e9<\/strong><\/td>\n<td><strong>D\u00e9tails<\/strong><\/td>\n<\/tr>\n<\/thead>\n<tbody>\n<tr>\n<td><span data-path-to-node=\"27,1,0,0\"><b data-path-to-node=\"27,1,0,0\" data-index-in-node=\"0\">Nom du produit<\/b><\/span><\/td>\n<td><span data-path-to-node=\"27,1,1,0\"><b data-path-to-node=\"27,1,1,0\" data-index-in-node=\"0\">Cr\u00e8me contour des yeux \u00e0 l&#039;acide hyaluronique 30 ml<\/b><\/span><\/td>\n<\/tr>\n<tr>\n<td><span data-path-to-node=\"27,2,0,0\"><b data-path-to-node=\"27,2,0,0\" data-index-in-node=\"0\">Ingr\u00e9dients actifs<\/b><\/span><\/td>\n<td><span data-path-to-node=\"27,2,1,0\">Acide hyaluronique, peptides, squalane, huile de p\u00e9pins de raisin<\/span><\/td>\n<\/tr>\n<tr>\n<td><span data-path-to-node=\"27,3,0,0\"><b data-path-to-node=\"27,3,0,0\" data-index-in-node=\"0\">effet<\/b><\/span><\/td>\n<td><span data-path-to-node=\"27,3,1,0\">Sculptant, raffermissant, d\u00e9congestionnant<\/span><\/td>\n<\/tr>\n<tr>\n<td><span data-path-to-node=\"27,4,0,0\"><b data-path-to-node=\"27,4,0,0\" data-index-in-node=\"0\">Fonction sp\u00e9ciale<\/b><\/span><\/td>\n<td><span data-path-to-node=\"27,4,1,0\">Syst\u00e8me d&#039;humidit\u00e9 \u00e0 plusieurs niveaux<\/span><\/td>\n<\/tr>\n<tr>\n<td><span data-path-to-node=\"27,5,0,0\"><b data-path-to-node=\"27,5,0,0\" data-index-in-node=\"0\">Contenu<\/b><\/span><\/td>\n<td><span data-path-to-node=\"27,5,1,0\">Pot de 30 ml<\/span><\/td>\n<\/tr>\n<tr>\n<td><span data-path-to-node=\"27,6,0,0\"><b data-path-to-node=\"27,6,0,0\" data-index-in-node=\"0\">Prix<\/b><\/span><\/td>\n<td><span data-path-to-node=\"27,6,1,0\">44,50 \u20ac<\/span><\/td>\n<\/tr>\n<\/tbody>\n<\/table>\n<\/div>\n<\/div>","protected":false},"excerpt":{"rendered":"<p data-path-to-node=\"5\"><b data-path-to-node=\"5\" data-index-in-node=\"0\">Votre secret pour un regard \u00e9clatant\u00a0: Cr\u00e8me contour des yeux \u00e0 l\u2019acide hyaluronique 30\u00a0ml.<\/b><\/p>\n<p data-path-to-node=\"6\">Dites adieu aux cernes et aux signes de fatigue ! <b data-path-to-node=\"6\" data-index-in-node=\"67\">Cr\u00e8me contour des yeux \u00e0 l&#039;acide hyaluronique 30 ml<\/b> Ce soin hydratant intense et redessinant les contours d\u00e9licats du contour des yeux est sp\u00e9cialement con\u00e7u. Un syst\u00e8me intelligent en plusieurs \u00e9tapes, enrichi en acide hyaluronique, repulpe les ridules et les rides de l&#039;int\u00e9rieur. De pr\u00e9cieux peptides et polym\u00e8res naturels raffermissent instantan\u00e9ment la peau, tandis que l&#039;huile de p\u00e9pins de raisin et le squalane nourrissent et assurent une souplesse optimale. Que vos paupi\u00e8res soient gonfl\u00e9es au r\u00e9veil ou que vous ayez des cernes apr\u00e8s une longue journ\u00e9e, cette cr\u00e8me vous offre un regard frais et rajeuni.<\/p>\n<ul data-path-to-node=\"7\">\n<li>\n<p data-path-to-node=\"7,0,0\">\u2705 <b data-path-to-node=\"7,0,0\" data-index-in-node=\"2\">Lissage instantan\u00e9 :<\/b> Les polym\u00e8res naturels repulpent visiblement les rides.<\/p>\n<\/li>\n<li>\n<p data-path-to-node=\"7,1,0\">\u2705 <b data-path-to-node=\"7,1,0\" data-index-in-node=\"2\">Anti-gonflement :<\/b> L&#039;ac\u00e9tyl t\u00e9trapeptide-5 combat activement les poches sous les yeux.<\/p>\n<\/li>\n<li>\n<p data-path-to-node=\"7,2,0\">\u2705 <b data-path-to-node=\"7,2,0\" data-index-in-node=\"2\">Hydratation profonde :<\/b> Complexes d&#039;acide hyaluronique multiactifs.<\/p>\n<\/li>\n<li>\n<p data-path-to-node=\"7,3,0\">\u2705 <b data-path-to-node=\"7,3,0\" data-index-in-node=\"2\">Soins attentifs :<\/b> Avec du squalane, de l&#039;huile de p\u00e9pins de raisin et de la vitamine E.<\/p>\n<\/li>\n<li>\n<p data-path-to-node=\"7,4,0\">\u2705 <b data-path-to-node=\"7,4,0\" data-index-in-node=\"2\">Rassurant:<\/b> Le panth\u00e9nol et l&#039;allanto\u00efne procurent un soulagement imm\u00e9diat de l&#039;irritation.<\/p>\n<\/li>\n<li>\n<p data-path-to-node=\"7,5,0\">\u2705 <b data-path-to-node=\"7,5,0\" data-index-in-node=\"2\">Prix : 44,50 \u20ac<\/b><\/p>\n<\/li>\n<\/ul>","protected":false},"featured_media":366,"template":"","meta":{"_et_pb_use_builder":"","_et_pb_old_content":"","_et_gb_content_width":""},"product_brand":[63],"product_cat":[60,103,101,208,74,107,61],"product_tag":[],"class_list":{"0":"post-3208","1":"product","2":"type-product","3":"status-publish","4":"has-post-thumbnail","6":"product_brand-vegas-cosmetics-gmbh","7":"product_cat-hautpflege","8":"product_cat-anti-aging","9":"product_cat-augenpflege","10":"product_cat-beauty-care","11":"product_cat-gesichtspflege","12":"product_cat-hyaluron-care","13":"product_cat-pflegeserien","15":"first","16":"instock","17":"shipping-taxable","18":"product-type-external"},"_links":{"self":[{"href":"https:\/\/gigistravelworld.de\/fr\/wp-json\/wp\/v2\/product\/3208","targetHints":{"allow":["GET"]}}],"collection":[{"href":"https:\/\/gigistravelworld.de\/fr\/wp-json\/wp\/v2\/product"}],"about":[{"href":"https:\/\/gigistravelworld.de\/fr\/wp-json\/wp\/v2\/types\/product"}],"wp:featuredmedia":[{"embeddable":true,"href":"https:\/\/gigistravelworld.de\/fr\/wp-json\/wp\/v2\/media\/366"}],"wp:attachment":[{"href":"https:\/\/gigistravelworld.de\/fr\/wp-json\/wp\/v2\/media?parent=3208"}],"wp:term":[{"taxonomy":"product_brand","embeddable":true,"href":"https:\/\/gigistravelworld.de\/fr\/wp-json\/wp\/v2\/product_brand?post=3208"},{"taxonomy":"product_cat","embeddable":true,"href":"https:\/\/gigistravelworld.de\/fr\/wp-json\/wp\/v2\/product_cat?post=3208"},{"taxonomy":"product_tag","embeddable":true,"href":"https:\/\/gigistravelworld.de\/fr\/wp-json\/wp\/v2\/product_tag?post=3208"}],"curies":[{"name":"wp","href":"https:\/\/api.w.org\/{rel}","templated":true}]}}