{"id":3207,"date":"2025-08-23T20:54:37","date_gmt":"2025-08-23T18:54:37","guid":{"rendered":"https:\/\/gigistravelworld.de\/?post_type=product&#038;p=3207"},"modified":"2026-03-29T21:36:05","modified_gmt":"2026-03-29T19:36:05","slug":"q10-serum-30ml-anti-aging-peptide","status":"publish","type":"product","link":"https:\/\/gigistravelworld.de\/fr\/q10-serum-30ml-anti-aging-peptide\/","title":{"rendered":"S\u00e9rum Q10 30 ml | Technologie anti-\u00e2ge haute technologie et pouvoir peptidique"},"content":{"rendered":"<h1 data-path-to-node=\"9\">S\u00e9rum Q10 30 ml\u00a0: La r\u00e9ponse technologique au vieillissement cutan\u00e9<\/h1>\n<p data-path-to-node=\"10\">Dans mon <a class=\"ng-star-inserted\" href=\"https:\/\/www.google.com\/search?q=https:\/\/gigistravelworld.de\/ueber-mich\/\" target=\"_blank\" rel=\"noopener\" data-hveid=\"0\" data-ved=\"0CAAQ_4QMahgKEwi14-2AncWTAxUAAAAAHQAAAAAQqRI\">Style de vie professionnel<\/a> \u00e0 <b data-path-to-node=\"10\" data-index-in-node=\"33\">Gigis Travel World<\/b> Je rencontre souvent des personnes qui se demandent : \u201e Pourquoi ma cr\u00e8me de jour ne suffit-elle plus ? \u201c La r\u00e9ponse est simple : \u00e0 un certain moment, notre peau a besoin d&#039;un coup de pouce. <b data-path-to-node=\"10\" data-index-in-node=\"228\">S\u00e9rum Q10 30 ml<\/b> Ce booster est de Vegas Cosmetics. <b data-path-to-node=\"10\" data-index-in-node=\"293\">38,00 \u20ac<\/b> Vous recevrez un concentr\u00e9 qui soutient architecturalement la structure de la peau. <b data-path-to-node=\"10\" data-index-in-node=\"383\">S\u00e9rum Q10 30 ml<\/b> Il ne s&#039;agit pas simplement d&#039;un produit de soin de la peau, mais d&#039;un traitement cibl\u00e9 pour les peaux souffrant de stress, de manque de sommeil ou de pollution environnementale.<\/p>\n<h2 data-path-to-node=\"11\">Pourquoi le s\u00e9rum Q10 30 ml est un \u201e concept particulier \u201c<\/h2>\n<p data-path-to-node=\"12\">Contrairement aux s\u00e9rums classiques, celui-ci utilise <b data-path-to-node=\"12\" data-index-in-node=\"46\">S\u00e9rum Q10 30 ml<\/b> Un concept en plusieurs \u00e9tapes. Tandis que la coenzyme Q10 (ubiquinone) am\u00e9liore la respiration cellulaire, des peptides et des extraits botaniques agissent en arri\u00e8re-plan pour am\u00e9liorer la fermet\u00e9. <b data-path-to-node=\"12\" data-index-in-node=\"220\">S\u00e9rum Q10 30 ml<\/b> Elle est con\u00e7ue pour renforcer la barri\u00e8re cutan\u00e9e tout en augmentant son \u00e9lasticit\u00e9. Si vous... <b data-path-to-node=\"12\" data-index-in-node=\"342\">S\u00e9rum Q10 30 ml<\/b> D\u00e8s l&#039;application, on ressent imm\u00e9diatement la texture fine qui se d\u00e9pose sur les traits du visage comme un filet invisible et raffermissant.<\/p>\n<h2 data-path-to-node=\"13\">Application vid\u00e9o\u00a0: Comment le s\u00e9rum Q10 30\u00a0ml d\u00e9ploie tous ses effets<\/h2>\n<p data-path-to-node=\"14\">Regardez cette vid\u00e9o pour voir comment la texture de <b data-path-to-node=\"14\" data-index-in-node=\"49\">S\u00e9rum Q10 30 ml<\/b> comment elle se fond \u00e0 la peau et comment l&#039;int\u00e9grer parfaitement \u00e0 votre routine\u00a0:<\/p>\n<p><iframe loading=\"lazy\" title=\"Vegas Cosmetics Q10 412\" width=\"563\" height=\"1000\" src=\"https:\/\/www.youtube.com\/embed\/97aq22Bf9Yk?feature=oembed\"  allow=\"accelerometer; autoplay; clipboard-write; encrypted-media; gyroscope; picture-in-picture; web-share\" referrerpolicy=\"strict-origin-when-cross-origin\" allowfullscreen><\/iframe><\/p>\n<p data-path-to-node=\"16\"><i data-path-to-node=\"16\" data-index-in-node=\"0\">Conseil\u00a0: Portez une attention particuli\u00e8re \u00e0 la technique de tapotement doux pr\u00e9sent\u00e9e dans la vid\u00e9o afin d\u2019am\u00e9liorer la microcirculation lors de l\u2019application. <b data-path-to-node=\"16\" data-index-in-node=\"97\">S\u00e9rum Q10 30 ml<\/b> promouvoir.<\/i><\/p>\n<h2 data-path-to-node=\"17\">Les ingr\u00e9dients actifs d&#039;\u00e9lite du s\u00e9rum Q10 30 ml<\/h2>\n<p data-path-to-node=\"18\">Derri\u00e8re cet \u00e9l\u00e9gant flacon de 30 ml se cache une formule bas\u00e9e sur des d\u00e9couvertes scientifiques. Chaque mol\u00e9cule qu&#039;il contient <b data-path-to-node=\"18\" data-index-in-node=\"130\">S\u00e9rum Q10 30 ml<\/b> a pour mission :<\/p>\n<ol start=\"1\" data-path-to-node=\"19\">\n<li>\n<p data-path-to-node=\"19,0,0\"><b data-path-to-node=\"19,0,0\" data-index-in-node=\"0\">Ubiquinone (Q10) :<\/b> Le fournisseur d&#039;\u00e9nergie. Dans <b data-path-to-node=\"19,0,0\" data-index-in-node=\"43\">S\u00e9rum Q10 30 ml<\/b> Il contribue \u00e0 neutraliser les radicaux libres et \u00e0 augmenter le taux de renouvellement cellulaire.<\/p>\n<\/li>\n<li>\n<p data-path-to-node=\"19,1,0\"><b data-path-to-node=\"19,1,0\" data-index-in-node=\"0\">Palmitoyl Tripeptide-5 :<\/b> Un peptide de pointe dans <b data-path-to-node=\"19,1,0\" data-index-in-node=\"51\">S\u00e9rum Q10 30 ml<\/b>, qui imite le facteur TGF-b\u00eata et stimule ainsi massivement la production de collag\u00e8ne.<\/p>\n<\/li>\n<li>\n<p data-path-to-node=\"19,2,0\"><b data-path-to-node=\"19,2,0\" data-index-in-node=\"0\">Extrait de fleur de Trifolium Pratense (tr\u00e8fle rouge) :<\/b> Riche en isoflavones. <b data-path-to-node=\"19,2,0\" data-index-in-node=\"70\">S\u00e9rum Q10 30 ml<\/b> Cet extrait combat le vieillissement cutan\u00e9 d&#039;origine hormonale et \u00e9paissit la structure de la peau.<\/p>\n<\/li>\n<li>\n<p data-path-to-node=\"19,3,0\"><b data-path-to-node=\"19,3,0\" data-index-in-node=\"0\">Biotine :<\/b> \u00c9galement connue sous le nom de vitamine H. Elle assure dans <b data-path-to-node=\"19,3,0\" data-index-in-node=\"48\">S\u00e9rum Q10 30 ml<\/b> pour un teint clair et soutient les m\u00e9canismes naturels de r\u00e9paration.<\/p>\n<\/li>\n<li>\n<p data-path-to-node=\"19,4,0\"><b data-path-to-node=\"19,4,0\" data-index-in-node=\"0\">Gomme biosaccharide-1\u00a0:<\/b> Un ingr\u00e9dient actif dans <b data-path-to-node=\"19,4,0\" data-index-in-node=\"42\">S\u00e9rum Q10 30 ml<\/b> Une formule qui assure une hydratation longue dur\u00e9e et adoucit la peau.<\/p>\n<\/li>\n<\/ol>\n<h2 data-path-to-node=\"20\">Conseils d&#039;application pour des r\u00e9sultats optimaux avec le s\u00e9rum Q10 30 ml<\/h2>\n<p data-path-to-node=\"21\">Le <b data-path-to-node=\"21\" data-index-in-node=\"4\">S\u00e9rum Q10 30 ml<\/b> C&#039;est le compl\u00e9ment id\u00e9al \u00e0 votre routine de soins actuelle. Voici comment l&#039;utiliser comme un pro\u00a0:<\/p>\n<ul data-path-to-node=\"22\">\n<li>\n<p data-path-to-node=\"22,0,0\"><b data-path-to-node=\"22,0,0\" data-index-in-node=\"0\">\u00c9tape 1 :<\/b> Nettoyez soigneusement votre visage (par exemple avec le <a class=\"ng-star-inserted\" href=\"https:\/\/www.google.com\/search?q=https:\/\/gigistravelworld.de\/beauty-care\/reinigung\/q10-reinigungsmilch-mit-hamamelis-200ml\/\" target=\"_blank\" rel=\"noopener\" data-hveid=\"0\" data-ved=\"0CAAQ_4QMahgKEwi14-2AncWTAxUAAAAAHQAAAAAQqhI\">Lait d\u00e9toxifiant Q10<\/a>).<\/p>\n<\/li>\n<li>\n<p data-path-to-node=\"22,1,0\"><b data-path-to-node=\"22,1,0\" data-index-in-node=\"0\">\u00c9tape 2\u00a0:<\/b> Portez une petite quantit\u00e9 de <b data-path-to-node=\"22,1,0\" data-index-in-node=\"39\">S\u00e9rum Q10 30 ml<\/b> (2 \u00e0 3 gouttes suffisent g\u00e9n\u00e9ralement) \u00e0 appliquer sur le visage, le cou et le d\u00e9collet\u00e9.<\/p>\n<\/li>\n<li>\n<p data-path-to-node=\"22,2,0\"><b data-path-to-node=\"22,2,0\" data-index-in-node=\"0\">\u00c9tape 3\u00a0:<\/b> Massez ceci <b data-path-to-node=\"22,2,0\" data-index-in-node=\"24\">S\u00e9rum Q10 30 ml<\/b> Faites p\u00e9n\u00e9trer en massant d\u00e9licatement ou en tapotant l\u00e9g\u00e8rement du bout des doigts. Cette \u00e9tape est essentielle, surtout pour les peaux stress\u00e9es.<\/p>\n<\/li>\n<li>\n<p data-path-to-node=\"22,3,0\"><b data-path-to-node=\"22,3,0\" data-index-in-node=\"0\">\u00c9tape 4\u00a0:<\/b> Arr\u00eatez \u00e7a <b data-path-to-node=\"22,3,0\" data-index-in-node=\"20\">S\u00e9rum Q10 30 ml<\/b> Laissez agir environ 60 secondes avant d&#039;appliquer votre cr\u00e8me de jour ou de nuit. Le s\u00e9rum sert de vecteur aux principes actifs, permettant ainsi aux soins suivants de p\u00e9n\u00e9trer plus profond\u00e9ment dans la peau.<\/p>\n<\/li>\n<\/ul>\n<h2 data-path-to-node=\"23\">Pourquoi le s\u00e9rum Q10 30 ml est un indispensable pour le monde de voyage de Gigi<\/h2>\n<p data-path-to-node=\"24\">En voyage, nous sommes souvent expos\u00e9s \u00e0 des conditions extr\u00eames : air sec des avions, changements climatiques et rayonnement UV. <b data-path-to-node=\"24\" data-index-in-node=\"124\">S\u00e9rum Q10 30 ml<\/b> Voici ma \u201e trousse de premiers secours \u201c dans ma trousse de toilette. Son format pratique de 30 ml est id\u00e9al. <b data-path-to-node=\"24\" data-index-in-node=\"224\">S\u00e9rum Q10 30 ml<\/b> Dans chaque bagage \u00e0 main. Il apporte \u00e0 la peau exactement l&#039;\u00e9nergie suppl\u00e9mentaire qu&#039;elle perd en voyage. <b data-path-to-node=\"24\" data-index-in-node=\"353\">Gigis Travel World<\/b> est <b data-path-to-node=\"24\" data-index-in-node=\"382\">S\u00e9rum Q10 30 ml<\/b> Des soins sans compromis, o\u00f9 que vous soyez.<\/p>\n<h2 data-path-to-node=\"25\">Questions fr\u00e9quentes concernant le s\u00e9rum Q10 30 ml (FAQ)<\/h2>\n<ul data-path-to-node=\"26\">\n<li>\n<p data-path-to-node=\"26,0,0\"><b data-path-to-node=\"26,0,0\" data-index-in-node=\"0\">Le s\u00e9rum Q10 30 ml convient-il \u00e0 tous les types de peau\u00a0?<\/b> Oui, \u00e7a <b data-path-to-node=\"26,0,0\" data-index-in-node=\"60\">S\u00e9rum Q10 30 ml<\/b> Sa formule est con\u00e7ue pour offrir d&#039;excellents r\u00e9sultats sur les peaux s\u00e8ches et mixtes. Sans parab\u00e8nes, elle est \u00e9galement tr\u00e8s bien tol\u00e9r\u00e9e.<\/p>\n<\/li>\n<li>\n<p data-path-to-node=\"26,1,0\"><b data-path-to-node=\"26,1,0\" data-index-in-node=\"0\">Quand pourrai-je constater les premiers r\u00e9sultats avec le s\u00e9rum Q10 30 ml ?<\/b> Vous ressentirez souvent un effet imm\u00e9diat (fra\u00eecheur et douceur) d\u00e8s la premi\u00e8re application. Les peptides contenus dans le produit assurent un raffermissement cutan\u00e9 durable. <b data-path-to-node=\"26,1,0\" data-index-in-node=\"200\">S\u00e9rum Q10 30 ml<\/b> Elle appara\u00eet g\u00e9n\u00e9ralement apr\u00e8s un cycle cutan\u00e9 (environ 28 jours).<\/p>\n<\/li>\n<li>\n<p data-path-to-node=\"26,2,0\"><b data-path-to-node=\"26,2,0\" data-index-in-node=\"0\">Puis-je appliquer le s\u00e9rum Q10 30 ml sous mon maquillage ?<\/b> Absolument. Gr\u00e2ce \u00e0 sa texture non grasse et \u00e0 absorption rapide, <b data-path-to-node=\"26,2,0\" data-index-in-node=\"122\">S\u00e9rum Q10 30 ml<\/b> Une base lisse et parfaite pour n&#039;importe quel fond de teint.<\/p>\n<\/li>\n<\/ul>\n<h2 data-path-to-node=\"27\">Aper\u00e7u des donn\u00e9es produit\u00a0:<\/h2>\n<table data-path-to-node=\"28\">\n<thead>\n<tr>\n<td><strong>fonctionnalit\u00e9<\/strong><\/td>\n<td><strong>D\u00e9tails<\/strong><\/td>\n<\/tr>\n<\/thead>\n<tbody>\n<tr>\n<td><span data-path-to-node=\"28,1,0,0\"><b data-path-to-node=\"28,1,0,0\" data-index-in-node=\"0\">Nom du produit<\/b><\/span><\/td>\n<td><span data-path-to-node=\"28,1,1,0\"><b data-path-to-node=\"28,1,1,0\" data-index-in-node=\"0\">S\u00e9rum Q10 30 ml<\/b><\/span><\/td>\n<\/tr>\n<tr>\n<td><span data-path-to-node=\"28,2,0,0\"><b data-path-to-node=\"28,2,0,0\" data-index-in-node=\"0\">Principaux ingr\u00e9dients actifs<\/b><\/span><\/td>\n<td><span data-path-to-node=\"28,2,1,0\">Coenzyme Q10, peptides, tr\u00e8fle rouge, biotine, panth\u00e9nol<\/span><\/td>\n<\/tr>\n<tr>\n<td><span data-path-to-node=\"28,3,0,0\"><b data-path-to-node=\"28,3,0,0\" data-index-in-node=\"0\">type de peau<\/b><\/span><\/td>\n<td><span data-path-to-node=\"28,3,1,0\">Peau stress\u00e9e et mature<\/span><\/td>\n<\/tr>\n<tr>\n<td><span data-path-to-node=\"28,4,0,0\"><b data-path-to-node=\"28,4,0,0\" data-index-in-node=\"0\">Fonction sp\u00e9ciale<\/b><\/span><\/td>\n<td><span data-path-to-node=\"28,4,1,0\">0 % Parab\u00e8nes, avec instructions vid\u00e9o<\/span><\/td>\n<\/tr>\n<tr>\n<td><span data-path-to-node=\"28,5,0,0\"><b data-path-to-node=\"28,5,0,0\" data-index-in-node=\"0\">Contenu<\/b><\/span><\/td>\n<td><span data-path-to-node=\"28,5,1,0\">Flacon en verre de 30 ml avec distributeur<\/span><\/td>\n<\/tr>\n<tr>\n<td><span data-path-to-node=\"28,6,0,0\"><b data-path-to-node=\"28,6,0,0\" data-index-in-node=\"0\">Prix<\/b><\/span><\/td>\n<td><span data-path-to-node=\"28,6,1,0\">38,00 \u20ac<\/span><\/td>\n<\/tr>\n<\/tbody>\n<\/table>","protected":false},"excerpt":{"rendered":"<p data-path-to-node=\"4\"><b data-path-to-node=\"4\" data-index-in-node=\"0\">Votre bouclier invisible contre le temps : S\u00e9rum Q10 30 ml.<\/b><\/p>\n<p data-path-to-node=\"5\">Optimisez vos soins de la peau gr\u00e2ce au pouvoir concentr\u00e9 de la coenzyme Q10 ! <b data-path-to-node=\"5\" data-index-in-node=\"73\">S\u00e9rum Q10 30 ml<\/b> est un concentr\u00e9 d&#039;ingr\u00e9dients actifs hautement efficace, sp\u00e9cialement d\u00e9velopp\u00e9 pour combattre les signes du vieillissement cutan\u00e9 pr\u00e9matur\u00e9 \u00e0 la source. Gr\u00e2ce \u00e0 une combinaison exclusive de <b data-path-to-node=\"5\" data-index-in-node=\"278\">Q10 (Ubiquinone)<\/b>, <b data-path-to-node=\"5\" data-index-in-node=\"296\">Palmitoyl Tripeptide-5<\/b> et pr\u00e9cieux <b data-path-to-node=\"5\" data-index-in-node=\"334\">extrait de tr\u00e8fle rouge<\/b> La synth\u00e8se de collag\u00e8ne est stimul\u00e9e et la profondeur des rides est visiblement r\u00e9duite. Sa texture l\u00e9g\u00e8re, sans parab\u00e8nes, p\u00e9n\u00e8tre instantan\u00e9ment et redonne \u00e9nergie et \u00e9lasticit\u00e9 m\u00eame aux peaux stress\u00e9es. Un indispensable pour celles et ceux qui veulent pr\u00e9server la jeunesse de leur teint.<\/p>\n<ul data-path-to-node=\"6\">\n<li>\n<p data-path-to-node=\"6,0,0\">\u2705 <b data-path-to-node=\"6,0,0\" data-index-in-node=\"2\">\u00c9nergie cellulaire :<\/b> La coenzyme Q10 hautement concentr\u00e9e r\u00e9active la r\u00e9g\u00e9n\u00e9ration cutan\u00e9e.<\/p>\n<\/li>\n<li>\n<p data-path-to-node=\"6,1,0\">\u2705 <b data-path-to-node=\"6,1,0\" data-index-in-node=\"2\">Le pouvoir des peptides :<\/b> Le palmitoyl tripeptide-5 stimule la production de collag\u00e8ne.<\/p>\n<\/li>\n<li>\n<p data-path-to-node=\"6,2,0\">\u2705 <b data-path-to-node=\"6,2,0\" data-index-in-node=\"2\">Lifting naturel :<\/b> L&#039;extrait de tr\u00e8fle rouge renforce les tissus conjonctifs.<\/p>\n<\/li>\n<li>\n<p data-path-to-node=\"6,3,0\">\u2705 <b data-path-to-node=\"6,3,0\" data-index-in-node=\"2\">Protection par la biotine\u00a0:<\/b> Favorise un teint sain et uniforme.<\/p>\n<\/li>\n<li>\n<p data-path-to-node=\"6,4,0\">\u2705 <b data-path-to-node=\"6,4,0\" data-index-in-node=\"2\">Beaut\u00e9 propre :<\/b> 0 % Parab\u00e8nes \u2013 tol\u00e9rance maximale.<\/p>\n<\/li>\n<li>\n<p data-path-to-node=\"6,5,0\">\u2705 <b data-path-to-node=\"6,5,0\" data-index-in-node=\"2\">Prix : 38,00 \u20ac<\/b><\/p>\n<\/li>\n<\/ul>","protected":false},"featured_media":365,"template":"","meta":{"_et_pb_use_builder":"","_et_pb_old_content":"","_et_gb_content_width":""},"product_brand":[63],"product_cat":[60,208,74,61,108,100],"product_tag":[],"class_list":{"0":"post-3207","1":"product","2":"type-product","3":"status-publish","4":"has-post-thumbnail","6":"product_brand-vegas-cosmetics-gmbh","7":"product_cat-hautpflege","8":"product_cat-beauty-care","9":"product_cat-gesichtspflege","10":"product_cat-pflegeserien","11":"product_cat-q10","12":"product_cat-seren","14":"first","15":"instock","16":"shipping-taxable","17":"product-type-external"},"_links":{"self":[{"href":"https:\/\/gigistravelworld.de\/fr\/wp-json\/wp\/v2\/product\/3207","targetHints":{"allow":["GET"]}}],"collection":[{"href":"https:\/\/gigistravelworld.de\/fr\/wp-json\/wp\/v2\/product"}],"about":[{"href":"https:\/\/gigistravelworld.de\/fr\/wp-json\/wp\/v2\/types\/product"}],"wp:featuredmedia":[{"embeddable":true,"href":"https:\/\/gigistravelworld.de\/fr\/wp-json\/wp\/v2\/media\/365"}],"wp:attachment":[{"href":"https:\/\/gigistravelworld.de\/fr\/wp-json\/wp\/v2\/media?parent=3207"}],"wp:term":[{"taxonomy":"product_brand","embeddable":true,"href":"https:\/\/gigistravelworld.de\/fr\/wp-json\/wp\/v2\/product_brand?post=3207"},{"taxonomy":"product_cat","embeddable":true,"href":"https:\/\/gigistravelworld.de\/fr\/wp-json\/wp\/v2\/product_cat?post=3207"},{"taxonomy":"product_tag","embeddable":true,"href":"https:\/\/gigistravelworld.de\/fr\/wp-json\/wp\/v2\/product_tag?post=3207"}],"curies":[{"name":"wp","href":"https:\/\/api.w.org\/{rel}","templated":true}]}}