{"id":3206,"date":"2025-08-23T20:54:37","date_gmt":"2025-08-23T18:54:37","guid":{"rendered":"https:\/\/gigistravelworld.de\/?post_type=product&#038;p=3206"},"modified":"2026-03-29T21:08:25","modified_gmt":"2026-03-29T19:08:25","slug":"q10-nachtcreme-50ml-regeneration-natur","status":"publish","type":"product","link":"https:\/\/gigistravelworld.de\/fr\/q10-nachtcreme-50ml-regeneration-natur\/","title":{"rendered":"Cr\u00e8me de nuit Q10 50 ml | 97% R\u00e9g\u00e9n\u00e9ration naturelle aux c\u00e9ramides"},"content":{"rendered":"<h1 data-path-to-node=\"9\">Cr\u00e8me de nuit Q10 50 ml : Votre soin beaut\u00e9 nocturne pour un r\u00e9veil \u00e9clatant<\/h1>\n<p data-path-to-node=\"10\">Dans mon <a class=\"ng-star-inserted\" href=\"https:\/\/www.google.com\/search?q=https:\/\/gigistravelworld.de\/ueber-mich\/\" target=\"_blank\" rel=\"noopener\" data-hveid=\"0\" data-ved=\"0CAAQ_4QMahgKEwi14-2AncWTAxUAAAAAHQAAAAAQ2xE\">Style de vie professionnel<\/a> \u00e0 <b data-path-to-node=\"10\" data-index-in-node=\"33\">Gigis Travel World<\/b> Le sommeil est essentiel \u00e0 la r\u00e9cup\u00e9ration, non seulement pour l&#039;esprit, mais surtout pour la peau. Pendant notre repos \u00e0 P\u00e9tange ou partout ailleurs dans le monde, notre peau se r\u00e9g\u00e9n\u00e8re. <b data-path-to-node=\"10\" data-index-in-node=\"274\">Cr\u00e8me de nuit Q10 50 ml<\/b> Vegas Cosmetics est l&#039;outil id\u00e9al pour acc\u00e9l\u00e9rer ce processus. <b data-path-to-node=\"10\" data-index-in-node=\"381\">34,90 \u20ac<\/b> Vous investissez dans une cr\u00e8me compos\u00e9e \u00e0 pr\u00e8s de 100% d&#039;ingr\u00e9dients naturels. <b data-path-to-node=\"10\" data-index-in-node=\"472\">Cr\u00e8me de nuit Q10 50 ml<\/b> est la r\u00e9ponse efficace aux agressions quotidiennes que nous infligeons \u00e0 notre visage.<\/p>\n<h2 data-path-to-node=\"11\">Pourquoi la phase nocturne est-elle si cruciale pour la cr\u00e8me de nuit Q10 50 ml<\/h2>\n<p data-path-to-node=\"12\">Durant la journ\u00e9e, notre peau est occup\u00e9e \u00e0 se d\u00e9fendre. La nuit, en revanche, les pores s&#039;ouvrent, la circulation sanguine s&#039;intensifie et la capacit\u00e9 de la peau \u00e0 absorber les principes actifs est optimale. <b data-path-to-node=\"12\" data-index-in-node=\"174\">Cr\u00e8me de nuit Q10 50 ml<\/b> Cette fen\u00eatre temporelle est utilis\u00e9e de mani\u00e8re optimale. La texture riche forme le <b data-path-to-node=\"12\" data-index-in-node=\"269\">Cr\u00e8me de nuit Q10 50 ml<\/b> Un cocon protecteur sous lequel les actifs comme l&#039;ubiquinone (Q10) et les c\u00e9ramides peuvent agir en toute tranquillit\u00e9. Celles et ceux qui r\u00eavent d&#039;une peau repulp\u00e9e et fra\u00eeche au r\u00e9veil trouveront ici leur bonheur. <b data-path-to-node=\"12\" data-index-in-node=\"478\">Cr\u00e8me de nuit Q10 50 ml<\/b> Ce n&#039;est pas termin\u00e9.<\/p>\n<h2 data-path-to-node=\"13\">C\u00e9ramides et Q10\u00a0: l\u2019association gagnante de la cr\u00e8me de nuit Q10 50\u00a0ml<\/h2>\n<p data-path-to-node=\"14\">Dans la recette de <b data-path-to-node=\"14\" data-index-in-node=\"20\">Cr\u00e8me de nuit Q10 50 ml<\/b> Nous trouvons une combinaison que l&#039;on ne rencontre habituellement que dans le domaine des cosm\u00e9tiques m\u00e9dicaux\u00a0:<\/p>\n<ol start=\"1\" data-path-to-node=\"15\">\n<li>\n<p data-path-to-node=\"15,0,0\"><b data-path-to-node=\"15,0,0\" data-index-in-node=\"0\">C\u00e9ramide NP :<\/b> Ces lipides dans le <b data-path-to-node=\"15,0,0\" data-index-in-node=\"33\">Cr\u00e8me de nuit Q10 50 ml<\/b> Elles sont essentielles au maintien d&#039;une barri\u00e8re cutan\u00e9e intacte. Elles agissent comme un \u201e mortier \u201c entre les cellules de la peau et emp\u00eachent l&#039;\u00e9vaporation de l&#039;humidit\u00e9 pendant la nuit.<\/p>\n<\/li>\n<li>\n<p data-path-to-node=\"15,1,0\"><b data-path-to-node=\"15,1,0\" data-index-in-node=\"0\">Ubiquinone (Q10) :<\/b> Le moteur \u00e9nerg\u00e9tique dans le <b data-path-to-node=\"15,1,0\" data-index-in-node=\"43\">Cr\u00e8me de nuit Q10 50 ml<\/b>. Il aide les cellules \u00e0 r\u00e9parer plus rapidement les dommages caus\u00e9s par les rayons UV ou les toxines environnementales accumul\u00e9es pendant la journ\u00e9e.<\/p>\n<\/li>\n<li>\n<p data-path-to-node=\"15,2,0\"><b data-path-to-node=\"15,2,0\" data-index-in-node=\"0\">Panth\u00e9nol et allanto\u00efne\u00a0:<\/b> Ces substances apaisantes dans le <b data-path-to-node=\"15,2,0\" data-index-in-node=\"56\">Cr\u00e8me de nuit Q10 50 ml<\/b> Cela permet de faire dispara\u00eetre les rougeurs et les irritations le lendemain matin.<\/p>\n<\/li>\n<\/ol>\n<h2 data-path-to-node=\"16\">97.15 % Nature : Un \u00e9lixir d&#039;huiles pr\u00e9cieuses<\/h2>\n<p data-path-to-node=\"17\">Quoi le <b data-path-to-node=\"17\" data-index-in-node=\"8\">Cr\u00e8me de nuit Q10 50 ml<\/b> Ce qui garantit une telle fluidit\u00e9, c&#039;est la s\u00e9lection de mati\u00e8res premi\u00e8res issues de l&#039;agriculture biologique. Nous \u00e9vitons d&#039;utiliser d&#039;autres ingr\u00e9dients dans... <b data-path-to-node=\"17\" data-index-in-node=\"126\">Cr\u00e8me de nuit Q10 50 ml<\/b> au lieu de produits de remplissage bon march\u00e9, ils utilisent\u00a0:<\/p>\n<ul data-path-to-node=\"18\">\n<li>\n<p data-path-to-node=\"18,0,0\"><b data-path-to-node=\"18,0,0\" data-index-in-node=\"0\">Huile d&#039;avocat (Persea Gratissima) :<\/b> Extr\u00eamement riche en vitamines et en acides gras insatur\u00e9s. Cela rend <b data-path-to-node=\"18,0,0\" data-index-in-node=\"100\">Cr\u00e8me de nuit Q10 50 ml<\/b> \u00e0 un traitement \u00e0 action profonde.<\/p>\n<\/li>\n<li>\n<p data-path-to-node=\"18,1,0\"><b data-path-to-node=\"18,1,0\" data-index-in-node=\"0\">Huile de noyau de p\u00eache et huile de jojoba\u00a0:<\/b> Ces huiles sont parfaitement absorb\u00e9es et donnent \u00e0 la peau <b data-path-to-node=\"18,1,0\" data-index-in-node=\"72\">Cr\u00e8me de nuit Q10 50 ml<\/b> Sa structure nourrissante, sans obstruer les pores.<\/p>\n<\/li>\n<li>\n<p data-path-to-node=\"18,2,0\"><b data-path-to-node=\"18,2,0\" data-index-in-node=\"0\">Cire d&#039;abeille (Cera Alba) :<\/b> Il forme un film protecteur fin dans le <b data-path-to-node=\"18,2,0\" data-index-in-node=\"66\">Cr\u00e8me de nuit Q10 50 ml<\/b>, ce qui prot\u00e8ge la peau de la d\u00e9shydratation pendant sa r\u00e9g\u00e9n\u00e9ration.<\/p>\n<\/li>\n<\/ul>\n<h2 data-path-to-node=\"19\">Conseils d&#039;application de la cr\u00e8me de nuit Q10 50 ml<\/h2>\n<p data-path-to-node=\"20\">Pour que votre peau puisse b\u00e9n\u00e9ficier du pouvoir naturel du 97.15 % <b data-path-to-node=\"20\" data-index-in-node=\"44\">Cr\u00e8me de nuit Q10 50 ml<\/b> Pour bien l&#039;assimiler, je recommande cette routine du soir\u00a0:<\/p>\n<ol start=\"1\" data-path-to-node=\"21\">\n<li>\n<p data-path-to-node=\"21,0,0\"><b data-path-to-node=\"21,0,0\" data-index-in-node=\"0\">Nettoyage:<\/b> Nettoyez soigneusement votre visage avec le <a class=\"ng-star-inserted\" href=\"https:\/\/www.google.com\/search?q=https:\/\/gigistravelworld.de\/beauty-care\/reinigung\/q10-reinigungsmilch-mit-hamamelis-200ml\/\" target=\"_blank\" rel=\"noopener\" data-hveid=\"0\" data-ved=\"0CAAQ_4QMahgKEwi14-2AncWTAxUAAAAAHQAAAAAQ3BE\">Lait d\u00e9toxifiant Q10<\/a>.<\/p>\n<\/li>\n<li>\n<p data-path-to-node=\"21,1,0\"><b data-path-to-node=\"21,1,0\" data-index-in-node=\"0\">Pr\u00e9parer:<\/b> Utilisez l&#039;eau micellaire pour neutraliser le pH. Elle glisse facilement sur la peau encore l\u00e9g\u00e8rement humide. <b data-path-to-node=\"21,1,0\" data-index-in-node=\"119\">Cr\u00e8me de nuit Q10 50 ml<\/b> particuli\u00e8rement bon.<\/p>\n<\/li>\n<li>\n<p data-path-to-node=\"21,2,0\"><b data-path-to-node=\"21,2,0\" data-index-in-node=\"0\">Application:<\/b> Portez le <b data-path-to-node=\"21,2,0\" data-index-in-node=\"21\">Cr\u00e8me de nuit Q10 50 ml<\/b> Appliquer en fine couche sur le visage, le cou et le d\u00e9collet\u00e9.<\/p>\n<\/li>\n<li>\n<p data-path-to-node=\"21,3,0\"><b data-path-to-node=\"21,3,0\" data-index-in-node=\"0\">Massage en :<\/b> Effectuez de l\u00e9gers tapotements. Cela stimule la circulation lymphatique et favorise le bon fonctionnement du syst\u00e8me lymphatique. <b data-path-to-node=\"21,3,0\" data-index-in-node=\"91\">Cr\u00e8me de nuit Q10 50 ml<\/b>, pour p\u00e9n\u00e9trer plus profond\u00e9ment dans l&#039;\u00e9piderme.<\/p>\n<\/li>\n<\/ol>\n<h2 data-path-to-node=\"22\">Pourquoi la cr\u00e8me de nuit Q10 50 ml est un indispensable pour le monde de voyage de Gigi<\/h2>\n<p data-path-to-node=\"23\">Les voyages perturbent souvent les rythmes naturels du corps. Le d\u00e9calage horaire et les climats inhabituels mettent la peau \u00e0 rude \u00e9preuve. <b data-path-to-node=\"23\" data-index-in-node=\"113\">Cr\u00e8me de nuit Q10 50 ml<\/b> est votre fid\u00e8le alli\u00e9 pour vous aider \u00e0 \u00e9vacuer le stress pendant votre sommeil. Le format pratique de 50 ml <b data-path-to-node=\"23\" data-index-in-node=\"227\">Cr\u00e8me de nuit Q10 50 ml<\/b> Elle r\u00e9pond \u00e0 toutes les exigences relatives aux bagages \u00e0 main et vous assure une apparence fra\u00eeche et \u00e9clatante apr\u00e8s chaque voyage. <b data-path-to-node=\"23\" data-index-in-node=\"370\">Gigis Travel World<\/b> stands <b data-path-to-node=\"23\" data-index-in-node=\"399\">Cr\u00e8me de nuit Q10 50 ml<\/b> car la beaut\u00e9 n&#039;est pas une question de lieu, mais de soins appropri\u00e9s.<\/p>\n<h2 data-path-to-node=\"24\">Questions fr\u00e9quentes concernant la cr\u00e8me de nuit Q10 50 ml (FAQ)<\/h2>\n<ul data-path-to-node=\"25\">\n<li>\n<p data-path-to-node=\"25,0,0\"><b data-path-to-node=\"25,0,0\" data-index-in-node=\"0\">La cr\u00e8me de nuit Q10 (50 ml) est-elle trop grasse pour une peau mixte ?<\/b> Non. Gr\u00e2ce \u00e0 l&#039;huile de jojoba et \u00e0 l&#039;huile de noyau de p\u00eache contenues dans le <b data-path-to-node=\"25,0,0\" data-index-in-node=\"99\">Cr\u00e8me de nuit Q10 50 ml<\/b> La production de s\u00e9bum est r\u00e9gul\u00e9e. Il est riche, mais tr\u00e8s bien absorb\u00e9 lorsqu&#039;il est utilis\u00e9 \u00e0 la dose appropri\u00e9e.<\/p>\n<\/li>\n<li>\n<p data-path-to-node=\"25,1,0\"><b data-path-to-node=\"25,1,0\" data-index-in-node=\"0\">Que signifie l&#039;expression \u201e mati\u00e8re premi\u00e8re issue de la culture naturelle \u201c dans le contexte de la cr\u00e8me de nuit Q10 50 ml ?<\/b> Cela signifie que plus de 97 % des ingr\u00e9dients du <b data-path-to-node=\"25,1,0\" data-index-in-node=\"126\">Cr\u00e8me de nuit Q10 50 ml<\/b> Ils ont \u00e9t\u00e9 obtenus directement \u00e0 partir de la nature, ce qui augmente consid\u00e9rablement leur tol\u00e9rance et leur efficacit\u00e9.<\/p>\n<\/li>\n<li>\n<p data-path-to-node=\"25,2,0\"><b data-path-to-node=\"25,2,0\" data-index-in-node=\"0\">Puis-je \u00e9galement utiliser la cr\u00e8me de nuit Q10 50ml pendant la journ\u00e9e\u00a0?<\/b> Si vous avez la peau extr\u00eamement s\u00e8che, oui. Mais pour une utilisation de jour, le n\u00f4tre est <a class=\"ng-star-inserted\" href=\"https:\/\/www.google.com\/search?q=https:\/\/gigistravelworld.de\/beauty-care\/pflege\/q10-tagescreme-50ml\/\" target=\"_blank\" rel=\"noopener\" data-hveid=\"0\" data-ved=\"0CAAQ_4QMahgKEwi14-2AncWTAxUAAAAAHQAAAAAQ3RE\">Cr\u00e8me de jour Q10<\/a> mieux adapt\u00e9, car il contient des substances protectrices suppl\u00e9mentaires contre les influences environnementales.<\/p>\n<\/li>\n<\/ul>\n<h2 data-path-to-node=\"26\">Aper\u00e7u des donn\u00e9es produit\u00a0:<\/h2>\n<table data-path-to-node=\"27\">\n<thead>\n<tr>\n<td><strong>fonctionnalit\u00e9<\/strong><\/td>\n<td><strong>D\u00e9tails<\/strong><\/td>\n<\/tr>\n<\/thead>\n<tbody>\n<tr>\n<td><span data-path-to-node=\"27,1,0,0\"><b data-path-to-node=\"27,1,0,0\" data-index-in-node=\"0\">Nom du produit<\/b><\/span><\/td>\n<td><span data-path-to-node=\"27,1,1,0\"><b data-path-to-node=\"27,1,1,0\" data-index-in-node=\"0\">Cr\u00e8me de nuit Q10 50 ml<\/b><\/span><\/td>\n<\/tr>\n<tr>\n<td><span data-path-to-node=\"27,2,0,0\"><b data-path-to-node=\"27,2,0,0\" data-index-in-node=\"0\">Composant naturel<\/b><\/span><\/td>\n<td><span data-path-to-node=\"27,2,1,0\"><b data-path-to-node=\"27,2,1,0\" data-index-in-node=\"0\">97.15 % (Culture naturelle)<\/b><\/span><\/td>\n<\/tr>\n<tr>\n<td><span data-path-to-node=\"27,3,0,0\"><b data-path-to-node=\"27,3,0,0\" data-index-in-node=\"0\">Ingr\u00e9dients actifs<\/b><\/span><\/td>\n<td><span data-path-to-node=\"27,3,1,0\">Coenzyme Q10, c\u00e9ramide NP, huile d&#039;avocat, panth\u00e9nol<\/span><\/td>\n<\/tr>\n<tr>\n<td><span data-path-to-node=\"27,4,0,0\"><b data-path-to-node=\"27,4,0,0\" data-index-in-node=\"0\">Fonction sp\u00e9ciale<\/b><\/span><\/td>\n<td><span data-path-to-node=\"27,4,1,0\">R\u00e9g\u00e9n\u00e9ration profonde pendant le sommeil<\/span><\/td>\n<\/tr>\n<tr>\n<td><span data-path-to-node=\"27,5,0,0\"><b data-path-to-node=\"27,5,0,0\" data-index-in-node=\"0\">Contenu<\/b><\/span><\/td>\n<td><span data-path-to-node=\"27,5,1,0\">Pot de 50 ml<\/span><\/td>\n<\/tr>\n<tr>\n<td><span data-path-to-node=\"27,6,0,0\"><b data-path-to-node=\"27,6,0,0\" data-index-in-node=\"0\">Prix<\/b><\/span><\/td>\n<td><span data-path-to-node=\"27,6,1,0\">34,90 \u20ac<\/span><\/td>\n<\/tr>\n<\/tbody>\n<\/table>","protected":false},"excerpt":{"rendered":"<p data-path-to-node=\"4\"><b data-path-to-node=\"4\" data-index-in-node=\"0\">R\u00e9g\u00e9n\u00e9ration pendant le sommeil : cr\u00e8me de nuit Q10 50 ml avec 97,15 % puissance naturelle.<\/b><\/p>\n<p data-path-to-node=\"5\">Profitez de votre p\u00e9riode de repos nocturne pour une r\u00e9g\u00e9n\u00e9ration visible de la peau ! <b data-path-to-node=\"5\" data-index-in-node=\"78\">Cr\u00e8me de nuit Q10 50 ml<\/b> Il s&#039;agit d&#039;un soin intensif particuli\u00e8rement riche, sp\u00e9cialement con\u00e7u pour accompagner la phase de r\u00e9g\u00e9n\u00e9ration naturelle de votre peau. Pendant votre sommeil, sa formule agit en profondeur\u2026 <b data-path-to-node=\"5\" data-index-in-node=\"288\">Coenzyme Q10<\/b>, <b data-path-to-node=\"5\" data-index-in-node=\"301\">NP de c\u00e9ramide<\/b> Un complexe d&#039;huiles luxueuses apporte des nutriments pr\u00e9cieux en profondeur \u00e0 la peau. Les huiles d&#039;avocat, de jojoba et de noyau de p\u00eache laissent votre peau incroyablement douce et souple. Compos\u00e9e \u00e0 97,15 % d&#039;ingr\u00e9dients d&#039;origine naturelle, cette formule offre \u00e0 votre visage un soin pur et hautement efficace, sans additifs superflus.<\/p>\n<ul data-path-to-node=\"6\">\n<li>\n<p data-path-to-node=\"6,0,0\">\u2705 <b data-path-to-node=\"6,0,0\" data-index-in-node=\"2\">R\u00e9g\u00e9n\u00e9ration maximale :<\/b> Favorise le renouvellement cellulaire pendant la nuit.<\/p>\n<\/li>\n<li>\n<p data-path-to-node=\"6,1,0\">\u2705 <b data-path-to-node=\"6,1,0\" data-index-in-node=\"2\">Puret\u00e9 naturelle :<\/b> 97,15 % des mati\u00e8res premi\u00e8res proviennent de l&#039;agriculture biologique.<\/p>\n<\/li>\n<li>\n<p data-path-to-node=\"6,2,0\">\u2705 <b data-path-to-node=\"6,2,0\" data-index-in-node=\"2\">Protection par barri\u00e8re :<\/b> Le c\u00e9ramide NP renforce la barri\u00e8re protectrice naturelle de la peau.<\/p>\n<\/li>\n<li>\n<p data-path-to-node=\"6,3,0\">\u2705 <b data-path-to-node=\"6,3,0\" data-index-in-node=\"2\">Turbo anti-\u00e2ge :<\/b> La coenzyme Q10 (ubiquinone) r\u00e9active l&#039;\u00e9nergie cellulaire.<\/p>\n<\/li>\n<li>\n<p data-path-to-node=\"6,4,0\">\u2705 <b data-path-to-node=\"6,4,0\" data-index-in-node=\"2\">Huiles fines :<\/b> Riche en huiles d&#039;avocat, de jojoba, de tournesol et de noyau de p\u00eache.<\/p>\n<\/li>\n<li>\n<p data-path-to-node=\"6,5,0\">\u2705 <b data-path-to-node=\"6,5,0\" data-index-in-node=\"2\">Prix : 34,90 \u20ac<\/b><\/p>\n<\/li>\n<\/ul>","protected":false},"featured_media":364,"template":"","meta":{"_et_pb_use_builder":"","_et_pb_old_content":"","_et_gb_content_width":""},"product_brand":[63],"product_cat":[60,208,74,99,61,108],"product_tag":[],"class_list":{"0":"post-3206","1":"product","2":"type-product","3":"status-publish","4":"has-post-thumbnail","6":"product_brand-vegas-cosmetics-gmbh","7":"product_cat-hautpflege","8":"product_cat-beauty-care","9":"product_cat-gesichtspflege","10":"product_cat-nachtpflege","11":"product_cat-pflegeserien","12":"product_cat-q10","14":"first","15":"instock","16":"shipping-taxable","17":"product-type-external"},"_links":{"self":[{"href":"https:\/\/gigistravelworld.de\/fr\/wp-json\/wp\/v2\/product\/3206","targetHints":{"allow":["GET"]}}],"collection":[{"href":"https:\/\/gigistravelworld.de\/fr\/wp-json\/wp\/v2\/product"}],"about":[{"href":"https:\/\/gigistravelworld.de\/fr\/wp-json\/wp\/v2\/types\/product"}],"wp:featuredmedia":[{"embeddable":true,"href":"https:\/\/gigistravelworld.de\/fr\/wp-json\/wp\/v2\/media\/364"}],"wp:attachment":[{"href":"https:\/\/gigistravelworld.de\/fr\/wp-json\/wp\/v2\/media?parent=3206"}],"wp:term":[{"taxonomy":"product_brand","embeddable":true,"href":"https:\/\/gigistravelworld.de\/fr\/wp-json\/wp\/v2\/product_brand?post=3206"},{"taxonomy":"product_cat","embeddable":true,"href":"https:\/\/gigistravelworld.de\/fr\/wp-json\/wp\/v2\/product_cat?post=3206"},{"taxonomy":"product_tag","embeddable":true,"href":"https:\/\/gigistravelworld.de\/fr\/wp-json\/wp\/v2\/product_tag?post=3206"}],"curies":[{"name":"wp","href":"https:\/\/api.w.org\/{rel}","templated":true}]}}