{"id":3205,"date":"2025-08-23T20:54:37","date_gmt":"2025-08-23T18:54:37","guid":{"rendered":"https:\/\/gigistravelworld.de\/?post_type=product&#038;p=3205"},"modified":"2026-03-29T21:01:46","modified_gmt":"2026-03-29T19:01:46","slug":"q10-tagescreme-50ml-anti-aging-hyaluron","status":"publish","type":"product","link":"https:\/\/gigistravelworld.de\/fr\/q10-tagescreme-50ml-anti-aging-hyaluron\/","title":{"rendered":"Cr\u00e8me de jour Q10 50 ml | Protection anti-\u00e2ge et \u00e0 l&#039;acide hyaluronique"},"content":{"rendered":"<h1 data-path-to-node=\"9\">Cr\u00e8me de jour Q10 50 ml : Votre bouclier quotidien contre le temps<\/h1>\n<p data-path-to-node=\"10\">Dans mon <a class=\"ng-star-inserted\" href=\"https:\/\/www.google.com\/search?q=https:\/\/gigistravelworld.de\/ueber-mich\/\" target=\"_blank\" rel=\"noopener\" data-hveid=\"0\" data-ved=\"0CAAQ_4QMahgKEwi14-2AncWTAxUAAAAAHQAAAAAQrBE\">Style de vie professionnel<\/a> \u00e0 <b data-path-to-node=\"10\" data-index-in-node=\"33\">Gigis Travel World<\/b> Je sais : la journ\u00e9e commence souvent sur les chapeaux de roue. Qu&#039;il s&#039;agisse de r\u00e9unions \u00e0 P\u00e9tange ou de rendez-vous \u00e0 l&#039;autre bout du monde, notre peau est constamment soumise \u00e0 des agressions. L&#039;air sec des bureaux, les rayons UV et les gaz d&#039;\u00e9chappement la mettent \u00e0 rude \u00e9preuve. <b data-path-to-node=\"10\" data-index-in-node=\"267\">Cr\u00e8me de jour Q10 50 ml<\/b> Vegas Cosmetics est ma source d&#039;\u00e9nergie personnelle. <b data-path-to-node=\"10\" data-index-in-node=\"349\">33,50 \u20ac<\/b> Vous recevrez une formule qui non seulement procure un soin superficiel, mais renforce aussi sp\u00e9cifiquement la r\u00e9sistance de votre peau. <b data-path-to-node=\"10\" data-index-in-node=\"481\">Cr\u00e8me de jour Q10 50 ml<\/b> est l&#039;outil id\u00e9al pour pr\u00e9server la jeunesse et la vitalit\u00e9 de votre visage.<\/p>\n<h2 data-path-to-node=\"11\">Coenzyme Q10\u00a0: Pourquoi vos cellules adorent la cr\u00e8me de jour Q10 50\u00a0ml<\/h2>\n<p data-path-to-node=\"12\">Le c\u0153ur du <b data-path-to-node=\"12\" data-index-in-node=\"18\">Cr\u00e8me de jour Q10 50 ml<\/b> Il s&#039;agit de l&#039;ubiquinone, plus connue sous le nom de Q10. Cette enzyme naturelle est essentielle \u00e0 la production d&#039;\u00e9nergie dans nos cellules. Cependant, le taux de Q10 diminue avec l&#039;\u00e2ge, ce qui entra\u00eene un rel\u00e2chement cutan\u00e9 et l&#039;apparition de rides. L&#039;application quotidienne de <b data-path-to-node=\"12\" data-index-in-node=\"309\">Cr\u00e8me de jour Q10 50 ml<\/b> Vous reconstituez ces r\u00e9serves. C&#039;est comme un expresso pour vos cellules cutan\u00e9es\u00a0: elles se r\u00e9veillent, se r\u00e9g\u00e9n\u00e8rent plus vite et paraissent visiblement plus fra\u00eeches et plus rebondies. <b data-path-to-node=\"12\" data-index-in-node=\"509\">Cr\u00e8me de jour Q10 50 ml<\/b> La coenzyme Q10 agit \u00e9galement comme un puissant antioxydant, pr\u00e9venant les dommages cellulaires avant m\u00eame qu&#039;ils ne surviennent.<\/p>\n<h2 data-path-to-node=\"13\">Acide hyaluronique et vitamine C\u00a0: le duo de choc de la cr\u00e8me de jour Q10 50\u00a0ml<\/h2>\n<p data-path-to-node=\"14\">Pour qu&#039;une peau mature rayonne v\u00e9ritablement, elle a besoin de plus que de l&#039;huile. <b data-path-to-node=\"14\" data-index-in-node=\"70\">Cr\u00e8me de jour Q10 50 ml<\/b> repose sur une combinaison intelligente d&#039;ingr\u00e9dients actifs\u00a0:<\/p>\n<ol start=\"1\" data-path-to-node=\"15\">\n<li>\n<p data-path-to-node=\"15,0,0\"><b data-path-to-node=\"15,0,0\" data-index-in-node=\"0\">Hyaluronate de sodium (acide hyaluronique) :<\/b> Dans le <b data-path-to-node=\"15,0,0\" data-index-in-node=\"43\">Cr\u00e8me de jour Q10 50 ml<\/b> L&#039;acide hyaluronique retient l&#039;hydratation comme une \u00e9ponge. Il repulpe instantan\u00e9ment les ridules et cr\u00e9e cet effet repulpant tant recherch\u00e9.<\/p>\n<\/li>\n<li>\n<p data-path-to-node=\"15,1,0\"><b data-path-to-node=\"15,1,0\" data-index-in-node=\"0\">polypeptides de vitamine C :<\/b> Le <b data-path-to-node=\"15,1,0\" data-index-in-node=\"27\">Cr\u00e8me de jour Q10 50 ml<\/b> Contient des extraits d&#039;orange, de citron et de citron vert. Ces extraits ont un effet \u00e9claircissant sur les taches pigmentaires et stimulent la production de collag\u00e8ne. Associ\u00e9 \u00e0 la vitamine E dans le <b data-path-to-node=\"15,1,0\" data-index-in-node=\"209\">Cr\u00e8me de jour Q10 50 ml<\/b> Elle forme un bouclier protecteur invisible contre le vieillissement cutan\u00e9 induit par les UV.<\/p>\n<\/li>\n<\/ol>\n<h2 data-path-to-node=\"16\">Un \u00e9lixir d&#039;huiles et de beurres fins<\/h2>\n<p data-path-to-node=\"17\">En ce qui concerne la texture de <b data-path-to-node=\"17\" data-index-in-node=\"19\">Cr\u00e8me de jour Q10 50 ml<\/b> Ce qui le rend si luxueux, c&#039;est la s\u00e9lection d&#039;ingr\u00e9dients d&#039;origine v\u00e9g\u00e9tale\u00a0:<\/p>\n<ul data-path-to-node=\"18\">\n<li>\n<p data-path-to-node=\"18,0,0\"><b data-path-to-node=\"18,0,0\" data-index-in-node=\"0\">Huile de noyau de p\u00eache et huile de jojoba\u00a0:<\/b> Ces huiles dans le <b data-path-to-node=\"18,0,0\" data-index-in-node=\"44\">Cr\u00e8me de jour Q10 50 ml<\/b> Elles p\u00e9n\u00e8trent en profondeur et laissent la peau douce et velout\u00e9e, sans effet gras.<\/p>\n<\/li>\n<li>\n<p data-path-to-node=\"18,1,0\"><b data-path-to-node=\"18,1,0\" data-index-in-node=\"0\">Beurre de karit\u00e9 :<\/b> Reconnue pour ses propri\u00e9t\u00e9s curatives, elle nourrit la peau en profondeur. <b data-path-to-node=\"18,1,0\" data-index-in-node=\"84\">Cr\u00e8me de jour Q10 50 ml<\/b> avec des acides gras essentiels.<\/p>\n<\/li>\n<li>\n<p data-path-to-node=\"18,2,0\"><b data-path-to-node=\"18,2,0\" data-index-in-node=\"0\">Huile de noix br\u00e9silienne (Bertholletia Excelsa) :<\/b> Un ingr\u00e9dient rare que le <b data-path-to-node=\"18,2,0\" data-index-in-node=\"82\">Cr\u00e8me de jour Q10 50 ml<\/b> Enrichi en s\u00e9l\u00e9nium et en magn\u00e9sium, favorisant ainsi l&#039;\u00e9lasticit\u00e9.<\/p>\n<\/li>\n<\/ul>\n<h2 data-path-to-node=\"19\">Application id\u00e9ale de la cr\u00e8me de jour Q10 50 ml<\/h2>\n<p data-path-to-node=\"20\">Pour lib\u00e9rer tout le potentiel de <b data-path-to-node=\"20\" data-index-in-node=\"27\">Cr\u00e8me de jour Q10 50 ml<\/b> Pour maximiser votre potentiel, vous devriez \u00e9tablir une routine\u00a0:<\/p>\n<ul data-path-to-node=\"21\">\n<li>\n<p data-path-to-node=\"21,0,0\"><b data-path-to-node=\"21,0,0\" data-index-in-node=\"0\">Pr\u00e9paration:<\/b> Commencez par nettoyer soigneusement votre visage avec le <a class=\"ng-star-inserted\" href=\"https:\/\/www.google.com\/search?q=https:\/\/gigistravelworld.de\/beauty-care\/reinigung\/q10-reinigungsmilch-mit-hamamelis-200ml\/\" target=\"_blank\" rel=\"noopener\" data-hveid=\"0\" data-ved=\"0CAAQ_4QMahgKEwi14-2AncWTAxUAAAAAHQAAAAAQrRE\">Lait d\u00e9toxifiant Q10<\/a>. Les principes actifs du produit ne peuvent \u00eatre absorb\u00e9s que sur une peau propre. <b data-path-to-node=\"21,0,0\" data-index-in-node=\"129\">Cr\u00e8me de jour Q10 50 ml<\/b> lib\u00e9rer leur plein potentiel.<\/p>\n<\/li>\n<li>\n<p data-path-to-node=\"21,1,0\"><b data-path-to-node=\"21,1,0\" data-index-in-node=\"0\">Application:<\/b> Portez le <b data-path-to-node=\"21,1,0\" data-index-in-node=\"21\">Cr\u00e8me de jour Q10 50 ml<\/b> Appliquez une fine couche sur votre visage, votre cou et votre d\u00e9collet\u00e9 le matin. Le cou est souvent n\u00e9glig\u00e9, pourtant il a besoin de l&#039;\u00e9nergie du <b data-path-to-node=\"21,1,0\" data-index-in-node=\"168\">Cr\u00e8me de jour Q10 50 ml<\/b> Tout aussi urgent !<\/p>\n<\/li>\n<li>\n<p data-path-to-node=\"21,2,0\"><b data-path-to-node=\"21,2,0\" data-index-in-node=\"0\">Massage en :<\/b> Effectuez de doux mouvements ascendants. Cela favorise le drainage lymphatique et renforce l&#039;effet raffermissant du <b data-path-to-node=\"21,2,0\" data-index-in-node=\"120\">Cr\u00e8me de jour Q10 50 ml<\/b>.<\/p>\n<\/li>\n<li>\n<p data-path-to-node=\"21,3,0\"><b data-path-to-node=\"21,3,0\" data-index-in-node=\"0\">Le conseil de Gigi :<\/b> Attendez environ deux minutes avant d&#039;appliquer votre maquillage. <b data-path-to-node=\"21,3,0\" data-index-in-node=\"75\">Cr\u00e8me de jour Q10 50 ml<\/b> Elle p\u00e9n\u00e8tre rapidement et forme une base lisse et parfaite pour n&#039;importe quel fond de teint.<\/p>\n<\/li>\n<\/ul>\n<h2 data-path-to-node=\"22\">Pourquoi la cr\u00e8me de jour Q10 50 ml est indispensable dans le monde de voyage de Gigi<\/h2>\n<p data-path-to-node=\"23\">Si vous voyagez beaucoup, votre peau n&#039;a pas le temps de conna\u00eetre des p\u00e9riodes de fragilit\u00e9. <b data-path-to-node=\"23\" data-index-in-node=\"79\">Cr\u00e8me de jour Q10 50 ml<\/b> Vous prot\u00e8ge des variations des conditions environnementales pendant vos voyages. Que ce soit l&#039;air sec de l&#039;avion ou le fort soleil de votre destination de vacances, avec le <b data-path-to-node=\"23\" data-index-in-node=\"249\">Cr\u00e8me de jour Q10 50 ml<\/b> Avec \u00e7a dans vos bagages, vous \u00eates par\u00e9 \u00e0 toute \u00e9ventualit\u00e9. Le format pratique de 50 ml <b data-path-to-node=\"23\" data-index-in-node=\"338\">Cr\u00e8me de jour Q10 50 ml<\/b> Il est \u00e9galement parfaitement adapt\u00e9 aux voyages et se glisse facilement dans n&#039;importe quelle trousse de toilette.<\/p>\n<h2 data-path-to-node=\"24\">Questions fr\u00e9quentes concernant la cr\u00e8me de jour Q10 50 ml (FAQ)<\/h2>\n<ul data-path-to-node=\"25\">\n<li>\n<p data-path-to-node=\"25,0,0\"><b data-path-to-node=\"25,0,0\" data-index-in-node=\"0\">La cr\u00e8me de jour Q10 50ml convient-elle \u00e9galement aux peaux mixtes\u00a0?<\/b> Oui. Bien que le <b data-path-to-node=\"25,0,0\" data-index-in-node=\"72\">Cr\u00e8me de jour Q10 50 ml<\/b> Riche en s\u00e9bum, l&#039;huile de jojoba \u00e9quilibre la production de s\u00e9bum et ne laisse donc pas de r\u00e9sidu gras.<\/p>\n<\/li>\n<li>\n<p data-path-to-node=\"25,1,0\"><b data-path-to-node=\"25,1,0\" data-index-in-node=\"0\">La cr\u00e8me de jour Q10 (50 ml) est-elle efficace contre les taches pigmentaires\u00a0?<\/b> Gr\u00e2ce au complexe de vitamine C dans <b data-path-to-node=\"25,1,0\" data-index-in-node=\"83\">Cr\u00e8me de jour Q10 50 ml<\/b> La production de m\u00e9lanine est r\u00e9gul\u00e9e en douceur, ce qui peut permettre d&#039;obtenir un teint plus uniforme avec une utilisation r\u00e9guli\u00e8re.<\/p>\n<\/li>\n<li>\n<p data-path-to-node=\"25,2,0\"><b data-path-to-node=\"25,2,0\" data-index-in-node=\"0\">Puis-je \u00e9galement utiliser la cr\u00e8me de jour Q10 50ml la nuit\u00a0?<\/b> En principe, oui, mais pour une r\u00e9g\u00e9n\u00e9ration nocturne intensive, nous recommandons notre formule sp\u00e9ciale <a class=\"ng-star-inserted\" href=\"https:\/\/www.google.com\/search?q=https:\/\/gigistravelworld.de\/beauty-care\/pflege\/q10-nachtcreme-50ml\/\" target=\"_blank\" rel=\"noopener\" data-hveid=\"0\" data-ved=\"0CAAQ_4QMahgKEwi14-2AncWTAxUAAAAAHQAAAAAQrhE\">Cr\u00e8me de nuit Q10<\/a>, car elle est encore plus sp\u00e9cifiquement adapt\u00e9e \u00e0 la phase de repos.<\/p>\n<\/li>\n<\/ul>\n<h2 data-path-to-node=\"26\">Aper\u00e7u des donn\u00e9es produit\u00a0:<\/h2>\n<table data-path-to-node=\"27\">\n<thead>\n<tr>\n<td><strong>Caract\u00e9ristiques<\/strong><\/td>\n<td><strong>D\u00e9tails<\/strong><\/td>\n<\/tr>\n<\/thead>\n<tbody>\n<tr>\n<td><span data-path-to-node=\"27,1,0,0\"><b data-path-to-node=\"27,1,0,0\" data-index-in-node=\"0\">Nom du produit<\/b><\/span><\/td>\n<td><span data-path-to-node=\"27,1,1,0\"><b data-path-to-node=\"27,1,1,0\" data-index-in-node=\"0\">Cr\u00e8me de jour Q10 50 ml<\/b><\/span><\/td>\n<\/tr>\n<tr>\n<td><span data-path-to-node=\"27,2,0,0\"><b data-path-to-node=\"27,2,0,0\" data-index-in-node=\"0\">type de peau<\/b><\/span><\/td>\n<td><span data-path-to-node=\"27,2,1,0\">Peau mature et exigeante<\/span><\/td>\n<\/tr>\n<tr>\n<td><span data-path-to-node=\"27,3,0,0\"><b data-path-to-node=\"27,3,0,0\" data-index-in-node=\"0\">Ingr\u00e9dients actifs<\/b><\/span><\/td>\n<td><span data-path-to-node=\"27,3,1,0\">Coenzyme Q10, acide hyaluronique, vitamine C, beurre de karit\u00e9<\/span><\/td>\n<\/tr>\n<tr>\n<td><span data-path-to-node=\"27,4,0,0\"><b data-path-to-node=\"27,4,0,0\" data-index-in-node=\"0\">Fonction sp\u00e9ciale<\/b><\/span><\/td>\n<td><span data-path-to-node=\"27,4,1,0\">Protection anti-pollution et cellulaire<\/span><\/td>\n<\/tr>\n<tr>\n<td><span data-path-to-node=\"27,5,0,0\"><b data-path-to-node=\"27,5,0,0\" data-index-in-node=\"0\">Contenu<\/b><\/span><\/td>\n<td><span data-path-to-node=\"27,5,1,0\">Pot de 50 ml<\/span><\/td>\n<\/tr>\n<tr>\n<td><span data-path-to-node=\"27,6,0,0\"><b data-path-to-node=\"27,6,0,0\" data-index-in-node=\"0\">Prix<\/b><\/span><\/td>\n<td><span data-path-to-node=\"27,6,1,0\">33,50 \u20ac<\/span><\/td>\n<\/tr>\n<\/tbody>\n<\/table>","protected":false},"excerpt":{"rendered":"<p data-path-to-node=\"4\"><b data-path-to-node=\"4\" data-index-in-node=\"0\">Le coup de pouce \u00e9nerg\u00e9tique ultime pour votre peau : Cr\u00e8me de jour Q10 50 ml.<\/b><\/p>\n<p data-path-to-node=\"5\">Offrez \u00e0 votre peau l&#039;attention qu&#039;elle m\u00e9rite ! <b data-path-to-node=\"5\" data-index-in-node=\"62\">Cr\u00e8me de jour Q10 50 ml<\/b> Ce soin hydratant hautement efficace est sp\u00e9cialement con\u00e7u pour les peaux matures et exigeantes. L&#039;association de coenzyme Q10 (ubiquinone) et d&#039;acide hyaluronique hydrate intens\u00e9ment et revitalise les cellules. Un complexe de vitamine C puissant prot\u00e8ge votre visage des agressions ext\u00e9rieures et des radicaux libres. D\u00e9couvrez comment des huiles pr\u00e9cieuses comme l&#039;huile de noyau de p\u00eache et l&#039;huile de jojoba lissent votre peau et lui redonnent son \u00e9lasticit\u00e9, pour un teint \u00e9clatant au r\u00e9veil.<\/p>\n<ul data-path-to-node=\"6\">\n<li>\n<p data-path-to-node=\"6,0,0\">\u2705 <b data-path-to-node=\"6,0,0\" data-index-in-node=\"2\">Pouvoir anti-\u00e2ge :<\/b> Combat activement les rides et ridules gr\u00e2ce au Q10.<\/p>\n<\/li>\n<li>\n<p data-path-to-node=\"6,1,0\">\u2705 <b data-path-to-node=\"6,1,0\" data-index-in-node=\"2\">Humidit\u00e9 intense :<\/b> L&#039;acide hyaluronique repulpe la peau de l&#039;int\u00e9rieur.<\/p>\n<\/li>\n<li>\n<p data-path-to-node=\"6,2,0\">\u2705 <b data-path-to-node=\"6,2,0\" data-index-in-node=\"2\">Charognard radical :<\/b> La vitamine C et la vitamine E prot\u00e8gent contre les dommages environnementaux.<\/p>\n<\/li>\n<li>\n<p data-path-to-node=\"6,3,0\">\u2705 <b data-path-to-node=\"6,3,0\" data-index-in-node=\"2\">Soins attentifs :<\/b> Au beurre de karit\u00e9, \u00e0 l&#039;huile de jojoba et \u00e0 l&#039;huile de noix du Br\u00e9sil.<\/p>\n<\/li>\n<li>\n<p data-path-to-node=\"6,4,0\">\u2705 <b data-path-to-node=\"6,4,0\" data-index-in-node=\"2\">Douceur apaisante :<\/b> Le panth\u00e9nol, l&#039;allanto\u00efne et le bisabolol apaisent les irritations.<\/p>\n<\/li>\n<li>\n<p data-path-to-node=\"6,5,0\">\u2705 <b data-path-to-node=\"6,5,0\" data-index-in-node=\"2\">Prix : 33,50 \u20ac<\/b><\/p>\n<\/li>\n<\/ul>","protected":false},"featured_media":363,"template":"","meta":{"_et_pb_use_builder":"","_et_pb_old_content":"","_et_gb_content_width":""},"product_brand":[63],"product_cat":[60,208,74,61,108,98],"product_tag":[],"class_list":{"0":"post-3205","1":"product","2":"type-product","3":"status-publish","4":"has-post-thumbnail","6":"product_brand-vegas-cosmetics-gmbh","7":"product_cat-hautpflege","8":"product_cat-beauty-care","9":"product_cat-gesichtspflege","10":"product_cat-pflegeserien","11":"product_cat-q10","12":"product_cat-tagespflege","14":"first","15":"instock","16":"shipping-taxable","17":"product-type-external"},"_links":{"self":[{"href":"https:\/\/gigistravelworld.de\/fr\/wp-json\/wp\/v2\/product\/3205","targetHints":{"allow":["GET"]}}],"collection":[{"href":"https:\/\/gigistravelworld.de\/fr\/wp-json\/wp\/v2\/product"}],"about":[{"href":"https:\/\/gigistravelworld.de\/fr\/wp-json\/wp\/v2\/types\/product"}],"wp:featuredmedia":[{"embeddable":true,"href":"https:\/\/gigistravelworld.de\/fr\/wp-json\/wp\/v2\/media\/363"}],"wp:attachment":[{"href":"https:\/\/gigistravelworld.de\/fr\/wp-json\/wp\/v2\/media?parent=3205"}],"wp:term":[{"taxonomy":"product_brand","embeddable":true,"href":"https:\/\/gigistravelworld.de\/fr\/wp-json\/wp\/v2\/product_brand?post=3205"},{"taxonomy":"product_cat","embeddable":true,"href":"https:\/\/gigistravelworld.de\/fr\/wp-json\/wp\/v2\/product_cat?post=3205"},{"taxonomy":"product_tag","embeddable":true,"href":"https:\/\/gigistravelworld.de\/fr\/wp-json\/wp\/v2\/product_tag?post=3205"}],"curies":[{"name":"wp","href":"https:\/\/api.w.org\/{rel}","templated":true}]}}