{"id":3201,"date":"2025-08-23T20:54:37","date_gmt":"2025-08-23T18:54:37","guid":{"rendered":"https:\/\/gigistravelworld.de\/?post_type=product&#038;p=3201"},"modified":"2026-03-07T19:01:30","modified_gmt":"2026-03-07T18:01:30","slug":"aloe-vera-zahncreme","status":"publish","type":"product","link":"https:\/\/gigistravelworld.de\/fr\/aloe-vera-zahncreme\/","title":{"rendered":"Dentifrice \u00e0 l&#039;aloe vera\u00a0: Protection contre les caries et les maladies des gencives | GTW"},"content":{"rendered":"<p data-path-to-node=\"10\"><b data-path-to-node=\"10\" data-index-in-node=\"0\">Un sourire radieux \u2013 o\u00f9 que vous soyez.<\/b> \u201e Un sourire sain est le plus bel atout que l&#039;on puisse porter. Mais surtout si vous \u00eates souvent en d\u00e9placement, si vous buvez du caf\u00e9 ou si votre hygi\u00e8ne bucco-dentaire est n\u00e9glig\u00e9e \u00e0 cause du stress, vous avez besoin d&#039;un alli\u00e9 solide. \u00bb.<\/p>\n<p data-path-to-node=\"11\">Le <b data-path-to-node=\"11\" data-index-in-node=\"4\">Dentifrice \u00e0 l&#039;aloe vera<\/b> Pour moi, c&#039;est bien plus qu&#039;un simple dentifrice. En raison de la forte proportion de <b data-path-to-node=\"11\" data-index-in-node=\"88\">50 % Aloe Vera<\/b> Il favorise la cicatrisation des petites blessures buccales et apaise les gencives. Le fluor qu&#039;il contient emp\u00eache la prolif\u00e9ration des bact\u00e9ries et pr\u00e9vient efficacement les caries et les maladies parodontales. Une sensation de fra\u00eecheur et de propret\u00e9 qui dure toute la journ\u00e9e \u2013 id\u00e9al pour votre prochain voyage\u00a0!\u201c<\/p>\n<p data-path-to-node=\"17\"><strong>Pourquoi le dentifrice \u00e0 l&#039;aloe vera prot\u00e8ge votre sourire<\/strong><\/p>\n<ul data-path-to-node=\"18\">\n<li>\n<p data-path-to-node=\"18,0,0\"><b data-path-to-node=\"18,0,0\" data-index-in-node=\"0\">50 % Aloe Vera :<\/b> Contribue activement \u00e0 la r\u00e9g\u00e9n\u00e9ration de la cavit\u00e9 buccale et des gencives.<\/p>\n<\/li>\n<li>\n<p data-path-to-node=\"18,1,0\"><b data-path-to-node=\"18,1,0\" data-index-in-node=\"0\">Protection contre les caries et les maladies parodontales\u00a0:<\/b> Une pr\u00e9vention efficace gr\u00e2ce \u00e0 une formule optimis\u00e9e.<\/p>\n<\/li>\n<li>\n<p data-path-to-node=\"18,2,0\"><b data-path-to-node=\"18,2,0\" data-index-in-node=\"0\">Antibact\u00e9rien :<\/b> Le fluorure inhibe les enzymes nocives.<\/p>\n<\/li>\n<li>\n<p data-path-to-node=\"18,3,0\"><b data-path-to-node=\"18,3,0\" data-index-in-node=\"0\">Gu\u00e9rison douce :<\/b> Id\u00e9al pour les gencives sensibles ou les inflammations mineures.<\/p>\n<\/li>\n<\/ul>\n<p data-path-to-node=\"19\"><strong>Conseils d&#039;utilisation quotidienne<\/strong><\/p>\n<p data-path-to-node=\"20\">\u201e&quot;Utilisez le <b data-path-to-node=\"20\" data-index-in-node=\"14\">Dentifrice \u00e0 l&#039;aloe vera<\/b> Au moins deux fois par jour. Brossez-vous soigneusement les dents pendant environ deux minutes afin que les substances nourrissantes de l&#039;aloe vera puissent agir pleinement dans votre bouche. Remarque\u00a0: ce produit est sp\u00e9cialement formul\u00e9 pour r\u00e9pondre aux besoins des adultes.\u201c<\/p>","protected":false},"excerpt":{"rendered":"<p>Un soin optimal pour votre sant\u00e9 bucco-dentaire\u00a0! Notre dentifrice \u00e0 l\u2019aloe vera (75\u00a0ml) associe 50\u00a0g d\u2019aloe vera \u00e0 du fluorure efficace pour pr\u00e9venir activement les caries et les maladies des gencives. Il favorise la cicatrisation des gencives, inhibe les bact\u00e9ries et assure une bouche saine. R\u00e9serv\u00e9 aux adultes \u2013 votre protection quotidienne pour un sourire \u00e9clatant de sant\u00e9, avec style.<\/p>","protected":false},"featured_media":359,"template":"","meta":{"_et_pb_use_builder":"","_et_pb_old_content":"","_et_gb_content_width":""},"product_brand":[63],"product_cat":[113,208,80,60,78,120,115,61],"product_tag":[],"class_list":{"0":"post-3201","1":"product","2":"type-product","3":"status-publish","4":"has-post-thumbnail","6":"product_brand-vegas-cosmetics-gmbh","7":"product_cat-aloe-vera","8":"product_cat-beauty-care","9":"product_cat-gigis-travel-world","10":"product_cat-hautpflege","11":"product_cat-hygiene","12":"product_cat-koerperpflege","13":"product_cat-mundhygiene","14":"product_cat-pflegeserien","16":"first","17":"instock","18":"shipping-taxable","19":"product-type-external"},"_links":{"self":[{"href":"https:\/\/gigistravelworld.de\/fr\/wp-json\/wp\/v2\/product\/3201","targetHints":{"allow":["GET"]}}],"collection":[{"href":"https:\/\/gigistravelworld.de\/fr\/wp-json\/wp\/v2\/product"}],"about":[{"href":"https:\/\/gigistravelworld.de\/fr\/wp-json\/wp\/v2\/types\/product"}],"wp:featuredmedia":[{"embeddable":true,"href":"https:\/\/gigistravelworld.de\/fr\/wp-json\/wp\/v2\/media\/359"}],"wp:attachment":[{"href":"https:\/\/gigistravelworld.de\/fr\/wp-json\/wp\/v2\/media?parent=3201"}],"wp:term":[{"taxonomy":"product_brand","embeddable":true,"href":"https:\/\/gigistravelworld.de\/fr\/wp-json\/wp\/v2\/product_brand?post=3201"},{"taxonomy":"product_cat","embeddable":true,"href":"https:\/\/gigistravelworld.de\/fr\/wp-json\/wp\/v2\/product_cat?post=3201"},{"taxonomy":"product_tag","embeddable":true,"href":"https:\/\/gigistravelworld.de\/fr\/wp-json\/wp\/v2\/product_tag?post=3201"}],"curies":[{"name":"wp","href":"https:\/\/api.w.org\/{rel}","templated":true}]}}