{"id":3200,"date":"2025-08-23T20:54:37","date_gmt":"2025-08-23T18:54:37","guid":{"rendered":"https:\/\/gigistravelworld.de\/?post_type=product&#038;p=3200"},"modified":"2026-03-07T19:01:32","modified_gmt":"2026-03-07T18:01:32","slug":"aloe-vera-deo-creme","status":"publish","type":"product","link":"https:\/\/gigistravelworld.de\/fr\/aloe-vera-deo-creme\/","title":{"rendered":"Cr\u00e8me d\u00e9odorante \u00e0 l&#039;aloe vera\u00a0: Protection et soin tout en douceur | GTW"},"content":{"rendered":"<p data-path-to-node=\"12\"><b data-path-to-node=\"12\" data-index-in-node=\"0\">Pourquoi la cr\u00e8me d\u00e9odorante \u00e0 l&#039;aloe vera est mon produit miracle au quotidien\u00a0:<\/b> \u201e Soyons honn\u00eates\u00a0: si vous voyagez beaucoup, passez beaucoup de temps en avion ou encha\u00eenez les r\u00e9unions professionnelles, vous avez besoin d\u2019un d\u00e9odorant fiable \u00e0 100\u00a0%. Or, de nombreux d\u00e9odorants classiques sont agressifs pour la peau. C\u2019est pr\u00e9cis\u00e9ment pour cela que j\u2019adore le n\u00f4tre. \u00bb <b data-path-to-node=\"12\" data-index-in-node=\"310\">Cr\u00e8me d\u00e9odorante \u00e0 l&#039;aloe vera<\/b>.<\/p>\n<p data-path-to-node=\"13\">Ce n&#039;est pas un scooter ordinaire. En raison de la proportion extr\u00eamement \u00e9lev\u00e9e de <b data-path-to-node=\"13\" data-index-in-node=\"68\">55 % Gel de feuille fra\u00eeche d&#039;aloe vera<\/b> Il prend soin des aisselles m\u00eame pendant l&#039;application. Surtout apr\u00e8s le rasage (vous vous souvenez de mon <a class=\"ng-star-inserted\" href=\"https:\/\/gigistravelworld.de\/fr\/beauty-care\/hautpflege\/aloe-vera-rasiergel\/\" target=\"_blank\" rel=\"noopener\" data-hveid=\"0\" data-ved=\"0CAAQ_4QMahgKEwiY5IjZhomTAxUAAAAAHQAAAAAQ1QM\">gel \u00e0 raser \u00e0 l&#039;aloe vera<\/a>Ici, rien ne br\u00fble. C&#039;est doux, efficace et totalement... <b data-path-to-node=\"13\" data-index-in-node=\"289\">sans parab\u00e8nes<\/b> Pour moi, c&#039;est dehors. <b data-path-to-node=\"13\" data-index-in-node=\"327\">Cr\u00e8me d\u00e9odorante<\/b> \u201c La solution id\u00e9ale pour rester fra\u00eeche toute la journ\u00e9e sans irriter la peau. \u00bb<\/p>\n<p data-path-to-node=\"14\"><b data-path-to-node=\"14\" data-index-in-node=\"0\">Vos avantages en un coup d&#039;\u0153il\u00a0:<\/b><\/p>\n<ul data-path-to-node=\"15\">\n<li>\n<p data-path-to-node=\"15,0,0\"><b data-path-to-node=\"15,0,0\" data-index-in-node=\"0\">55 % Gel de feuille fra\u00eeche d&#039;aloe vera :<\/b> Hydrate et apaise la peau sensible des aisselles.<\/p>\n<\/li>\n<li>\n<p data-path-to-node=\"15,1,0\"><b data-path-to-node=\"15,1,0\" data-index-in-node=\"0\">0 % Parab\u00e8nes\u00a0:<\/b> Des soins purs, sans produits chimiques inutiles \u2013 id\u00e9al pour les personnes allergiques et les peaux sensibles.<\/p>\n<\/li>\n<li>\n<p data-path-to-node=\"15,2,0\"><b data-path-to-node=\"15,2,0\" data-index-in-node=\"0\">Haute tol\u00e9rance :<\/b> Sp\u00e9cialement con\u00e7u pour pr\u00e9venir les irritations cutan\u00e9es.<\/p>\n<\/li>\n<li>\n<p data-path-to-node=\"15,3,0\"><b data-path-to-node=\"15,3,0\" data-index-in-node=\"0\">Applicateur pratique :<\/b> Sa texture cr\u00e9meuse est ultra-pr\u00e9cise et agr\u00e9able \u00e0 appliquer.<\/p>\n<\/li>\n<\/ul>\n<hr data-path-to-node=\"16\" \/>\n<p data-path-to-node=\"17\">\u00a0<strong>Comment utiliser la cr\u00e8me d\u00e9odorante \u00e0 l&#039;aloe vera<\/strong><\/p>\n<p data-path-to-node=\"17\">\u201eC&#039;est tr\u00e8s simple\u00a0: tournez d\u00e9licatement le distributeur jusqu&#039;\u00e0 ce qu&#039;un peu de cr\u00e8me apparaisse sur l&#039;applicateur. Appliquez ensuite uniform\u00e9ment sur la peau propre des aisselles. Laissez p\u00e9n\u00e9trer quelques instants, et vous profiterez d&#039;une sensation de douceur et de fra\u00eecheur tout au long de la journ\u00e9e. Conseil de pro\u00a0: apr\u00e8s avoir nettoy\u00e9 votre peau avec mon <a class=\"ng-star-inserted\" href=\"https:\/\/gigistravelworld.de\/fr\/gigis-travel-world\/reinigungsgel\/\" target=\"_blank\" rel=\"noopener\" data-hveid=\"0\" data-ved=\"0CAAQ_4QMahgKEwiY5IjZhomTAxUAAAAAHQAAAAAQ1gM\">Gel nettoyant \u00e0 l&#039;aloe vera<\/a> La peau est particuli\u00e8rement r\u00e9ceptive !\u201c<\/p>\n<p data-path-to-node=\"5,0\"><strong>Pourquoi la cr\u00e8me d\u00e9odorante \u00e0 l&#039;aloe vera sans parab\u00e8nes est le meilleur choix<\/strong><\/p>\n<p data-path-to-node=\"5,1\">De nombreux d\u00e9odorants classiques contiennent des ingr\u00e9dients agressifs. <b data-path-to-node=\"5,1\" data-index-in-node=\"73\">Cr\u00e8me d\u00e9odorante \u00e0 l&#039;aloe vera<\/b> \u00e9vite compl\u00e8tement <b data-path-to-node=\"5,1\" data-index-in-node=\"117\">parab\u00e8nes<\/b> et s&#039;appuie plut\u00f4t sur le pouvoir gu\u00e9risseur de la nature. <b data-path-to-node=\"5,1\" data-index-in-node=\"181\">55 % Gel de feuille fra\u00eeche d&#039;aloe vera<\/b> La peau sensible des aisselles est non seulement prot\u00e9g\u00e9e, mais aussi activement soign\u00e9e. Ceci est particuli\u00e8rement important apr\u00e8s une \u00e9pilation. <b data-path-to-node=\"5,1\" data-index-in-node=\"345\">Cr\u00e8me d\u00e9odorante<\/b> un v\u00e9ritable atout, car il pr\u00e9vient les rougeurs et renforce la barri\u00e8re cutan\u00e9e.<\/p>\n<p data-path-to-node=\"5,2\"><strong>Le d\u00e9odorant roll-on pratique \u00e0 l&#039;aloe vera, id\u00e9al \u00e0 emporter partout.<\/strong><\/p>\n<p data-path-to-node=\"5,3\">Ceux qui voyagent fr\u00e9quemment appr\u00e9cient les solutions simples. <b data-path-to-node=\"5,3\" data-index-in-node=\"56\">D\u00e9odorant roll-on \u00e0 l&#039;aloe vera<\/b> Son format compact de 40 ml en fait le compagnon id\u00e9al de votre bagage cabine. Sa texture cr\u00e9meuse p\u00e9n\u00e8tre rapidement et ne laisse aucune trace blanche sur vos v\u00eatements professionnels. Un parfum d\u00e9licat et une tol\u00e9rance cutan\u00e9e optimale en font un produit incontournable. <b data-path-to-node=\"5,3\" data-index-in-node=\"313\">Cr\u00e8me d\u00e9odorante<\/b> Un mod\u00e8le GTW incontournable au quotidien.<\/p>","protected":false},"excerpt":{"rendered":"<p>Votre alli\u00e9 doux pour une protection 24h\u00a0: la cr\u00e8me d\u00e9odorante \u00e0 l\u2019aloe vera prot\u00e8ge gr\u00e2ce \u00e0 sa formule enrichie en gel d\u2019aloe vera bio (55\u00a0g\/m\u00b2) et sans parab\u00e8nes. Sp\u00e9cialement con\u00e7ue pour les peaux tr\u00e8s sensibles, cette formule roll-on innovante offre soin et fra\u00eecheur en un seul geste \u2013 le partenaire id\u00e9al pour les longues journ\u00e9es de travail ou vos voyages d\u2019affaires.<\/p>","protected":false},"featured_media":358,"template":"","meta":{"_et_pb_use_builder":"","_et_pb_old_content":"","_et_gb_content_width":""},"product_brand":[63],"product_cat":[113,208,80,60,78,120,116,61],"product_tag":[],"class_list":{"0":"post-3200","1":"product","2":"type-product","3":"status-publish","4":"has-post-thumbnail","6":"product_brand-vegas-cosmetics-gmbh","7":"product_cat-aloe-vera","8":"product_cat-beauty-care","9":"product_cat-gigis-travel-world","10":"product_cat-hautpflege","11":"product_cat-hygiene","12":"product_cat-koerperpflege","13":"product_cat-pflege-fuer-maenner","14":"product_cat-pflegeserien","16":"first","17":"instock","18":"shipping-taxable","19":"product-type-external"},"_links":{"self":[{"href":"https:\/\/gigistravelworld.de\/fr\/wp-json\/wp\/v2\/product\/3200","targetHints":{"allow":["GET"]}}],"collection":[{"href":"https:\/\/gigistravelworld.de\/fr\/wp-json\/wp\/v2\/product"}],"about":[{"href":"https:\/\/gigistravelworld.de\/fr\/wp-json\/wp\/v2\/types\/product"}],"wp:featuredmedia":[{"embeddable":true,"href":"https:\/\/gigistravelworld.de\/fr\/wp-json\/wp\/v2\/media\/358"}],"wp:attachment":[{"href":"https:\/\/gigistravelworld.de\/fr\/wp-json\/wp\/v2\/media?parent=3200"}],"wp:term":[{"taxonomy":"product_brand","embeddable":true,"href":"https:\/\/gigistravelworld.de\/fr\/wp-json\/wp\/v2\/product_brand?post=3200"},{"taxonomy":"product_cat","embeddable":true,"href":"https:\/\/gigistravelworld.de\/fr\/wp-json\/wp\/v2\/product_cat?post=3200"},{"taxonomy":"product_tag","embeddable":true,"href":"https:\/\/gigistravelworld.de\/fr\/wp-json\/wp\/v2\/product_tag?post=3200"}],"curies":[{"name":"wp","href":"https:\/\/api.w.org\/{rel}","templated":true}]}}