{"id":3199,"date":"2025-08-23T20:54:37","date_gmt":"2025-08-23T18:54:37","guid":{"rendered":"https:\/\/gigistravelworld.de\/?post_type=product&#038;p=3199"},"modified":"2026-03-07T19:01:31","modified_gmt":"2026-03-07T18:01:31","slug":"aloe-vera-fluessigseife","status":"publish","type":"product","link":"https:\/\/gigistravelworld.de\/fr\/aloe-vera-fluessigseife\/","title":{"rendered":"Savon liquide \u00e0 l&#039;aloe vera\u00a0: Soin doux pour les mains | GTW"},"content":{"rendered":"<p data-path-to-node=\"12\"><b data-path-to-node=\"12\" data-index-in-node=\"0\">Pourquoi le savon liquide \u00e0 l&#039;aloe vera est mon moment de d\u00e9tente quotidien\u00a0:<\/b> \u201e Que ce soit apr\u00e8s un long vol, d&#039;innombrables poign\u00e9es de main en r\u00e9union ou du jardinage \u00e0 la maison, nos mains travaillent dur. Les savons classiques ont souvent tendance \u00e0 dess\u00e9cher la peau, mais\u2026 \u00bb <b data-path-to-node=\"12\" data-index-in-node=\"269\">Savon liquide \u00e0 l&#039;aloe vera<\/b> est diff\u00e9rent.<\/p>\n<p data-path-to-node=\"13\">Non seulement elle est incroyablement douce, mais elle nourrit aussi la peau pendant le lavage. Avec fiert\u00e9 <b data-path-to-node=\"13\" data-index-in-node=\"100\">50 % Gel de feuille fra\u00eeche d&#039;aloe vera<\/b> Il s&#039;agit essentiellement d&#039;un soin nettoyant et d&#039;un traitement pour les mains en un seul geste. <b data-path-to-node=\"13\" data-index-in-node=\"188\">pH neutre<\/b> est et compl\u00e8tement <b data-path-to-node=\"13\" data-index-in-node=\"216\">sans parab\u00e8nes<\/b> \u201c Si vous ne l\u2019utilisez pas, la barri\u00e8re protectrice de votre peau reste intacte. \u00bb Pour moi, ce savon est l\u2019incarnation m\u00eame de la propret\u00e9 et du bien-\u00eatre au quotidien.\u201c<\/p>\n<p data-path-to-node=\"14\"><strong>Pourquoi ce savon liquide \u00e0 l&#039;aloe vera fait toute la diff\u00e9rence<\/strong><\/p>\n<ul data-path-to-node=\"15\">\n<li>\n<p data-path-to-node=\"15,0,0\"><b data-path-to-node=\"15,0,0\" data-index-in-node=\"0\">50 % Gel de feuille fra\u00eeche d&#039;aloe vera :<\/b> Assure une hydratation maximale et emp\u00eache le dess\u00e8chement.<\/p>\n<\/li>\n<li>\n<p data-path-to-node=\"15,1,0\"><b data-path-to-node=\"15,1,0\" data-index-in-node=\"0\">Protection contre les ger\u00e7ures aux mains :<\/b> Les substances de haute qualit\u00e9 assurent un soin durable de la peau, m\u00eame en cas de lavages fr\u00e9quents.<\/p>\n<\/li>\n<li>\n<p data-path-to-node=\"15,2,0\"><b data-path-to-node=\"15,2,0\" data-index-in-node=\"0\">0 % sans parab\u00e8nes et pH neutre\u00a0:<\/b> Doux pour la barri\u00e8re cutan\u00e9e, id\u00e9al pour toute la famille et les peaux sensibles.<\/p>\n<\/li>\n<li>\n<p data-path-to-node=\"15,3,0\"><b data-path-to-node=\"15,3,0\" data-index-in-node=\"0\">Approvisionnement de 500 ml :<\/b> Haute performance et id\u00e9ale pour votre salle de bain ou vos toilettes d&#039;invit\u00e9s, design GTW.<\/p>\n<\/li>\n<\/ul>\n<p data-path-to-node=\"16\"><strong>Comment utiliser correctement le savon liquide \u00e0 l&#039;aloe vera<\/strong><\/p>\n<p data-path-to-node=\"17\">\u201e&quot;Donnez une petite quantit\u00e9 de <b data-path-to-node=\"17\" data-index-in-node=\"27\">Savon liquide \u00e0 l&#039;aloe vera<\/b> Appliquez sur les mains humides et massez d\u00e9licatement jusqu&#039;\u00e0 l&#039;obtention d&#039;une mousse onctueuse. Insistez sur les espaces entre les doigts. Rincez ensuite \u00e0 l&#039;eau ti\u00e8de. Vos mains seront non seulement propres, mais aussi agr\u00e9ablement hydrat\u00e9es\u00a0!\u201c<\/p>\n<p data-path-to-node=\"17\">Apr\u00e8s le lavage, je recommande mon <a class=\"ng-star-inserted\" href=\"https:\/\/gigistravelworld.de\/fr\/beauty-care\/hautpflege\/pflegeserien\/aloe-vera\/aloe-vera-handcreme-100ml\/\" target=\"_blank\" rel=\"noopener\" data-hveid=\"0\" data-ved=\"0CAAQ_4QMahgKEwiY5IjZhomTAxUAAAAAHQAAAAAQuwQ\">Cr\u00e8me pour les mains \u00e0 l&#039;aloe vera<\/a>, pour parfaire parfaitement la protection de vos mains.<\/p>","protected":false},"excerpt":{"rendered":"<p>Un luxe pour vos mains\u00a0: ce savon liquide \u00e0 l\u2019aloe vera allie un nettoyage efficace \u00e0 un soin intensif. Gr\u00e2ce \u00e0 sa formule enrichie \u00e0 50\u00a0% en gel de feuille fra\u00eeche d\u2019aloe vera, il pr\u00e9vient les ger\u00e7ures et pr\u00e9serve l\u2019hydratation naturelle de la peau. Sans parab\u00e8nes et au pH neutre, c\u2019est le savon id\u00e9al pour les personnes exigeantes qui adoptent le style de vie GTW.<\/p>","protected":false},"featured_media":357,"template":"","meta":{"_et_pb_use_builder":"","_et_pb_old_content":"","_et_gb_content_width":""},"product_brand":[63],"product_cat":[113,208,80,86,60,78,64,120,61],"product_tag":[],"class_list":{"0":"post-3199","1":"product","2":"type-product","3":"status-publish","4":"has-post-thumbnail","6":"product_brand-vegas-cosmetics-gmbh","7":"product_cat-aloe-vera","8":"product_cat-beauty-care","9":"product_cat-gigis-travel-world","10":"product_cat-handpflege","11":"product_cat-hautpflege","12":"product_cat-hygiene","13":"product_cat-koerper-haarpflege","14":"product_cat-koerperpflege","15":"product_cat-pflegeserien","17":"first","18":"instock","19":"shipping-taxable","20":"product-type-external"},"_links":{"self":[{"href":"https:\/\/gigistravelworld.de\/fr\/wp-json\/wp\/v2\/product\/3199","targetHints":{"allow":["GET"]}}],"collection":[{"href":"https:\/\/gigistravelworld.de\/fr\/wp-json\/wp\/v2\/product"}],"about":[{"href":"https:\/\/gigistravelworld.de\/fr\/wp-json\/wp\/v2\/types\/product"}],"wp:featuredmedia":[{"embeddable":true,"href":"https:\/\/gigistravelworld.de\/fr\/wp-json\/wp\/v2\/media\/357"}],"wp:attachment":[{"href":"https:\/\/gigistravelworld.de\/fr\/wp-json\/wp\/v2\/media?parent=3199"}],"wp:term":[{"taxonomy":"product_brand","embeddable":true,"href":"https:\/\/gigistravelworld.de\/fr\/wp-json\/wp\/v2\/product_brand?post=3199"},{"taxonomy":"product_cat","embeddable":true,"href":"https:\/\/gigistravelworld.de\/fr\/wp-json\/wp\/v2\/product_cat?post=3199"},{"taxonomy":"product_tag","embeddable":true,"href":"https:\/\/gigistravelworld.de\/fr\/wp-json\/wp\/v2\/product_tag?post=3199"}],"curies":[{"name":"wp","href":"https:\/\/api.w.org\/{rel}","templated":true}]}}