{"id":3196,"date":"2025-08-23T20:54:37","date_gmt":"2025-08-23T18:54:37","guid":{"rendered":"https:\/\/gigistravelworld.de\/?post_type=product&#038;p=3196"},"modified":"2026-03-29T20:47:25","modified_gmt":"2026-03-29T18:47:25","slug":"aloe-vera-bodylotion-200ml-bio-pflege","status":"publish","type":"product","link":"https:\/\/gigistravelworld.de\/fr\/aloe-vera-bodylotion-200ml-bio-pflege\/","title":{"rendered":"Lait corporel \u00e0 l&#039;aloe vera 200 ml | 85% Aloe vera bio et huile de macadamia"},"content":{"rendered":"<h1 data-path-to-node=\"10\">Lait corporel \u00e0 l&#039;aloe vera 200 ml : Le soin hydratant ultime pour un corps velout\u00e9<\/h1>\n<p data-path-to-node=\"11\">Dans mon <a class=\"ng-star-inserted\" href=\"https:\/\/www.google.com\/search?q=https:\/\/gigistravelworld.de\/ueber-mich\/\" target=\"_blank\" rel=\"noopener\" data-hveid=\"0\" data-ved=\"0CAAQ_4QMahgKEwi14-2AncWTAxUAAAAAHQAAAAAQ2xA\">Style de vie professionnel<\/a> \u00e0 <b data-path-to-node=\"11\" data-index-in-node=\"33\">Gigis Travel World<\/b> Je sais : une bonne cr\u00e8me hydratante pour le corps, c&#039;est comme une robe de soie invisible. Rien n&#039;est plus d\u00e9sagr\u00e9able qu&#039;une peau s\u00e8che et tiraill\u00e9e sous les v\u00eatements ou apr\u00e8s un long vol. <b data-path-to-node=\"11\" data-index-in-node=\"232\">Lotion corporelle \u00e0 l&#039;aloe vera 200 ml<\/b> Vegas Cosmetics est mon petit moment de luxe quotidien dans la salle de bain. <b data-path-to-node=\"11\" data-index-in-node=\"330\">22,00 \u20ac<\/b> Ici, vous n&#039;investissez pas dans de l&#039;eau et des agents de remplissage, mais dans de v\u00e9ritables cosm\u00e9tiques \u00e0 base d&#039;ingr\u00e9dients actifs. <b data-path-to-node=\"11\" data-index-in-node=\"430\">Lotion corporelle \u00e0 l&#039;aloe vera 200 ml<\/b> C&#039;est le secret d&#039;une peau qu&#039;on a juste envie de toucher.<\/p>\n<h2 data-path-to-node=\"12\">Pourquoi l&#039;aloe vera 85 % contenu dans la lotion corporelle \u00e0 l&#039;aloe vera de 200 ml change tout<\/h2>\n<p data-path-to-node=\"13\">Jetez un \u0153il \u00e0 la liste des ingr\u00e9dients des lotions classiques\u00a0: \u201e\u00a0Aqua\u00a0\u201c figure g\u00e9n\u00e9ralement en premier. Avec les n\u00f4tres\u2026 <b data-path-to-node=\"13\" data-index-in-node=\"107\">Lotion corporelle \u00e0 l&#039;aloe vera 200 ml<\/b> C&#039;est diff\u00e9rent. <b data-path-to-node=\"13\" data-index-in-node=\"154\">85 % Gel d&#039;aloe vera bio \u00e0 base de feuilles fra\u00eeches<\/b> Ingr\u00e9dient principal, il hydrate directement la peau. L&#039;aloe vera agit comme une r\u00e9serve d&#039;eau naturelle. <b data-path-to-node=\"13\" data-index-in-node=\"312\">Lotion corporelle \u00e0 l&#039;aloe vera 200 ml<\/b> Cette concentration garantit que votre peau n&#039;est pas seulement \u201e huil\u00e9e \u201c en surface, mais que ses r\u00e9serves d&#039;hydratation sont durablement reconstitu\u00e9es. Cela rend le <b data-path-to-node=\"13\" data-index-in-node=\"508\">Lotion corporelle \u00e0 l&#039;aloe vera 200 ml<\/b> Un v\u00e9ritable atout pour les peaux s\u00e8ches et exigeantes.<\/p>\n<h2 data-path-to-node=\"14\">Un trio d&#039;huiles de qualit\u00e9 sup\u00e9rieure : macadamia, amande et soja.<\/h2>\n<p data-path-to-node=\"15\">Quoi le <b data-path-to-node=\"15\" data-index-in-node=\"8\">Lotion corporelle \u00e0 l&#039;aloe vera 200 ml<\/b> Ce qui lui conf\u00e8re sa souplesse, c&#039;est la combinaison de trois huiles v\u00e9g\u00e9tales de haute qualit\u00e9\u00a0:<\/p>\n<ol start=\"1\" data-path-to-node=\"16\">\n<li>\n<p data-path-to-node=\"16,0,0\"><b data-path-to-node=\"16,0,0\" data-index-in-node=\"0\">Huile de noix de macadamia (huile de graines de Macadamia ternifolia) :<\/b> Cette huile dans <b data-path-to-node=\"16,0,0\" data-index-in-node=\"66\">Lotion corporelle \u00e0 l&#039;aloe vera 200 ml<\/b> Sa texture est tr\u00e8s similaire \u00e0 celle du s\u00e9bum humain. Elle p\u00e9n\u00e8tre extr\u00eamement bien et renforce la barri\u00e8re cutan\u00e9e sans laisser de sensation de lourdeur.<\/p>\n<\/li>\n<li>\n<p data-path-to-node=\"16,1,0\"><b data-path-to-node=\"16,1,0\" data-index-in-node=\"0\">Huile d&#039;amande douce :<\/b> Un classique pour les peaux sensibles. <b data-path-to-node=\"16,1,0\" data-index-in-node=\"56\">Lotion corporelle \u00e0 l&#039;aloe vera 200 ml<\/b> Elle reconstitue les huiles naturelles de la peau et rend les zones rugueuses douces et lisses.<\/p>\n<\/li>\n<li>\n<p data-path-to-node=\"16,2,0\"><b data-path-to-node=\"16,2,0\" data-index-in-node=\"0\">Huile de soja :<\/b> Elle favorise la r\u00e9g\u00e9n\u00e9ration et donne <b data-path-to-node=\"16,2,0\" data-index-in-node=\"63\">Lotion corporelle \u00e0 l&#039;aloe vera 200 ml<\/b> sa texture nourrissante.<\/p>\n<\/li>\n<\/ol>\n<h2 data-path-to-node=\"17\">Le complexe apaisant\u00a0: panth\u00e9nol, bisabolol et allanto\u00efne<\/h2>\n<p data-path-to-node=\"18\">Notamment apr\u00e8s le rasage ou une exposition au soleil, la peau est souvent l\u00e9g\u00e8rement irrit\u00e9e. <b data-path-to-node=\"18\" data-index-in-node=\"83\">Lotion corporelle \u00e0 l&#039;aloe vera 200 ml<\/b> Contient un trio tr\u00e8s efficace pour apaiser :<\/p>\n<ul data-path-to-node=\"19\">\n<li>\n<p data-path-to-node=\"19,0,0\"><b data-path-to-node=\"19,0,0\" data-index-in-node=\"0\">Panth\u00e9nol :<\/b> Favorise le renouvellement cellulaire et retient l&#039;hydratation dans la peau <b data-path-to-node=\"19,0,0\" data-index-in-node=\"69\">Lotion corporelle \u00e0 l&#039;aloe vera 200 ml<\/b>.<\/p>\n<\/li>\n<li>\n<p data-path-to-node=\"19,1,0\"><b data-path-to-node=\"19,1,0\" data-index-in-node=\"0\">Bisabolol :<\/b> Le principe actif de la camomille apaise les rougeurs. <b data-path-to-node=\"19,1,0\" data-index-in-node=\"65\">Lotion corporelle \u00e0 l&#039;aloe vera 200 ml<\/b> imm\u00e9diatement.<\/p>\n<\/li>\n<li>\n<p data-path-to-node=\"19,2,0\"><b data-path-to-node=\"19,2,0\" data-index-in-node=\"0\">Allanto\u00efne :<\/b> La peau, en combinaison avec le <b data-path-to-node=\"19,2,0\" data-index-in-node=\"49\">Lotion corporelle \u00e0 l&#039;aloe vera 200 ml<\/b> Lisse et souple.<\/p>\n<\/li>\n<\/ul>\n<h2 data-path-to-node=\"20\">Conseils d&#039;application pour un soin optimal avec la lotion corporelle \u00e0 l&#039;aloe vera 200 ml<\/h2>\n<p data-path-to-node=\"21\">Pour tirer le meilleur parti de votre <b data-path-to-node=\"21\" data-index-in-node=\"24\">Lotion corporelle \u00e0 l&#039;aloe vera 200 ml<\/b> Pour en tirer le meilleur parti, je recommande cette routine\u00a0:<\/p>\n<ul data-path-to-node=\"22\">\n<li>\n<p data-path-to-node=\"22,0,0\"><b data-path-to-node=\"22,0,0\" data-index-in-node=\"0\">Le moment parfait :<\/b> Portez le <b data-path-to-node=\"22,0,0\" data-index-in-node=\"31\">Lotion corporelle \u00e0 l&#039;aloe vera 200 ml<\/b> Id\u00e9alement, appliquez directement apr\u00e8s la douche ou le bain sur une peau l\u00e9g\u00e8rement chaude et humide. Les pores sont alors bien ouverts et peuvent absorber le produit. <b data-path-to-node=\"22,0,0\" data-index-in-node=\"197\">Lotion corporelle \u00e0 l&#039;aloe vera 200 ml<\/b> particuli\u00e8rement bien accueilli.<\/p>\n<\/li>\n<li>\n<p data-path-to-node=\"22,1,0\"><b data-path-to-node=\"22,1,0\" data-index-in-node=\"0\">Le massage :<\/b> Prenez un moment et massez le <b data-path-to-node=\"22,1,0\" data-index-in-node=\"57\">Lotion corporelle \u00e0 l&#039;aloe vera 200 ml<\/b> Appliquer par mouvements circulaires. Cela stimule la circulation sanguine et renforce l&#039;effet raffermissant.<\/p>\n<\/li>\n<li>\n<p data-path-to-node=\"22,2,0\"><b data-path-to-node=\"22,2,0\" data-index-in-node=\"0\">Conseil combin\u00e9\u00a0:<\/b> Si votre peau est extr\u00eamement s\u00e8che, vaporisez le produit au pr\u00e9alable. <a class=\"ng-star-inserted\" href=\"https:\/\/www.google.com\/search?q=https:\/\/gigistravelworld.de\/beauty-care\/pflege\/aloe-vera-intense-spray-500ml\/\" target=\"_blank\" rel=\"noopener\" data-hveid=\"0\" data-ved=\"0CAAQ_4QMahgKEwi14-2AncWTAxUAAAAAHQAAAAAQ3BA\">Spray intense \u00e0 l&#039;aloe vera 500 ml<\/a> puis appliquer le <b data-path-to-node=\"22,2,0\" data-index-in-node=\"128\">Lotion corporelle \u00e0 l&#039;aloe vera 200 ml<\/b> C&#039;est comme un double turbo d&#039;humidit\u00e9 !<\/p>\n<\/li>\n<\/ul>\n<h2 data-path-to-node=\"23\">Pourquoi la lotion corporelle \u00e0 l&#039;aloe vera 200 ml est votre fid\u00e8le alli\u00e9e en voyage<\/h2>\n<p data-path-to-node=\"24\">Dans le <b data-path-to-node=\"24\" data-index-in-node=\"7\">Gigis Travel World<\/b> Nous voyageons souvent dans des zones climatiques qui mettent notre peau \u00e0 rude \u00e9preuve. Qu&#039;il s&#039;agisse de l&#039;air sec du d\u00e9sert ou des brises marines sal\u00e9es, <b data-path-to-node=\"24\" data-index-in-node=\"150\">Lotion corporelle \u00e0 l&#039;aloe vera 200 ml<\/b> Prot\u00e8ge votre peau du dess\u00e8chement. Son tube de 200 ml est id\u00e9al pour votre valise et contient suffisamment de produit pour plusieurs semaines de soins intensifs. <b data-path-to-node=\"24\" data-index-in-node=\"343\">Gigis Travel World<\/b> stands <b data-path-to-node=\"24\" data-index-in-node=\"372\">Lotion corporelle \u00e0 l&#039;aloe vera 200 ml<\/b> pour le sentiment d&#039;\u00eatre parfaitement pris en charge, m\u00eame \u00e0 distance.<\/p>\n<h2 data-path-to-node=\"25\">Questions fr\u00e9quentes concernant la lotion corporelle \u00e0 l&#039;aloe vera 200 ml (FAQ)<\/h2>\n<ul data-path-to-node=\"26\">\n<li>\n<p data-path-to-node=\"26,0,0\"><b data-path-to-node=\"26,0,0\" data-index-in-node=\"0\">La lotion corporelle \u00e0 l&#039;aloe vera 200 ml p\u00e9n\u00e8tre-t-elle rapidement\u00a0?<\/b> Oui ! Gr\u00e2ce \u00e0 l&#039;isohexad\u00e9cane et \u00e0 la structure d&#039;huile l\u00e9g\u00e8re dans le <b data-path-to-node=\"26,0,0\" data-index-in-node=\"109\">Lotion corporelle \u00e0 l&#039;aloe vera 200 ml<\/b> Vous pouvez vous habiller peu de temps apr\u00e8s avoir appliqu\u00e9 la cr\u00e8me sans que vos v\u00eatements ne soient collants.<\/p>\n<\/li>\n<li>\n<p data-path-to-node=\"26,1,0\"><b data-path-to-node=\"26,1,0\" data-index-in-node=\"0\">La lotion corporelle \u00e0 l&#039;aloe vera 200 ml convient-elle aux personnes allergiques\u00a0?<\/b> Puisque nous sommes dans le <b data-path-to-node=\"26,1,0\" data-index-in-node=\"74\">Lotion corporelle \u00e0 l&#039;aloe vera 200 ml<\/b> Sans parab\u00e8nes et enrichi en bisabolol apaisant, il est tr\u00e8s bien tol\u00e9r\u00e9. Comme toujours\u00a0: si vous avez la peau tr\u00e8s sensible, testez-le d\u2019abord sur une petite zone.<\/p>\n<\/li>\n<li>\n<p data-path-to-node=\"26,2,0\"><b data-path-to-node=\"26,2,0\" data-index-in-node=\"0\">Puis-je \u00e9galement utiliser la lotion corporelle \u00e0 l&#039;aloe vera 200 ml sur mon visage ?<\/b> Th\u00e9oriquement oui, mais pour le visage, je recommande nos cr\u00e8mes sp\u00e9ciales \u00e0 l&#039;aloe vera. <a class=\"ng-star-inserted\" href=\"https:\/\/www.google.com\/search?q=https:\/\/gigistravelworld.de\/beauty-care\/pflege\/aloe-vera-vorteilsset\/\" target=\"_blank\" rel=\"noopener\" data-hveid=\"0\" data-ved=\"0CAAQ_4QMahgKEwi14-2AncWTAxUAAAAAHQAAAAAQ3RA\">Ensemble de valeurs<\/a>, car elles sont encore plus finement adapt\u00e9es \u00e0 la peau du visage.<\/p>\n<\/li>\n<\/ul>\n<h2 data-path-to-node=\"27\">Aper\u00e7u des donn\u00e9es produit\u00a0:<\/h2>\n<table data-path-to-node=\"28\">\n<thead>\n<tr>\n<td><strong>Caract\u00e9ristiques<\/strong><\/td>\n<td><strong>D\u00e9tails<\/strong><\/td>\n<\/tr>\n<\/thead>\n<tbody>\n<tr>\n<td><span data-path-to-node=\"28,1,0,0\"><b data-path-to-node=\"28,1,0,0\" data-index-in-node=\"0\">Nom du produit<\/b><\/span><\/td>\n<td><span data-path-to-node=\"28,1,1,0\"><b data-path-to-node=\"28,1,1,0\" data-index-in-node=\"0\">Lotion corporelle \u00e0 l&#039;aloe vera 200 ml<\/b><\/span><\/td>\n<\/tr>\n<tr>\n<td><span data-path-to-node=\"28,2,0,0\"><b data-path-to-node=\"28,2,0,0\" data-index-in-node=\"0\">Teneur en aloe vera<\/b><\/span><\/td>\n<td><span data-path-to-node=\"28,2,1,0\">85 % (Gel de feuilles Bio-Fresh)<\/span><\/td>\n<\/tr>\n<tr>\n<td><span data-path-to-node=\"28,3,0,0\"><b data-path-to-node=\"28,3,0,0\" data-index-in-node=\"0\">Contenu<\/b><\/span><\/td>\n<td><span data-path-to-node=\"28,3,1,0\">tube de 200 ml<\/span><\/td>\n<\/tr>\n<tr>\n<td><span data-path-to-node=\"28,4,0,0\"><b data-path-to-node=\"28,4,0,0\" data-index-in-node=\"0\">Huiles principales<\/b><\/span><\/td>\n<td><span data-path-to-node=\"28,4,1,0\">noix de macadamia, amande, soja<\/span><\/td>\n<\/tr>\n<tr>\n<td><span data-path-to-node=\"28,5,0,0\"><b data-path-to-node=\"28,5,0,0\" data-index-in-node=\"0\">Ingr\u00e9dients actifs<\/b><\/span><\/td>\n<td><span data-path-to-node=\"28,5,1,0\">panth\u00e9nol, bisabolol, allanto\u00efne<\/span><\/td>\n<\/tr>\n<tr>\n<td><span data-path-to-node=\"28,6,0,0\"><b data-path-to-node=\"28,6,0,0\" data-index-in-node=\"0\">Fonction sp\u00e9ciale<\/b><\/span><\/td>\n<td><span data-path-to-node=\"28,6,1,0\">0 % Sans parab\u00e8nes, tr\u00e8s forte teneur en aloe vera<\/span><\/td>\n<\/tr>\n<tr>\n<td><span data-path-to-node=\"28,7,0,0\"><b data-path-to-node=\"28,7,0,0\" data-index-in-node=\"0\">Prix<\/b><\/span><\/td>\n<td><span data-path-to-node=\"28,7,1,0\">22,00 \u20ac<\/span><\/td>\n<\/tr>\n<\/tbody>\n<\/table>","protected":false},"excerpt":{"rendered":"<p data-path-to-node=\"5\"><b data-path-to-node=\"5\" data-index-in-node=\"0\">Soin bien-\u00eatre de luxe pour votre peau : Lait corporel \u00e0 l&#039;aloe vera 200 ml.<\/b><\/p>\n<p data-path-to-node=\"6\">Chouchoutez votre corps avec le pouvoir pur de la nature ! <b data-path-to-node=\"6\" data-index-in-node=\"58\">Lotion corporelle \u00e0 l&#039;aloe vera 200 ml<\/b> est une lotion pour le corps intens\u00e9ment nourrissante qui \u00e9tablit de nouvelles normes. Avec une proportion exceptionnellement \u00e9lev\u00e9e de <b data-path-to-node=\"6\" data-index-in-node=\"195\">85 % Gel d&#039;aloe vera bio \u00e0 base de feuilles fra\u00eeches<\/b> Elle hydrate intens\u00e9ment, tandis que des huiles de haute qualit\u00e9 comme l&#039;huile de macadamia et l&#039;huile d&#039;amande douce laissent la peau soyeuse et souple. Sa texture l\u00e9g\u00e8re p\u00e9n\u00e8tre rapidement sans laisser de film gras, pour une peau merveilleusement douce. Apr\u00e8s la douche, une exposition au soleil ou tout simplement \u00e0 tout moment, offrez \u00e0 votre peau ce soin quotidien qui lui redonne vitalit\u00e9 et \u00e9clat.<\/p>\n<ul data-path-to-node=\"7\">\n<li>\n<p data-path-to-node=\"7,0,0\">\u2705 <b data-path-to-node=\"7,0,0\" data-index-in-node=\"2\">G\u00e9ant pharmaceutique :<\/b> Gel de feuille fra\u00eeche d&#039;aloe vera Sensational 85 % (biologique).<\/p>\n<\/li>\n<li>\n<p data-path-to-node=\"7,1,0\">\u2705 <b data-path-to-node=\"7,1,0\" data-index-in-node=\"2\">Combinaison d&#039;huiles exquise :<\/b> \u00c0 base de noix de macadamia et d&#039;huile d&#039;amande douce.<\/p>\n<\/li>\n<li>\n<p data-path-to-node=\"7,2,0\">\u2705 <b data-path-to-node=\"7,2,0\" data-index-in-node=\"2\">Apaisant pour la peau :<\/b> Contient du panth\u00e9nol, du bisabolol et de l&#039;allanto\u00efne.<\/p>\n<\/li>\n<li>\n<p data-path-to-node=\"7,3,0\">\u2705 <b data-path-to-node=\"7,3,0\" data-index-in-node=\"2\">Finition velours :<\/b> Elle procure une sensation soyeuse sur la peau et p\u00e9n\u00e8tre instantan\u00e9ment.<\/p>\n<\/li>\n<li>\n<p data-path-to-node=\"7,4,0\">\u2705 <b data-path-to-node=\"7,4,0\" data-index-in-node=\"2\">Beaut\u00e9 propre :<\/b> 0 % Parab\u00e8nes \u2013 un soin pur sans compromis.<\/p>\n<\/li>\n<li>\n<p data-path-to-node=\"7,5,0\">\u2705 <b data-path-to-node=\"7,5,0\" data-index-in-node=\"2\">Prix : 22,00 \u20ac<\/b><\/p>\n<\/li>\n<\/ul>","protected":false},"featured_media":338,"template":"","meta":{"_et_pb_use_builder":"","_et_pb_old_content":"","_et_gb_content_width":""},"product_brand":[63],"product_cat":[113,208,77,60,64,61],"product_tag":[],"class_list":{"0":"post-3196","1":"product","2":"type-product","3":"status-publish","4":"has-post-thumbnail","6":"product_brand-vegas-cosmetics-gmbh","7":"product_cat-aloe-vera","8":"product_cat-beauty-care","9":"product_cat-feuchtigkeitscremes","10":"product_cat-hautpflege","11":"product_cat-koerper-haarpflege","12":"product_cat-pflegeserien","14":"first","15":"instock","16":"shipping-taxable","17":"product-type-external"},"_links":{"self":[{"href":"https:\/\/gigistravelworld.de\/fr\/wp-json\/wp\/v2\/product\/3196","targetHints":{"allow":["GET"]}}],"collection":[{"href":"https:\/\/gigistravelworld.de\/fr\/wp-json\/wp\/v2\/product"}],"about":[{"href":"https:\/\/gigistravelworld.de\/fr\/wp-json\/wp\/v2\/types\/product"}],"wp:featuredmedia":[{"embeddable":true,"href":"https:\/\/gigistravelworld.de\/fr\/wp-json\/wp\/v2\/media\/338"}],"wp:attachment":[{"href":"https:\/\/gigistravelworld.de\/fr\/wp-json\/wp\/v2\/media?parent=3196"}],"wp:term":[{"taxonomy":"product_brand","embeddable":true,"href":"https:\/\/gigistravelworld.de\/fr\/wp-json\/wp\/v2\/product_brand?post=3196"},{"taxonomy":"product_cat","embeddable":true,"href":"https:\/\/gigistravelworld.de\/fr\/wp-json\/wp\/v2\/product_cat?post=3196"},{"taxonomy":"product_tag","embeddable":true,"href":"https:\/\/gigistravelworld.de\/fr\/wp-json\/wp\/v2\/product_tag?post=3196"}],"curies":[{"name":"wp","href":"https:\/\/api.w.org\/{rel}","templated":true}]}}