{"id":3195,"date":"2025-08-23T20:54:37","date_gmt":"2025-08-23T18:54:37","guid":{"rendered":"https:\/\/gigistravelworld.de\/?post_type=product&#038;p=3195"},"modified":"2026-03-29T20:40:54","modified_gmt":"2026-03-29T18:40:54","slug":"aloe-vera-intense-spray-500ml-sos-hilfe","status":"publish","type":"product","link":"https:\/\/gigistravelworld.de\/fr\/aloe-vera-intense-spray-500ml-sos-hilfe\/","title":{"rendered":"Spray Intense \u00e0 l&#039;Aloe Vera 500 ml | 90% Aloe Vera Bio et 12 Plantes"},"content":{"rendered":"<h1 data-path-to-node=\"9\">Spray Intense \u00e0 l&#039;Aloe Vera 500 ml : Le soin complet par excellence pour la peau et le bien-\u00eatre<\/h1>\n<p data-path-to-node=\"10\">Dans mon <a class=\"ng-star-inserted\" href=\"https:\/\/www.google.com\/search?q=https:\/\/gigistravelworld.de\/ueber-mich\/\" target=\"_blank\" rel=\"noopener\" data-hveid=\"0\" data-ved=\"0CAAQ_4QMahgKEwi14-2AncWTAxUAAAAAHQAAAAAQtxA\">Style de vie professionnel<\/a> \u00e0 <b data-path-to-node=\"10\" data-index-in-node=\"33\">Gigis Travel World<\/b> J&#039;ai test\u00e9 de nombreux produits, mais aucun n&#039;est aussi indispensable que celui-ci. <b data-path-to-node=\"10\" data-index-in-node=\"133\">Spray intense \u00e0 l&#039;aloe vera 500 ml<\/b>. C&#039;est le produit que j&#039;ai toujours sous la main \u2013 que ce soit dans la salle de bain \u00e0 P\u00e9tange ou en format voyage dans ma valise. <b data-path-to-node=\"10\" data-index-in-node=\"299\">27,90 \u20ac<\/b> Ici, vous recevrez la dose maximale de puissance naturelle. <b data-path-to-node=\"10\" data-index-in-node=\"359\">Spray intense \u00e0 l&#039;aloe vera 500 ml<\/b> Ce n&#039;est pas qu&#039;un simple spray hydratant ; c&#039;est un soin intensif hautement concentr\u00e9 qui r\u00e9g\u00e9n\u00e8re votre peau en quelques secondes.<\/p>\n<h2 data-path-to-node=\"11\">Pourquoi l&#039;Aloe Vera 90 % en Spray Intense 500ml fait toute la diff\u00e9rence<\/h2>\n<p data-path-to-node=\"12\">Alors que de nombreux sprays sur le march\u00e9 sont principalement compos\u00e9s d&#039;eau, la base du n\u00f4tre est\u2026 <b data-path-to-node=\"12\" data-index-in-node=\"92\">Spray intense \u00e0 l&#039;aloe vera 500 ml<\/b> Gel d&#039;aloe vera pur et frais issu de l&#039;agriculture biologique. Sa haute concentration garantit que les principes actifs agissent pr\u00e9cis\u00e9ment l\u00e0 o\u00f9 ils sont n\u00e9cessaires. L&#039;aloe vera est reconnu pour sa capacit\u00e9 \u00e0 acc\u00e9l\u00e9rer le renouvellement cellulaire et \u00e0 hydrater la peau en profondeur. <b data-path-to-node=\"12\" data-index-in-node=\"400\">Spray intense \u00e0 l&#039;aloe vera 500 ml<\/b> Nous utilisons cette propri\u00e9t\u00e9 pour garantir un effet rafra\u00eechissant imm\u00e9diat et un soutien \u00e0 la gu\u00e9rison durable.<\/p>\n<h2 data-path-to-node=\"13\">La pharmacie aux 12 herbes dans le spray intense \u00e0 l&#039;aloe vera 500 ml<\/h2>\n<p data-path-to-node=\"14\">Le secret de l&#039;\u00e9norme efficacit\u00e9 de <b data-path-to-node=\"14\" data-index-in-node=\"42\">Spray intense \u00e0 l&#039;aloe vera 500 ml<\/b> Son efficacit\u00e9 r\u00e9side dans son association \u00e0 12 pr\u00e9cieux extraits naturels. Chaque plante contenue dans <b data-path-to-node=\"14\" data-index-in-node=\"146\">Spray intense \u00e0 l&#039;aloe vera 500 ml<\/b> a une t\u00e2che sp\u00e9cifique :<\/p>\n<ol start=\"1\" data-path-to-node=\"15\">\n<li>\n<p data-path-to-node=\"15,0,0\"><b data-path-to-node=\"15,0,0\" data-index-in-node=\"0\">Propolis et calendula :<\/b> Ils poss\u00e8dent un puissant effet antibact\u00e9rien et favorisent la cicatrisation des plaies.<\/p>\n<\/li>\n<li>\n<p data-path-to-node=\"15,1,0\"><b data-path-to-node=\"15,1,0\" data-index-in-node=\"0\">Eucalyptus et thym :<\/b> Procure un effet antimicrobien et une sensation de fra\u00eecheur.<\/p>\n<\/li>\n<li>\n<p data-path-to-node=\"15,2,0\"><b data-path-to-node=\"15,2,0\" data-index-in-node=\"0\">Camomille et passiflore :<\/b> Apaise instantan\u00e9ment les zones de peau stress\u00e9es et rougeurs.<\/p>\n<\/li>\n<li>\n<p data-path-to-node=\"15,3,0\"><b data-path-to-node=\"15,3,0\" data-index-in-node=\"0\">Sauge et achill\u00e9e millefeuille :<\/b> Ils ont des effets anti-inflammatoires et clarifiants.<\/p>\n<\/li>\n<li>\n<p data-path-to-node=\"15,4,0\"><b data-path-to-node=\"15,4,0\" data-index-in-node=\"0\">Gingembre et curcuma :<\/b> Elles favorisent la circulation sanguine et ont un puissant effet antioxydant.<\/p>\n<\/li>\n<li>\n<p data-path-to-node=\"15,5,0\"><b data-path-to-node=\"15,5,0\" data-index-in-node=\"0\">Concombre et romarin :<\/b> Elles apportent fra\u00eecheur et revitalisent le teint.<\/p>\n<\/li>\n<\/ol>\n<p data-path-to-node=\"16\">Cette synergie rend cela possible <b data-path-to-node=\"16\" data-index-in-node=\"25\">Spray intense \u00e0 l&#039;aloe vera 500 ml<\/b> \u00e0 un produit naturel haut de gamme, totalement exempt de parab\u00e8nes.<\/p>\n<h2 data-path-to-node=\"17\">D&#039;innombrables utilisations pour le spray intense \u00e0 l&#039;aloe vera 500 ml<\/h2>\n<p data-path-to-node=\"18\">La liste des fa\u00e7ons dont vous pouvez y parvenir <b data-path-to-node=\"18\" data-index-in-node=\"40\">Spray intense \u00e0 l&#039;aloe vera 500 ml<\/b> Les possibilit\u00e9s sont quasi infinies. Voici mes applications pr\u00e9f\u00e9r\u00e9es parmi les suivantes\u00a0: <b data-path-to-node=\"18\" data-index-in-node=\"142\">Gigis Travel World<\/b>:<\/p>\n<ul data-path-to-node=\"19\">\n<li>\n<p data-path-to-node=\"19,0,0\"><b data-path-to-node=\"19,0,0\" data-index-in-node=\"0\">SOS coup de soleil :<\/b> Apr\u00e8s une longue journ\u00e9e au soleil, ceci <b data-path-to-node=\"19,0,0\" data-index-in-node=\"64\">Spray intense \u00e0 l&#039;aloe vera 500 ml<\/b> Un vrai bienfait. Il rafra\u00eechit instantan\u00e9ment et pr\u00e9vient cette d\u00e9sagr\u00e9able sensation de tension.<\/p>\n<\/li>\n<li>\n<p data-path-to-node=\"19,1,0\"><b data-path-to-node=\"19,1,0\" data-index-in-node=\"0\">Apr\u00e8s le rasage :<\/b> Que ce soit les jambes ou le visage \u2013 \u00e7a <b data-path-to-node=\"19,1,0\" data-index-in-node=\"44\">Spray intense \u00e0 l&#039;aloe vera 500 ml<\/b> Pr\u00e9vient les irritations dues au rasage et les petites rougeurs.<\/p>\n<\/li>\n<li>\n<p data-path-to-node=\"19,2,0\"><b data-path-to-node=\"19,2,0\" data-index-in-node=\"0\">Piq\u00fbres d&#039;insectes :<\/b> Un pulv\u00e9risateur de <b data-path-to-node=\"19,2,0\" data-index-in-node=\"32\">Spray intense \u00e0 l&#039;aloe vera 500 ml<\/b> Il soulage les d\u00e9mangeaisons et acc\u00e9l\u00e8re la diminution du gonflement.<\/p>\n<\/li>\n<li>\n<p data-path-to-node=\"19,3,0\"><b data-path-to-node=\"19,3,0\" data-index-in-node=\"0\">Cuir chevelu irrit\u00e9 :<\/b> Vaporisez-le <b data-path-to-node=\"19,3,0\" data-index-in-node=\"30\">Spray intense \u00e0 l&#039;aloe vera 500 ml<\/b> Appliquez directement sur la lisi\u00e8re des cheveux pour apaiser les d\u00e9mangeaisons \u2013 c&#039;est non gras !<\/p>\n<\/li>\n<li>\n<p data-path-to-node=\"19,4,0\"><b data-path-to-node=\"19,4,0\" data-index-in-node=\"0\">Jambes fatigu\u00e9es :<\/b> Apr\u00e8s une longue marche \u00e0 travers la ville, on se sent <b data-path-to-node=\"19,4,0\" data-index-in-node=\"63\">Spray intense \u00e0 l&#039;aloe vera 500 ml<\/b> Revigorante et rafra\u00eechissante gr\u00e2ce au camphre qu&#039;elle contient.<\/p>\n<\/li>\n<\/ul>\n<h2 data-path-to-node=\"20\">Le format \u00e9conomique de 500 ml : \u00e9conomique et durable<\/h2>\n<p data-path-to-node=\"21\">Pourquoi choisir ceci ? <b data-path-to-node=\"21\" data-index-in-node=\"31\">Spray intense \u00e0 l&#039;aloe vera 500 ml<\/b> Vous h\u00e9sitez ? C&#039;est \u00e9vident : le rapport qualit\u00e9-prix est imbattable. Le flacon de 500 ml est id\u00e9al pour la maison. Nous proposons \u00e9galement ce produit en\u2026 <b data-path-to-node=\"21\" data-index-in-node=\"227\">version 100 ml<\/b> et dans <b data-path-to-node=\"21\" data-index-in-node=\"249\">Ensemble de voyage<\/b> Vous pouvez facilement d\u00e9tacher les petites bouteilles \u00e0 emporter de la plus grande. <b data-path-to-node=\"21\" data-index-in-node=\"344\">Spray intense \u00e0 l&#039;aloe vera 500 ml<\/b> Remplissez votre bouteille. Non seulement vous \u00e9conomisez de l&#039;argent, mais vous r\u00e9duisez aussi les d\u00e9chets plastiques.<\/p>\n<h2 data-path-to-node=\"22\">Conseils d&#039;application pour des r\u00e9sultats optimaux<\/h2>\n<p data-path-to-node=\"23\">L&#039;application de <b data-path-to-node=\"23\" data-index-in-node=\"18\">Spray intense \u00e0 l&#039;aloe vera 500 ml<\/b> c&#039;est incroyablement simple :<\/p>\n<ol start=\"1\" data-path-to-node=\"24\">\n<li>\n<p data-path-to-node=\"24,0,0\"><b data-path-to-node=\"24,0,0\" data-index-in-node=\"0\">Faire le m\u00e9nage:<\/b> La zone cutan\u00e9e doit \u00eatre propre.<\/p>\n<\/li>\n<li>\n<p data-path-to-node=\"24,1,0\"><b data-path-to-node=\"24,1,0\" data-index-in-node=\"0\">Pulv\u00e9risation:<\/b> Le <b data-path-to-node=\"24,1,0\" data-index-in-node=\"13\">Spray intense \u00e0 l&#039;aloe vera 500 ml<\/b> Vaporisez uniform\u00e9ment. Une fine brume se d\u00e9pose sur la peau.<\/p>\n<\/li>\n<li>\n<p data-path-to-node=\"24,2,0\"><b data-path-to-node=\"24,2,0\" data-index-in-node=\"0\">Emm\u00e9nagement :<\/b> Vous pouvez le faire. <b data-path-to-node=\"24,2,0\" data-index-in-node=\"25\">Spray intense \u00e0 l&#039;aloe vera 500 ml<\/b> Massez d\u00e9licatement ou laissez simplement s\u00e9cher \u00e0 l&#039;air libre pour un effet rafra\u00eechissant maximal.<\/p>\n<\/li>\n<li>\n<p data-path-to-node=\"24,3,0\"><b data-path-to-node=\"24,3,0\" data-index-in-node=\"0\">Conseil de pro\u00a0:<\/b> Gardez votre <b data-path-to-node=\"24,3,0\" data-index-in-node=\"23\">Spray intense \u00e0 l&#039;aloe vera 500 ml<\/b> Conserver au r\u00e9frig\u00e9rateur. Le choc thermique renforce consid\u00e9rablement l&#039;effet d\u00e9congestionnant sur les piq\u00fbres d&#039;insectes ou les coups de soleil\u00a0!<\/p>\n<\/li>\n<\/ol>\n<h2 data-path-to-node=\"25\">Pourquoi le spray intense \u00e0 l&#039;aloe vera 500 ml fait-il partie de l&#039;univers de voyage de Gigi ?<\/h2>\n<p data-path-to-node=\"26\">Que vous voyagiez dans le d\u00e9sert ou en montagne, cela <b data-path-to-node=\"26\" data-index-in-node=\"65\">Spray intense \u00e0 l&#039;aloe vera 500 ml<\/b> vous prot\u00e8ge des caprices de la nature. <b data-path-to-node=\"26\" data-index-in-node=\"141\">Gigis Travel World<\/b> Ce spray est synonyme de fiabilit\u00e9. C&#039;est le produit que l&#039;on pr\u00eate \u00e0 ses amis apr\u00e8s une m\u00e9saventure, et celui que tout le monde veut poss\u00e9der apr\u00e8s la premi\u00e8re utilisation.<\/p>\n<h2 data-path-to-node=\"27\">Questions fr\u00e9quentes concernant le spray intense \u00e0 l&#039;aloe vera 500 ml (FAQ)<\/h2>\n<ul data-path-to-node=\"28\">\n<li>\n<p data-path-to-node=\"28,0,0\"><b data-path-to-node=\"28,0,0\" data-index-in-node=\"0\">Puis-je utiliser le spray intense \u00e0 l&#039;aloe vera 500 ml sur mon visage ?<\/b> Oui, absolument ! Veillez simplement \u00e0 garder les yeux ferm\u00e9s. C&#039;est tr\u00e8s rafra\u00eechissant.<\/p>\n<\/li>\n<li>\n<p data-path-to-node=\"28,1,0\"><b data-path-to-node=\"28,1,0\" data-index-in-node=\"0\">Le spray intense \u00e0 l&#039;aloe vera 500 ml est-il collant\u00a0?<\/b> Non. C&#039;est sa formule de haute qualit\u00e9 qui la distingue. <b data-path-to-node=\"28,1,0\" data-index-in-node=\"94\">Spray intense \u00e0 l&#039;aloe vera 500 ml<\/b> Elle p\u00e9n\u00e8tre compl\u00e8tement sans laisser de r\u00e9sidus et laisse seulement une sensation de douceur sur la peau.<\/p>\n<\/li>\n<li>\n<p data-path-to-node=\"28,2,0\"><b data-path-to-node=\"28,2,0\" data-index-in-node=\"0\">Le spray intense \u00e0 l&#039;aloe vera 500 ml est-il \u00e9galement efficace contre l&#039;acn\u00e9\u00a0?<\/b> Gr\u00e2ce \u00e0 des ingr\u00e9dients tels que la sauge, la propolis et le thym, elle poss\u00e8de un effet antimicrobien et peut favoriser la cicatrisation des imperfections.<\/p>\n<\/li>\n<\/ul>\n<h2 data-path-to-node=\"29\">Aper\u00e7u des donn\u00e9es produit\u00a0:<\/h2>\n<table data-path-to-node=\"30\">\n<thead>\n<tr>\n<td><strong>Caract\u00e9ristiques<\/strong><\/td>\n<td><strong>D\u00e9tails<\/strong><\/td>\n<\/tr>\n<\/thead>\n<tbody>\n<tr>\n<td><span data-path-to-node=\"30,1,0,0\"><b data-path-to-node=\"30,1,0,0\" data-index-in-node=\"0\">Nom du produit<\/b><\/span><\/td>\n<td><span data-path-to-node=\"30,1,1,0\"><b data-path-to-node=\"30,1,1,0\" data-index-in-node=\"0\">Spray intense \u00e0 l&#039;aloe vera 500 ml<\/b><\/span><\/td>\n<\/tr>\n<tr>\n<td><span data-path-to-node=\"30,2,0,0\"><b data-path-to-node=\"30,2,0,0\" data-index-in-node=\"0\">Teneur en aloe vera<\/b><\/span><\/td>\n<td><span data-path-to-node=\"30,2,1,0\">90 % (agriculture biologique)<\/span><\/td>\n<\/tr>\n<tr>\n<td><span data-path-to-node=\"30,3,0,0\"><b data-path-to-node=\"30,3,0,0\" data-index-in-node=\"0\">Contenu<\/b><\/span><\/td>\n<td><span data-path-to-node=\"30,3,1,0\">bouteille de stockage de 500 ml<\/span><\/td>\n<\/tr>\n<tr>\n<td><span data-path-to-node=\"30,4,0,0\"><b data-path-to-node=\"30,4,0,0\" data-index-in-node=\"0\">Ingr\u00e9dients actifs<\/b><\/span><\/td>\n<td><span data-path-to-node=\"30,4,1,0\">12 extraits de plantes + propolis<\/span><\/td>\n<\/tr>\n<tr>\n<td><span data-path-to-node=\"30,5,0,0\"><b data-path-to-node=\"30,5,0,0\" data-index-in-node=\"0\">Fonction sp\u00e9ciale<\/b><\/span><\/td>\n<td><span data-path-to-node=\"30,5,1,0\">0 % Parab\u00e8nes, extr\u00eamement polyvalent<\/span><\/td>\n<\/tr>\n<tr>\n<td><span data-path-to-node=\"30,6,0,0\"><b data-path-to-node=\"30,6,0,0\" data-index-in-node=\"0\">Prix<\/b><\/span><\/td>\n<td><span data-path-to-node=\"30,6,1,0\">27,90 \u20ac<\/span><\/td>\n<\/tr>\n<\/tbody>\n<\/table>","protected":false},"excerpt":{"rendered":"<p data-path-to-node=\"4\"><b data-path-to-node=\"4\" data-index-in-node=\"0\">La pharmacie liquide \u00e0 domicile : Spray intense d&#039;aloe vera 500 ml.<\/b><\/p>\n<p data-path-to-node=\"5\">L&#039;aide imm\u00e9diate de la nature ! <b data-path-to-node=\"5\" data-index-in-node=\"32\">Spray intense \u00e0 l&#039;aloe vera 500 ml<\/b> est un spray de soin hautement concentr\u00e9 qui devrait se trouver dans chaque foyer et trousse de premiers secours de voyage. Avec une concentration imbattable de <b data-path-to-node=\"5\" data-index-in-node=\"198\">Gel d&#039;aloe vera bio \u00e0 base de feuilles fra\u00eeches 90 %<\/b> Gr\u00e2ce \u00e0 ses 12 pr\u00e9cieux extraits naturels, tels que la propolis, le calendula et la camomille, ce spray hydrate et apaise instantan\u00e9ment les peaux irrit\u00e9es. Apr\u00e8s un coup de soleil, des piq\u00fbres d&#039;insectes ou simplement pour se rafra\u00eechir le corps, ce spray est le soin id\u00e9al pour tout le corps. Son format voyage de 500 ml est parfait pour toute la famille et id\u00e9al pour recharger vos flacons de voyage.<\/p>\n<ul data-path-to-node=\"6\">\n<li>\n<p data-path-to-node=\"6,0,0\">\u2705 <b data-path-to-node=\"6,0,0\" data-index-in-node=\"2\">90 % puissance de l&#039;ingr\u00e9dient actif :<\/b> Proportion maximale de gel de feuille fra\u00eeche d&#039;aloe vera biologique.<\/p>\n<\/li>\n<li>\n<p data-path-to-node=\"6,1,0\">\u2705 <b data-path-to-node=\"6,1,0\" data-index-in-node=\"2\">Complexe de 12 plantes :<\/b> Avec de la propolis, du calendula, de la sauge, du thym et bien plus encore.<\/p>\n<\/li>\n<li>\n<p data-path-to-node=\"6,2,0\">\u2705 <b data-path-to-node=\"6,2,0\" data-index-in-node=\"2\">Multifonctionnel :<\/b> Aide \u00e0 soulager les coups de soleil, les irritations cutan\u00e9es et la s\u00e9cheresse.<\/p>\n<\/li>\n<li>\n<p data-path-to-node=\"6,3,0\">\u2705 <b data-path-to-node=\"6,3,0\" data-index-in-node=\"2\">PREMIERS SECOURS:<\/b> Elle procure un effet rafra\u00eechissant, anti-inflammatoire et apaisant imm\u00e9diat.<\/p>\n<\/li>\n<li>\n<p data-path-to-node=\"6,4,0\">\u2705 <b data-path-to-node=\"6,4,0\" data-index-in-node=\"2\">Taille du stock :<\/b> Bouteille \u00e9conomique de 500 ml pour un usage domestique.<\/p>\n<\/li>\n<li>\n<p data-path-to-node=\"6,5,0\">\u2705 <b data-path-to-node=\"6,5,0\" data-index-in-node=\"2\">Prix : 27,90 \u20ac<\/b> (\u00c9galement disponible en format 100 ml et en coffrets de voyage).<\/p>\n<\/li>\n<\/ul>","protected":false},"featured_media":337,"template":"","meta":{"_et_pb_use_builder":"","_et_pb_old_content":"","_et_gb_content_width":""},"product_brand":[63],"product_cat":[113,208,77,60,64,61,75],"product_tag":[],"class_list":{"0":"post-3195","1":"product","2":"type-product","3":"status-publish","4":"has-post-thumbnail","6":"product_brand-vegas-cosmetics-gmbh","7":"product_cat-aloe-vera","8":"product_cat-beauty-care","9":"product_cat-feuchtigkeitscremes","10":"product_cat-hautpflege","11":"product_cat-koerper-haarpflege","12":"product_cat-pflegeserien","13":"product_cat-spezialbehandlung","15":"first","16":"instock","17":"shipping-taxable","18":"product-type-external"},"_links":{"self":[{"href":"https:\/\/gigistravelworld.de\/fr\/wp-json\/wp\/v2\/product\/3195","targetHints":{"allow":["GET"]}}],"collection":[{"href":"https:\/\/gigistravelworld.de\/fr\/wp-json\/wp\/v2\/product"}],"about":[{"href":"https:\/\/gigistravelworld.de\/fr\/wp-json\/wp\/v2\/types\/product"}],"wp:featuredmedia":[{"embeddable":true,"href":"https:\/\/gigistravelworld.de\/fr\/wp-json\/wp\/v2\/media\/337"}],"wp:attachment":[{"href":"https:\/\/gigistravelworld.de\/fr\/wp-json\/wp\/v2\/media?parent=3195"}],"wp:term":[{"taxonomy":"product_brand","embeddable":true,"href":"https:\/\/gigistravelworld.de\/fr\/wp-json\/wp\/v2\/product_brand?post=3195"},{"taxonomy":"product_cat","embeddable":true,"href":"https:\/\/gigistravelworld.de\/fr\/wp-json\/wp\/v2\/product_cat?post=3195"},{"taxonomy":"product_tag","embeddable":true,"href":"https:\/\/gigistravelworld.de\/fr\/wp-json\/wp\/v2\/product_tag?post=3195"}],"curies":[{"name":"wp","href":"https:\/\/api.w.org\/{rel}","templated":true}]}}