{"id":3192,"date":"2025-08-23T20:54:37","date_gmt":"2025-08-23T18:54:37","guid":{"rendered":"https:\/\/gigistravelworld.de\/?post_type=product&#038;p=3192"},"modified":"2026-03-13T18:19:04","modified_gmt":"2026-03-13T17:19:04","slug":"aloe-vera-feuchtigkeitspflegemaske","status":"publish","type":"product","link":"https:\/\/gigistravelworld.de\/fr\/aloe-vera-feuchtigkeitspflegemaske\/","title":{"rendered":"Masque hydratant \u00e0 l&#039;aloe vera | 70% Aloe vera bio"},"content":{"rendered":"<div id=\"headingOne\" class=\"panel-heading\" role=\"tab\">\n<h1 data-path-to-node=\"9\">Masque hydratant \u00e0 l&#039;aloe vera : mon secret pour une peau revitalis\u00e9e<\/h1>\n<p data-path-to-node=\"10\">Les peaux exigeantes n\u00e9cessitent parfois des soins suppl\u00e9mentaires qui vont au-del\u00e0 de votre cr\u00e8me quotidienne. Avec ma <b data-path-to-node=\"10\" data-index-in-node=\"109\">Masque hydratant \u00e0 l&#039;aloe vera<\/b> Je vous propose dans ma boutique <b data-path-to-node=\"10\" data-index-in-node=\"173\">Gigis Travel World<\/b> Un masque qui hydrate et d\u00e9tend profond\u00e9ment votre peau. Pour seulement <b data-path-to-node=\"10\" data-index-in-node=\"287\">27,90 \u20ac<\/b> Vous recevrez un masque cr\u00e8me respirant qui dissipe comme par magie le stress du quotidien.<\/p>\n<h2 data-path-to-node=\"11\">Hydratation maximale gr\u00e2ce \u00e0 l&#039;aloe vera et au panth\u00e9nol 70 %<\/h2>\n<p data-path-to-node=\"12\">Que signifie mon <b data-path-to-node=\"12\" data-index-in-node=\"16\">Masque hydratant \u00e0 l&#039;aloe vera<\/b> Si efficace ? La base est de haute qualit\u00e9. <a class=\"ng-star-inserted\" href=\"https:\/\/de.wikipedia.org\/wiki\/Echte_Aloe\" target=\"_blank\" rel=\"noopener nofollow\" data-hveid=\"0\" data-ved=\"0CAAQ_4QMahgKEwixjvTKhJ2TAxUAAAAAHQAAAAAQvQk\">Extrait de feuille d&#039;Aloe Barbadensis<\/a> Issu de l&#039;agriculture biologique. Sa haute concentration procure un soulagement imm\u00e9diat, rafra\u00eechissant et apaisant. Enrichi en panth\u00e9nol et en bisabolol, il contribue \u00e9galement \u00e0\u2026 <b data-path-to-node=\"12\" data-index-in-node=\"276\">Masque hydratant \u00e0 l&#039;aloe vera<\/b> La r\u00e9g\u00e9n\u00e9ration de votre peau. Notamment apr\u00e8s un peeling, lorsque les pores sont dilat\u00e9s, <b data-path-to-node=\"12\" data-index-in-node=\"416\">Masque hydratant \u00e0 l&#039;aloe vera<\/b> P\u00e9n\u00e8tre en profondeur et reconstitue durablement les r\u00e9serves d&#039;humidit\u00e9.<\/p>\n<h2 data-path-to-node=\"13\">Voici comment j&#039;utilise le masque hydratant \u00e0 l&#039;aloe vera dans ma routine quotidienne.<\/h2>\n<p data-path-to-node=\"14\">Dans mon <a class=\"ng-star-inserted\" href=\"https:\/\/gigistravelworld.de\/fr\/gigis-travel-world-ueber-mich\/\" target=\"_blank\" rel=\"noopener\" data-hveid=\"0\" data-ved=\"0CAAQ_4QMahgKEwixjvTKhJ2TAxUAAAAAHQAAAAAQvgk\">Style de vie professionnel<\/a> Les petites pauses sont pr\u00e9cieuses. Je porte le <b data-path-to-node=\"14\" data-index-in-node=\"76\">Masque hydratant \u00e0 l&#039;aloe vera<\/b> J&#039;applique une couche de 2 \u00e0 3 mm d&#039;\u00e9paisseur sur mon visage nettoy\u00e9 environ une fois par semaine. Pendant les 15 \u00e0 20 minutes de pose, je me d\u00e9tends compl\u00e8tement. Ensuite, je masse d\u00e9licatement le r\u00e9sidu ou j&#039;\u00e9limine l&#039;exc\u00e9dent avec une lotion tonique. Le r\u00e9sultat\u00a0? Une peau incroyablement douce et revitalis\u00e9e, comme neuve. Je fais confiance \u00e0 cette formule professionnelle de Vegas Cosmetics et je la recommande \u00e0 toutes celles et ceux qui souhaitent offrir \u00e0 leur peau un soin d&#039;exception.<\/p>\n<\/div>","protected":false},"excerpt":{"rendered":"<p data-path-to-node=\"4\"><b data-path-to-node=\"4\" data-index-in-node=\"0\">Bien-\u00eatre \u00e0 la maison : Mon masque hydratant \u00e0 l&#039;aloe vera avec 70 % d&#039;aloe vera bio %.<\/b><\/p>\n<p data-path-to-node=\"5\">Offrez \u00e0 votre peau une pause et une hydratation maximale. La mienne <b data-path-to-node=\"5\" data-index-in-node=\"62\">Masque hydratant \u00e0 l&#039;aloe vera<\/b> Vegas Cosmetics revitalise les peaux exigeantes et procure un effet apaisant imm\u00e9diat. <b data-path-to-node=\"5\" data-index-in-node=\"184\">70 % Gel d&#039;aloe vera bio \u00e0 base de feuilles fra\u00eeches<\/b>, Le panth\u00e9nol et le bisabolol nourrissent et revitalisent intens\u00e9ment votre peau. C&#039;est le soin id\u00e9al apr\u00e8s un gommage pour apaiser votre peau et lui redonner un \u00e9clat frais et sain.<\/p>\n<ul data-path-to-node=\"6\">\n<li>\n<p data-path-to-node=\"6,0,0\">\u2705 <b data-path-to-node=\"6,0,0\" data-index-in-node=\"2\">Contenu:<\/b> 50 ml de pure d\u00e9tente<\/p>\n<\/li>\n<li>\n<p data-path-to-node=\"6,1,0\">\u2705 <b data-path-to-node=\"6,1,0\" data-index-in-node=\"2\">Effet:<\/b> Hydratation intense, apaisante et revitalisante<\/p>\n<\/li>\n<li>\n<p data-path-to-node=\"6,2,0\">\u2705 <b data-path-to-node=\"6,2,0\" data-index-in-node=\"2\">Souligner:<\/b> 70 % Gel de feuille fra\u00eeche d&#039;aloe vera et panth\u00e9nol nourrissant<\/p>\n<\/li>\n<li>\n<p data-path-to-node=\"6,3,0\">\u2705 <b data-path-to-node=\"6,3,0\" data-index-in-node=\"2\">Application:<\/b> Id\u00e9al sous forme de cours intensif hebdomadaire<\/p>\n<\/li>\n<li>\n<p data-path-to-node=\"6,4,0\">\u2705 <b data-path-to-node=\"6,4,0\" data-index-in-node=\"2\">Prix : 27,90 \u20ac<\/b><\/p>\n<\/li>\n<\/ul>","protected":false},"featured_media":334,"template":"","meta":{"_et_pb_use_builder":"","_et_pb_old_content":"","_et_gb_content_width":""},"product_brand":[63],"product_cat":[60,113,208,74,104,61,98],"product_tag":[],"class_list":{"0":"post-3192","1":"product","2":"type-product","3":"status-publish","4":"has-post-thumbnail","6":"product_brand-vegas-cosmetics-gmbh","7":"product_cat-hautpflege","8":"product_cat-aloe-vera","9":"product_cat-beauty-care","10":"product_cat-gesichtspflege","11":"product_cat-pflegemasken","12":"product_cat-pflegeserien","13":"product_cat-tagespflege","15":"first","16":"instock","17":"shipping-taxable","18":"product-type-external"},"_links":{"self":[{"href":"https:\/\/gigistravelworld.de\/fr\/wp-json\/wp\/v2\/product\/3192","targetHints":{"allow":["GET"]}}],"collection":[{"href":"https:\/\/gigistravelworld.de\/fr\/wp-json\/wp\/v2\/product"}],"about":[{"href":"https:\/\/gigistravelworld.de\/fr\/wp-json\/wp\/v2\/types\/product"}],"wp:featuredmedia":[{"embeddable":true,"href":"https:\/\/gigistravelworld.de\/fr\/wp-json\/wp\/v2\/media\/334"}],"wp:attachment":[{"href":"https:\/\/gigistravelworld.de\/fr\/wp-json\/wp\/v2\/media?parent=3192"}],"wp:term":[{"taxonomy":"product_brand","embeddable":true,"href":"https:\/\/gigistravelworld.de\/fr\/wp-json\/wp\/v2\/product_brand?post=3192"},{"taxonomy":"product_cat","embeddable":true,"href":"https:\/\/gigistravelworld.de\/fr\/wp-json\/wp\/v2\/product_cat?post=3192"},{"taxonomy":"product_tag","embeddable":true,"href":"https:\/\/gigistravelworld.de\/fr\/wp-json\/wp\/v2\/product_tag?post=3192"}],"curies":[{"name":"wp","href":"https:\/\/api.w.org\/{rel}","templated":true}]}}