{"id":3191,"date":"2025-08-23T20:54:37","date_gmt":"2025-08-23T18:54:37","guid":{"rendered":"https:\/\/gigistravelworld.de\/?post_type=product&#038;p=3191"},"modified":"2026-03-13T18:12:36","modified_gmt":"2026-03-13T17:12:36","slug":"aloe-vera-gesichtswasser","status":"publish","type":"product","link":"https:\/\/gigistravelworld.de\/fr\/aloe-vera-gesichtswasser\/","title":{"rendered":"Lotion tonique pour le visage \u00e0 l&#039;aloe vera | 85% Aloe vera biologique"},"content":{"rendered":"<div id=\"headingOne\" class=\"panel-heading\" role=\"tab\">\n<h1 data-path-to-node=\"9\">Lotion tonique pour le visage \u00e0 l&#039;aloe vera\u00a0: l&#039;\u00e9tape cruciale pour un teint clair<\/h1>\n<p data-path-to-node=\"10\">Pour moi, le nettoyage n&#039;est pas termin\u00e9 tant que la peau n&#039;a pas \u00e9t\u00e9 tonifi\u00e9e. <b data-path-to-node=\"10\" data-index-in-node=\"89\">Lotion tonique pour le visage \u00e0 l&#039;aloe vera<\/b> C&#039;est le choix id\u00e9al, surtout si vous avez la peau sensible. Alors que de nombreuses lotions toniques dess\u00e8chent la peau, Vegas Cosmetics mise tout sur le pouvoir de la nature. Disponible dans ma boutique. <b data-path-to-node=\"10\" data-index-in-node=\"306\">Gigis Travel World<\/b> Je vous propose cette lotion tonique pour le visage car elle contient <b data-path-to-node=\"10\" data-index-in-node=\"377\">85 % gel de feuilles fra\u00eeches pures<\/b> Non seulement il nettoie, mais il prend \u00e9galement soin de la peau pendant son utilisation. Pour seulement <b data-path-to-node=\"10\" data-index-in-node=\"486\">19,90 \u20ac<\/b> Vous recevrez un produit v\u00e9ritablement professionnel pour votre salle de bain.<\/p>\n<h2 data-path-to-node=\"11\">Pourquoi je fais confiance \u00e0 l&#039;aloe vera et \u00e0 l&#039;hamam\u00e9lis 85 %<\/h2>\n<p data-path-to-node=\"12\">Ce produit repose sur une qualit\u00e9 sup\u00e9rieure. <a class=\"ng-star-inserted\" href=\"https:\/\/de.wikipedia.org\/wiki\/Echte_Aloe\" target=\"_blank\" rel=\"noopener nofollow\" data-hveid=\"0\" data-ved=\"0CAAQ_4QMahgKEwixjvTKhJ2TAxUAAAAAHQAAAAAQigk\">Extrait de feuille d&#039;Aloe Barbadensis<\/a>. Cette forte concentration a un effet anti-inflammatoire et aide votre peau \u00e0 s&#039;apaiser imm\u00e9diatement apr\u00e8s le nettoyage. De plus, mon <b data-path-to-node=\"12\" data-index-in-node=\"216\">Lotion tonique pour le visage \u00e0 l&#039;aloe vera<\/b> L&#039;hamam\u00e9lis est reconnu pour affiner les pores en douceur et clarifier le teint. Le r\u00e9sultat\u00a0: une peau visiblement rafra\u00eechie et parfaitement pr\u00e9par\u00e9e.<\/p>\n<h2 data-path-to-node=\"13\">Mon conseil personnel pour votre routine<\/h2>\n<p data-path-to-node=\"14\">Dans mon <a class=\"ng-star-inserted\" href=\"https:\/\/gigistravelworld.de\/fr\/gigis-travel-world-ueber-mich\/\" target=\"_blank\" rel=\"noopener\" data-hveid=\"0\" data-ved=\"0CAAQ_4QMahgKEwixjvTKhJ2TAxUAAAAAHQAAAAAQiwk\">Style de vie professionnel<\/a> Des soins simples mais efficaces sont essentiels. Apr\u00e8s le nettoyage, j&#039;applique simplement une petite quantit\u00e9 de... <b data-path-to-node=\"14\" data-index-in-node=\"147\">Lotion tonique pour le visage \u00e0 l&#039;aloe vera<\/b> Appliquez sur un coton et passez d\u00e9licatement sur le visage, le cou et le d\u00e9collet\u00e9. Ce tonique \u00e9limine m\u00eame les plus petites impuret\u00e9s qui auraient pu \u00eatre oubli\u00e9es lors du nettoyage. J&#039;adore la sensation de fra\u00eecheur et de puret\u00e9 qu&#039;il laisse, et je suis certaine qu&#039;il deviendra vite un indispensable de votre routine beaut\u00e9.<\/p>\n<\/div>","protected":false},"excerpt":{"rendered":"<p data-path-to-node=\"4\"><b data-path-to-node=\"4\" data-index-in-node=\"0\">Nettoyage et apaisement des pores : Ma lotion tonique pour le visage \u00e0 l&#039;aloe vera avec 85 % d&#039;aloe vera biologique %.<\/b><\/p>\n<p data-path-to-node=\"5\">Compl\u00e9tez votre routine de nettoyage quotidienne par une v\u00e9ritable explosion de fra\u00eecheur. <b data-path-to-node=\"5\" data-index-in-node=\"69\">Lotion tonique pour le visage \u00e0 l&#039;aloe vera<\/b> Les produits Vegas Cosmetics ont \u00e9t\u00e9 sp\u00e9cialement con\u00e7us pour les peaux sensibles. Avec une concentration exceptionnellement \u00e9lev\u00e9e de <b data-path-to-node=\"5\" data-index-in-node=\"210\">85 % Gel d&#039;aloe vera bio \u00e0 base de feuilles fra\u00eeches<\/b> Elle apaise instantan\u00e9ment la peau et pr\u00e9vient les irritations. Elle \u00e9limine les r\u00e9sidus, affine le grain de peau et pr\u00e9pare id\u00e9alement le visage aux soins suivants \u2013 le tout sans parab\u00e8nes.<\/p>\n<ul data-path-to-node=\"6\">\n<li>\n<p data-path-to-node=\"6,0,0\">\u2705 <b data-path-to-node=\"6,0,0\" data-index-in-node=\"2\">Contenu:<\/b> Boisson rafra\u00eechissante de 200 ml<\/p>\n<\/li>\n<li>\n<p data-path-to-node=\"6,1,0\">\u2705 <b data-path-to-node=\"6,1,0\" data-index-in-node=\"2\">Qualit\u00e9:<\/b> 85 % Gel d&#039;aloe vera bio \u00e0 base de feuilles fra\u00eeches<\/p>\n<\/li>\n<li>\n<p data-path-to-node=\"6,2,0\">\u2705 <b data-path-to-node=\"6,2,0\" data-index-in-node=\"2\">Effet:<\/b> Anti-inflammatoire et affinant les pores<\/p>\n<\/li>\n<li>\n<p data-path-to-node=\"6,3,0\">\u2705 <b data-path-to-node=\"6,3,0\" data-index-in-node=\"2\">Puret\u00e9:<\/b> 0 % Parab\u00e8nes<\/p>\n<\/li>\n<li>\n<p data-path-to-node=\"6,4,0\">\u2705 <b data-path-to-node=\"6,4,0\" data-index-in-node=\"2\">Prix : 19,90 \u20ac<\/b><\/p>\n<\/li>\n<\/ul>","protected":false},"featured_media":333,"template":"","meta":{"_et_pb_use_builder":"","_et_pb_old_content":"","_et_gb_content_width":""},"product_brand":[63],"product_cat":[60,113,208,61],"product_tag":[],"class_list":{"0":"post-3191","1":"product","2":"type-product","3":"status-publish","4":"has-post-thumbnail","6":"product_brand-vegas-cosmetics-gmbh","7":"product_cat-hautpflege","8":"product_cat-aloe-vera","9":"product_cat-beauty-care","10":"product_cat-pflegeserien","12":"first","13":"instock","14":"shipping-taxable","15":"product-type-external"},"_links":{"self":[{"href":"https:\/\/gigistravelworld.de\/fr\/wp-json\/wp\/v2\/product\/3191","targetHints":{"allow":["GET"]}}],"collection":[{"href":"https:\/\/gigistravelworld.de\/fr\/wp-json\/wp\/v2\/product"}],"about":[{"href":"https:\/\/gigistravelworld.de\/fr\/wp-json\/wp\/v2\/types\/product"}],"wp:featuredmedia":[{"embeddable":true,"href":"https:\/\/gigistravelworld.de\/fr\/wp-json\/wp\/v2\/media\/333"}],"wp:attachment":[{"href":"https:\/\/gigistravelworld.de\/fr\/wp-json\/wp\/v2\/media?parent=3191"}],"wp:term":[{"taxonomy":"product_brand","embeddable":true,"href":"https:\/\/gigistravelworld.de\/fr\/wp-json\/wp\/v2\/product_brand?post=3191"},{"taxonomy":"product_cat","embeddable":true,"href":"https:\/\/gigistravelworld.de\/fr\/wp-json\/wp\/v2\/product_cat?post=3191"},{"taxonomy":"product_tag","embeddable":true,"href":"https:\/\/gigistravelworld.de\/fr\/wp-json\/wp\/v2\/product_tag?post=3191"}],"curies":[{"name":"wp","href":"https:\/\/api.w.org\/{rel}","templated":true}]}}